{"id":91,"date":"2014-11-13T17:14:04","date_gmt":"2014-11-13T16:14:04","guid":{"rendered":"http:\/\/muzeumpapiernictwa.pl\/?page_id=91"},"modified":"2020-08-12T12:42:15","modified_gmt":"2020-08-12T10:42:15","slug":"dzialy","status":"publish","type":"page","link":"https:\/\/muzeumpapiernictwa.pl\/de\/muzeum\/abteilungen\/","title":{"rendered":"Abteilungen"},"content":{"rendered":"<p>In der Organisationsstruktur des Papiermuseums verf\u00fcgen wir \u00fcber Abteilungen, die sich mit der Wissenschaft, dem Schulsystem, wie auch der Herstellung des B\u00fcttenpapiers besch\u00e4ftigen.<\/p>\n<h3>Science<\/h3>\n<p>Das Museum hat ihre gr\u00f6\u00dfte Bedeutung in Hinsicht auf die Forschung \u00fcber die Geschichte der damaligen Papierherstellung und Papierindustrie auf polnischer Erde.<\/p>\n<p>Seit mehr als 20 Jahren f\u00fchren wir Forschungen \u00fcber filigrane Wasserzeichen. Da wir \u00fcber die gr\u00f6\u00dfte Sammlung von Papierb\u00f6gen mit Filigranen in Polen verf\u00fcgen, besitzen wir eine solide Forschungsbasis. In den Bandsammlungen des Museums befinden sich die wichtigsten Kataloge der Filigrane, was die Indentifizierung der Wasserzeichen erm\u00f6glicht.<\/p>\n<p>Ein wichtiger Gegenstand der Museumsuntersuchungen sie auch die Papierverzierungsmethoden. In diesem Bereich besitzen wir eine der gr\u00f6\u00dften Sammlungen in Polen.<\/p>\n<p><a href=\"http:\/\/muzeumpapiernictwa.pl\/muzeum\/dzialy\/dzial-historii-papiernictwa\/\" target=\"_blank\">Dzia\u0142 papiernictwa<\/a><\/p>\n<p>Die bisher umfangreichsten Forschungen im Papiermuseum, welche der Papiergeschichte bez\u00fcglich realisiert wurden, betrafen die Papierindustrie in Schlesien im 19.Jh. und die erste H\u00e4lfte des 20.Jh.<\/p>\n<p>Das zweite Hauptforschungsprojekt war mit der Geschichte der Papierindustrie w\u00e4hrend des kommunistischen PRL-Regimes in Polen.<\/p>\n<p>Aktuell wird ein Forschungsprojekt im Rahmen der Geschichte der Papierindustrie realisiert, das sich mit der anf\u00e4nglichen Restruktualisierung im Jahr 1989 bis zum EU-Beitritt Polens besch\u00e4ftigt.<\/p>\n<p><a href=\"http:\/\/muzeumpapiernictwa.pl\/muzeum\/dzialy\/dzial-historii-dusznik-zdroju\/\" target=\"_blank\">Dzia\u0142 historii Dusznik-Zdroju<\/a><\/p>\n<p>Die Ausgangsbasis vieler Untersuchungen sind ma\u00dfgebliche Quellen. Im Museum haben wir eine ausgezeichnet ausgestattete Forschungsbibliothek, au\u00dfer der reichen Auswahl an Fachliteratur \u00fcber die Papierbranche, sammeln wir Zeitschriften und alte Schriften. Die Bibliothek steht allen Interessierten zur Verf\u00fcgung.<\/p>\n<p><a href=\"http:\/\/muzeumpapiernictwa.pl\/muzeum\/dzialy\/biblioteka\/\" target=\"_blank\">Biblioteka Muzeum Papiernictwa<\/a><\/p>\n<p>Ein wichtiges Element unserer Forschungst\u00e4tigkeit ist die Herausgabe eines eigenen Periodikum (seit 2007), eines Jahrbuches des Papiermuseums. Dort werden popul\u00e4rwissenschaftliche Artikel als Ergebnisse der Untersuchungen ver\u00f6ffentlicht; auch eine Ereignischronik wird ver\u00f6ffentlicht. Das Jahrbuch in der elektronischen Version kann man kostenlos herunterladen.<\/p>\n<p><a href=\"http:\/\/rocznik.muzeumpapiernictwa.pl.pl\/\" target=\"_blank\">Rocznik Muzeum Papiernictwa <\/a><\/p>\n<p>Das Papiermuseum nahm bereits in den Achtzigerjahren des 20.Jh. Auslandskontakte auf, doch erst nach dem Jahr 1989 nahm es sichtbaren Konturen ein. Die Sachbearbeiter begannen die Ressourcen des Deutschen Buch- und Schriftsmuseum in Leipzig zu nutzen, ein Informationsaustausch mit einem Museum in Velke Losiny in Tschechien fand statt. Als Folge dieser Kontakte waren wissenschaftliche- und popul\u00e4rwissenschaftliche Ausarbeitungen und die Erg\u00e4nzung unserer Ausstellungen im Papiermuseum. Ausl\u00e4ndische Wissenschaftler gastierten in unserer Einrichtung, und begannen die Bibilotheksammlungen zu nutzen. Im Jahr 2005 war das Papiermuseum ein Mitveranstalter des Internationalen Kongresses der Papierhistoriker (IPH).<\/p>\n<h3>Schulsystem und Bildung<\/h3>\n<p>Das sind die Sparten, welche die Funktionshaupts\u00e4ulen des Papiermuseums als Einrichtung darstellen. Ihre Mission liegt in der Wissensverbreitung \u00fcber das Papier und die Papierindustrie. Die Mitarbeiter des bilundungswissenschaftlichen Bereiches veranstalten u.a. die Besichtigungen und die meisten Workshops.<\/p>\n<p style=\"text-align: left;\"><a href=\"http:\/\/muzeumpapiernictwa.pl\/muzeum\/dzialy\/dzial-naukowo-oswiatowy\/\" target=\"_blank\">Dzia\u0142 naukowo-o\u015bwiatowy<\/a><\/p>\n<p>Wiederum Workshops und die Pr\u00e4sentation der Grafiktechniken, Freilichtveranstaltungen mit den Ausstellungen verbunden sind der T\u00e4tigkeitsbereich des Grafikateliers.<\/p>\n<h3>Herstellung des B\u00fctterpapiers<\/h3>\n<p>Das Sch\u00f6pfen des B\u00fcttenpapiers begann kurz nach der Gr\u00fcndung des Papiermuseums. Das hier von professionellen Sch\u00f6pfern hergestellte Papier wird zum Verkauf angeboten, einen Teil aber verwendet man f\u00fcr die Produktion von Andenken, die in der Museumsboutique angeboten werden.<\/p>\n<p><a href=\"http:\/\/muzeumpapiernictwa.pl\/muzeum\/dzialy\/dzial-produkcji-papieru-czerpanego\/\" target=\"_blank\">Dzia\u0142 produkcji papieru czerpanego<\/a><\/p>\n<p>In der B\u00fcttenkammer befinden sich Vorzeigearbeitspl\u00e4tze. Somit kann der Besucher sehen, wie das Papier vor Jahrhunderten hergestellt wurde. Die besucher haben auch die M\u00f6glichkeit eigenh\u00e4ndig einen Papierboge zu sch\u00f6pfen.<\/p>\n<p><a href=\"http:\/\/muzeumpapiernictwa.pl\/de\/buseum\/\">Musealveranstaltungen und Workshops<\/a><\/p>","protected":false},"excerpt":{"rendered":"<p>In der Organisationsstruktur des Papiermuseums verf\u00fcgen wir \u00fcber Abteilungen, die sich mit der Wissenschaft, dem Schulsystem, wie auch der Herstellung des B\u00fcttenpapiers besch\u00e4ftigen. Science Das Museum hat ihre gr\u00f6\u00dfte Bedeutung in Hinsicht auf die Forschung \u00fcber die Geschichte der damaligen Papierherstellung und Papierindustrie auf polnischer Erde. Seit mehr als 20 Jahren f\u00fchren wir Forschungen \u00fcber [&hellip;]<\/p>\n","protected":false},"author":1,"featured_media":0,"parent":157,"menu_order":352,"comment_status":"open","ping_status":"open","template":"","meta":{"_acf_changed":false,"ngg_post_thumbnail":0,"footnotes":""},"class_list":["post-91","page","type-page","status-publish","hentry"],"acf":[],"_links":{"self":[{"href":"https:\/\/muzeumpapiernictwa.pl\/de\/wp-json\/wp\/v2\/pages\/91","targetHints":{"allow":["GET"]}}],"collection":[{"href":"https:\/\/muzeumpapiernictwa.pl\/de\/wp-json\/wp\/v2\/pages"}],"about":[{"href":"https:\/\/muzeumpapiernictwa.pl\/de\/wp-json\/wp\/v2\/types\/page"}],"author":[{"embeddable":true,"href":"https:\/\/muzeumpapiernictwa.pl\/de\/wp-json\/wp\/v2\/users\/1"}],"replies":[{"embeddable":true,"href":"https:\/\/muzeumpapiernictwa.pl\/de\/wp-json\/wp\/v2\/comments?post=91"}],"version-history":[{"count":36,"href":"https:\/\/muzeumpapiernictwa.pl\/de\/wp-json\/wp\/v2\/pages\/91\/revisions"}],"predecessor-version":[{"id":15865,"href":"https:\/\/muzeumpapiernictwa.pl\/de\/wp-json\/wp\/v2\/pages\/91\/revisions\/15865"}],"up":[{"embeddable":true,"href":"https:\/\/muzeumpapiernictwa.pl\/de\/wp-json\/wp\/v2\/pages\/157"}],"wp:attachment":[{"href":"https:\/\/muzeumpapiernictwa.pl\/de\/wp-json\/wp\/v2\/media?parent=91"}],"curies":[{"name":"wp","href":"https:\/\/api.w.org\/{rel}","templated":true}]}}