{"id":8939,"date":"2016-11-09T14:55:18","date_gmt":"2016-11-09T13:55:18","guid":{"rendered":"http:\/\/muzeumpapiernictwa.pl\/?page_id=8939"},"modified":"2016-11-22T14:20:56","modified_gmt":"2016-11-22T13:20:56","slug":"zawiadomienie-o-wyborze-najkorzystniejszej-oferty-publikacja-promocyjnego-artykulu-prasowego-w-gazecie-o-zasiegu-ogolnopolskim","status":"publish","type":"page","link":"https:\/\/muzeumpapiernictwa.pl\/de\/polski-bip\/polski-ogloszenia\/zawiadomienie-o-wyborze-najkorzystniejszej-oferty-publikacja-promocyjnego-artykulu-prasowego-w-gazecie-o-zasiegu-ogolnopolskim-2\/","title":{"rendered":"Zawiadomienie o wyborze najkorzystniejszej oferty \u2013 publikacja promocyjnego artyku\u0142u prasowego w gazecie o zasi\u0119gu og\u00f3lnopolskim"},"content":{"rendered":"<p class=\"qtranxs-available-languages-message qtranxs-available-languages-message-de\"><span><\/span><\/p>","protected":false},"excerpt":{"rendered":"","protected":false},"author":4,"featured_media":0,"parent":3125,"menu_order":1663,"comment_status":"open","ping_status":"open","template":"bip.php","meta":{"_acf_changed":false,"ngg_post_thumbnail":0,"footnotes":""},"class_list":["post-8939","page","type-page","status-publish","hentry"],"acf":[],"_links":{"self":[{"href":"https:\/\/muzeumpapiernictwa.pl\/de\/wp-json\/wp\/v2\/pages\/8939","targetHints":{"allow":["GET"]}}],"collection":[{"href":"https:\/\/muzeumpapiernictwa.pl\/de\/wp-json\/wp\/v2\/pages"}],"about":[{"href":"https:\/\/muzeumpapiernictwa.pl\/de\/wp-json\/wp\/v2\/types\/page"}],"author":[{"embeddable":true,"href":"https:\/\/muzeumpapiernictwa.pl\/de\/wp-json\/wp\/v2\/users\/4"}],"replies":[{"embeddable":true,"href":"https:\/\/muzeumpapiernictwa.pl\/de\/wp-json\/wp\/v2\/comments?post=8939"}],"version-history":[{"count":0,"href":"https:\/\/muzeumpapiernictwa.pl\/de\/wp-json\/wp\/v2\/pages\/8939\/revisions"}],"up":[{"embeddable":true,"href":"https:\/\/muzeumpapiernictwa.pl\/de\/wp-json\/wp\/v2\/pages\/3125"}],"wp:attachment":[{"href":"https:\/\/muzeumpapiernictwa.pl\/de\/wp-json\/wp\/v2\/media?parent=8939"}],"curies":[{"name":"wp","href":"https:\/\/api.w.org\/{rel}","templated":true}]}}