{"id":89,"date":"2014-11-13T17:09:17","date_gmt":"2014-11-13T16:09:17","guid":{"rendered":"http:\/\/muzeumpapiernictwa.pl\/?page_id=89"},"modified":"2020-02-26T10:34:18","modified_gmt":"2020-02-26T09:34:18","slug":"wystawy","status":"publish","type":"page","link":"https:\/\/muzeumpapiernictwa.pl\/de\/muzeum\/ausstellungen\/","title":{"rendered":"Ausstellungen"},"content":{"rendered":"<p><\/p>\n<h3>Daueraustellungen<\/h3>\n<p>Sicherlich g\u00e4be es kein Papiermuseum in Duszniki Zdr\u00f3j, wenn die Chinesen das Papier nicht erfunden h\u00e4tten und die Araber deren Erfindung nicht nach Europa gebracht h\u00e4tten. Das Leitthema unserer Dauerausstellungen ist somit die Geschichte des Papiers und die Herstellungsweise weltweit, in Polen, in Schlesien.<\/p>\n<p>Hierbei denken wir auch daran, dass die Menschen lange vor seiner Erfindung ein Material mit den Eigenschaften des Papiers gesucht haben. Es ging vor allem um die M\u00f6glichkeit der Informationsspeicherung. Danach wurde auch die Vervielf\u00e4ltigung notwendig. So ist der Druck entstanden und diesen pr\u00e4sentieren wir auch in unserer Ausstellung.<\/p>\n<p>Gleichzeitig mit der Entwicklung der Herstellungsmethoden, erschienen Papierb\u00f6gen mit verschiedenen Eigenschaften. F\u00fcr diese fand man n\u00e4chste Anwendungsm\u00f6glichkeiten an. Wir zeigen, was man heutzutage aus Papier herstellt. <\/p>\n<p><a href=\"http:\/\/muzeumpapiernictwa.pl\/de\/muzeum\/ausstellungen\/daueraustellungen\/\">Daueraustellungen<\/a><\/p>\n<h3>Zeitausstellungen<\/h3>\n<p>Produziert, erschafft aber auch. In den mit Polychromie bedeckten Innenr\u00e4umen und anderen S\u00e4len ist unsere Galerie ans\u00e4ssig. In diesen pr\u00e4sentieren wir verschiedenartige Zeitausstellungen. Hier kann man sich mit der Sch\u00f6pfung anerkannter K\u00fcnstler vertraut machen oder auch die Kunstarbeiten junger Teilnehmer der musealen Grafikworkshops anschauen. Vergessen wir nicht, die Elemente unserer Sammlungen zu zeigen, die nicht allt\u00e4glich zug\u00e4nglich sind, und auch diese nicht, welche mit der Geschichte von Duszniki Zdr\u00f3j verbunden sind.<\/p>\n<p><a href=\"http:\/\/muzeumpapiernictwa.pl\/de\/muzeum\/ausstellungen\/zeitausstellungen\/\" target=\"_blank\">Zeitausstellungen<\/a><\/p>\n<p>Bei der Planung der Kunstausstellungen hat selbstverst\u00e4ndlich die breit erfasste Papierkunst den Vorrang. Die Autoren sind sowohl anerkannte K\u00fcnstler, wie auch Studenten der Akademie der Sch\u00f6nen K\u00fcnste. Nicht selten sind es ausl\u00e4ndische G\u00e4ste, wie im Jahre 2013. Yasu Suzuka aus Japan stellte seine aus Papiermasse hergestellten Arbeiten aus der Serie &#8222;die Reinkarnation des Hemdes- das Nirwana Hemd&#8220;. <\/p>\n<p><a href=\"http:\/\/muzeumpapiernictwa.pl\/de\/muzeum\/papierkunst\/\">Papierkunst<\/a><\/p>\n<p>Im Papiermuseum pr\u00e4sentieren wir sogar mehr als zehn Ausstellungen j\u00e4hrlich. Informationen zu Vernissagen und aktuellen Exposees findet man in der Registerkarte Aktuelles.  <\/p>\n<p><a href=\"http:\/\/muzeumpapiernictwa.pl\/de\/aktuelles\/1?news-search%5Bphrase%5D=&#038;news-search%5Bsort%5D=created_desc&#038;news-search%5Bdate-range%5D=&#038;news-search%5Bcategory%5D=14\">Aktuelles \u2013 Ausstellung<\/a><\/p>\n<h3>Wanderausstellungen<\/h3>\n<p>Das Papiermuseum verf\u00fcgt zudem \u00fcber Wanderausstellungen. Zu den wichtigsten z\u00e4hlen: &#8222;Geschichte des Papiers und der Papierindustrie&#8220;, &#8222;Druckmethoden zur Verzierung des Papiers und Stoffe&#8220; und &#8222;Reisep\u00e4sse der EU-L\u00e4nder&#8220;. Diese stellen wir in Museen, Bibliotheken und anderen Institutionen aus. Bisher wurden sie an \u00fcber 30 Pl\u00e4tzen, auch im Ausland (u.a. &#8222;Reisep\u00e4sse der EU-L\u00e4nder&#8220;- Europamuseum in Schengen in Luxemburg, 2012) der \u00d6ffentlichkeit vorgestellt.<\/p>\n<\/p>\n<p><\/p>","protected":false},"excerpt":{"rendered":"<p>Daueraustellungen Sicherlich g\u00e4be es kein Papiermuseum in Duszniki Zdr\u00f3j, wenn die Chinesen das Papier nicht erfunden h\u00e4tten und die Araber deren Erfindung nicht nach Europa gebracht h\u00e4tten. Das Leitthema unserer Dauerausstellungen ist somit die Geschichte des Papiers und die Herstellungsweise weltweit, in Polen, in Schlesien. Hierbei denken wir auch daran, dass die Menschen lange vor [&hellip;]<\/p>\n","protected":false},"author":1,"featured_media":0,"parent":157,"menu_order":1025,"comment_status":"open","ping_status":"open","template":"","meta":{"_acf_changed":false,"ngg_post_thumbnail":0,"footnotes":""},"class_list":["post-89","page","type-page","status-publish","hentry"],"acf":[],"_links":{"self":[{"href":"https:\/\/muzeumpapiernictwa.pl\/de\/wp-json\/wp\/v2\/pages\/89","targetHints":{"allow":["GET"]}}],"collection":[{"href":"https:\/\/muzeumpapiernictwa.pl\/de\/wp-json\/wp\/v2\/pages"}],"about":[{"href":"https:\/\/muzeumpapiernictwa.pl\/de\/wp-json\/wp\/v2\/types\/page"}],"author":[{"embeddable":true,"href":"https:\/\/muzeumpapiernictwa.pl\/de\/wp-json\/wp\/v2\/users\/1"}],"replies":[{"embeddable":true,"href":"https:\/\/muzeumpapiernictwa.pl\/de\/wp-json\/wp\/v2\/comments?post=89"}],"version-history":[{"count":32,"href":"https:\/\/muzeumpapiernictwa.pl\/de\/wp-json\/wp\/v2\/pages\/89\/revisions"}],"predecessor-version":[{"id":14723,"href":"https:\/\/muzeumpapiernictwa.pl\/de\/wp-json\/wp\/v2\/pages\/89\/revisions\/14723"}],"up":[{"embeddable":true,"href":"https:\/\/muzeumpapiernictwa.pl\/de\/wp-json\/wp\/v2\/pages\/157"}],"wp:attachment":[{"href":"https:\/\/muzeumpapiernictwa.pl\/de\/wp-json\/wp\/v2\/media?parent=89"}],"curies":[{"name":"wp","href":"https:\/\/api.w.org\/{rel}","templated":true}]}}