{"id":87,"date":"2014-11-13T17:09:06","date_gmt":"2014-11-13T16:09:06","guid":{"rendered":"http:\/\/muzeumpapiernictwa.pl\/?page_id=87"},"modified":"2022-12-05T10:19:09","modified_gmt":"2022-12-05T09:19:09","slug":"historia-muzeum-papiernictwa","status":"publish","type":"page","link":"https:\/\/muzeumpapiernictwa.pl\/de\/muzeum\/geschichte-des-papiermuseums\/","title":{"rendered":"Geschichte des Papiermuseums"},"content":{"rendered":"<p><\/p>\n<h3>Registriertes Museum<\/h3>\n<p>Laut Museumsgesetz vom 21 Nov. 1996 f\u00fchrt das Ministerium f\u00fcr Kultur und Nationalerbe ein Staatliches Museensregister. Dort werden ausschliesslich Einrichtungen eingetragen, welche die Bedingungen des o.g. Gesetzes erf\u00fcllen (besonders hohe Inhaltsniveau der T\u00e4tigkeit und gro\u00dfe Bedeutung der Sammlungen). Den Eintragungsantrag eines Museums ins Register begutachtet ein Qualifikationsgremium, das aus namhaften Experten der Museumkunde und verwandten Wissenschaften besteht, doch die Entscheidung trifft der Minister. Das Papiermuseum wurde am 28.06 2013 ins Staatliche Museenregister eingetragen.<\/p>\n<p><a href=\"http:\/\/muzeumpapiernictwa.pl\/wp-content\/uploads\/2014\/11\/WPIS-DO-PA\u0143STWOWEGO-REJESTRU-MUZE\u00d3W.pdf\" target=\"_blank\" rel=\"noopener noreferrer\">Decyzja o wpisie do Pa\u0144stwowego Rejestru Muze\u00f3w (PDF)<\/a><\/p>\n<\/p>\n<p><\/p>","protected":false},"excerpt":{"rendered":"<p>Registriertes Museum Laut Museumsgesetz vom 21 Nov. 1996 f\u00fchrt das Ministerium f\u00fcr Kultur und Nationalerbe ein Staatliches Museensregister. Dort werden ausschliesslich Einrichtungen eingetragen, welche die Bedingungen des o.g. Gesetzes erf\u00fcllen (besonders hohe Inhaltsniveau der T\u00e4tigkeit und gro\u00dfe Bedeutung der Sammlungen). Den Eintragungsantrag eines Museums ins Register begutachtet ein Qualifikationsgremium, das aus namhaften Experten der Museumkunde [&hellip;]<\/p>\n","protected":false},"author":1,"featured_media":0,"parent":157,"menu_order":409,"comment_status":"open","ping_status":"open","template":"","meta":{"_acf_changed":false,"ngg_post_thumbnail":0,"footnotes":""},"class_list":["post-87","page","type-page","status-publish","hentry"],"acf":[],"_links":{"self":[{"href":"https:\/\/muzeumpapiernictwa.pl\/de\/wp-json\/wp\/v2\/pages\/87","targetHints":{"allow":["GET"]}}],"collection":[{"href":"https:\/\/muzeumpapiernictwa.pl\/de\/wp-json\/wp\/v2\/pages"}],"about":[{"href":"https:\/\/muzeumpapiernictwa.pl\/de\/wp-json\/wp\/v2\/types\/page"}],"author":[{"embeddable":true,"href":"https:\/\/muzeumpapiernictwa.pl\/de\/wp-json\/wp\/v2\/users\/1"}],"replies":[{"embeddable":true,"href":"https:\/\/muzeumpapiernictwa.pl\/de\/wp-json\/wp\/v2\/comments?post=87"}],"version-history":[{"count":18,"href":"https:\/\/muzeumpapiernictwa.pl\/de\/wp-json\/wp\/v2\/pages\/87\/revisions"}],"predecessor-version":[{"id":19604,"href":"https:\/\/muzeumpapiernictwa.pl\/de\/wp-json\/wp\/v2\/pages\/87\/revisions\/19604"}],"up":[{"embeddable":true,"href":"https:\/\/muzeumpapiernictwa.pl\/de\/wp-json\/wp\/v2\/pages\/157"}],"wp:attachment":[{"href":"https:\/\/muzeumpapiernictwa.pl\/de\/wp-json\/wp\/v2\/media?parent=87"}],"curies":[{"name":"wp","href":"https:\/\/api.w.org\/{rel}","templated":true}]}}