{"id":79,"date":"2014-11-13T17:07:03","date_gmt":"2014-11-13T16:07:03","guid":{"rendered":"http:\/\/muzeumpapiernictwa.pl\/?page_id=79"},"modified":"2017-02-14T12:32:12","modified_gmt":"2017-02-14T11:32:12","slug":"konserwacja-i-digitalizacja-zbiorow","status":"publish","type":"page","link":"https:\/\/muzeumpapiernictwa.pl\/de\/projekt\/sicherung-und-digitalisierun-der-sammlungen\/","title":{"rendered":"Sicherung und Digitalisierun der Sammlungen"},"content":{"rendered":"<p><\/p>\n<p>Die Aufbewahrung und die Zug\u00e4nglichkeit der Ressourcen des Kulturerbes ist eine der Hauptaufgaben von Museumsinstitutionen. Im Rahmen des Projektes haben wir somit auch die Konservierung un Digitaliesierung der ausgew\u00e4hlten Musealien.<\/p>\n<p>Vor allem sollte man so lange wie m\u00f6glich die Originalsammlungen der Museen aufbewahren. Insgesamt 312 Objekte werden spezialistischen Konservierungsarbeiten unterzogen (z.B. ein Reisepass in der russischen Sprache aus dem Jahre 1986), Negative zum Typographdruck, Ansichtskarten von Duszniki Zdr\u00f3j und andere Dokumente. <\/p>\n<p>Die Aufbewahrungsgarantie f\u00fcr zuk\u00fcnftige Generationen ist die m\u00f6glichst naturgetreue Digitalspeicherung. Das ist aktuell die Priorit\u00e4t, die von die EU- und innl\u00e4ndischen Institutionen bestimmt wird.<\/p>\n<p>Dank der Norwegischen- und der EOG Fonds erwarben wir bereits eine Fotoausr\u00fcstung, welche uns schrittwiese die Speicherung s\u00e4mtlicher Museumssammlungen in Digitalform erm\u00f6glicht. W\u00e4hrend der Realisierungszeit sehen wir die Didgitalisierung von 418 Mesealien vor; unter diesen befinden sich historische Filigranb\u00f6gen verschiedener Papierhersteller (sogar aus dem 16.Jh.), schmuckvolle Papierb\u00f6gen, Papiermuster, P\u00e4sse, Exlibris, Ansichtskarten von Duszniki Zdr\u00f3j, Ger\u00e4te zur Untersuchung von Papiereigenschaften, Maschinen und Ger\u00e4te mit gro\u00dfen Ausma\u00dfen.<\/p>\n<p>Die Abbildungen der Musealiobjekte werden auf unserer Internetseite platziert, manche von ihnen in einer 360o Pr\u00e4sentation. Das erm\u00f6glicht allen Interessierten den Zugang zu den Sammlungen des Papiermuseums ohne R\u00fccksicht auf ihren Verf\u00fcgbarkeitsgrad vor Ort und ohne die Notwendigkeit einer Visite in Duszniki Zdr\u00f3j.  <\/p>\n<p><a title=\"Zbiory\" href=\"http:\/\/muzeumpapiernictwa.pl\/de\/kollektions\/\" target=\"_blank\">Kollektions<\/a><\/p>\n<\/p>\n<p><\/p>","protected":false},"excerpt":{"rendered":"<p>Die Aufbewahrung und die Zug\u00e4nglichkeit der Ressourcen des Kulturerbes ist eine der Hauptaufgaben von Museumsinstitutionen. Im Rahmen des Projektes haben wir somit auch die Konservierung un Digitaliesierung der ausgew\u00e4hlten Musealien. Vor allem sollte man so lange wie m\u00f6glich die Originalsammlungen der Museen aufbewahren. Insgesamt 312 Objekte werden spezialistischen Konservierungsarbeiten unterzogen (z.B. ein Reisepass in der [&hellip;]<\/p>\n","protected":false},"author":1,"featured_media":0,"parent":71,"menu_order":559,"comment_status":"open","ping_status":"open","template":"","meta":{"_acf_changed":false,"ngg_post_thumbnail":0,"footnotes":""},"class_list":["post-79","page","type-page","status-publish","hentry"],"acf":[],"_links":{"self":[{"href":"https:\/\/muzeumpapiernictwa.pl\/de\/wp-json\/wp\/v2\/pages\/79","targetHints":{"allow":["GET"]}}],"collection":[{"href":"https:\/\/muzeumpapiernictwa.pl\/de\/wp-json\/wp\/v2\/pages"}],"about":[{"href":"https:\/\/muzeumpapiernictwa.pl\/de\/wp-json\/wp\/v2\/types\/page"}],"author":[{"embeddable":true,"href":"https:\/\/muzeumpapiernictwa.pl\/de\/wp-json\/wp\/v2\/users\/1"}],"replies":[{"embeddable":true,"href":"https:\/\/muzeumpapiernictwa.pl\/de\/wp-json\/wp\/v2\/comments?post=79"}],"version-history":[{"count":22,"href":"https:\/\/muzeumpapiernictwa.pl\/de\/wp-json\/wp\/v2\/pages\/79\/revisions"}],"predecessor-version":[{"id":9402,"href":"https:\/\/muzeumpapiernictwa.pl\/de\/wp-json\/wp\/v2\/pages\/79\/revisions\/9402"}],"up":[{"embeddable":true,"href":"https:\/\/muzeumpapiernictwa.pl\/de\/wp-json\/wp\/v2\/pages\/71"}],"wp:attachment":[{"href":"https:\/\/muzeumpapiernictwa.pl\/de\/wp-json\/wp\/v2\/media?parent=79"}],"curies":[{"name":"wp","href":"https:\/\/api.w.org\/{rel}","templated":true}]}}