{"id":77,"date":"2014-11-13T17:06:15","date_gmt":"2014-11-13T16:06:15","guid":{"rendered":"http:\/\/muzeumpapiernictwa.pl\/?page_id=77"},"modified":"2016-05-02T14:48:30","modified_gmt":"2016-05-02T12:48:30","slug":"zavezpieczenie-ppoz","status":"publish","type":"page","link":"https:\/\/muzeumpapiernictwa.pl\/de\/projekt\/antibrandsicherung\/","title":{"rendered":"Antibrandsicherung"},"content":{"rendered":"<p><\/p>\n<p>Die Duszniki Zdr\u00f3j Papierm\u00fchle ist ein wertvolles historisches Denkmal des industriellen Holzbaus. Aus leichtbrennbarem Material gebaut, ist somit enorm in Falle eines Brandes gef\u00e4hrdet.<\/p>\n<p>Der Antibrandschutz des Geb\u00e4udes wurde somit zur Priorit\u00e4t bei den Investition des Papiermuseums und nahm so seinen Platz im angemeldeten Projekt zur Zuschussgewinnung aus den EOG- und dem Norwegischen Fonds ein.  <\/p>\n<p>Schliesslich wird im Objekt ein automatischer Feuerdetektor samt einer Niederdruck-Wassernebel-L\u00f6schanlagen installiert, das sowohl das Dach als auch die Wandkonstruktionen der Papierfabrik umfasst.<\/p>\n<p>Die Niederdruck-Wassernebel-L\u00f6schanlagen geh\u00f6ren zu den modernsten L\u00f6sungen, die in historisch wertvollen Objekten ihre Anwendung finden. Die grunds\u00e4tzliche Art und Weise ihrer Funktionalit\u00e4t ist die gleichzeitige Bet\u00e4tigung der Nebeld\u00fcsen in der Gefahrenzone, um Tropfenbildung entsprechender Gr\u00f6\u00dfe mit hoher W\u00e4rmeenergieaufnahme zu erreichen.<\/p>\n<p>Der Hauptvorteil solcher Feuerl\u00f6schsysteme ist der relativ niedrige Wasserverbrauch. Somit wird die Ber\u00fccksichtigung eines gro\u00dfen Wasserspeichers \u00fcberfl\u00fcssig. Besonders wichtig- im Notfall werden eventuelle Sachsch\u00e4den durch die Anwendung zerst\u00e4ubter Wassertropfen mit kleinem Durchmesser begrenzt.\n<\/p>\n<\/p>\n<p><\/p>","protected":false},"excerpt":{"rendered":"<p>Die Duszniki Zdr\u00f3j Papierm\u00fchle ist ein wertvolles historisches Denkmal des industriellen Holzbaus. Aus leichtbrennbarem Material gebaut, ist somit enorm in Falle eines Brandes gef\u00e4hrdet. Der Antibrandschutz des Geb\u00e4udes wurde somit zur Priorit\u00e4t bei den Investition des Papiermuseums und nahm so seinen Platz im angemeldeten Projekt zur Zuschussgewinnung aus den EOG- und dem Norwegischen Fonds ein. [&hellip;]<\/p>\n","protected":false},"author":1,"featured_media":0,"parent":71,"menu_order":1045,"comment_status":"open","ping_status":"open","template":"","meta":{"_acf_changed":false,"ngg_post_thumbnail":0,"footnotes":""},"class_list":["post-77","page","type-page","status-publish","hentry"],"acf":[],"_links":{"self":[{"href":"https:\/\/muzeumpapiernictwa.pl\/de\/wp-json\/wp\/v2\/pages\/77","targetHints":{"allow":["GET"]}}],"collection":[{"href":"https:\/\/muzeumpapiernictwa.pl\/de\/wp-json\/wp\/v2\/pages"}],"about":[{"href":"https:\/\/muzeumpapiernictwa.pl\/de\/wp-json\/wp\/v2\/types\/page"}],"author":[{"embeddable":true,"href":"https:\/\/muzeumpapiernictwa.pl\/de\/wp-json\/wp\/v2\/users\/1"}],"replies":[{"embeddable":true,"href":"https:\/\/muzeumpapiernictwa.pl\/de\/wp-json\/wp\/v2\/comments?post=77"}],"version-history":[{"count":18,"href":"https:\/\/muzeumpapiernictwa.pl\/de\/wp-json\/wp\/v2\/pages\/77\/revisions"}],"predecessor-version":[{"id":8172,"href":"https:\/\/muzeumpapiernictwa.pl\/de\/wp-json\/wp\/v2\/pages\/77\/revisions\/8172"}],"up":[{"embeddable":true,"href":"https:\/\/muzeumpapiernictwa.pl\/de\/wp-json\/wp\/v2\/pages\/71"}],"wp:attachment":[{"href":"https:\/\/muzeumpapiernictwa.pl\/de\/wp-json\/wp\/v2\/media?parent=77"}],"curies":[{"name":"wp","href":"https:\/\/api.w.org\/{rel}","templated":true}]}}