{"id":75,"date":"2014-11-13T17:05:58","date_gmt":"2014-11-13T16:05:58","guid":{"rendered":"http:\/\/muzeumpapiernictwa.pl\/?page_id=75"},"modified":"2017-10-26T10:47:04","modified_gmt":"2017-10-26T08:47:04","slug":"renowacja-i-adaptacja","status":"publish","type":"page","link":"https:\/\/muzeumpapiernictwa.pl\/de\/projekt\/renovierung-und-umbau\/","title":{"rendered":"Renovierung und Umbau"},"content":{"rendered":"<p><\/p>\n<p>Das Papiermuseum ist seit Jahren der Nutznie\u00dfer der Zusch\u00fcsse, welche im Rahmen von Operationsprogrammen der Kultur- und Nationalerbeministers zugeteilt werden. Auf der Basis der Ministeralzusch\u00fcsse, wie auch aus dem Budget der Selbstverwaltung der Wojwodschaft Niederschlesien,  wurden zahlreiche Renovierungs- und Restaurierungsarbeiten durchgef\u00fchrt.<\/p>\n<p>Der Komplex der historischen Papierfabrik besteht aus zwei mehrgeschossigen Geb\u00e4uden, dem Hauptgeb\u00e4ude und dem ehemaligen B\u00fcttentrockenboden. Besonders das zweite Geb\u00e4ude wurde nur teilwiese genutzt.<\/p>\n<p>Auf Grund des wachsenden Interesses am Museum und seines Edukationsangebots, wurde die Bewirtschaftung der nicht genutzten Fl\u00e4che notwendig. Daher bleibt der Ausbau des Trockenbodens f\u00fcr Schulungs- und Kulturzwecke aktuell das wichtigste Vorhaben, wie auch der Gesamtschutz der Papierm\u00fchle von Duszniki Zdr\u00f3j.<\/p>\n<p>Die Ausbauarbeiten an den bisher ungenutzten  R\u00e4umlichkeiten des Trockenbodens begannen im Jahre 2009 und wurden, nach M\u00f6glichkeit, in den n\u00e4chsten Jahren fortgef\u00fchrt. Zusch\u00fcsse, die mit Hilfe der Norwegischen- und der EOG Fonds gewonnen wurden, erm\u00f6glichen die Beendigung der Investition und die volle Nutzung des Objektes. <\/p>\n<p>Somit wird das Museum um zwei Ausstellungss\u00e4le, moderne R\u00e4ume f\u00fcr die Durchf\u00fchrung des Musealunterrichts der Workshops und die Modernisierung des B\u00fcro- und Lagerbereichs.<\/p>\n<p> In den Ausstellungsr\u00e4umen werden zwei Daueraustellungen pr\u00e4sentiert- die Geschichte des polnischen Papiergeldes und die Papierkunst. Die Ausstellungen werden neusten Trends unterliegen und von multimedialen Techinken unterst\u00fctzt. Auch eine Reihe von innovativen L\u00f6sungen, welche Behinderten dienen findern hier ihre Anwendung.<\/p>\n<\/p>\n<p><\/p>","protected":false},"excerpt":{"rendered":"<p>Das Papiermuseum ist seit Jahren der Nutznie\u00dfer der Zusch\u00fcsse, welche im Rahmen von Operationsprogrammen der Kultur- und Nationalerbeministers zugeteilt werden. Auf der Basis der Ministeralzusch\u00fcsse, wie auch aus dem Budget der Selbstverwaltung der Wojwodschaft Niederschlesien, wurden zahlreiche Renovierungs- und Restaurierungsarbeiten durchgef\u00fchrt. Der Komplex der historischen Papierfabrik besteht aus zwei mehrgeschossigen Geb\u00e4uden, dem Hauptgeb\u00e4ude und dem [&hellip;]<\/p>\n","protected":false},"author":1,"featured_media":0,"parent":71,"menu_order":885,"comment_status":"open","ping_status":"open","template":"","meta":{"_acf_changed":false,"ngg_post_thumbnail":0,"footnotes":""},"class_list":["post-75","page","type-page","status-publish","hentry"],"acf":[],"_links":{"self":[{"href":"https:\/\/muzeumpapiernictwa.pl\/de\/wp-json\/wp\/v2\/pages\/75","targetHints":{"allow":["GET"]}}],"collection":[{"href":"https:\/\/muzeumpapiernictwa.pl\/de\/wp-json\/wp\/v2\/pages"}],"about":[{"href":"https:\/\/muzeumpapiernictwa.pl\/de\/wp-json\/wp\/v2\/types\/page"}],"author":[{"embeddable":true,"href":"https:\/\/muzeumpapiernictwa.pl\/de\/wp-json\/wp\/v2\/users\/1"}],"replies":[{"embeddable":true,"href":"https:\/\/muzeumpapiernictwa.pl\/de\/wp-json\/wp\/v2\/comments?post=75"}],"version-history":[{"count":12,"href":"https:\/\/muzeumpapiernictwa.pl\/de\/wp-json\/wp\/v2\/pages\/75\/revisions"}],"predecessor-version":[{"id":10377,"href":"https:\/\/muzeumpapiernictwa.pl\/de\/wp-json\/wp\/v2\/pages\/75\/revisions\/10377"}],"up":[{"embeddable":true,"href":"https:\/\/muzeumpapiernictwa.pl\/de\/wp-json\/wp\/v2\/pages\/71"}],"wp:attachment":[{"href":"https:\/\/muzeumpapiernictwa.pl\/de\/wp-json\/wp\/v2\/media?parent=75"}],"curies":[{"name":"wp","href":"https:\/\/api.w.org\/{rel}","templated":true}]}}