{"id":73,"date":"2014-11-13T17:05:30","date_gmt":"2014-11-13T16:05:30","guid":{"rendered":"http:\/\/muzeumpapiernictwa.pl\/?page_id=73"},"modified":"2014-12-22T12:47:07","modified_gmt":"2014-12-22T11:47:07","slug":"fundusze","status":"publish","type":"page","link":"https:\/\/muzeumpapiernictwa.pl\/de\/projekt\/fonds\/","title":{"rendered":"Fonds"},"content":{"rendered":"<p><\/p>\n<p><p>Norwegischer Fonds und der Europ\u00e4ische Wirtschaftsfonds (EOG) sind Auslandshilfen, die von Norwegen, Island und Liechtenstein den neuen EU Mitglieder zuerkannt werden. Diese Fonds m\u00fcssen nicht zur\u00fcckgezahlt werden. <\/p>\n<p>Diese Finanzmittel stehen im Zusammenhang mit dem EU-Beitritt Polens und so mit dem Beitritt unseres Landes zur Europ\u00e4ischen Wirtschaftszone (EU + Island, Liechtenstein, Norwegen).<\/p>\n<p>Als Gegenleistung f\u00fcr diese Finanzhilfe, bekommen die Geber-L\u00e4nder freien Zugang zum Binnenmarkt der EU (obwohl sie keine Mitgliedsstaaten sind).<\/p>\n<p>Die Hauptziele des Norwegischen- und des EOG Fonds sind: einen Beitrag zur Reduktion der wirtschaftlichen und gesellschaftlichen Unterschiede im Bereich des Europ\u00e4ischen Wirtschaftsraumes zu leisten und die St\u00e4rkung bilateraler Beziehungen zwischen dem Geber- und dem Empf\u00e4ngerland.<\/p>\n<p>Im Rahmen des Norwegischen- und des EOG Fonds wurden \u00fcber zehn Programme bestimmt (Zuschussregionen). Bei bestimmten Programmen kann man einen Finanzzuschuss f\u00fcr themen\u00e4hnliche Projekte erhalten. Zu erw\u00e4hnen w\u00e4ren vor allem: Umweltschutz (erneuerbare Energien eingeschlossen), Kulturerbe, Gesundheit, Forschung und Stipendien.<\/p>\n<p>F\u00fcr die Realisierung jedes Programms sind Institutionen bzw. Organisationen verantwortlich, welche sich im jeweiligen Bereich spezialisieren, z.B. im Falle des Kulturerbes ist es das Ministerium f\u00fcr Kultur und Nationalerbe. Diese Institutionen erf\u00fcllen die Funktion eines s.g. Programmoperators. <\/p>\n<p><a href=\"http:\/\/www.eog.gov.pl\/\" target=\"_blank\">Startseite EOG-Fonds und Dach Norwegian<\/a><\/p>\n<\/p>\n<p><\/p>","protected":false},"excerpt":{"rendered":"<p>Norwegischer Fonds und der Europ\u00e4ische Wirtschaftsfonds (EOG) sind Auslandshilfen, die von Norwegen, Island und Liechtenstein den neuen EU Mitglieder zuerkannt werden. Diese Fonds m\u00fcssen nicht zur\u00fcckgezahlt werden. Diese Finanzmittel stehen im Zusammenhang mit dem EU-Beitritt Polens und so mit dem Beitritt unseres Landes zur Europ\u00e4ischen Wirtschaftszone (EU + Island, Liechtenstein, Norwegen). Als Gegenleistung f\u00fcr diese [&hellip;]<\/p>\n","protected":false},"author":1,"featured_media":0,"parent":71,"menu_order":380,"comment_status":"open","ping_status":"open","template":"","meta":{"_acf_changed":false,"ngg_post_thumbnail":0,"footnotes":""},"class_list":["post-73","page","type-page","status-publish","hentry"],"acf":[],"_links":{"self":[{"href":"https:\/\/muzeumpapiernictwa.pl\/de\/wp-json\/wp\/v2\/pages\/73","targetHints":{"allow":["GET"]}}],"collection":[{"href":"https:\/\/muzeumpapiernictwa.pl\/de\/wp-json\/wp\/v2\/pages"}],"about":[{"href":"https:\/\/muzeumpapiernictwa.pl\/de\/wp-json\/wp\/v2\/types\/page"}],"author":[{"embeddable":true,"href":"https:\/\/muzeumpapiernictwa.pl\/de\/wp-json\/wp\/v2\/users\/1"}],"replies":[{"embeddable":true,"href":"https:\/\/muzeumpapiernictwa.pl\/de\/wp-json\/wp\/v2\/comments?post=73"}],"version-history":[{"count":15,"href":"https:\/\/muzeumpapiernictwa.pl\/de\/wp-json\/wp\/v2\/pages\/73\/revisions"}],"predecessor-version":[{"id":3393,"href":"https:\/\/muzeumpapiernictwa.pl\/de\/wp-json\/wp\/v2\/pages\/73\/revisions\/3393"}],"up":[{"embeddable":true,"href":"https:\/\/muzeumpapiernictwa.pl\/de\/wp-json\/wp\/v2\/pages\/71"}],"wp:attachment":[{"href":"https:\/\/muzeumpapiernictwa.pl\/de\/wp-json\/wp\/v2\/media?parent=73"}],"curies":[{"name":"wp","href":"https:\/\/api.w.org\/{rel}","templated":true}]}}