{"id":71,"date":"2014-11-13T17:05:11","date_gmt":"2014-11-13T16:05:11","guid":{"rendered":"http:\/\/muzeumpapiernictwa.pl\/?page_id=71"},"modified":"2017-10-27T12:20:53","modified_gmt":"2017-10-27T10:20:53","slug":"nasz-projekt","status":"publish","type":"page","link":"https:\/\/muzeumpapiernictwa.pl\/de\/projekt\/","title":{"rendered":"Projekt"},"content":{"rendered":"<p><\/p>\n<p>In der Duszniki-Zdr\u00f3j Papierm\u00fchle werden sukzessiv Renovierung-, Sicherungs- und Ausbauarbeiten  durchgef\u00fchrt. Wir streben eine Erweiterung des Kultur- und Schulungsabgebotes an. Diese Ma\u00dfnahmen erfordern hohen finanziellen Aufwand. <\/p>\n<p>Unser Mitarbeiterteam arbeitete ein Projekt unter den Namen &#8222;Renovierung und Ausbau der Trockenanlage zur Kulturzwecken und die Antibrandsicherung des Papiermuseumskomplexes in Duszniki Zdr\u00f3j&#8220; samt Konservierung und Digitalisierung der Sammlung aus.  <\/p>\n<p>Im Jahr 2014 erhielt dieses Projekt eine Unterst\u00fctzung im Rahmen des Finanzmechanismus des Europ\u00e4ischen Wirtschaftsraumes und des Norwegischen Finanzmechanismus f\u00fcr die Jahre 2009-2014 Programm Konservierung und Revitalisierung des Kulturerbes. Es fand sich unter den 21 zur Finanzierung ausgew\u00e4hlten Antr\u00e4gen von insgesamt 277.  <\/p>\n<p><a title=\"Fundusze\" href=\"http:\/\/muzeumpapiernictwa.pl\/de\/projekt\/fonds\/\">Fonds<\/a><\/p>\n<p>Die H\u00f6he der Zuwendungen betr\u00e4gt 6.682.490 z\u0142, doch die Gesamtsumme des Unternehmens bel\u00e4uft sich auf 9.562.660 z\u0142. Das Eigenkapital sicherte die Selbstverwaltung der Wojwodschaft Niederschlesien, die auch der Organisator des Papiermuseums ist.<\/p>\n<p>Die Projektrealisierung wird bis Ende des ersten Quartals 2016 dauern. In dieser Zeit wird die Renovierung und der Umbau des Trockenanlagegeb\u00e4udes beendet. Eine neue und moderne Antibrandsicherung wird im gesamten Papierm\u00fchlenobjekt istalliert. Eine Konservierung und Digitalisierung eines Teils der Museumssammlung erfolgt.<\/p>\n<p>W\u00e4hrend der gesamten Realisierungszeit des Projektes informieren wir \u00fcber die Richtlinien, den Verlauf und die Resultate. Wir unternehmen zahlreiche Aktionen um f\u00fcr unseren Fonds, unser Projekt und sein erwarteten und erzielten Effekte zu werben.<\/p>\n<p><a title=\"Aktualno\u015bci\" href=\"http:\/\/muzeumpapiernictwa.pl\/de\/aktuelles\/1?news-search%5Bphrase%5D=&#038;news-search%5Bsort%5D=created_desc&#038;news-search%5Bdate-range%5D=&#038;news-search%5Bcategory%5D=15\">Aktuelles &#8211; projekt<\/a><\/p>\n<\/p>\n<p><\/p>","protected":false},"excerpt":{"rendered":"<p>In der Duszniki-Zdr\u00f3j Papierm\u00fchle werden sukzessiv Renovierung-, Sicherungs- und Ausbauarbeiten durchgef\u00fchrt. Wir streben eine Erweiterung des Kultur- und Schulungsabgebotes an. Diese Ma\u00dfnahmen erfordern hohen finanziellen Aufwand. Unser Mitarbeiterteam arbeitete ein Projekt unter den Namen &#8222;Renovierung und Ausbau der Trockenanlage zur Kulturzwecken und die Antibrandsicherung des Papiermuseumskomplexes in Duszniki Zdr\u00f3j&#8220; samt Konservierung und Digitalisierung der Sammlung [&hellip;]<\/p>\n","protected":false},"author":1,"featured_media":0,"parent":0,"menu_order":852,"comment_status":"open","ping_status":"open","template":"","meta":{"_acf_changed":false,"ngg_post_thumbnail":0,"footnotes":""},"class_list":["post-71","page","type-page","status-publish","hentry"],"acf":[],"_links":{"self":[{"href":"https:\/\/muzeumpapiernictwa.pl\/de\/wp-json\/wp\/v2\/pages\/71","targetHints":{"allow":["GET"]}}],"collection":[{"href":"https:\/\/muzeumpapiernictwa.pl\/de\/wp-json\/wp\/v2\/pages"}],"about":[{"href":"https:\/\/muzeumpapiernictwa.pl\/de\/wp-json\/wp\/v2\/types\/page"}],"author":[{"embeddable":true,"href":"https:\/\/muzeumpapiernictwa.pl\/de\/wp-json\/wp\/v2\/users\/1"}],"replies":[{"embeddable":true,"href":"https:\/\/muzeumpapiernictwa.pl\/de\/wp-json\/wp\/v2\/comments?post=71"}],"version-history":[{"count":35,"href":"https:\/\/muzeumpapiernictwa.pl\/de\/wp-json\/wp\/v2\/pages\/71\/revisions"}],"predecessor-version":[{"id":3439,"href":"https:\/\/muzeumpapiernictwa.pl\/de\/wp-json\/wp\/v2\/pages\/71\/revisions\/3439"}],"wp:attachment":[{"href":"https:\/\/muzeumpapiernictwa.pl\/de\/wp-json\/wp\/v2\/media?parent=71"}],"curies":[{"name":"wp","href":"https:\/\/api.w.org\/{rel}","templated":true}]}}