{"id":56,"date":"2014-11-13T16:01:08","date_gmt":"2014-11-13T15:01:08","guid":{"rendered":"http:\/\/muzeumpapiernictwa.pl\/?page_id=56"},"modified":"2020-04-30T12:17:01","modified_gmt":"2020-04-30T10:17:01","slug":"strona-glowna","status":"publish","type":"page","link":"https:\/\/muzeumpapiernictwa.pl\/de\/polski-strona-glowna\/","title":{"rendered":"(Polski) Strona g\u0142\u00f3wna"},"content":{"rendered":"<p><\/p>\n<ul class=\"sections\">\n<li><a href=\"http:\/\/muzeumpapiernictwa.pl\/de\/muhle\/geschichte-der-muhle\/\"><img decoding=\"async\" src=\"http:\/\/muzeumpapiernictwa.pl\/wp-content\/uploads\/2014\/12\/foto1.jpg\" alt=\"\" \/><\/a>\n<div>\n<div>\n<p>Die Geschichte der Papierm\u00fchle in Duszniki-Zdr\u00f3j reicht bis in die Mitte des 16.Jahrhunderts. Sie ist eine der pr\u00e4chtigsten Denkm\u00e4ler der industriellen Holzbauweise in Polen.<\/p>\n<p>\u00a0<\/p>\n<p><a href=\"http:\/\/muzeumpapiernictwa.pl\/de\/muhle\/geschichte-der-muhle\/\">Geschichte der M\u00fchle<\/a><\/p>\n<\/div>\n<\/div>\n<\/li>\n<li><a href=\"http:\/\/muzeumpapiernictwa.pl\/de\/muzeum\/\"><img decoding=\"async\" src=\"http:\/\/muzeumpapiernictwa.pl\/wp-content\/uploads\/2014\/12\/fotomuzeum.jpg\" alt=\"\" \/><\/a>\n<div>\n<div>\n<p>Hier befindet sich das Papiermuseum, welches wir f\u00fcr die zuk\u00fcnftigen Generationen erhalten wollen und uns um die beste Nutzung seines Potentials bem\u00fchen.<\/p>\n<p>\u00a0<\/p>\n<p><a href=\"http:\/\/muzeumpapiernictwa.pl\/de\/muzeum\/\">Papiermuseum<\/a><\/p>\n<\/div>\n<\/div>\n<\/li>\n<li><a href=\"http:\/\/muzeumpapiernictwa.pl\/de\/projekt\/\"><img decoding=\"async\" src=\"http:\/\/muzeumpapiernictwa.pl\/wp-content\/uploads\/2014\/12\/foto-grants.jpg\" alt=\"\" \/><\/a>\n<div>\n<div>\n<p>Diesen Zielen dient das von uns seit Februar 2014 realisierte Investitionsprogramm mit einem Budget von fast 10 Millionen z\u0142, welches vom Norwegischen Fonds, dem Europ\u00e4ischen Wirtschaftsfonds (EOG) und staatlichen Mitteln finanziert wird.<\/p>\n<p>\u00a0<\/p>\n<p><a href=\"http:\/\/muzeumpapiernictwa.pl\/de\/projekt\/\">Projekt<\/a><\/p>\n<\/div>\n<\/div>\n<\/li>\n<li><a href=\"http:\/\/muzeumpapiernictwa.pl\/de\/projekt\/renovierung-und-umbau\/\"><img decoding=\"async\" src=\"http:\/\/muzeumpapiernictwa.pl\/wp-content\/uploads\/2014\/12\/foto-renowacja.jpg\" alt=\"\" \/><\/a>\n<div>\n<div>\n<p>Dank dieser Zusch\u00fcsse beenden wir die Renovierung und den Umbau der alten Papiertrockenanlage. In diesem entstehen zwei neue Daueraustellungen und moderne R\u00e4ume f\u00fcr die immer mehr popul\u00e4ren Musealunterrichte und Workshops.<\/p>\n<p>\u00a0<\/p>\n<p><a href=\"http:\/\/muzeumpapiernictwa.pl\/de\/projekt\/renovierung-und-umbau\/\">Renovierung und Umbau<\/a><\/p>\n<\/div>\n<\/div>\n<\/li>\n<li><a href=\"http:\/\/muzeumpapiernictwa.pl\/de\/projekt\/antibrandsicherung\/\"><img decoding=\"async\" src=\"http:\/\/muzeumpapiernictwa.pl\/wp-content\/uploads\/2014\/12\/foto2.jpg\" alt=\"\" \/><\/a>\n<div>\n<div>\n<p>Der gesamte M\u00fchlenkomplex bekommt zus\u00e4tzlich einen avancierten Anitbrandschutz, der nicht nur dieses pr\u00e4chtige Objekt, sondern auch seine kostbaren Sammlungen sch\u00fctzt.<\/p>\n<p>\u00a0<\/p>\n<p><a href=\"http:\/\/muzeumpapiernictwa.pl\/de\/projekt\/antibrandsicherung\/\">Antibrandsicherung<\/a><\/p>\n<\/div>\n<\/div>\n<\/li>\n<li><a href=\"http:\/\/muzeumpapiernictwa.pl\/de\/projekt\/sicherung-und-digitalisierun-der-sammlungen\/\"><img decoding=\"async\" src=\"http:\/\/muzeumpapiernictwa.pl\/wp-content\/uploads\/2014\/12\/foto3.jpg\" alt=\"\" \/><\/a>\n<div>\n<div>\n<p>Ein Teil dieser Sammlungen wird im Rahmen dieses Projektes konserviert und digitalisiert. Einerseits wird somit eine langfristige Aufbewahrung erm\u00f6glicht, andererseits in digitalen Bilder verewigt.<\/p>\n<p>\u00a0<\/p>\n<p><a href=\"http:\/\/muzeumpapiernictwa.pl\/de\/projekt\/sicherung-und-digitalisierun-der-sammlungen\/\">Sicherung und Digitalisierun <\/a><\/p>\n<\/div>\n<\/div>\n<\/li>\n<li><a href=\"hhttp:\/\/muzeumpapiernictwa.pl\/de\/projekt\/projektvermarktung\/\"><img decoding=\"async\" src=\"http:\/\/muzeumpapiernictwa.pl\/wp-content\/uploads\/2014\/12\/foto-promocja.jpg\" alt=\"\" \/><\/a>\n<div>\n<div>\n<p>Die Umsetzung des Projektes dient zugleich der Verbreitung des Wissens \u00fcber die Papierm\u00fchle und das Papiermuseum, und letztendlich \u00fcber das Papier und seine epochale Rolle in der Zivilisations- und Kulturentwicklung.<\/p>\n<p>\u00a0<\/p>\n<p><a href=\"http:\/\/muzeumpapiernictwa.pl\/de\/projekt\/projektvermarktung\/\">Projektvermarktung<\/a><\/p>\n<\/div>\n<\/div>\n<\/li>\n<li><a href=\"#\"><img decoding=\"async\" src=\"http:\/\/muzeumpapiernictwa.pl\/wp-content\/uploads\/2014\/12\/foto-news.jpg\" alt=\"\" \/><\/a>\n<div>\n<div>\n<p>Die Fertigstellung der Projektaufgaben erfolgt im Jahre 2016. Sie haben die M\u00f6glichkeit sich laufend mit den Fortschritten bei der Realisierung bekannt zu machen.<\/p>\n<p>\u00a0<\/p>\n<p><a href=\"http:\/\/muzeumpapiernictwa.pl\/de\/aktuelles\/1?news-search%5Bphrase%5D=&#038;news-search%5Bsort%5D=created_desc&#038;news-search%5Bdate-range%5D=&#038;news-search%5Bcategory%5D=15\">Aktuelles &#8211; projekt<\/a><\/p>\n<\/div>\n<\/div>\n<\/li>\n<\/ul>\n<p><\/p>","protected":false},"excerpt":{"rendered":"<p>Die Geschichte der Papierm\u00fchle in Duszniki-Zdr\u00f3j reicht bis in die Mitte des 16.Jahrhunderts. Sie ist eine der pr\u00e4chtigsten Denkm\u00e4ler der industriellen Holzbauweise in Polen. \u00a0 Geschichte der M\u00fchle Hier befindet sich das Papiermuseum, welches wir f\u00fcr die zuk\u00fcnftigen Generationen erhalten wollen und uns um die beste Nutzung seines Potentials bem\u00fchen. \u00a0 Papiermuseum Diesen Zielen dient [&hellip;]<\/p>\n","protected":false},"author":1,"featured_media":0,"parent":0,"menu_order":919,"comment_status":"open","ping_status":"open","template":"","meta":{"_acf_changed":false,"ngg_post_thumbnail":0,"footnotes":""},"class_list":["post-56","page","type-page","status-publish","hentry"],"acf":[],"_links":{"self":[{"href":"https:\/\/muzeumpapiernictwa.pl\/de\/wp-json\/wp\/v2\/pages\/56","targetHints":{"allow":["GET"]}}],"collection":[{"href":"https:\/\/muzeumpapiernictwa.pl\/de\/wp-json\/wp\/v2\/pages"}],"about":[{"href":"https:\/\/muzeumpapiernictwa.pl\/de\/wp-json\/wp\/v2\/types\/page"}],"author":[{"embeddable":true,"href":"https:\/\/muzeumpapiernictwa.pl\/de\/wp-json\/wp\/v2\/users\/1"}],"replies":[{"embeddable":true,"href":"https:\/\/muzeumpapiernictwa.pl\/de\/wp-json\/wp\/v2\/comments?post=56"}],"version-history":[{"count":62,"href":"https:\/\/muzeumpapiernictwa.pl\/de\/wp-json\/wp\/v2\/pages\/56\/revisions"}],"predecessor-version":[{"id":269,"href":"https:\/\/muzeumpapiernictwa.pl\/de\/wp-json\/wp\/v2\/pages\/56\/revisions\/269"}],"wp:attachment":[{"href":"https:\/\/muzeumpapiernictwa.pl\/de\/wp-json\/wp\/v2\/media?parent=56"}],"curies":[{"name":"wp","href":"https:\/\/api.w.org\/{rel}","templated":true}]}}