{"id":4051,"date":"2015-04-24T14:57:10","date_gmt":"2015-04-24T12:57:10","guid":{"rendered":"http:\/\/muzeumpapiernictwa.pl\/?page_id=4051"},"modified":"2015-04-27T08:24:04","modified_gmt":"2015-04-27T06:24:04","slug":"pomnik-historii-2","status":"publish","type":"page","link":"https:\/\/muzeumpapiernictwa.pl\/de\/muhle\/denkmal-der-geschichte\/","title":{"rendered":"Denkmal der Geschichte"},"content":{"rendered":"<p><\/p>\n<p>Diese ehrenvolle Ernennung steht den kostbarsten Denkm\u00e4lern der Nationalkultur zu und wird nach einer langwierigen und sorgf\u00e4ltigen Prozedur, deren Ziel die Bezeichnung der eigentlichen Bedeutung des Objektes ist. Die Eintragung in die Liste Historischer Denkm\u00e4ler ist eine der vier Formen des Denkmalschutzes in Polen<\/p>\n<p><a href=\"http:\/\/www.prezydent.pl\/aktualnosci\/pomniki-historii\/\" target=\"_blank\">Historisches Denkmal<\/a><\/p>\n<p>Die Papierm\u00fchle in Duszniki-Zdr\u00f3j wurde zum Historischen Denkmal auf Grund der Verordnung des polnischen Pr\u00e4sidenten im Jahre 2011. \u00dcber ihren Wert entschied ihre Einmaligkeit auf Globalebene. Die Experten des Instituts f\u00fcr Nationalerbe sch\u00e4tzten mit Anerkennung den Erhaltungsgrad des Papierwerks. Ihre Aufmerksamkeit weckte die aktive T\u00e4tigkeit der Institution, die w\u00e4hrend der Organisation zahlreicher Kulturveranstaltungen und Workshops. Es werden auch Veranstaltungen orgsniesiert, bei denen die ehemalige Papiersch\u00f6pftechnik vorgef\u00fchrt und bekannz gemacht wird.<\/p>\n<p><a href=\"http:\/\/muzeumpapiernictwa.pl\/wp-content\/uploads\/2014\/11\/Rozporz.-Prezydenta-RP.pdf\" target=\"_blank\">Rozporz\u0105dzenie Prezydenta RP<\/a><\/p>\n<p>Um das Papiermuseum und somit ein Historisches Denkmal f\u00fcr die folgenden Generationen aufrecht zu erhalten, strebt man das Ziel an, das Museum von Duszniki-Zdr\u00f3j auf die Liste des Weltkulturerbe der UNESCO zu setzen. Das ist eine schwierige und langfristigen Prozedur, dennoch glauben wir, dass sie zum Erfolg f\u00fchrt.    <\/p>\n<\/p>\n<p><\/p>","protected":false},"excerpt":{"rendered":"<p>Diese ehrenvolle Ernennung steht den kostbarsten Denkm\u00e4lern der Nationalkultur zu und wird nach einer langwierigen und sorgf\u00e4ltigen Prozedur, deren Ziel die Bezeichnung der eigentlichen Bedeutung des Objektes ist. Die Eintragung in die Liste Historischer Denkm\u00e4ler ist eine der vier Formen des Denkmalschutzes in Polen Historisches Denkmal Die Papierm\u00fchle in Duszniki-Zdr\u00f3j wurde zum Historischen Denkmal auf [&hellip;]<\/p>\n","protected":false},"author":1,"featured_media":0,"parent":116,"menu_order":818,"comment_status":"open","ping_status":"open","template":"","meta":{"_acf_changed":false,"ngg_post_thumbnail":0,"footnotes":""},"class_list":["post-4051","page","type-page","status-publish","hentry"],"acf":[],"_links":{"self":[{"href":"https:\/\/muzeumpapiernictwa.pl\/de\/wp-json\/wp\/v2\/pages\/4051","targetHints":{"allow":["GET"]}}],"collection":[{"href":"https:\/\/muzeumpapiernictwa.pl\/de\/wp-json\/wp\/v2\/pages"}],"about":[{"href":"https:\/\/muzeumpapiernictwa.pl\/de\/wp-json\/wp\/v2\/types\/page"}],"author":[{"embeddable":true,"href":"https:\/\/muzeumpapiernictwa.pl\/de\/wp-json\/wp\/v2\/users\/1"}],"replies":[{"embeddable":true,"href":"https:\/\/muzeumpapiernictwa.pl\/de\/wp-json\/wp\/v2\/comments?post=4051"}],"version-history":[{"count":4,"href":"https:\/\/muzeumpapiernictwa.pl\/de\/wp-json\/wp\/v2\/pages\/4051\/revisions"}],"predecessor-version":[{"id":4067,"href":"https:\/\/muzeumpapiernictwa.pl\/de\/wp-json\/wp\/v2\/pages\/4051\/revisions\/4067"}],"up":[{"embeddable":true,"href":"https:\/\/muzeumpapiernictwa.pl\/de\/wp-json\/wp\/v2\/pages\/116"}],"wp:attachment":[{"href":"https:\/\/muzeumpapiernictwa.pl\/de\/wp-json\/wp\/v2\/media?parent=4051"}],"curies":[{"name":"wp","href":"https:\/\/api.w.org\/{rel}","templated":true}]}}