{"id":303,"date":"2014-11-21T12:17:18","date_gmt":"2014-11-21T11:17:18","guid":{"rendered":"http:\/\/muzeumpapiernictwa.pl\/?page_id=303"},"modified":"2017-08-29T10:07:53","modified_gmt":"2017-08-29T08:07:53","slug":"wystawy-czasowe","status":"publish","type":"page","link":"https:\/\/muzeumpapiernictwa.pl\/de\/muzeum\/ausstellungen\/zeitausstellungen\/","title":{"rendered":"Zeitausstellungen"},"content":{"rendered":"<p>Ein sehr wichitges Element kultureller T\u00e4tigkeit des Museum sind die Zeitausstellungen. Gew\u00f6hnlich sind sie mit dem Papier verbunden, in vollstem Umfang unfassen sie Papierkunstaustellungen; ein Teil der Ausstellung ist den auf Papier entstehenden Kunstarbeiten (Grafik, Malerei) gewidmet, ein anderer Teil den historischen Papiertechniken, Drucktechniken. Diese pr\u00e4sentieren die Gruppen der Papierprodukte (Banknoten, Notgeldscheine, Reisep\u00e4sse)<\/p>\n<p>Die in Musealgalerien pr\u00e4sentierten historischen Expositionen betreffen haupts\u00e4chlich Duszniki Zdr\u00f3j, das K\u0142odzko-Land und Niederschlesien. Einige Pr\u00e4sentationen sind mit dem Funktionieren des Museums in der lokalen Umgebung verbunden; betreffen Werke regionaler K\u00fcnstler, hierbei die der j\u00fcngsten.<\/p>\n<p>J\u00e4hrlich organisieren wir 10 bis 12 Ausstellungen, hinzu kommen Freilichtevents und zahlreiche Feste zu verschiedenen Anl\u00e4ssen. Die durchschittliche Dauer einer Ausstellung betr\u00e4gt ca. einen Monat. Oft werden diese von Katologherausgaben begleitet. Die Ausstellungen werden sehr stark unterst\u00fctzt, haupts\u00e4chlich \u00fcber Internet, Gesellschafts-und Lokalmedien.<\/p>\n<p>Die Ausstellungen finden in der Galerie statt, welche ihren Platz in den ehemaligen Sommerunterk\u00fcnften des Papierproduktionshauptgeb\u00e4udes hat. Um die Angebotspalette des Museums in diesem Bereich zu erweitern, wurde im Jahr 2008 die anliegenden R\u00e4ume des ehemaligen Papiertrockenbodens erschlossen. Hier entstand eine f\u00fcr die Ausstellung professionell pr\u00e4parierte Fl\u00e4che. Doch im Jahre 2012, kurz nach Beginn der Umbauarbeiten, war man gezwungen die dort funktionierenden B\u00fcros f\u00fcr die Dauer der Bauearbeiten auszulagern. Aus Raummangel mu\u00dften diese ausgrechnet im Ausstellungsraum platziert werden. Erst die Beendigung des Umbauprojekts und der Anpassung der Trockenbodens wird dort die zweckgem\u00e4\u00dfe Verwendung wiederherstellen.<\/p>","protected":false},"excerpt":{"rendered":"<p>Ein sehr wichitges Element kultureller T\u00e4tigkeit des Museum sind die Zeitausstellungen. Gew\u00f6hnlich sind sie mit dem Papier verbunden, in vollstem Umfang unfassen sie Papierkunstaustellungen; ein Teil der Ausstellung ist den auf Papier entstehenden Kunstarbeiten (Grafik, Malerei) gewidmet, ein anderer Teil den historischen Papiertechniken, Drucktechniken. Diese pr\u00e4sentieren die Gruppen der Papierprodukte (Banknoten, Notgeldscheine, Reisep\u00e4sse) Die in [&hellip;]<\/p>\n","protected":false},"author":1,"featured_media":0,"parent":89,"menu_order":1023,"comment_status":"open","ping_status":"open","template":"","meta":{"_acf_changed":false,"ngg_post_thumbnail":0,"footnotes":""},"class_list":["post-303","page","type-page","status-publish","hentry"],"acf":[],"_links":{"self":[{"href":"https:\/\/muzeumpapiernictwa.pl\/de\/wp-json\/wp\/v2\/pages\/303","targetHints":{"allow":["GET"]}}],"collection":[{"href":"https:\/\/muzeumpapiernictwa.pl\/de\/wp-json\/wp\/v2\/pages"}],"about":[{"href":"https:\/\/muzeumpapiernictwa.pl\/de\/wp-json\/wp\/v2\/types\/page"}],"author":[{"embeddable":true,"href":"https:\/\/muzeumpapiernictwa.pl\/de\/wp-json\/wp\/v2\/users\/1"}],"replies":[{"embeddable":true,"href":"https:\/\/muzeumpapiernictwa.pl\/de\/wp-json\/wp\/v2\/comments?post=303"}],"version-history":[{"count":11,"href":"https:\/\/muzeumpapiernictwa.pl\/de\/wp-json\/wp\/v2\/pages\/303\/revisions"}],"predecessor-version":[{"id":9937,"href":"https:\/\/muzeumpapiernictwa.pl\/de\/wp-json\/wp\/v2\/pages\/303\/revisions\/9937"}],"up":[{"embeddable":true,"href":"https:\/\/muzeumpapiernictwa.pl\/de\/wp-json\/wp\/v2\/pages\/89"}],"wp:attachment":[{"href":"https:\/\/muzeumpapiernictwa.pl\/de\/wp-json\/wp\/v2\/media?parent=303"}],"curies":[{"name":"wp","href":"https:\/\/api.w.org\/{rel}","templated":true}]}}