{"id":295,"date":"2014-11-21T11:45:47","date_gmt":"2014-11-21T10:45:47","guid":{"rendered":"http:\/\/muzeumpapiernictwa.pl\/?page_id=295"},"modified":"2024-06-21T10:44:20","modified_gmt":"2024-06-21T08:44:20","slug":"swieto-papieru","status":"publish","type":"page","link":"https:\/\/muzeumpapiernictwa.pl\/de\/muhle\/papierfest\/","title":{"rendered":"Papierfest"},"content":{"rendered":"<p>Der eigentliche H\u00f6hepunkt der Hauptt\u00e4tigkeit des Papiermuseums ist das Papierfest. Das ist die gr\u00f6\u00dfte, zweit\u00e4gige Feier, welche allj\u00e4hrlich seit dem Jahr 2001 am letzten Juliwochenende, dem Entstehungstag des Museums, organisiert wird.\u00a0<\/p>\n<p>Das Fest hat die Verbreitung des Wissens \u00fcber das Papier, seine Geschichte, Bedeutung f\u00fcr die Entwicklung der Zivilisation und die dessen Rolle in der heutigen Welt zum Ziel. Diese Feier wirbt f\u00fcr die Papierm\u00fchle, die Hersteller regionaler Erzeugnisse und bringt uns die Aktivtouristik nahe.<\/p>\n<p>Das Papierfest dient der aktiven Teilnahme des Besuchers an Workshops und die Mitnahmem\u00f6glichkeit der Resultate seiner Arbeit. Die Anordnung der Werkpl\u00e4tze ist so platziert, dass sich die Besucher zuerst mit den Materialien und Papierrohstoffen vertraut machen und anschliessend den Weg der Papiererzeugung durchlaufen (eigenh\u00e4ndiges Papiersch\u00f6pfen), Untersuchung seiner Eigenschaften und Merkmale (historische Metrologieapparatur) durchf\u00fchren, die Drucktechniken kennenlernen (Tief- und Pr\u00e4gedruck) und letztendlich die Verzierungsarten der Papierb\u00f6gen ( Marmorierung, Shibori, Batik). Hinzu kommen zahlreiche Wettbewerbe mit wertvollen Preisen, Geschicklichkeitskonkurse (Wurf mit einer Toilettenrolle ins Ziel) und auch solche, die ein Grundwissen \u00fcber das Papier und das Papiermuseum erfordern. Als Erg\u00e4nzung gelten St\u00e4nde der Papierkunstartisten und Verkaufsst\u00e4nde mir Handarbeiten und Produkten, die keineswegs mit papier verbunden sind. Allj\u00e4hrlich werden w\u00e4hrend des Festes Papierkunstaussellungen er\u00f6ffnet.<\/p>","protected":false},"excerpt":{"rendered":"<p>Der eigentliche H\u00f6hepunkt der Hauptt\u00e4tigkeit des Papiermuseums ist das Papierfest. Das ist die gr\u00f6\u00dfte, zweit\u00e4gige Feier, welche allj\u00e4hrlich seit dem Jahr 2001 am letzten Juliwochenende, dem Entstehungstag des Museums, organisiert wird.\u00a0 Das Fest hat die Verbreitung des Wissens \u00fcber das Papier, seine Geschichte, Bedeutung f\u00fcr die Entwicklung der Zivilisation und die dessen Rolle in der [&hellip;]<\/p>\n","protected":false},"author":1,"featured_media":0,"parent":116,"menu_order":190,"comment_status":"open","ping_status":"open","template":"","meta":{"_acf_changed":false,"ngg_post_thumbnail":0,"footnotes":""},"class_list":["post-295","page","type-page","status-publish","hentry"],"acf":[],"_links":{"self":[{"href":"https:\/\/muzeumpapiernictwa.pl\/de\/wp-json\/wp\/v2\/pages\/295","targetHints":{"allow":["GET"]}}],"collection":[{"href":"https:\/\/muzeumpapiernictwa.pl\/de\/wp-json\/wp\/v2\/pages"}],"about":[{"href":"https:\/\/muzeumpapiernictwa.pl\/de\/wp-json\/wp\/v2\/types\/page"}],"author":[{"embeddable":true,"href":"https:\/\/muzeumpapiernictwa.pl\/de\/wp-json\/wp\/v2\/users\/1"}],"replies":[{"embeddable":true,"href":"https:\/\/muzeumpapiernictwa.pl\/de\/wp-json\/wp\/v2\/comments?post=295"}],"version-history":[{"count":23,"href":"https:\/\/muzeumpapiernictwa.pl\/de\/wp-json\/wp\/v2\/pages\/295\/revisions"}],"predecessor-version":[{"id":22880,"href":"https:\/\/muzeumpapiernictwa.pl\/de\/wp-json\/wp\/v2\/pages\/295\/revisions\/22880"}],"up":[{"embeddable":true,"href":"https:\/\/muzeumpapiernictwa.pl\/de\/wp-json\/wp\/v2\/pages\/116"}],"wp:attachment":[{"href":"https:\/\/muzeumpapiernictwa.pl\/de\/wp-json\/wp\/v2\/media?parent=295"}],"curies":[{"name":"wp","href":"https:\/\/api.w.org\/{rel}","templated":true}]}}