{"id":2925,"date":"2014-12-09T13:28:11","date_gmt":"2014-12-09T12:28:11","guid":{"rendered":"http:\/\/muzeumpapiernictwa.pl\/?page_id=2925"},"modified":"2020-12-23T11:40:05","modified_gmt":"2020-12-23T10:40:05","slug":"lista-wydawnictw","status":"publish","type":"page","link":"https:\/\/muzeumpapiernictwa.pl\/de\/muzeum\/publikationen\/liste-der-veroffentlichungen\/","title":{"rendered":"Liste der Ver\u00f6ffentlichungen"},"content":{"rendered":"<p><\/p>\n<h3><strong>Guides and pamphlets<\/strong><\/h3>\n<ul style=\"list-style-type: disc;\">\n<li><em>Przewodnik Muzeum Papiernictwa w Dusznikach Zdroju<\/em>, Duszniki-Zdr\u00f3j 2000<\/li>\n<li><em>Papiermuseum in Duszniki-Zdr\u00f3j \/ Bad Reinerz<\/em>.\u00a0<em>Museumsf<\/em><em>\u00fchrer<\/em>, Duszniki-Zdr\u00f3j 2000<\/li>\n<li><em>Museum of Papermaking in Duszniki-Zdr\u00f3j. Guide-Book<\/em>, Duszniki-Zdr\u00f3j 2004<\/li>\n<li><em>Przewodnik Muzeum Papiernictwa w\u00a0Dusznikach Zdroju<\/em>, Wyd. II uzupe\u0142nione, Duszniki-Zdr\u00f3j 2010<\/li>\n<li><em>Przewodnik Muzeum Papiernictwa w\u00a0Dusznikach-Zdroju<\/em>, Wyd. III uzupe\u0142nione, Duszniki-Zdr\u00f3j 2016<\/li>\n<li><em>Stara suszarnia papieru. Przewodnik po nowej przestrzeni<\/em>, Duszniki-Zdr\u00f3j 2017<\/li>\n<li><em>Old Paper Drying House. Guide through the news space<\/em>, Duszniki-Zdr\u00f3j 2017<\/li>\n<li><em>Alte Papiertrockenanlage. F\u00fchrer durch den neuen Raum<\/em>, Duszniki-Zdr\u00f3j 2017<\/li>\n<\/ul>\n<h3><strong>Permanent Exhibition catalogs<\/strong><\/h3>\n<ul style=\"list-style-type: disc;\">\n<li><em style=\"font-size: 16px;\">Polski pieni\u0105dz papierowy<\/em><span style=\"font-size: 16px;\">\u00a0<\/span><em style=\"font-size: 16px;\">Katalog Wystawy Sta\u0142ej\u00a0<\/em><span style=\"font-size: 16px;\">\/\u00a0<\/span><em style=\"font-size: 16px;\">Polish Paper Money<\/em><span style=\"font-size: 16px;\">.\u00a0<\/span><em style=\"font-size: 16px;\">Catalogue of Permanent Exhibition<\/em><span style=\"font-size: 16px;\">, Duszniki-Zdr\u00f3j 2017<\/span><\/li>\n<li><em>Arty\u015bci sztuki papieru. Katalog Wirtualnej Wystawy Sta\u0142ej Sztuki Papieru w\u00a0Muzeum Papiernictwa w\u00a0Dusznikach-Zdroju 2017 \/ Paper Art Artists.\u00a0<\/em><em>Catalogue of the Virtual Permanent Exhibition of Paper Art at the Museum of Papermaking in Duszniki-Zdr\u00f3j 2017<\/em>, Duszniki-Zdr\u00f3j 2017<\/li>\n<\/ul>\n<h3><strong>Temporary exhibition catalogs<\/strong><\/h3>\n<ul>\n<li><em>Maria Diduch. Papierowy szlak<\/em>, Duszniki-Zdr\u00f3j 2001<\/li>\n<li><em>Maria Komorowska. Czerpane \u015bwiat\u0142em<\/em>, Duszniki-Zdr\u00f3j 2001<\/li>\n<li><em>Marmurki zakl\u0119te w\u00a0papierze. Wzorzyste papiery Stefana Szczerbi\u0144skiego<\/em>, Duszniki-Zdr\u00f3j 2002<\/li>\n<li><em>Makulatura \u2013 surowiec XXI wieku<\/em>, Duszniki-Zdr\u00f3j 2002<\/li>\n<li><em>Przemys\u0142aw Tyszkiewicz. Grafika<\/em>, Duszniki-Zdr\u00f3j 2003<\/li>\n<li><em>Gra\u017cyna Brylewska. Trzy (papierowe) \u015bwiaty<\/em>, Duszniki-Zdr\u00f3j 2003<\/li>\n<li><em>Duszniki<\/em>, Duszniki-Zdr\u00f3j 2004<\/li>\n<li><em>Janina Lamberty. Otoczeni natur\u0105<\/em>, Duszniki-Zdr\u00f3j 2005<\/li>\n<li><em>Losy ludzkie. Losy obecnych mieszka\u0144c\u00f3w Dusznik-Zdroju po II wojnie \u015bwiatowej<\/em>, Duszniki-Zdr\u00f3j 2006<\/li>\n<li><em>Ewa Rosiek-Buszko. Papier Gami<\/em>, Duszniki-Zdr\u00f3j 2007<\/li>\n<li><em>Wydawnictwa drugiego obiegu PRL. Papier narz\u0119dziem w\u00a0walce o\u00a0wolno\u015b\u0107,\u00a0<\/em>Duszniki-Zdr\u00f3j 2007<\/li>\n<li><em>Teresa K\u0119powicz, Krzysztof Kmie\u0107. Przyrodnicze fascynacje<\/em>\u00a0(wsp\u00f3lne wydanie 4 instytucji), Karpacz \u2013 Szklarska Por\u0119ba \u2013 Duszniki-Zdr\u00f3j \u2013 Krak\u00f3w 2008<\/li>\n<li><em>Drukarskie techniki zdobienia papier\u00f3w i\u00a0tkanin<\/em>, Duszniki-Zdr\u00f3j 2008<\/li>\n<li><em>Blowing in the wind\u2026<\/em>, Duszniki-Zdr\u00f3j 2008<\/li>\n<li><em>Ma\u0142gorzata Buczek. Inkunabu\u0142y i\u00a0Batikowe manua\u0142y,\u00a0<\/em>Duszniki-Zdr\u00f3j 2010<\/li>\n<li><em>Paszporty kraj\u00f3w Unii Europejskiej,\u00a0<\/em>Duszniki-Zdr\u00f3j 2011<\/li>\n<li><em>Maria Diduch. Wewn\u0119trzny \u0142ad przestrzeni<\/em>, Duszniki-Zdr\u00f3j 2012<\/li>\n<li><em>Muzyka form. Stan Wys 2012<\/em>, Duszniki-Zdr\u00f3j 2012<\/li>\n<li><em>Yasu Suzuka. Mandala wiatru<\/em>, Duszniki-Zdr\u00f3j 2013<\/li>\n<li><em>Jerzy Olek. Tr\u00f3jwymiar linii,\u00a0<\/em>Duszniki-Zdr\u00f3j 2013<\/li>\n<li><em>Janina Stokowska. Poszukiwania \u2013 Rozmowy z\u00a0li\u015b\u0107mi<\/em>, Duszniki-Zdr\u00f3j 2014<\/li>\n<li><em>Laboratorium papieru,\u00a0<\/em>Duszniki-Zdr\u00f3j 2014<\/li>\n<li><em>Iwan Mali\u0144ski. Pami\u0119\u0107 artysty a\u00a0pami\u0119\u0107 zbiorowa,\u00a0<\/em>Duszniki-Zdr\u00f3j 2014<\/li>\n<li><em>2xB. Malarstwo i\u00a0ilustracja Teresy Biernackiej i\u00a0Miros\u0142awy Bernat,\u00a0<\/em>Duszniki-Zdr\u00f3j 2014<\/li>\n<li><em>Grafika m\u0142odych 2006-2015<\/em>, Duszniki-Zdr\u00f3j 2015<\/li>\n<li><em>Ryszard Bilan. Chcia\u0142bym powiedzie\u0107<\/em>, Duszniki-Zdr\u00f3j 2015<\/li>\n<li><em>Jerzy Olek. Nowy q-bis-m, czyli pikselandia,\u00a0<\/em>Duszniki-Zdr\u00f3j 2015<\/li>\n<li><em>Krystyna Dyrda-Kortyka, Kikis Alamo. Paper<sup>K<\/sup><\/em>, Duszniki-Zdr\u00f3j 2016<\/li>\n<li><em>Jerzy Olek. Druga strona \/ The Other Side<\/em>, Duszniki-Zdr\u00f3j 2017<\/li>\n<li><em>Ekslibrisy Europy<\/em>, Duszniki-Zdr\u00f3j 2017<\/li>\n<li><em>E. Latkowska, M. Sobo\u0144, B. Mydlak. Polifonia. Sztuka papieru<\/em>, Duszniki-Zdr\u00f3j 2017<\/li>\n<li><em>W<\/em><em>\u0142<\/em><em>adys\u0142aw Kolbusz &#8211; artysta Dusznik-Zdroju<\/em>, Duszniki-Zdr\u00f3j 2017<\/li>\n<li><em>Tomasz Westrych. Signum Temporis<\/em>, Duszniki-Zdr\u00f3j 2018<\/li>\n<li><em>Sztuka papieru w\u00a0zbiorach Muzeum Papiernictwa w\u00a0Dusznikach-Zdroju,\u00a0<\/em>Duszniki-Zdr\u00f3j 2018<\/li>\n<li><em>Banknoty II Rzeczypospolitej w zbiorach Muzeum Papiernictwa w Dusznikach-Zdroju. Katalog towarzysz\u0105cy wystawie\u00a0&#8222;Waluta Niepodleg\u0142ej&#8220;<\/em>, Duszniki-Zdr\u00f3j 2018<\/li>\n<li><em>Istnienia. Rze\u017aby z papieru Miros\u0142awy Truchty-Nowickiej<\/em>, Duszniki-Zdr\u00f3j 2019<\/li>\n<\/ul>\n<h3><strong>Monographs<\/strong><\/h3>\n<ul>\n<li>S. Gajewski,\u00a0<em>Zanim powsta\u0142o Muzeum\u2026 o\u00a0Muzeum Papiernictwa w\u00a0Zabytkowej Papierni z\u00a01605 roku w\u00a0Dusznikach-Zdroju<\/em>, Duszniki-Zdr\u00f3j 1968<\/li>\n<li>M. Szymczyk,\u00a0<em>\u015a<\/em><em>l\u0105skie papiernictwo wokresie industrializacji kapitalistycznej,<\/em>\u00a0Duszniki-Zdr\u00f3j 2000<\/li>\n<li>M. Szymczyk,\u00a0<em>165 lat Fabryki Papieru w\u00a0D\u0105browicy<\/em>, Duszniki Zdr\u00f3j \u2013 D\u0105browica 2002<\/li>\n<li>M. Szymczyk,\u00a0<em>100-lecie Fabryki Papieru w\u00a0G\u0142ucho\u0142azach<\/em>, Duszniki-Zdr\u00f3j \u2013 G\u0142ucho\u0142azy 2003<\/li>\n<li>M. Szymczyk,\u00a0<em>150 lat H. F<\/em><em>\u00fcllner, Fampa, Beloit Poland, PM Poland, Duszniki-Zdr\u00f3j \u2013 Jelenia G\u00f3ra 2004<\/em><\/li>\n<li>M. Szymczyk,\u00a0<em>Dzieje Zak\u0142ad\u00f3w Celulozowo-Papierniczych w\u00a0Kaletach w\u00a0120 rocznic\u0119 uruchomienia produkcji<\/em>, Duszniki-Zdr\u00f3j \u2013 \u0141\u00f3d\u017a 2004<\/li>\n<li>M. Szymczyk,\u00a0<em>Historia Fabryki Papieru w Piechowicach<\/em>, Duszniki-Zdr\u00f3j 2005<\/li>\n<li><em>Historia Papiernictwa w\u00a0Przegl\u0105dzie Papierniczym w\u00a0latach 1950-2000<\/em>, \u0141\u00f3d\u017a \u2013 Duszniki-Zdr\u00f3j 2006<\/li>\n<li>M. Szymczyk,\u00a0<em>Fabryka Tektury w\u00a0Kolonowskiem-100 lat tradycji wytwarzania kartonu \u2013 15 lat dzia\u0142alno\u015bci firmy Packprofil<\/em>, Duszniki-Zdr\u00f3j 2007<\/li>\n<li>M. Szymczyk,\u00a0<em>Polski przemys\u0142 papierniczy 1945-1989<\/em>, Duszniki-Zdr\u00f3j 2007.<\/li>\n<li>M. Szymczyk,\u00a0<em>Kostrzyn. Celuloza. Papier. 50 lat tradycji zak\u0142ad\u00f3w papierniczych w\u00a0Kostrzynie nad Odr\u0105<\/em>, Kostrzyn nad Odr\u0105 \u2013 Duszniki-Zdr\u00f3j 2008<\/li>\n<li>M. Szymczyk,\u00a0<em>150 lat H. F<\/em><em>\u00fcllner, Fampa, Beloit Poland, PMPoland<\/em>, Wyd. II poprawione i\u00a0uzupe\u0142nione, Duszniki-Zdr\u00f3j 2009<\/li>\n<li><em>Antologia prac historyka papiernictwa W\u0142odzimierza Budki<\/em>, \u0141\u00f3d\u017a \u2013 Duszniki-Zdr\u00f3j 2009<\/li>\n<li><em>M\u0142yn Papierniczy w\u00a0Dusznikach-Zdroju<\/em>, Duszniki-Zdr\u00f3j 2011<\/li>\n<li><em>Na szlaku wsp\u00f3lnego dziedzictwa. M\u0142yny papiernicze w\u00a0Dusznikach-Zdroju i\u00a0Velk\u00fdch Losinach<\/em>, Duszniki-Zdr\u00f3j 2016<\/li>\n<li>B. Szmygin, A. Fortuna-Marek, A. Siwek,\u00a0<em>Ocena warto\u015bci i\u00a0plan zarz\u0105dzania M\u0142yna Papierniczego w\u00a0Dusznikach-Zdroju<\/em>, Lublin 2017<\/li>\n<li>R. Eysymontt, R. Sachs, M. Szymczyk,\u00a0<em>M\u0142yn papierniczy w\u00a0Dusznikach-Zdroju\u00a0<\/em>\u2013 P. Fou\u010dek<em>, M\u0142yn papierniczy w\u00a0Velkich Losinach<\/em>, Duszniki-Zdr\u00f3j 2018<\/li>\n<li>R. Eysymontt, R. Sachs, M. Szymczyk,\u00a0<em>Ru\u010dn\u00ed pap\u00edrna v Dusznik\u00e1ch-Zdroji<\/em>\u00a0\u2013 P.\u00a0Fou\u010dek,\u00a0<em>Ru\u010dn\u00ed pap\u00edrna ve Velk\u00fdch Losin\u00e1ch<\/em>, Duszniki-Zdr\u00f3j 2018<\/li>\n<li>R. Eysymontt, R. Sachs, M. Szymczyk,\u00a0<em>Paper Mill in Duszniki-Zdr\u00f3j<\/em>\u00a0\u2013 P. Fou\u010dek,\u00a0<em>Paper Mill in Velk\u00e9 Losiny<\/em>, Duszniki-Zdr\u00f3j 2018<\/li>\n<li>R. Eysymontt, R. Sachs, M. Szymczyk,\u00a0<em>Papierm\u00fchle in Duszniki-Zdr\u00f3j<\/em>\u00a0\u2013 P. Fou\u010dek,\u00a0<em>Papierm\u00fchle in Velk\u00e9 Losiny<\/em>, Duszniki-Zdr\u00f3j 2018<\/li>\n<li>B. Szmygin, A. Fortuna-Marek, A. Siwek,\u00a0<em>Paper Mill in Duszniki-Zdr\u00f3j \u2013 Value Assessment and Management Plan<\/em>, Lublin \u2013 Duszniki-Zdr\u00f3j 2018<\/li>\n<li>M. Szymczyk, R. Sachs,\u00a0R. Eysymontt, J. Ba\u0142chan, Monografia M\u0142yna Papierniczego w Dusznikach-Zdroju, Duszniki-Zdr\u00f3j 2018<\/li>\n<\/ul>\n<h3><strong>Yearbooks<\/strong><\/h3>\n<ul>\n<li>IPH Congress Book. Yearbook of Paper History, Volume 15, Duszniki-Zdr\u00f3j 2004<\/li>\n<li>Rocznik Muzeum Papiernictwa. T. 1, Duszniki-Zdr\u00f3j 2007<\/li>\n<li>Rocznik Muzeum Papiernictwa. T. 2, Duszniki-Zdr\u00f3j 2008<\/li>\n<li>Rocznik Muzeum Papiernictwa. T. 3, Duszniki-Zdr\u00f3j 2009<\/li>\n<li>Rocznik Muzeum Papiernictwa, T. 4, Duszniki-Zdr\u00f3j 2010<\/li>\n<li>Rocznik Muzeum Papiernictwa, T. 5, Duszniki-Zdr\u00f3j 2011<\/li>\n<li>Rocznik Muzeum Papiernictwa, T. 6, Duszniki Zdr\u00f3j 2012<\/li>\n<li>Rocznik Muzeum Papiernictwa, T. 7, Duszniki-Zdr\u00f3j 2013<\/li>\n<li>Rocznik Muzeum Papiernictwa, T. 8, Duszniki-Zdr\u00f3j 2014<\/li>\n<li>Rocznik Muzeum Papiernictwa, T. 9, Duszniki-Zdr\u00f3j 2015<\/li>\n<li>Rocznik Muzeum Papiernictwa, T. 10, Duszniki-Zdr\u00f3j 2016<\/li>\n<li>Rocznik Muzeum Papiernictwa, T. 11, Duszniki-Zdr\u00f3j 2017<\/li>\n<li>Rocznik Muzeum Papiernictwa, T. 12, Duszniki-Zdr\u00f3j 2018<\/li>\n<\/ul>\n<p><\/p>","protected":false},"excerpt":{"rendered":"<p>Guides and pamphlets Przewodnik Muzeum Papiernictwa w Dusznikach Zdroju, Duszniki-Zdr\u00f3j 2000 Papiermuseum in Duszniki-Zdr\u00f3j \/ Bad Reinerz.\u00a0Museumsf\u00fchrer, Duszniki-Zdr\u00f3j 2000 Museum of Papermaking in Duszniki-Zdr\u00f3j. Guide-Book, Duszniki-Zdr\u00f3j 2004 Przewodnik Muzeum Papiernictwa w\u00a0Dusznikach Zdroju, Wyd. II uzupe\u0142nione, Duszniki-Zdr\u00f3j 2010 Przewodnik Muzeum Papiernictwa w\u00a0Dusznikach-Zdroju, Wyd. III uzupe\u0142nione, Duszniki-Zdr\u00f3j 2016 Stara suszarnia papieru. Przewodnik po nowej przestrzeni, Duszniki-Zdr\u00f3j 2017 [&hellip;]<\/p>\n","protected":false},"author":1,"featured_media":0,"parent":95,"menu_order":147,"comment_status":"open","ping_status":"open","template":"","meta":{"_acf_changed":false,"ngg_post_thumbnail":0,"footnotes":""},"class_list":["post-2925","page","type-page","status-publish","hentry"],"acf":[],"_links":{"self":[{"href":"https:\/\/muzeumpapiernictwa.pl\/de\/wp-json\/wp\/v2\/pages\/2925","targetHints":{"allow":["GET"]}}],"collection":[{"href":"https:\/\/muzeumpapiernictwa.pl\/de\/wp-json\/wp\/v2\/pages"}],"about":[{"href":"https:\/\/muzeumpapiernictwa.pl\/de\/wp-json\/wp\/v2\/types\/page"}],"author":[{"embeddable":true,"href":"https:\/\/muzeumpapiernictwa.pl\/de\/wp-json\/wp\/v2\/users\/1"}],"replies":[{"embeddable":true,"href":"https:\/\/muzeumpapiernictwa.pl\/de\/wp-json\/wp\/v2\/comments?post=2925"}],"version-history":[{"count":22,"href":"https:\/\/muzeumpapiernictwa.pl\/de\/wp-json\/wp\/v2\/pages\/2925\/revisions"}],"predecessor-version":[{"id":16481,"href":"https:\/\/muzeumpapiernictwa.pl\/de\/wp-json\/wp\/v2\/pages\/2925\/revisions\/16481"}],"up":[{"embeddable":true,"href":"https:\/\/muzeumpapiernictwa.pl\/de\/wp-json\/wp\/v2\/pages\/95"}],"wp:attachment":[{"href":"https:\/\/muzeumpapiernictwa.pl\/de\/wp-json\/wp\/v2\/media?parent=2925"}],"curies":[{"name":"wp","href":"https:\/\/api.w.org\/{rel}","templated":true}]}}