{"id":21813,"date":"2023-12-22T10:25:53","date_gmt":"2023-12-22T09:25:53","guid":{"rendered":"https:\/\/muzeumpapiernictwa.pl\/?page_id=21813"},"modified":"2023-12-22T10:29:29","modified_gmt":"2023-12-22T09:29:29","slug":"zyczymy-i-zapraszamy","status":"publish","type":"page","link":"https:\/\/muzeumpapiernictwa.pl\/de\/aktuelles\/wesolych-swiat-3\/","title":{"rendered":"Wir w\u00fcnschen Ihnen und laden Sie ein"},"content":{"rendered":"<p><\/p>\n<p>Wir w\u00fcnschen Ihnen ein gesundes, friedliches und freudiges Weihnachtsfest und alles Gute f\u00fcr das kommende Jahr 2024.<\/p>\n<p>Wir laden Sie ein, das Papiermachermuseum in der Weihnachts- und Ferienzeit zu besuchen.<\/p>\n<p>\u00d6ffnungszeiten:<\/p>\n<p>24.\u201326. Dezember \u2013 geschlossen<\/p>\n<p>27.\u201331. Dezember \u2013 9:00\u201315:00 Uhr<\/p>\n<p>1. Januar \u2013 geschlossen<\/p>\n<p>2.\u20135. Januar \u2013 9:00\u201315:00 Uhr<\/p>\n<p>6. Januar \u2013 geschlossen<\/p>\n<p>7.\u201314. Januar \u2013 9:00\u201315:00 Uhr<\/p>\n<p>8. Januar \u2013 geschlossen<\/p>\n<p>9.\u201314. Januar \u2013 9:00\u201315:00 Uhr<\/p>\n<p>15. Januar bis 25. Februar<br \/>\nMo-Sa 9:00-18:00, So. 9:00-16:00<\/p>\n<p>&nbsp;<\/p>\n<p><img loading=\"lazy\" decoding=\"async\" class=\"alignleft wp-image-21815\" src=\"https:\/\/muzeumpapiernictwa.pl\/wp-content\/uploads\/2023\/12\/2023-12-karta-swiateczna-MP-awers.jpg\" alt=\"\" width=\"700\" height=\"502\" srcset=\"https:\/\/muzeumpapiernictwa.pl\/wp-content\/uploads\/2023\/12\/2023-12-karta-swiateczna-MP-awers.jpg 1795w, https:\/\/muzeumpapiernictwa.pl\/wp-content\/uploads\/2023\/12\/2023-12-karta-swiateczna-MP-awers-300x215.jpg 300w, https:\/\/muzeumpapiernictwa.pl\/wp-content\/uploads\/2023\/12\/2023-12-karta-swiateczna-MP-awers-1024x734.jpg 1024w, https:\/\/muzeumpapiernictwa.pl\/wp-content\/uploads\/2023\/12\/2023-12-karta-swiateczna-MP-awers-768x551.jpg 768w, https:\/\/muzeumpapiernictwa.pl\/wp-content\/uploads\/2023\/12\/2023-12-karta-swiateczna-MP-awers-600x430.jpg 600w, https:\/\/muzeumpapiernictwa.pl\/wp-content\/uploads\/2023\/12\/2023-12-karta-swiateczna-MP-awers-1536x1101.jpg 1536w\" sizes=\"auto, (max-width: 700px) 100vw, 700px\" \/><\/p>\n<p><\/p>","protected":false},"excerpt":{"rendered":"<p>Wir w\u00fcnschen Ihnen ein gesundes, friedliches und freudiges Weihnachtsfest und alles Gute f\u00fcr das kommende Jahr 2024. Wir laden Sie ein, das Papiermachermuseum in der Weihnachts- und Ferienzeit zu besuchen. \u00d6ffnungszeiten: 24.\u201326. Dezember \u2013 geschlossen 27.\u201331. Dezember \u2013 9:00\u201315:00 Uhr 1. Januar \u2013 geschlossen 2.\u20135. Januar \u2013 9:00\u201315:00 Uhr 6. Januar \u2013 geschlossen 7.\u201314. Januar [&hellip;]<\/p>\n","protected":false},"author":2,"featured_media":21815,"parent":137,"menu_order":1,"comment_status":"closed","ping_status":"closed","template":"","meta":{"_acf_changed":false,"ngg_post_thumbnail":0,"footnotes":""},"class_list":["post-21813","page","type-page","status-publish","has-post-thumbnail","hentry"],"acf":[],"_links":{"self":[{"href":"https:\/\/muzeumpapiernictwa.pl\/de\/wp-json\/wp\/v2\/pages\/21813","targetHints":{"allow":["GET"]}}],"collection":[{"href":"https:\/\/muzeumpapiernictwa.pl\/de\/wp-json\/wp\/v2\/pages"}],"about":[{"href":"https:\/\/muzeumpapiernictwa.pl\/de\/wp-json\/wp\/v2\/types\/page"}],"author":[{"embeddable":true,"href":"https:\/\/muzeumpapiernictwa.pl\/de\/wp-json\/wp\/v2\/users\/2"}],"replies":[{"embeddable":true,"href":"https:\/\/muzeumpapiernictwa.pl\/de\/wp-json\/wp\/v2\/comments?post=21813"}],"version-history":[{"count":5,"href":"https:\/\/muzeumpapiernictwa.pl\/de\/wp-json\/wp\/v2\/pages\/21813\/revisions"}],"predecessor-version":[{"id":21820,"href":"https:\/\/muzeumpapiernictwa.pl\/de\/wp-json\/wp\/v2\/pages\/21813\/revisions\/21820"}],"up":[{"embeddable":true,"href":"https:\/\/muzeumpapiernictwa.pl\/de\/wp-json\/wp\/v2\/pages\/137"}],"wp:featuredmedia":[{"embeddable":true,"href":"https:\/\/muzeumpapiernictwa.pl\/de\/wp-json\/wp\/v2\/media\/21815"}],"wp:attachment":[{"href":"https:\/\/muzeumpapiernictwa.pl\/de\/wp-json\/wp\/v2\/media?parent=21813"}],"curies":[{"name":"wp","href":"https:\/\/api.w.org\/{rel}","templated":true}]}}