{"id":20264,"date":"2023-03-31T14:27:31","date_gmt":"2023-03-31T12:27:31","guid":{"rendered":"https:\/\/muzeumpapiernictwa.pl\/?page_id=20264"},"modified":"2023-04-14T13:27:00","modified_gmt":"2023-04-14T11:27:00","slug":"narada-w-niederzwonitz-w-sprawie-wpisu-na-liste-unesco-historycznych-papierni","status":"publish","type":"page","link":"https:\/\/muzeumpapiernictwa.pl\/de\/aktuelles\/narada-w-niederzwonitz-w-sprawie-wpisu-na-liste-unesco-historycznych-papierni\/","title":{"rendered":"Tagung in Niederzw\u00f6nitz zur UNESCO-Liste der historischen Papierm\u00fchlen"},"content":{"rendered":"<p><\/p>\n<p>Am 27. M\u00e4rz 2023 fand in der s\u00e4chsischen Stadt Niederzw\u00f6nitz eine internationale Tagung \u00fcber das Projekt zur Aufnahme europ\u00e4ischer Papierm\u00fchlen in die Liste des UNESCO-Welterbes statt. Auf Einladung der deutschen Partner nahmen an der Veranstaltung Vertreter von Ministerien und Denkmalschutzbeh\u00f6rden aus der Tschechischen Republik, Deutschland und Spanien, sowie die Leiter der in diesen L\u00e4ndern ans\u00e4ssigen und an dem Projekt beteiligten Papierm\u00fchlen teil. Die polnische Seite, die das Projekt leitet, war durch die Direktorin der Abteilung f\u00fcr Denkmalschutz des Ministeriums f\u00fcr Kultur und Nationales Erbe, Dr. Katarzyna Pa\u0142ubska, den Vorsitzenden des polnischen Nationalkomitees des Internationalen Rates f\u00fcr Denkmalschutz ICOMOS, Professor Bogus\u0142aw Szmygin, und Vertreter des Museums f\u00fcr Papierherstellung in Duszniki Zdr\u00f3j &#8211; Dr. Maciej Szymczyk (Direktor), Joanna Seredy\u0144ska (Stellvertretende Direktorin) und Emilia Dziewiecka (wissenschaftliche Mitarbeiterin) &#8211; vertreten.<\/p>\n<p>Die Tagung wurde von den Gastgebern des Tagungsortes, d.h. Vertretern des Technischen Museums in Niederzw\u00f6nitz, er\u00f6ffnet, welche die Anwesenden begr\u00fc\u00dften. Es folgten Ansprachen von Frederike Hansell als Vertreterin der UNESCO-Kontaktstelle in Berlin sowie von Eva Battis-Schinker und Christine Krebs als Vertreterinnen der s\u00e4chsischen Denkmalschutzbeh\u00f6rde in Dresden. Nach der Er\u00f6ffnungszeremonie besichtigten die G\u00e4ste die nahegelegene historische Papierm\u00fchle in Niederzw\u00f6nitz, die erst k\u00fcrzlich dem UNESCO-Projekt beigetreten ist. Die Papierm\u00fchle wurde erstmals 1568 erw\u00e4hnt. Die Tradition der Papierherstellung geht auf das Jahr 1873 zur\u00fcck. Heute befindet sich hier ein technisches Museum, das die Tradition der Papierherstellung u.a. durch Besucher-Workshops fortsetzt. Die M\u00fchle hat einen hohen architektonischen Wert und ist ein wichtiger Punkt auf dem lokalen und europ\u00e4ischen Pfad des technischen Erbes.<\/p>\n<p>Nach der Besichtigung der Papierfabrik folgte die Zeit f\u00fcr Beratungen, um alle Teilnehmer mit dem Projekt vertraut zu machen und eine gemeinsame Strategie f\u00fcr die weitere Umsetzung festzulegen. Die erste Referentin war Direktorin Katarzyna Pa\u0142ubska, die den Standpunkt des polnischen Ministeriums f\u00fcr Kultur und Nationales Erbe zu der Idee darlegte, eine Reihe von europ\u00e4ischen Papierm\u00fchlen aus der vorindustriellen Zeit in die UNESCO-Liste des Welterbes aufzunehmen. Direktor Maciej Szymczyk und Emilia Dziewiecka stellten den Teilnehmern anschlie\u00dfend die Idee des Projekts und seine Entwicklung in den vergangenen Jahren vor. Die Pr\u00e4sentation der Vertreter der polnischen Seite wurde von Professor Bogus\u0142aw Szmygin abgerundet, der die Ergebnisse der Forschungsreisen polnischer Experten zu europ\u00e4ischen Papierm\u00fchlen vorstellte. Professor Szmygin stellte den Zuh\u00f6rern kurz die interessantesten europ\u00e4ischen Papierm\u00fchlen vor und verdeutlichte damit die enorme Arbeit, die von den polnischen Experten geleistet wurde.<\/p>\n<p>Im Anschluss an die Pr\u00e4sentationen der polnischen Seite fand eine Diskussion statt, in der die Teilnehmer ihre Erfahrungen bei der Arbeit an UNESCO-Projekten austauschten und strittige Fragen im Zusammenhang mit der derzeitigen Struktur diskutierten. Es wurde ein Zeitplan f\u00fcr die koordinierte Arbeit aller Teilnehmerstaaten an der weiteren Umsetzung des Projekts vereinbart und erste Termine f\u00fcr weitere Treffen zwischen Vertretern der Teilnehmerstaaten und den Leitern der Papierm\u00fchlen vorgeschlagen. Das Treffen in Zw\u00f6nitz ist ein wichtiger Schritt bei der Umsetzung des Projekts zur Aufnahme der M\u00fchle in Duszniki Zdr\u00f3j und der Partnerst\u00e4tten in die UNESCO-Liste des Weltkulturerbes.<\/p>\n<p>&nbsp;<\/p>\n<hr \/>\n\n\t\t<style type=\"text\/css\">\n\t\t\t#gallery-2 {\n\t\t\t\tmargin: auto;\n\t\t\t}\n\t\t\t#gallery-2 .gallery-item {\n\t\t\t\tfloat: left;\n\t\t\t\tmargin-top: 10px;\n\t\t\t\ttext-align: center;\n\t\t\t\twidth: 33%;\n\t\t\t}\n\t\t\t#gallery-2 img {\n\t\t\t\tborder: 2px solid #cfcfcf;\n\t\t\t}\n\t\t\t#gallery-2 .gallery-caption {\n\t\t\t\tmargin-left: 0;\n\t\t\t}\n\t\t\t\/* see gallery_shortcode() in wp-includes\/media.php *\/\n\t\t<\/style>\n\t\t<div id='gallery-2' class='gallery galleryid-20264 gallery-columns-3 gallery-size-thumbnail'><dl class='gallery-item'>\n\t\t\t<dt class='gallery-icon landscape'>\n\t\t\t\t<a href='https:\/\/muzeumpapiernictwa.pl\/wp-content\/uploads\/2023\/03\/20230327_103834-scaled.jpg' title=\"\" data-rl_title=\"\" class=\"rl-gallery-link\" data-rl_caption=\"\" data-rel=\"lightbox-gallery-2\"><img loading=\"lazy\" decoding=\"async\" width=\"150\" height=\"150\" src=\"https:\/\/muzeumpapiernictwa.pl\/wp-content\/uploads\/2023\/03\/20230327_103834-150x150.jpg\" class=\"attachment-thumbnail size-thumbnail\" \/><\/a>\n\t\t\t<\/dt><\/dl><dl class='gallery-item'>\n\t\t\t<dt class='gallery-icon landscape'>\n\t\t\t\t<a href='https:\/\/muzeumpapiernictwa.pl\/wp-content\/uploads\/2023\/03\/20230327_104837-scaled.jpg' title=\"\" data-rl_title=\"\" class=\"rl-gallery-link\" data-rl_caption=\"\" data-rel=\"lightbox-gallery-2\"><img loading=\"lazy\" decoding=\"async\" width=\"150\" height=\"150\" src=\"https:\/\/muzeumpapiernictwa.pl\/wp-content\/uploads\/2023\/03\/20230327_104837-150x150.jpg\" class=\"attachment-thumbnail size-thumbnail\" \/><\/a>\n\t\t\t<\/dt><\/dl><dl class='gallery-item'>\n\t\t\t<dt class='gallery-icon landscape'>\n\t\t\t\t<a href='https:\/\/muzeumpapiernictwa.pl\/wp-content\/uploads\/2023\/03\/20230327_105740-scaled.jpg' title=\"\" data-rl_title=\"\" class=\"rl-gallery-link\" data-rl_caption=\"\" data-rel=\"lightbox-gallery-2\"><img loading=\"lazy\" decoding=\"async\" width=\"150\" height=\"150\" src=\"https:\/\/muzeumpapiernictwa.pl\/wp-content\/uploads\/2023\/03\/20230327_105740-150x150.jpg\" class=\"attachment-thumbnail size-thumbnail\" \/><\/a>\n\t\t\t<\/dt><\/dl><br style=\"clear: both\" \/><dl class='gallery-item'>\n\t\t\t<dt class='gallery-icon landscape'>\n\t\t\t\t<a href='https:\/\/muzeumpapiernictwa.pl\/wp-content\/uploads\/2023\/03\/334890935_933570444665184_2466074236190187124_n-Edit.jpg' title=\"\" data-rl_title=\"\" class=\"rl-gallery-link\" data-rl_caption=\"\" data-rel=\"lightbox-gallery-2\"><img loading=\"lazy\" decoding=\"async\" width=\"150\" height=\"150\" src=\"https:\/\/muzeumpapiernictwa.pl\/wp-content\/uploads\/2023\/03\/334890935_933570444665184_2466074236190187124_n-Edit-150x150.jpg\" class=\"attachment-thumbnail size-thumbnail\" \/><\/a>\n\t\t\t<\/dt><\/dl><dl class='gallery-item'>\n\t\t\t<dt class='gallery-icon landscape'>\n\t\t\t\t<a href='https:\/\/muzeumpapiernictwa.pl\/wp-content\/uploads\/2023\/03\/334892150_593487409498630_6882818100857905102_n-Edit.jpg' title=\"\" data-rl_title=\"\" class=\"rl-gallery-link\" data-rl_caption=\"\" data-rel=\"lightbox-gallery-2\"><img loading=\"lazy\" decoding=\"async\" width=\"150\" height=\"150\" src=\"https:\/\/muzeumpapiernictwa.pl\/wp-content\/uploads\/2023\/03\/334892150_593487409498630_6882818100857905102_n-Edit-150x150.jpg\" class=\"attachment-thumbnail size-thumbnail\" \/><\/a>\n\t\t\t<\/dt><\/dl><dl class='gallery-item'>\n\t\t\t<dt class='gallery-icon landscape'>\n\t\t\t\t<a href='https:\/\/muzeumpapiernictwa.pl\/wp-content\/uploads\/2023\/03\/334901785_773236787705473_2810682587120905585_n-Edit.jpg' title=\"\" data-rl_title=\"\" class=\"rl-gallery-link\" data-rl_caption=\"\" data-rel=\"lightbox-gallery-2\"><img loading=\"lazy\" decoding=\"async\" width=\"150\" height=\"150\" src=\"https:\/\/muzeumpapiernictwa.pl\/wp-content\/uploads\/2023\/03\/334901785_773236787705473_2810682587120905585_n-Edit-150x150.jpg\" class=\"attachment-thumbnail size-thumbnail\" \/><\/a>\n\t\t\t<\/dt><\/dl><br style=\"clear: both\" \/><dl class='gallery-item'>\n\t\t\t<dt class='gallery-icon landscape'>\n\t\t\t\t<a href='https:\/\/muzeumpapiernictwa.pl\/wp-content\/uploads\/2023\/03\/334905402_216841381017556_1653470258653185954_n-Edit.jpg' title=\"\" data-rl_title=\"\" class=\"rl-gallery-link\" data-rl_caption=\"\" data-rel=\"lightbox-gallery-2\"><img loading=\"lazy\" decoding=\"async\" width=\"150\" height=\"150\" src=\"https:\/\/muzeumpapiernictwa.pl\/wp-content\/uploads\/2023\/03\/334905402_216841381017556_1653470258653185954_n-Edit-150x150.jpg\" class=\"attachment-thumbnail size-thumbnail\" \/><\/a>\n\t\t\t<\/dt><\/dl><dl class='gallery-item'>\n\t\t\t<dt class='gallery-icon landscape'>\n\t\t\t\t<a href='https:\/\/muzeumpapiernictwa.pl\/wp-content\/uploads\/2023\/03\/336625790_1253725638851088_1980685827373321923_n-Edit.jpg' title=\"\" data-rl_title=\"\" class=\"rl-gallery-link\" data-rl_caption=\"\" data-rel=\"lightbox-gallery-2\"><img loading=\"lazy\" decoding=\"async\" width=\"150\" height=\"150\" src=\"https:\/\/muzeumpapiernictwa.pl\/wp-content\/uploads\/2023\/03\/336625790_1253725638851088_1980685827373321923_n-Edit-150x150.jpg\" class=\"attachment-thumbnail size-thumbnail\" \/><\/a>\n\t\t\t<\/dt><\/dl><dl class='gallery-item'>\n\t\t\t<dt class='gallery-icon landscape'>\n\t\t\t\t<a href='https:\/\/muzeumpapiernictwa.pl\/wp-content\/uploads\/2023\/03\/336627073_1586046335209781_3658397830578025185_n-Edit.jpg' title=\"\" data-rl_title=\"\" class=\"rl-gallery-link\" data-rl_caption=\"\" data-rel=\"lightbox-gallery-2\"><img loading=\"lazy\" decoding=\"async\" width=\"150\" height=\"150\" src=\"https:\/\/muzeumpapiernictwa.pl\/wp-content\/uploads\/2023\/03\/336627073_1586046335209781_3658397830578025185_n-Edit-150x150.jpg\" class=\"attachment-thumbnail size-thumbnail\" \/><\/a>\n\t\t\t<\/dt><\/dl><br style=\"clear: both\" \/><dl class='gallery-item'>\n\t\t\t<dt class='gallery-icon portrait'>\n\t\t\t\t<a href='https:\/\/muzeumpapiernictwa.pl\/wp-content\/uploads\/2023\/03\/336627466_781173550010603_7791890748390176977_n-Edit.jpg' title=\"\" data-rl_title=\"\" class=\"rl-gallery-link\" data-rl_caption=\"\" data-rel=\"lightbox-gallery-2\"><img loading=\"lazy\" decoding=\"async\" width=\"150\" height=\"150\" src=\"https:\/\/muzeumpapiernictwa.pl\/wp-content\/uploads\/2023\/03\/336627466_781173550010603_7791890748390176977_n-Edit-150x150.jpg\" class=\"attachment-thumbnail size-thumbnail\" \/><\/a>\n\t\t\t<\/dt><\/dl><dl class='gallery-item'>\n\t\t\t<dt class='gallery-icon landscape'>\n\t\t\t\t<a href='https:\/\/muzeumpapiernictwa.pl\/wp-content\/uploads\/2023\/03\/336629086_751367930041267_3963069712198284524_n-Edit.jpg' title=\"\" data-rl_title=\"\" class=\"rl-gallery-link\" data-rl_caption=\"\" data-rel=\"lightbox-gallery-2\"><img loading=\"lazy\" decoding=\"async\" width=\"150\" height=\"150\" src=\"https:\/\/muzeumpapiernictwa.pl\/wp-content\/uploads\/2023\/03\/336629086_751367930041267_3963069712198284524_n-Edit-150x150.jpg\" class=\"attachment-thumbnail size-thumbnail\" \/><\/a>\n\t\t\t<\/dt><\/dl><dl class='gallery-item'>\n\t\t\t<dt class='gallery-icon portrait'>\n\t\t\t\t<a href='https:\/\/muzeumpapiernictwa.pl\/wp-content\/uploads\/2023\/03\/336630059_1244041129821507_7076467905718786086_n-Edit.jpg' title=\"\" data-rl_title=\"\" class=\"rl-gallery-link\" data-rl_caption=\"\" data-rel=\"lightbox-gallery-2\"><img loading=\"lazy\" decoding=\"async\" width=\"150\" height=\"150\" src=\"https:\/\/muzeumpapiernictwa.pl\/wp-content\/uploads\/2023\/03\/336630059_1244041129821507_7076467905718786086_n-Edit-150x150.jpg\" class=\"attachment-thumbnail size-thumbnail\" \/><\/a>\n\t\t\t<\/dt><\/dl><br style=\"clear: both\" \/><dl class='gallery-item'>\n\t\t\t<dt class='gallery-icon portrait'>\n\t\t\t\t<a href='https:\/\/muzeumpapiernictwa.pl\/wp-content\/uploads\/2023\/03\/336638507_539757091681023_8017242359246211272_n-Edit.jpg' title=\"\" data-rl_title=\"\" class=\"rl-gallery-link\" data-rl_caption=\"\" data-rel=\"lightbox-gallery-2\"><img loading=\"lazy\" decoding=\"async\" width=\"150\" height=\"150\" src=\"https:\/\/muzeumpapiernictwa.pl\/wp-content\/uploads\/2023\/03\/336638507_539757091681023_8017242359246211272_n-Edit-150x150.jpg\" class=\"attachment-thumbnail size-thumbnail\" \/><\/a>\n\t\t\t<\/dt><\/dl><dl class='gallery-item'>\n\t\t\t<dt class='gallery-icon portrait'>\n\t\t\t\t<a href='https:\/\/muzeumpapiernictwa.pl\/wp-content\/uploads\/2023\/03\/336643136_978987116846987_7711144868742920325_n-Edit.jpg' title=\"\" data-rl_title=\"\" class=\"rl-gallery-link\" data-rl_caption=\"\" data-rel=\"lightbox-gallery-2\"><img loading=\"lazy\" decoding=\"async\" width=\"150\" height=\"150\" src=\"https:\/\/muzeumpapiernictwa.pl\/wp-content\/uploads\/2023\/03\/336643136_978987116846987_7711144868742920325_n-Edit-150x150.jpg\" class=\"attachment-thumbnail size-thumbnail\" \/><\/a>\n\t\t\t<\/dt><\/dl><dl class='gallery-item'>\n\t\t\t<dt class='gallery-icon portrait'>\n\t\t\t\t<a href='https:\/\/muzeumpapiernictwa.pl\/wp-content\/uploads\/2023\/03\/336648178_564782958803551_7838915150012413316_n-Edit.jpg' title=\"\" data-rl_title=\"\" class=\"rl-gallery-link\" data-rl_caption=\"\" data-rel=\"lightbox-gallery-2\"><img loading=\"lazy\" decoding=\"async\" width=\"150\" height=\"150\" src=\"https:\/\/muzeumpapiernictwa.pl\/wp-content\/uploads\/2023\/03\/336648178_564782958803551_7838915150012413316_n-Edit-150x150.jpg\" class=\"attachment-thumbnail size-thumbnail\" \/><\/a>\n\t\t\t<\/dt><\/dl><br style=\"clear: both\" \/><dl class='gallery-item'>\n\t\t\t<dt class='gallery-icon portrait'>\n\t\t\t\t<a href='https:\/\/muzeumpapiernictwa.pl\/wp-content\/uploads\/2023\/04\/male.jpg' title=\"\" data-rl_title=\"\" class=\"rl-gallery-link\" data-rl_caption=\"\" data-rel=\"lightbox-gallery-2\"><img loading=\"lazy\" decoding=\"async\" width=\"150\" height=\"150\" src=\"https:\/\/muzeumpapiernictwa.pl\/wp-content\/uploads\/2023\/04\/male-150x150.jpg\" class=\"attachment-thumbnail size-thumbnail\" \/><\/a>\n\t\t\t<\/dt><\/dl>\n\t\t\t<br style='clear: both' \/>\n\t\t<\/div>\n\n<p><\/p>","protected":false},"excerpt":{"rendered":"<p>Am 27. M\u00e4rz 2023 fand in der s\u00e4chsischen Stadt Niederzw\u00f6nitz eine internationale Tagung \u00fcber das Projekt zur Aufnahme europ\u00e4ischer Papierm\u00fchlen in die Liste des UNESCO-Welterbes statt. Auf Einladung der deutschen Partner nahmen an der Veranstaltung Vertreter von Ministerien und Denkmalschutzbeh\u00f6rden aus der Tschechischen Republik, Deutschland und Spanien, sowie die Leiter der in diesen L\u00e4ndern ans\u00e4ssigen [&hellip;]<\/p>\n","protected":false},"author":15,"featured_media":20280,"parent":137,"menu_order":1,"comment_status":"closed","ping_status":"closed","template":"","meta":{"_acf_changed":false,"ngg_post_thumbnail":0,"footnotes":""},"class_list":["post-20264","page","type-page","status-publish","has-post-thumbnail","hentry"],"acf":[],"_links":{"self":[{"href":"https:\/\/muzeumpapiernictwa.pl\/de\/wp-json\/wp\/v2\/pages\/20264","targetHints":{"allow":["GET"]}}],"collection":[{"href":"https:\/\/muzeumpapiernictwa.pl\/de\/wp-json\/wp\/v2\/pages"}],"about":[{"href":"https:\/\/muzeumpapiernictwa.pl\/de\/wp-json\/wp\/v2\/types\/page"}],"author":[{"embeddable":true,"href":"https:\/\/muzeumpapiernictwa.pl\/de\/wp-json\/wp\/v2\/users\/15"}],"replies":[{"embeddable":true,"href":"https:\/\/muzeumpapiernictwa.pl\/de\/wp-json\/wp\/v2\/comments?post=20264"}],"version-history":[{"count":2,"href":"https:\/\/muzeumpapiernictwa.pl\/de\/wp-json\/wp\/v2\/pages\/20264\/revisions"}],"predecessor-version":[{"id":20329,"href":"https:\/\/muzeumpapiernictwa.pl\/de\/wp-json\/wp\/v2\/pages\/20264\/revisions\/20329"}],"up":[{"embeddable":true,"href":"https:\/\/muzeumpapiernictwa.pl\/de\/wp-json\/wp\/v2\/pages\/137"}],"wp:featuredmedia":[{"embeddable":true,"href":"https:\/\/muzeumpapiernictwa.pl\/de\/wp-json\/wp\/v2\/media\/20280"}],"wp:attachment":[{"href":"https:\/\/muzeumpapiernictwa.pl\/de\/wp-json\/wp\/v2\/media?parent=20264"}],"curies":[{"name":"wp","href":"https:\/\/api.w.org\/{rel}","templated":true}]}}