{"id":20134,"date":"2023-03-02T11:27:18","date_gmt":"2023-03-02T10:27:18","guid":{"rendered":"https:\/\/muzeumpapiernictwa.pl\/?page_id=20134"},"modified":"2023-03-24T10:24:47","modified_gmt":"2023-03-24T09:24:47","slug":"z-przykroscia-informujemy-o-odejsciu-pana-kazuo-yamaguchi-1931-2023","status":"publish","type":"page","link":"https:\/\/muzeumpapiernictwa.pl\/de\/aktuelles\/z-przykroscia-informujemy-o-odejsciu-pana-kazuo-yamaguchi-1931-2023\/","title":{"rendered":"Mit gro\u00dfem Bedauern informieren wir Sie \u00fcber das Ableben von Herrn Kazuo Yamaguchi (1931-2023)"},"content":{"rendered":"<p><\/p>\n<p><strong>Am 17. Februar 2023 verstarb im Alter von 92 Jahren Kazuo Yamaguchi, ein japanischer Papiermacher mit dem Titel des Traditionellen Handwerkers (Dent\u014d Kougeishi), Besitzer einer Papierwerkstatt in Echizen, ein Freund Polens und polnischer Museologen.<\/strong><\/p>\n<p>Kazuo Yamaguchi erblickte am 17. Januar 1931 in Echizen das Licht der Welt und wuchs in einer Familie auf, die sich seit mehreren Generationen mit handgesch\u00f6pftem Papier besch\u00e4ftigte.\u00a0 Papiermacher waren bereits sein Vater und sein Gro\u00dfvater und m\u00f6glicherweise sogar noch fr\u00fchere Vorfahren.<\/p>\n<p>Nach Abschluss des Nanetsu-Gymnasiums in Echizen wurde Kazuo Yamaguchi Eigent\u00fcmer der familieneigenen Papierwerkstatt, die er zusammen mit seiner Frau Kinuko Yamaguchi f\u00fchrte. Er war rund 75 Jahre lang in der Papierherstellung t\u00e4tig. Die von ihm gelieferten Bl\u00e4tter waren stets von h\u00f6chster Qualit\u00e4t. Nach dem Tod seiner Gattin Kinuko wurde die Werkstatt im Jahr 2019 endg\u00fcltig geschlossen, da Kazuo Yamaguchi aufgrund seines hohen Alters nicht mehr weiterarbeiten konnte und sein Sohn Kazunori Yamaguchi hat einen anderen Beruf ergriffen hat.<\/p>\n<p>Im Jahr 2021 schenkte Kazuo Yamaguchi im Einvernehmen mit seinem Sohn die Papierwerkstatt, welche jahrzehntelang die Existenzgrundlage der Familie gebildet hatte, den Sammlungen des Museums f\u00fcr Papierherstellung in Duszniki Zdr\u00f3j (Bad Reinerz). Das Geschenk ist nicht nur f\u00fcr das Museum in Duszniki Zdr\u00f3j, sondern auch f\u00fcr die polnische Kultur von gro\u00dfer Bedeutung. Mit der Entscheidung des Ehepaars Yamaguchi, ihr Verm\u00e4chtnis zu \u00fcbertragen, geh\u00f6rt Polen zu den wenigen europ\u00e4ischen L\u00e4ndern, die sich r\u00fchmen k\u00f6nnen, wertvolle Objekte japanischen Papierhandwerks in ihren Museumssammlungen ausstellen zu k\u00f6nnen. Die Papierwerkstatt von Kazuo Yamaguchi bildet zusammen mit einer Sammlung von Karten aus dem Dorf Echizen eine der wertvollsten Sammlungen zur japanischen Papierherstellung in Europa.<\/p>\n<p>Der historische und kulturelle Wert dieser Werkstatt, die den \u00f6ffentlichen Sammlungen Polens komplett gestiftet wurde, veranlasste den stellvertretenden Ministerpr\u00e4sidenten und Minister f\u00fcr Kultur und Nationales Erbe der Republik Polen, Professor Piotr Glinski, den Spender Kazuo Yamaguchi mit dem Verdienstorden f\u00fcr Polnische Kultur auszuzeichnen. Die Zeremonie zur Verleihung des Ordens fand am 19. August 2022 in der Botschaft der Republik Polen in Tokio statt.<\/p>\n<p>Kazuo Yamaguchi wurde auf dem Friedhof des Hotokuji-Tempels in Echizen beigesetzt (das Gebiet des Papierdorfes Otaki, das zum Stadtgebiet von Echizen geh\u00f6rt).<\/p>\n<p>&nbsp;<\/p>\n<hr \/>\n\n\t\t<style type=\"text\/css\">\n\t\t\t#gallery-2 {\n\t\t\t\tmargin: auto;\n\t\t\t}\n\t\t\t#gallery-2 .gallery-item {\n\t\t\t\tfloat: left;\n\t\t\t\tmargin-top: 10px;\n\t\t\t\ttext-align: center;\n\t\t\t\twidth: 33%;\n\t\t\t}\n\t\t\t#gallery-2 img {\n\t\t\t\tborder: 2px solid #cfcfcf;\n\t\t\t}\n\t\t\t#gallery-2 .gallery-caption {\n\t\t\t\tmargin-left: 0;\n\t\t\t}\n\t\t\t\/* see gallery_shortcode() in wp-includes\/media.php *\/\n\t\t<\/style>\n\t\t<div id='gallery-2' class='gallery galleryid-20134 gallery-columns-3 gallery-size-thumbnail'><dl class='gallery-item'>\n\t\t\t<dt class='gallery-icon landscape'>\n\t\t\t\t<a href='https:\/\/muzeumpapiernictwa.pl\/wp-content\/uploads\/2023\/03\/Pan-kazuo.jpg' title=\"\" data-rl_title=\"\" class=\"rl-gallery-link\" data-rl_caption=\"\" data-rel=\"lightbox-gallery-2\"><img loading=\"lazy\" decoding=\"async\" width=\"150\" height=\"150\" src=\"https:\/\/muzeumpapiernictwa.pl\/wp-content\/uploads\/2023\/03\/Pan-kazuo-150x150.jpg\" class=\"attachment-thumbnail size-thumbnail\" srcset=\"https:\/\/muzeumpapiernictwa.pl\/wp-content\/uploads\/2023\/03\/Pan-kazuo-150x150.jpg 150w, https:\/\/muzeumpapiernictwa.pl\/wp-content\/uploads\/2023\/03\/Pan-kazuo-300x300.jpg 300w, https:\/\/muzeumpapiernictwa.pl\/wp-content\/uploads\/2023\/03\/Pan-kazuo.jpg 486w\" sizes=\"auto, (max-width: 150px) 100vw, 150px\" \/><\/a>\n\t\t\t<\/dt><\/dl>\n\t\t\t<br style='clear: both' \/>\n\t\t<\/div>\n\n<p><\/p>","protected":false},"excerpt":{"rendered":"<p>Am 17. Februar 2023 verstarb im Alter von 92 Jahren Kazuo Yamaguchi, ein japanischer Papiermacher mit dem Titel des Traditionellen Handwerkers (Dent\u014d Kougeishi), Besitzer einer Papierwerkstatt in Echizen, ein Freund Polens und polnischer Museologen. Kazuo Yamaguchi erblickte am 17. Januar 1931 in Echizen das Licht der Welt und wuchs in einer Familie auf, die sich [&hellip;]<\/p>\n","protected":false},"author":15,"featured_media":20135,"parent":137,"menu_order":1,"comment_status":"closed","ping_status":"closed","template":"","meta":{"_acf_changed":false,"ngg_post_thumbnail":0,"footnotes":""},"class_list":["post-20134","page","type-page","status-publish","has-post-thumbnail","hentry"],"acf":[],"_links":{"self":[{"href":"https:\/\/muzeumpapiernictwa.pl\/de\/wp-json\/wp\/v2\/pages\/20134","targetHints":{"allow":["GET"]}}],"collection":[{"href":"https:\/\/muzeumpapiernictwa.pl\/de\/wp-json\/wp\/v2\/pages"}],"about":[{"href":"https:\/\/muzeumpapiernictwa.pl\/de\/wp-json\/wp\/v2\/types\/page"}],"author":[{"embeddable":true,"href":"https:\/\/muzeumpapiernictwa.pl\/de\/wp-json\/wp\/v2\/users\/15"}],"replies":[{"embeddable":true,"href":"https:\/\/muzeumpapiernictwa.pl\/de\/wp-json\/wp\/v2\/comments?post=20134"}],"version-history":[{"count":1,"href":"https:\/\/muzeumpapiernictwa.pl\/de\/wp-json\/wp\/v2\/pages\/20134\/revisions"}],"predecessor-version":[{"id":20236,"href":"https:\/\/muzeumpapiernictwa.pl\/de\/wp-json\/wp\/v2\/pages\/20134\/revisions\/20236"}],"up":[{"embeddable":true,"href":"https:\/\/muzeumpapiernictwa.pl\/de\/wp-json\/wp\/v2\/pages\/137"}],"wp:featuredmedia":[{"embeddable":true,"href":"https:\/\/muzeumpapiernictwa.pl\/de\/wp-json\/wp\/v2\/media\/20135"}],"wp:attachment":[{"href":"https:\/\/muzeumpapiernictwa.pl\/de\/wp-json\/wp\/v2\/media?parent=20134"}],"curies":[{"name":"wp","href":"https:\/\/api.w.org\/{rel}","templated":true}]}}