{"id":19993,"date":"2023-01-04T08:02:37","date_gmt":"2023-01-04T07:02:37","guid":{"rendered":"https:\/\/muzeumpapiernictwa.pl\/?page_id=19993"},"modified":"2023-01-05T07:40:44","modified_gmt":"2023-01-05T06:40:44","slug":"wizyta-dygnitarzy-z-republiki-czeskiej-w-muzeum-papiernictwa","status":"publish","type":"page","link":"https:\/\/muzeumpapiernictwa.pl\/de\/aktuelles\/wizyta-dygnitarzy-z-republiki-czeskiej-w-muzeum-papiernictwa\/","title":{"rendered":"Ehreng\u00e4ste aus der Tschechischen Republik im Museum f\u00fcr  Papierherstellung in Duszniki-Zdr\u00f3j"},"content":{"rendered":"<p><\/p>\n<p><strong>Am 3. Januar 2023 statteten des Museums f\u00fcr Papierherstellung in Duszniki Zdr\u00f3j (Bad Reinerz) besondere G\u00e4ste aus der Tschechischen Republik einen Besuch ab, angef\u00fchrt von Ale\u0161 Michla, dem Pr\u00e4sidenten der Tschechischen Nationalbank. Der Delegation geh\u00f6rten au\u00dferdem an: Dr. Vladim\u00edr Kruli\u0161, Leiter des Protokolls der Kanzlei des Pr\u00e4sidenten der Tschechischen Republik, Jan Birke, B\u00fcrgermeister von N\u00e1chod, Nina Adlof, Sprecherin von N\u00e1chod. Auch der B\u00fcrgermeister von Duszniki-Zdr\u00f3j, Piotr Lewandowski, und der Pr\u00e4sident der Euroregion Glacensis, Czes\u0142aw Kr\u0119cichwost, wohnten dem Besuch im Museum bei.<\/strong><\/p>\n<p>Anlass f\u00fcr den Besuch der hochrangigen Vertreter aus der Tschechischen Republik war die Ausstellung im Museum f\u00fcr Papierherstellung mit dem Titel &#8222;Nachbarn. Banknoten des polnisch-tschechischen Grenzgebiets&#8220;, in der unter anderem tschechoslowakische und tschechische Banknoten vorgestellt wurden. Dar\u00fcber hinaus erkl\u00e4rten die G\u00e4ste, dass sie die gutnachbarschaftlichen Beziehungen zwischen Polen und der Tschechischen Republik st\u00e4rken wollen, insbesondere im Rahmen der grenz\u00fcbergreifenden Zusammenarbeit, die von den lokalen Beh\u00f6rden von Nachod, Kudowa-Zdr\u00f3j und Duszniki-Zdr\u00f3j sowie der Euroregion Glacensis umgesetzt wird.<\/p>\n<p>Begr\u00fc\u00dft wurden die G\u00e4ste vom Direktor des Museums f\u00fcr Papierherstellung \u00a0Maciej Szymczyk, der die Ziele der Ausstellung erl\u00e4uterte: Tschechen zum Besuch des Duszniki-Museums anzuregen und das Wissen \u00fcber die tschechische Kultur und Geschichte unter den polnischen Besuchern\u00a0 und der Kultur und Geschichte\u00a0 Polens unter tschechischen G\u00e4sten zu verbreiten. Anschlie\u00dfend f\u00fchrten die Kuratoren Karolina Dyjas und Marcin Wyszy\u0144ski durch die Ausstellung und erl\u00e4uterten die \u00c4hnlichkeiten und Unterschiede zwischen den tschechoslowakischen und seit 1993 tschechischen &#8222;bankovky&#8220; und den Banknoten, die sich in vergleichbaren historischen Zeitr\u00e4umen in Polen in Umlauf befanden.<\/p>\n<p>Eine weitere Attraktion, die von den Mitarbeitern des Museums vorbereitet wurde, war eine Demonstration der Papierherstellung und von Handabdr\u00fccken in Papiermasse. Von jedem Besucher wurden zwei Handabdr\u00fccke genommen, von denen einer f\u00fcr den &#8222;Besitzer der Hand&#8220; vorgesehen war, der andere verblieb in den Sammlungen des Museums.<\/p>\n<p>Zum Abschluss des Besuchs informierte Direktor Szymczyk die G\u00e4ste \u00fcber das internationale Projekt, welches von Polen unter ma\u00dfgeblicher Beteiligung des Museums f\u00fcr Papierherstellung durchgef\u00fchrt wird und die Aufnahme von Papierm\u00fchlen aus der vorindustriellen Zeit in die UNESCO-Liste zum Ziel hat. Die Gruppe von 6 Papierm\u00fchlen aus verschiedenen L\u00e4ndern umfasst Objekte aus Polen (Duszniki-Zdr\u00f3j) und der Tschechischen Republik (Velkie Losiny).<\/p>\n<p>Die G\u00e4ste lobten sowohl das Museum f\u00fcr Papierherstellung als auch die von der Einrichtung durchgef\u00fchrten Projekte. Sie zeigten sich \u00fcber das hohe Niveau der Ausstellung &#8222;Nachbarn. Banknoten des polnisch-tschechischen Grenzgebiets&#8220; angenehm \u00fcberrascht. Und so entstand auch die Idee, die Ausstellung auch in N\u00e1chod zu pr\u00e4sentieren. Die G\u00e4ste zeigten sich angetan von der Idee, die Papierm\u00fchlen in die UNESCO-Liste aufzunehmen.\u00a0<\/p>\n<p><strong>Dr. Ing. Ale\u0161 Michl <\/strong>ist ein f\u00fchrender tschechischer Wirtschaftswissenschaftler und ein Bef\u00fcrworter der St\u00e4rkung der tschechischen W\u00e4hrung. Seit Juli 2022 ist er Direktor der Tschechischen Nationalbank.<\/p>\n<hr \/>\n\n\t\t<style type=\"text\/css\">\n\t\t\t#gallery-2 {\n\t\t\t\tmargin: auto;\n\t\t\t}\n\t\t\t#gallery-2 .gallery-item {\n\t\t\t\tfloat: left;\n\t\t\t\tmargin-top: 10px;\n\t\t\t\ttext-align: center;\n\t\t\t\twidth: 33%;\n\t\t\t}\n\t\t\t#gallery-2 img {\n\t\t\t\tborder: 2px solid #cfcfcf;\n\t\t\t}\n\t\t\t#gallery-2 .gallery-caption {\n\t\t\t\tmargin-left: 0;\n\t\t\t}\n\t\t\t\/* see gallery_shortcode() in wp-includes\/media.php *\/\n\t\t<\/style>\n\t\t<div id='gallery-2' class='gallery galleryid-19993 gallery-columns-3 gallery-size-thumbnail'><dl class='gallery-item'>\n\t\t\t<dt class='gallery-icon landscape'>\n\t\t\t\t<a href='https:\/\/muzeumpapiernictwa.pl\/wp-content\/uploads\/2023\/01\/MUP_9796.jpg' title=\"\" data-rl_title=\"\" class=\"rl-gallery-link\" data-rl_caption=\"\" data-rel=\"lightbox-gallery-2\"><img loading=\"lazy\" decoding=\"async\" width=\"150\" height=\"150\" src=\"https:\/\/muzeumpapiernictwa.pl\/wp-content\/uploads\/2023\/01\/MUP_9796-150x150.jpg\" class=\"attachment-thumbnail size-thumbnail\" \/><\/a>\n\t\t\t<\/dt><\/dl><dl class='gallery-item'>\n\t\t\t<dt class='gallery-icon portrait'>\n\t\t\t\t<a href='https:\/\/muzeumpapiernictwa.pl\/wp-content\/uploads\/2023\/01\/MUP_9810.jpg' title=\"\" data-rl_title=\"\" class=\"rl-gallery-link\" data-rl_caption=\"\" data-rel=\"lightbox-gallery-2\"><img loading=\"lazy\" decoding=\"async\" width=\"150\" height=\"150\" src=\"https:\/\/muzeumpapiernictwa.pl\/wp-content\/uploads\/2023\/01\/MUP_9810-150x150.jpg\" class=\"attachment-thumbnail size-thumbnail\" \/><\/a>\n\t\t\t<\/dt><\/dl><dl class='gallery-item'>\n\t\t\t<dt class='gallery-icon landscape'>\n\t\t\t\t<a href='https:\/\/muzeumpapiernictwa.pl\/wp-content\/uploads\/2023\/01\/MUP_9824.jpg' title=\"\" data-rl_title=\"\" class=\"rl-gallery-link\" data-rl_caption=\"\" data-rel=\"lightbox-gallery-2\"><img loading=\"lazy\" decoding=\"async\" width=\"150\" height=\"150\" src=\"https:\/\/muzeumpapiernictwa.pl\/wp-content\/uploads\/2023\/01\/MUP_9824-150x150.jpg\" class=\"attachment-thumbnail size-thumbnail\" \/><\/a>\n\t\t\t<\/dt><\/dl><br style=\"clear: both\" \/><dl class='gallery-item'>\n\t\t\t<dt class='gallery-icon landscape'>\n\t\t\t\t<a href='https:\/\/muzeumpapiernictwa.pl\/wp-content\/uploads\/2023\/01\/MUP_9835.jpg' title=\"\" data-rl_title=\"\" class=\"rl-gallery-link\" data-rl_caption=\"\" data-rel=\"lightbox-gallery-2\"><img loading=\"lazy\" decoding=\"async\" width=\"150\" height=\"150\" src=\"https:\/\/muzeumpapiernictwa.pl\/wp-content\/uploads\/2023\/01\/MUP_9835-150x150.jpg\" class=\"attachment-thumbnail size-thumbnail\" \/><\/a>\n\t\t\t<\/dt><\/dl><dl class='gallery-item'>\n\t\t\t<dt class='gallery-icon landscape'>\n\t\t\t\t<a href='https:\/\/muzeumpapiernictwa.pl\/wp-content\/uploads\/2023\/01\/MUP_9874.jpg' title=\"\" data-rl_title=\"\" class=\"rl-gallery-link\" data-rl_caption=\"\" data-rel=\"lightbox-gallery-2\"><img loading=\"lazy\" decoding=\"async\" width=\"150\" height=\"150\" src=\"https:\/\/muzeumpapiernictwa.pl\/wp-content\/uploads\/2023\/01\/MUP_9874-150x150.jpg\" class=\"attachment-thumbnail size-thumbnail\" \/><\/a>\n\t\t\t<\/dt><\/dl><dl class='gallery-item'>\n\t\t\t<dt class='gallery-icon landscape'>\n\t\t\t\t<a href='https:\/\/muzeumpapiernictwa.pl\/wp-content\/uploads\/2023\/01\/MUP_9881.jpg' title=\"\" data-rl_title=\"\" class=\"rl-gallery-link\" data-rl_caption=\"\" data-rel=\"lightbox-gallery-2\"><img loading=\"lazy\" decoding=\"async\" width=\"150\" height=\"150\" src=\"https:\/\/muzeumpapiernictwa.pl\/wp-content\/uploads\/2023\/01\/MUP_9881-150x150.jpg\" class=\"attachment-thumbnail size-thumbnail\" \/><\/a>\n\t\t\t<\/dt><\/dl><br style=\"clear: both\" \/><dl class='gallery-item'>\n\t\t\t<dt class='gallery-icon landscape'>\n\t\t\t\t<a href='https:\/\/muzeumpapiernictwa.pl\/wp-content\/uploads\/2023\/01\/MUP_9893.jpg' title=\"\" data-rl_title=\"\" class=\"rl-gallery-link\" data-rl_caption=\"\" data-rel=\"lightbox-gallery-2\"><img loading=\"lazy\" decoding=\"async\" width=\"150\" height=\"150\" src=\"https:\/\/muzeumpapiernictwa.pl\/wp-content\/uploads\/2023\/01\/MUP_9893-150x150.jpg\" class=\"attachment-thumbnail size-thumbnail\" \/><\/a>\n\t\t\t<\/dt><\/dl><dl class='gallery-item'>\n\t\t\t<dt class='gallery-icon landscape'>\n\t\t\t\t<a href='https:\/\/muzeumpapiernictwa.pl\/wp-content\/uploads\/2023\/01\/MUP_9918.jpg' title=\"\" data-rl_title=\"\" class=\"rl-gallery-link\" data-rl_caption=\"\" data-rel=\"lightbox-gallery-2\"><img loading=\"lazy\" decoding=\"async\" width=\"150\" height=\"150\" src=\"https:\/\/muzeumpapiernictwa.pl\/wp-content\/uploads\/2023\/01\/MUP_9918-150x150.jpg\" class=\"attachment-thumbnail size-thumbnail\" \/><\/a>\n\t\t\t<\/dt><\/dl><dl class='gallery-item'>\n\t\t\t<dt class='gallery-icon landscape'>\n\t\t\t\t<a href='https:\/\/muzeumpapiernictwa.pl\/wp-content\/uploads\/2023\/01\/MUP_9934.jpg' title=\"\" data-rl_title=\"\" class=\"rl-gallery-link\" data-rl_caption=\"\" data-rel=\"lightbox-gallery-2\"><img loading=\"lazy\" decoding=\"async\" width=\"150\" height=\"150\" src=\"https:\/\/muzeumpapiernictwa.pl\/wp-content\/uploads\/2023\/01\/MUP_9934-150x150.jpg\" class=\"attachment-thumbnail size-thumbnail\" \/><\/a>\n\t\t\t<\/dt><\/dl><br style=\"clear: both\" \/><dl class='gallery-item'>\n\t\t\t<dt class='gallery-icon portrait'>\n\t\t\t\t<a href='https:\/\/muzeumpapiernictwa.pl\/wp-content\/uploads\/2023\/01\/MUP_9942.jpg' title=\"\" data-rl_title=\"\" class=\"rl-gallery-link\" data-rl_caption=\"\" data-rel=\"lightbox-gallery-2\"><img loading=\"lazy\" decoding=\"async\" width=\"150\" height=\"150\" src=\"https:\/\/muzeumpapiernictwa.pl\/wp-content\/uploads\/2023\/01\/MUP_9942-150x150.jpg\" class=\"attachment-thumbnail size-thumbnail\" \/><\/a>\n\t\t\t<\/dt><\/dl><dl class='gallery-item'>\n\t\t\t<dt class='gallery-icon portrait'>\n\t\t\t\t<a href='https:\/\/muzeumpapiernictwa.pl\/wp-content\/uploads\/2023\/01\/MUP_9949.jpg' title=\"\" data-rl_title=\"\" class=\"rl-gallery-link\" data-rl_caption=\"\" data-rel=\"lightbox-gallery-2\"><img loading=\"lazy\" decoding=\"async\" width=\"150\" height=\"150\" src=\"https:\/\/muzeumpapiernictwa.pl\/wp-content\/uploads\/2023\/01\/MUP_9949-150x150.jpg\" class=\"attachment-thumbnail size-thumbnail\" \/><\/a>\n\t\t\t<\/dt><\/dl><dl class='gallery-item'>\n\t\t\t<dt class='gallery-icon landscape'>\n\t\t\t\t<a href='https:\/\/muzeumpapiernictwa.pl\/wp-content\/uploads\/2023\/01\/MUP_9810-kwadrat.jpg' title=\"\" data-rl_title=\"\" class=\"rl-gallery-link\" data-rl_caption=\"\" data-rel=\"lightbox-gallery-2\"><img loading=\"lazy\" decoding=\"async\" width=\"150\" height=\"150\" src=\"https:\/\/muzeumpapiernictwa.pl\/wp-content\/uploads\/2023\/01\/MUP_9810-kwadrat-150x150.jpg\" class=\"attachment-thumbnail size-thumbnail\" srcset=\"https:\/\/muzeumpapiernictwa.pl\/wp-content\/uploads\/2023\/01\/MUP_9810-kwadrat-150x150.jpg 150w, https:\/\/muzeumpapiernictwa.pl\/wp-content\/uploads\/2023\/01\/MUP_9810-kwadrat-300x300.jpg 300w, https:\/\/muzeumpapiernictwa.pl\/wp-content\/uploads\/2023\/01\/MUP_9810-kwadrat-1024x1024.jpg 1024w, https:\/\/muzeumpapiernictwa.pl\/wp-content\/uploads\/2023\/01\/MUP_9810-kwadrat-768x768.jpg 768w, https:\/\/muzeumpapiernictwa.pl\/wp-content\/uploads\/2023\/01\/MUP_9810-kwadrat-600x600.jpg 600w, https:\/\/muzeumpapiernictwa.pl\/wp-content\/uploads\/2023\/01\/MUP_9810-kwadrat.jpg 1279w\" sizes=\"auto, (max-width: 150px) 100vw, 150px\" \/><\/a>\n\t\t\t<\/dt><\/dl><br style=\"clear: both\" \/><dl class='gallery-item'>\n\t\t\t<dt class='gallery-icon portrait'>\n\t\t\t\t<a href='https:\/\/muzeumpapiernictwa.pl\/wp-content\/uploads\/2023\/01\/MUP_9972.jpg' title=\"\" data-rl_title=\"\" class=\"rl-gallery-link\" data-rl_caption=\"\" data-rel=\"lightbox-gallery-2\"><img loading=\"lazy\" decoding=\"async\" width=\"150\" height=\"150\" src=\"https:\/\/muzeumpapiernictwa.pl\/wp-content\/uploads\/2023\/01\/MUP_9972-150x150.jpg\" class=\"attachment-thumbnail size-thumbnail\" \/><\/a>\n\t\t\t<\/dt><\/dl><dl class='gallery-item'>\n\t\t\t<dt class='gallery-icon landscape'>\n\t\t\t\t<a href='https:\/\/muzeumpapiernictwa.pl\/wp-content\/uploads\/2023\/01\/MUP_9985.jpg' title=\"\" data-rl_title=\"\" class=\"rl-gallery-link\" data-rl_caption=\"\" data-rel=\"lightbox-gallery-2\"><img loading=\"lazy\" decoding=\"async\" width=\"150\" height=\"150\" src=\"https:\/\/muzeumpapiernictwa.pl\/wp-content\/uploads\/2023\/01\/MUP_9985-150x150.jpg\" class=\"attachment-thumbnail size-thumbnail\" \/><\/a>\n\t\t\t<\/dt><\/dl>\n\t\t\t<br style='clear: both' \/>\n\t\t<\/div>\n\n<p><\/p>","protected":false},"excerpt":{"rendered":"<p>Am 3. Januar 2023 statteten des Museums f\u00fcr Papierherstellung in Duszniki Zdr\u00f3j (Bad Reinerz) besondere G\u00e4ste aus der Tschechischen Republik einen Besuch ab, angef\u00fchrt von Ale\u0161 Michla, dem Pr\u00e4sidenten der Tschechischen Nationalbank. Der Delegation geh\u00f6rten au\u00dferdem an: Dr. Vladim\u00edr Kruli\u0161, Leiter des Protokolls der Kanzlei des Pr\u00e4sidenten der Tschechischen Republik, Jan Birke, B\u00fcrgermeister von N\u00e1chod, [&hellip;]<\/p>\n","protected":false},"author":15,"featured_media":20003,"parent":137,"menu_order":3,"comment_status":"closed","ping_status":"closed","template":"","meta":{"_acf_changed":false,"ngg_post_thumbnail":0,"footnotes":""},"class_list":["post-19993","page","type-page","status-publish","has-post-thumbnail","hentry"],"acf":[],"_links":{"self":[{"href":"https:\/\/muzeumpapiernictwa.pl\/de\/wp-json\/wp\/v2\/pages\/19993","targetHints":{"allow":["GET"]}}],"collection":[{"href":"https:\/\/muzeumpapiernictwa.pl\/de\/wp-json\/wp\/v2\/pages"}],"about":[{"href":"https:\/\/muzeumpapiernictwa.pl\/de\/wp-json\/wp\/v2\/types\/page"}],"author":[{"embeddable":true,"href":"https:\/\/muzeumpapiernictwa.pl\/de\/wp-json\/wp\/v2\/users\/15"}],"replies":[{"embeddable":true,"href":"https:\/\/muzeumpapiernictwa.pl\/de\/wp-json\/wp\/v2\/comments?post=19993"}],"version-history":[{"count":2,"href":"https:\/\/muzeumpapiernictwa.pl\/de\/wp-json\/wp\/v2\/pages\/19993\/revisions"}],"predecessor-version":[{"id":20023,"href":"https:\/\/muzeumpapiernictwa.pl\/de\/wp-json\/wp\/v2\/pages\/19993\/revisions\/20023"}],"up":[{"embeddable":true,"href":"https:\/\/muzeumpapiernictwa.pl\/de\/wp-json\/wp\/v2\/pages\/137"}],"wp:featuredmedia":[{"embeddable":true,"href":"https:\/\/muzeumpapiernictwa.pl\/de\/wp-json\/wp\/v2\/media\/20003"}],"wp:attachment":[{"href":"https:\/\/muzeumpapiernictwa.pl\/de\/wp-json\/wp\/v2\/media?parent=19993"}],"curies":[{"name":"wp","href":"https:\/\/api.w.org\/{rel}","templated":true}]}}