{"id":19577,"date":"2022-11-14T09:15:17","date_gmt":"2022-11-14T08:15:17","guid":{"rendered":"https:\/\/muzeumpapiernictwa.pl\/?page_id=19577"},"modified":"2023-08-08T09:48:56","modified_gmt":"2023-08-08T07:48:56","slug":"regulamin-zwiedzania-muzeum-papiernictwa","status":"publish","type":"page","link":"https:\/\/muzeumpapiernictwa.pl\/de\/regelungen-fur-den-besuch-des-museums-fur-papierherstellung\/","title":{"rendered":"Regelungen f\u00fcr den Besuch des Museums f\u00fcr Papierherstellung"},"content":{"rendered":"<p><\/p>\n<p>Anlage zur Verordnung Nr. 3\/2022 des Direktors des Museums f\u00fcr Papierherstellung vom 28. M\u00e4rz 2022.<br \/>\nG\u00fcltig ab 29. M\u00e4rz 2022.<\/p>\n<p>&nbsp;<\/p>\n<p><strong>\u00a7 1. Allgemeine Bestimmungen<\/strong><\/p>\n<ol>\n<li>Die Besuchsordnung des Museums f\u00fcr Papierherstellung legt die Regeln f\u00fcr die Nutzung der kulturellen Dienstleistungen des Museums fest und dient der Gew\u00e4hrleistung der Sicherheit sowohl der Besucher als auch der Museumsmitarbeiter.<\/li>\n<li>Das Museum ist f\u00fcr Besucher ge\u00f6ffnet:<br \/>\na. Mai-August: Montag bis Samstag, 9.00-18.00, sonntags 9.00-16.00,<br \/>\nb. September-Oktober: Montag &#8211; Samstag 9.00-17.00, sonntags 9.00-16.00,<br \/>\nc. November-April: Dienstag bis Sonntag 9.00-15.00 Uhr.<br \/>\nDetaillierte Informationen zu den \u00d6ffnungstagen und -zeiten des Museums sowie zu m\u00f6glichen \u00c4nderungen finden Sie auf der Website www.muzeumpapiernictwa.pl, am Eingang des Museums und in der Halle neben der Kasse.<\/li>\n<li>Das Museum beh\u00e4lt sich das Recht vor, die Besuchszeiten zu \u00e4ndern, um den Service f\u00fcr den Touristenverkehr zu verbessern.<\/li>\n<li>Um die Sicherheit der sich im Museum und auf dem Gel\u00e4nde aufhaltenden Personen zu gew\u00e4hrleisten, wird im Geb\u00e4ude und auf dem Museumsgel\u00e4nde eine Video\u00fcberwachung durchgef\u00fchrt.<\/li>\n<li>Die Museumsausstellung besteht aus zwei Routen:<br \/>\na. der Weg \u201eMit Papier f\u00fcr zwei Jahrtausende\u201c besichtigt mit Hilfe einer vom eigenen Ger\u00e4t (z. B. Smartphone, iPad) gespielten Geschichte oder eines Audioguides (keine zus\u00e4tzliche Geb\u00fchr), ggf. mit Textausdruck f\u00fcr einzelne R\u00e4ume,<br \/>\nb. die Route \u201eKunst und Geld\u201c, unabh\u00e4ngig erkundet.<br \/>\nDie Besichtigungszeit des Ganzen betr\u00e4gt ca. 2 Stunden.<\/li>\n<li>Es ist m\u00f6glich, mit der Besichtigung des gesamten Museums sp\u00e4testens 2 Stunden vor Museumsschluss zu beginnen. Wenn Besucher sp\u00e4ter als 2 Stunden vor Ausstellungsschluss im Museum eintreffen, steht ihnen eine der Routen zur Verf\u00fcgung: \u201eMit Papier f\u00fcr zwei Jahrtausende\u201c oder \u201eKunst und Geld\u201c oder die Teilnahme an Workshops zur Papierherstellung. Ein zu geringer Zeitaufwand des Besuchers f\u00fcr den Besuch der Ausstellungen stellt keinen Reklamationsgrund dar.<\/li>\n<li>Aus Sicherheitsgr\u00fcnden ist die Anzahl der Besucher, die sich gleichzeitig in den Ausstellungen des Museums aufhalten, begrenzt. Aus diesem Grund kann der Zutritt von Besuchern zu einzelnen Ausstellungen vor\u00fcbergehend gesperrt werden.<\/li>\n<li>Der Tag des freien Zugangs zur Ausstellung ist von Mai bis Oktober und in den Winterferien der Montag, von November bis April (au\u00dfer in den Winterferien) der Dienstag.<br \/>\na. Das kostenlose Besichtigungsangebot richtet sich ausschlie\u00dflich an Individualtouristen und beinhaltet den Besuch der Ausstellung \u201eMit Papier f\u00fcr zwei Jahrtausende\u201c ohne Audioguide und ohne Teilnahme an der Vorf\u00fchrung der Papierherstellung.<br \/>\nb. Um das Angebot f\u00fcr Besucher am Tag des kostenlosen Besuchs um den Salon und die Route \u201eKunst und Geld\u201c zu erweitern, wurde die M\u00f6glichkeit eingef\u00fchrt, eine Eintrittskarte zu erwerben, die den Besuch des gesamten Museums erm\u00f6glicht.<\/li>\n<\/ol>\n<p><strong>\u00a7 2. Regeln f\u00fcr die individuelle Betreuung der Besucher<\/strong><\/p>\n<ol>\n<li>Die Eintrittstermine f\u00fcr das Museum werden alle 30 Minuten festgelegt, beginnend um 9.00 Uhr. Der letzte Einlass ins Museum ist eine Stunde vor Schlie\u00dfung der Ausstellungen.<\/li>\n<li>Es wird eine Begrenzung der Einzelbesucher pro Eintrittstermin auf bis zu 30 Personen eingef\u00fchrt.<\/li>\n<li>F\u00fcr Besichtigungen ist eine telefonische Reservierung w\u00e4hrend der \u00d6ffnungszeiten des Museums unter der Nummer 74 8627424 erforderlich. Personen, die keine Reservierung f\u00fcr ein bestimmtes Datum vornehmen, werden nur bedient, wenn im Rahmen der in Punkt 2 genannten Grenze freie Pl\u00e4tze vorhanden sind \u00a7 2 der Gesch\u00e4ftsordnung.<\/li>\n<\/ol>\n<p><strong>\u00a7 3. Regeln f\u00fcr den Umgang mit organisierten Gruppen<\/strong><\/p>\n<ol>\n<li>Organisierte Gruppen werden nur nach vorheriger Reservierung akzeptiert.<\/li>\n<li>Die Gruppenleiter sind verpflichtet, in Fragen der Aufrechterhaltung der Ordnung und Sicherheit der Besucher eng mit den Mitarbeitern des Museums f\u00fcr Papierherstellung zusammenzuarbeiten.<\/li>\n<li>Organisierte Gruppen k\u00f6nnen nicht zusammengelegt werden.<\/li>\n<li>Organisierte Gruppen werden mit einem Audioguide mit Soundsystem oder nach vorheriger Reservierung durch den Museumsf\u00fchrer gef\u00fchrt.<\/li>\n<li>Das Museum bietet organisierten Gruppen kostenpflichtige Museumskurse an.<\/li>\n<li>Der Unterricht findet von Montag bis Freitag statt; F\u00fcr sie besteht eine strikte Terminreservierung.<\/li>\n<li>W\u00e4hrend des Museumsunterrichts k\u00f6nnen bis zu 25 Teilnehmer im praktischen Unterrichtsraum \u00fcbernachten.<\/li>\n<li>Die Teilnehmer des Unterrichts m\u00fcssen vor dem Unterricht unbedingt ihre H\u00e4nde desinfizieren.<\/li>\n<\/ol>\n<p><strong>\u00a7 4. Museumsworkshops<\/strong><\/p>\n<ol>\n<li>Das Museum bietet Besuchern kostenpflichtige Museumsworkshops an. Vorrangig an den Workshops teilnehmen k\u00f6nnen Personen mit vorheriger Reservierung.<\/li>\n<li>Die Workshops finden an jedem Werktag des Museums statt und beginnen zur vollen Stunde.<\/li>\n<li>Es wird empfohlen, dass die Teilnehmer w\u00e4hrend des Unterrichts Masken tragen.<\/li>\n<li>Bis zu 8 Personen k\u00f6nnen gleichzeitig am Workshop teilnehmen.<\/li>\n<li>Der Workshop steht Erwachsenen und Kindern ab 5 Jahren offen.<\/li>\n<li>Kinder bis zum vollendeten 7. Lebensjahr nehmen nur unter der Aufsicht ihrer Eltern oder Erziehungsberechtigten am Unterricht teil.<\/li>\n<\/ol>\n<p><strong>\u00a7 5&nbsp;Verkauf von Eintrittskarten f\u00fcr Museumsdienstleistungen<\/strong><\/p>\n<ol>\n<li>Der Besuch der Ausstellungen des Museums und die Teilnahme an Veranstaltungen des Museums sind kostenpflichtig.<\/li>\n<li>Die H\u00f6he der Geb\u00fchren ist in der Preisliste angegeben, die auf der Website des Museums und an der Kasse erh\u00e4ltlich ist.<\/li>\n<li>Die Kasse akzeptiert Zahlungen in PLN sowie VISA- und MasterCard-Zahlungskarten.<\/li>\n<li>Beim Ticketverkauf stellt die Kasse eine Rechnung bzw. Quittung und ein Erinnerungsticket aus. Der einzige Zahlungsnachweis, der Sie zum Besuch berechtigt, ist eine Quittung oder eine Rechnung.<\/li>\n<li>Die Person, die das Ticket kauft, kann gebeten werden, die Postleitzahl bzw. bei Besuchern aus dem Ausland das Herkunftsland anzugeben. Diese Informationen werden nur zu statistischen Zwecken erhoben.<\/li>\n<li>Der Verkauf von Eintrittskarten kann aus Sicherheitsgr\u00fcnden vor\u00fcbergehend eingestellt werden, wodurch die Anzahl der Besucher gleichzeitig in den Ausstellungen begrenzt wird.<\/li>\n<li>Rechnungen werden gem\u00e4\u00df den geltenden Vorschriften f\u00fcr Personen, Institutionen und Unternehmen ausgestellt, die Eintrittskarten f\u00fcr Ausstellungen oder Museumsworkshops erworben haben.<\/li>\n<\/ol>\n<p><strong>\u00a7 6 Regeln f\u00fcr den Museumsbesuch<\/strong><\/p>\n<ol>\n<li>Der Bereich des Museums ist gesch\u00fctzt und \u00fcberwacht.<\/li>\n<li>Jede Person, die das Museum besucht, ist verpflichtet, die in der Ordnung und den Anweisungen des Personals festgelegten Sicherheitsregeln einzuhalten.<\/li>\n<li>Im Museumsgeb\u00e4ude ist es verboten:<br \/>\na. das Betreten anderer als der f\u00fcr Besucher bestimmten Bereiche,<br \/>\nb. M\u00fcll,<br \/>\nc. Ber\u00fchren der Ausstellungsst\u00fccke,<br \/>\nd. essen und trinken,<br \/>\nf. Rauchen von Tabakwaren und elektronischen Zigaretten,<br \/>\nb. Laufen und Rutschen auf dem Boden,<br \/>\nh. lautes Verhalten, das die Ruhe anderer Besucher st\u00f6rt, gef\u00e4hrliche Situationen schafft,<br \/>\ni. Taschen, Rucks\u00e4cke, Sportger\u00e4te (z. B. Ski) auf den Ausstellungsbereich mitbringen,<br \/>\nm. Fotografieren und Filmen von Ausstellungsr\u00e4umen unter Verwendung einer zus\u00e4tzlichen Lichtquelle,<br \/>\nn. Fotografieren und Filmen der Sicherheitssysteme des Museums,<br \/>\no. Schusswaffen, Sprengstoffe und andere gesundheits- und lebensgef\u00e4hrliche Gegenst\u00e4nde in das Museum mitzubringen,<br \/>\np. das Einbringen aggressiver Tiere (Personen, die Tiere einbringen, \u00fcbernehmen die volle Verantwortung daf\u00fcr),<br \/>\nq. Elemente der Museumsausstattung willk\u00fcrlich bewegen,<br \/>\nr. Zerst\u00f6rung von Teilen der Museumsausstattung,<br \/>\ns. zur Durchf\u00fchrung kommerzieller, werblicher oder politischer Agitationsaktivit\u00e4ten.<br \/>\n4. Den folgenden Personen ist der Aufenthalt im Museumsgeb\u00e4ude untersagt:<br \/>\na. der Besitz gef\u00e4hrlicher Gegenst\u00e4nde oder Materialien;<br \/>\nb. unter dem Einfluss von Alkohol, Drogen oder psychoaktiven Substanzen;<br \/>\nc. deren Kleidung dem Ernst des Museums nicht angemessen ist.<br \/>\n5. Kinder unter 10 Jahren d\u00fcrfen sich im Museum nur unter Aufsicht eines Erwachsenen aufhalten.<br \/>\n6. Eltern und Erziehungsberechtigte haften f\u00fcr Sch\u00e4den, die durch von ihnen betreute Kinder verursacht werden.<\/li>\n<\/ol>\n<p><strong>\u00a7 7. Schlussbestimmungen<\/strong><\/p>\n<ol>\n<li>Mit dem Kauf einer Eintrittskarte f\u00fcr das Museum akzeptieren Sie diese Ordnung.<\/li>\n<li>Die Nichteinhaltung dieser Ordnung durch Besucher stellt den Grund dar, den Besucher zum Verlassen des Museumsgel\u00e4ndes aufzufordern. Wer wegen Nichteinhaltung der Ordnung zum Verlassen des Museumsgel\u00e4ndes aufgefordert wird, hat keinen Anspruch auf R\u00fcckerstattung der entstandenen Kosten.<\/li>\n<li>Kommentare, Beschwerden und Anfragen bez\u00fcglich der Aktivit\u00e4ten des Museums und der Besucherbetreuung k\u00f6nnen an das Museumssekretariat oder per E-Mail an biuro@muzpap.pl gerichtet werden.<\/li>\n<\/ol>\n<p><\/p>","protected":false},"excerpt":{"rendered":"<p>Anlage zur Verordnung Nr. 3\/2022 des Direktors des Museums f\u00fcr Papierherstellung vom 28. M\u00e4rz 2022. G\u00fcltig ab 29. M\u00e4rz 2022. &nbsp; \u00a7 1. Allgemeine Bestimmungen Die Besuchsordnung des Museums f\u00fcr Papierherstellung legt die Regeln f\u00fcr die Nutzung der kulturellen Dienstleistungen des Museums fest und dient der Gew\u00e4hrleistung der Sicherheit sowohl der Besucher als auch der [&hellip;]<\/p>\n","protected":false},"author":2,"featured_media":0,"parent":0,"menu_order":3,"comment_status":"closed","ping_status":"closed","template":"","meta":{"_acf_changed":false,"ngg_post_thumbnail":0,"footnotes":""},"class_list":["post-19577","page","type-page","status-publish","hentry"],"acf":[],"_links":{"self":[{"href":"https:\/\/muzeumpapiernictwa.pl\/de\/wp-json\/wp\/v2\/pages\/19577","targetHints":{"allow":["GET"]}}],"collection":[{"href":"https:\/\/muzeumpapiernictwa.pl\/de\/wp-json\/wp\/v2\/pages"}],"about":[{"href":"https:\/\/muzeumpapiernictwa.pl\/de\/wp-json\/wp\/v2\/types\/page"}],"author":[{"embeddable":true,"href":"https:\/\/muzeumpapiernictwa.pl\/de\/wp-json\/wp\/v2\/users\/2"}],"replies":[{"embeddable":true,"href":"https:\/\/muzeumpapiernictwa.pl\/de\/wp-json\/wp\/v2\/comments?post=19577"}],"version-history":[{"count":21,"href":"https:\/\/muzeumpapiernictwa.pl\/de\/wp-json\/wp\/v2\/pages\/19577\/revisions"}],"predecessor-version":[{"id":21298,"href":"https:\/\/muzeumpapiernictwa.pl\/de\/wp-json\/wp\/v2\/pages\/19577\/revisions\/21298"}],"wp:attachment":[{"href":"https:\/\/muzeumpapiernictwa.pl\/de\/wp-json\/wp\/v2\/media?parent=19577"}],"curies":[{"name":"wp","href":"https:\/\/api.w.org\/{rel}","templated":true}]}}