{"id":18970,"date":"2022-07-12T07:38:34","date_gmt":"2022-07-12T05:38:34","guid":{"rendered":"https:\/\/muzeumpapiernictwa.pl\/?page_id=18970"},"modified":"2022-07-12T14:26:35","modified_gmt":"2022-07-12T12:26:35","slug":"za-siodma-gora-za-siodma-rzeka-czyli-o-tym-jak-japonski-warsztat-papierniczy-trafil-do-muzeum","status":"publish","type":"page","link":"https:\/\/muzeumpapiernictwa.pl\/de\/aktuelles\/za-siodma-gora-za-siodma-rzeka-czyli-o-tym-jak-japonski-warsztat-papierniczy-trafil-do-muzeum\/","title":{"rendered":"Japanische Papierwerkstatt im Papiermuseum Bad Reinerz (Duszniki-Zdr\u00f3j)"},"content":{"rendered":"<p><\/p>\n<p><strong>Die Sammlungen des Papiermuseums wurde unl\u00e4ngst um eine originale Papiermacherwerkstatt aus dem japanischen Dorf Echizen erweitert, wo die Tradition der Papierherstellung bereits 1.300 Jahre gepflegt wird. Die Ausstellung besteht aus Ger\u00e4ten zur Papierherstellung, einem Altar mit einer Statue der Papierg\u00f6ttin Kawakami Gozen und einer gro\u00dfen Sammlung von Washi-B\u00f6gen &#8211; Geschenke der Familie Yamaguchi und vieler anderer im Dorf t\u00e4tiger Papiermacher. Japanischen Spendern ist es zu verdanken, dass das Papiermuseum Bad Reinerz eine der interessantesten Sammlungen zur japanischen Papiermacherei auf unserem Kontinent beherbergt. Eine umfangreiche Sammlung japanischer Washi-B\u00f6gen befindet sich in zwei weiteren europ\u00e4ischen Museen, dem Victoria and Albert Museum in London und dem Ethnographischen Museum in Leiden. Aber nur in Duszniki kann man sich all die Ger\u00e4te ansehen, die zur Herstellung von Papierb\u00f6gen verwendet werden. So ist die Papierm\u00fchle in Bad Reinerz nicht nur ein wichtiger Ort f\u00fcr die Pflege der europ\u00e4ischen Papiermachertraditionen, sondern avanciert auch zu einer immer wichtigeren Sammelstelle f\u00fcr Objekte und Wissen \u00fcber die Papierherstellung im globalen Rahmen. <\/strong><\/p>\n<p><strong>Die japanische Sammlung ist vom 8. Juli bis zum 2. Oktober 2022 im Papiermuseum zu sehen.<\/strong><\/p>\n<p>&nbsp;<\/p>\n<p>Einige der in dieser Sammlung enthaltenen Werkzeuge stammen aus der ersten H\u00e4lfte des 20. Jh., die meisten jedoch gehen auf das letzte Jahrhundert zur\u00fcck. Hier sehen wir unter anderem eine Platte zum Bearbeiten von Rohstoffen, einen gro\u00dfformatigen Bottich zum Sch\u00f6pfen, einen Satz von Sieben zur Herstellung gro\u00dfer Papierformate, eine Platte zum Auslegen fertiger B\u00f6gen und einen Satz Bretter zum Trocknen und Gl\u00e4tten der B\u00f6gen. \u00a0Es l\u00e4sst sich nur schwer festlegen, wann die Werkstatt der Familie Yamaguchi gegr\u00fcndet wurde, auf jeden Fall ist sie \u00fcber 120 Jahre alt, stallt also ein Zeugnis traditioneller japanischer Papierkunst dar. Kazuo Yamaguchi selbst war etwa 75 Jahre lang in der Papierherstellung t\u00e4tig und aus den Archiven der Familien geht hervor, dass er wenigstens die dritte Generation dieser Meister der Papiermacherkunst repr\u00e4sentiert. \u00a0<\/p>\n<p>Die Papierwerkst\u00e4tten von Echizen sind bis heute eine Quelle f\u00fcr \u00fcberragende Papierprodukte, die unter anderem am kaiserlichen Hof Japans Achtung fanden. Die Kunst der Herstellung von Washi-Papier ist f\u00fcr die Entwicklung der japanischen Zivilisation von gro\u00dfer Bedeutung. Als Beweis daf\u00fcr wurde das Papier 2014 in die Liste des immateriellen Kulturerbes der UNESCO aufgenommen. Washi-B\u00f6gen werden aus den in Japan vorkommenden Pflanzen Gampi, Papiermaulbeere oder Mitsumata angefertigt. Obwohl die B\u00f6gen sehr d\u00fcnn sein k\u00f6nnen, sind sie viel resistenter als die in unseren Breiten verwendeten Zelluloseb\u00f6gen. Durch den Einsatz gro\u00dfformatiger Siebe k\u00f6nnen die Formate von Washi-B\u00f6gen um ein Vielfaches gr\u00f6\u00dfer sein als die der in europ\u00e4ischen Papierm\u00fchlen hergestellten B\u00f6gen. Diese werden nicht allein zum Schreiben verwendet, sondern auch zur Herstellung von Kleidungsst\u00fccken, Ornamenten, Einrichtungsgegenst\u00e4nden, historischem Kulturgut und Kunstwerken.<\/p>\n<p>Das sog. Washi-Papier \u2013 dies sollte nicht unerw\u00e4hnt bleiben &#8211; fasziniert viele Europ\u00e4er schon seit Jahrhunderten. Mit dieser Ausstellung im Papiermuseum Bad Reinerz muss man nicht mehr nach Japan reisen, um eine echte Washi-Papierwerkstatt und die von den Papiermachermeistern von Echizen hergestellten B\u00f6gen zu sehen.<\/p>\n<p>Die Ausstellung wurde von Initiatorin Joanna Koko\u0107, die die japanische Papierwerkstatt nach Polen brachte, und Wojciech Luchowski gemeinsam vorbereitet. Die Botschaft von Japan in Polen hat f\u00fcr diese Ausstellung die Ehrenschirmherrschaft \u00fcbernommen.<\/p>\n<p>&nbsp;<\/p>\n<hr \/>\n<p>&nbsp;<\/p>\n<p>&nbsp;<\/p>\n\n\t\t<style type=\"text\/css\">\n\t\t\t#gallery-2 {\n\t\t\t\tmargin: auto;\n\t\t\t}\n\t\t\t#gallery-2 .gallery-item {\n\t\t\t\tfloat: left;\n\t\t\t\tmargin-top: 10px;\n\t\t\t\ttext-align: center;\n\t\t\t\twidth: 33%;\n\t\t\t}\n\t\t\t#gallery-2 img {\n\t\t\t\tborder: 2px solid #cfcfcf;\n\t\t\t}\n\t\t\t#gallery-2 .gallery-caption {\n\t\t\t\tmargin-left: 0;\n\t\t\t}\n\t\t\t\/* see gallery_shortcode() in wp-includes\/media.php *\/\n\t\t<\/style>\n\t\t<div id='gallery-2' class='gallery galleryid-18970 gallery-columns-3 gallery-size-thumbnail'><dl class='gallery-item'>\n\t\t\t<dt class='gallery-icon portrait'>\n\t\t\t\t<a href='https:\/\/muzeumpapiernictwa.pl\/wp-content\/uploads\/2022\/07\/MUP_5343-Edit.jpg' title=\"\" data-rl_title=\"\" class=\"rl-gallery-link\" data-rl_caption=\"\" data-rel=\"lightbox-gallery-2\"><img loading=\"lazy\" decoding=\"async\" width=\"150\" height=\"150\" src=\"https:\/\/muzeumpapiernictwa.pl\/wp-content\/uploads\/2022\/07\/MUP_5343-Edit-150x150.jpg\" class=\"attachment-thumbnail size-thumbnail\" \/><\/a>\n\t\t\t<\/dt><\/dl><dl class='gallery-item'>\n\t\t\t<dt class='gallery-icon landscape'>\n\t\t\t\t<a href='https:\/\/muzeumpapiernictwa.pl\/wp-content\/uploads\/2022\/07\/MUP_5372-Edit.jpg' title=\"\" data-rl_title=\"\" class=\"rl-gallery-link\" data-rl_caption=\"\" data-rel=\"lightbox-gallery-2\"><img loading=\"lazy\" decoding=\"async\" width=\"150\" height=\"150\" src=\"https:\/\/muzeumpapiernictwa.pl\/wp-content\/uploads\/2022\/07\/MUP_5372-Edit-150x150.jpg\" class=\"attachment-thumbnail size-thumbnail\" \/><\/a>\n\t\t\t<\/dt><\/dl><dl class='gallery-item'>\n\t\t\t<dt class='gallery-icon landscape'>\n\t\t\t\t<a href='https:\/\/muzeumpapiernictwa.pl\/wp-content\/uploads\/2022\/07\/MUP_5516.jpg' title=\"\" data-rl_title=\"\" class=\"rl-gallery-link\" data-rl_caption=\"\" data-rel=\"lightbox-gallery-2\"><img loading=\"lazy\" decoding=\"async\" width=\"150\" height=\"150\" src=\"https:\/\/muzeumpapiernictwa.pl\/wp-content\/uploads\/2022\/07\/MUP_5516-150x150.jpg\" class=\"attachment-thumbnail size-thumbnail\" \/><\/a>\n\t\t\t<\/dt><\/dl><br style=\"clear: both\" \/><dl class='gallery-item'>\n\t\t\t<dt class='gallery-icon landscape'>\n\t\t\t\t<a href='https:\/\/muzeumpapiernictwa.pl\/wp-content\/uploads\/2022\/07\/MUP_5589-Edit.jpg' title=\"\" data-rl_title=\"\" class=\"rl-gallery-link\" data-rl_caption=\"\" data-rel=\"lightbox-gallery-2\"><img loading=\"lazy\" decoding=\"async\" width=\"150\" height=\"150\" src=\"https:\/\/muzeumpapiernictwa.pl\/wp-content\/uploads\/2022\/07\/MUP_5589-Edit-150x150.jpg\" class=\"attachment-thumbnail size-thumbnail\" \/><\/a>\n\t\t\t<\/dt><\/dl><dl class='gallery-item'>\n\t\t\t<dt class='gallery-icon landscape'>\n\t\t\t\t<a href='https:\/\/muzeumpapiernictwa.pl\/wp-content\/uploads\/2022\/07\/MUP_5623.jpg' title=\"\" data-rl_title=\"\" class=\"rl-gallery-link\" data-rl_caption=\"\" data-rel=\"lightbox-gallery-2\"><img loading=\"lazy\" decoding=\"async\" width=\"150\" height=\"150\" src=\"https:\/\/muzeumpapiernictwa.pl\/wp-content\/uploads\/2022\/07\/MUP_5623-150x150.jpg\" class=\"attachment-thumbnail size-thumbnail\" \/><\/a>\n\t\t\t<\/dt><\/dl><dl class='gallery-item'>\n\t\t\t<dt class='gallery-icon landscape'>\n\t\t\t\t<a href='https:\/\/muzeumpapiernictwa.pl\/wp-content\/uploads\/2022\/07\/MUP_5648.jpg' title=\"\" data-rl_title=\"\" class=\"rl-gallery-link\" data-rl_caption=\"\" data-rel=\"lightbox-gallery-2\"><img loading=\"lazy\" decoding=\"async\" width=\"150\" height=\"150\" src=\"https:\/\/muzeumpapiernictwa.pl\/wp-content\/uploads\/2022\/07\/MUP_5648-150x150.jpg\" class=\"attachment-thumbnail size-thumbnail\" \/><\/a>\n\t\t\t<\/dt><\/dl><br style=\"clear: both\" \/><dl class='gallery-item'>\n\t\t\t<dt class='gallery-icon landscape'>\n\t\t\t\t<a href='https:\/\/muzeumpapiernictwa.pl\/wp-content\/uploads\/2022\/07\/MUP_5664-Edit.jpg' title=\"\" data-rl_title=\"\" class=\"rl-gallery-link\" data-rl_caption=\"\" data-rel=\"lightbox-gallery-2\"><img loading=\"lazy\" decoding=\"async\" width=\"150\" height=\"150\" src=\"https:\/\/muzeumpapiernictwa.pl\/wp-content\/uploads\/2022\/07\/MUP_5664-Edit-150x150.jpg\" class=\"attachment-thumbnail size-thumbnail\" \/><\/a>\n\t\t\t<\/dt><\/dl><dl class='gallery-item'>\n\t\t\t<dt class='gallery-icon portrait'>\n\t\t\t\t<a href='https:\/\/muzeumpapiernictwa.pl\/wp-content\/uploads\/2022\/07\/MUP_5677-Edit.jpg' title=\"\" data-rl_title=\"\" class=\"rl-gallery-link\" data-rl_caption=\"\" data-rel=\"lightbox-gallery-2\"><img loading=\"lazy\" decoding=\"async\" width=\"150\" height=\"150\" src=\"https:\/\/muzeumpapiernictwa.pl\/wp-content\/uploads\/2022\/07\/MUP_5677-Edit-150x150.jpg\" class=\"attachment-thumbnail size-thumbnail\" \/><\/a>\n\t\t\t<\/dt><\/dl><dl class='gallery-item'>\n\t\t\t<dt class='gallery-icon portrait'>\n\t\t\t\t<a href='https:\/\/muzeumpapiernictwa.pl\/wp-content\/uploads\/2022\/07\/MUP_5743.jpg' title=\"\" data-rl_title=\"\" class=\"rl-gallery-link\" data-rl_caption=\"\" data-rel=\"lightbox-gallery-2\"><img loading=\"lazy\" decoding=\"async\" width=\"150\" height=\"150\" src=\"https:\/\/muzeumpapiernictwa.pl\/wp-content\/uploads\/2022\/07\/MUP_5743-150x150.jpg\" class=\"attachment-thumbnail size-thumbnail\" \/><\/a>\n\t\t\t<\/dt><\/dl><br style=\"clear: both\" \/><dl class='gallery-item'>\n\t\t\t<dt class='gallery-icon portrait'>\n\t\t\t\t<a href='https:\/\/muzeumpapiernictwa.pl\/wp-content\/uploads\/2022\/07\/wyroz-1.jpg' title=\"\" data-rl_title=\"\" class=\"rl-gallery-link\" data-rl_caption=\"\" data-rel=\"lightbox-gallery-2\"><img loading=\"lazy\" decoding=\"async\" width=\"150\" height=\"150\" src=\"https:\/\/muzeumpapiernictwa.pl\/wp-content\/uploads\/2022\/07\/wyroz-1-150x150.jpg\" class=\"attachment-thumbnail size-thumbnail\" srcset=\"https:\/\/muzeumpapiernictwa.pl\/wp-content\/uploads\/2022\/07\/wyroz-1-150x150.jpg 150w, https:\/\/muzeumpapiernictwa.pl\/wp-content\/uploads\/2022\/07\/wyroz-1-300x300.jpg 300w, https:\/\/muzeumpapiernictwa.pl\/wp-content\/uploads\/2022\/07\/wyroz-1-1024x1024.jpg 1024w, https:\/\/muzeumpapiernictwa.pl\/wp-content\/uploads\/2022\/07\/wyroz-1-768x769.jpg 768w, https:\/\/muzeumpapiernictwa.pl\/wp-content\/uploads\/2022\/07\/wyroz-1-600x600.jpg 600w, https:\/\/muzeumpapiernictwa.pl\/wp-content\/uploads\/2022\/07\/wyroz-1.jpg 1252w\" sizes=\"auto, (max-width: 150px) 100vw, 150px\" \/><\/a>\n\t\t\t<\/dt><\/dl><dl class='gallery-item'>\n\t\t\t<dt class='gallery-icon landscape'>\n\t\t\t\t<a href='https:\/\/muzeumpapiernictwa.pl\/wp-content\/uploads\/2022\/07\/MUP_6054-Edit.jpg' title=\"\" data-rl_title=\"\" class=\"rl-gallery-link\" data-rl_caption=\"\" data-rel=\"lightbox-gallery-2\"><img loading=\"lazy\" decoding=\"async\" width=\"150\" height=\"150\" src=\"https:\/\/muzeumpapiernictwa.pl\/wp-content\/uploads\/2022\/07\/MUP_6054-Edit-150x150.jpg\" class=\"attachment-thumbnail size-thumbnail\" \/><\/a>\n\t\t\t<\/dt><\/dl><dl class='gallery-item'>\n\t\t\t<dt class='gallery-icon landscape'>\n\t\t\t\t<a href='https:\/\/muzeumpapiernictwa.pl\/wp-content\/uploads\/2022\/07\/MUP_5986-Edit.jpg' title=\"\" data-rl_title=\"\" class=\"rl-gallery-link\" data-rl_caption=\"\" data-rel=\"lightbox-gallery-2\"><img loading=\"lazy\" decoding=\"async\" width=\"150\" height=\"150\" src=\"https:\/\/muzeumpapiernictwa.pl\/wp-content\/uploads\/2022\/07\/MUP_5986-Edit-150x150.jpg\" class=\"attachment-thumbnail size-thumbnail\" \/><\/a>\n\t\t\t<\/dt><\/dl><br style=\"clear: both\" \/><dl class='gallery-item'>\n\t\t\t<dt class='gallery-icon portrait'>\n\t\t\t\t<a href='https:\/\/muzeumpapiernictwa.pl\/wp-content\/uploads\/2022\/07\/MUP_5974-Edit.jpg' title=\"\" data-rl_title=\"\" class=\"rl-gallery-link\" data-rl_caption=\"\" data-rel=\"lightbox-gallery-2\"><img loading=\"lazy\" decoding=\"async\" width=\"150\" height=\"150\" src=\"https:\/\/muzeumpapiernictwa.pl\/wp-content\/uploads\/2022\/07\/MUP_5974-Edit-150x150.jpg\" class=\"attachment-thumbnail size-thumbnail\" \/><\/a>\n\t\t\t<\/dt><\/dl><dl class='gallery-item'>\n\t\t\t<dt class='gallery-icon landscape'>\n\t\t\t\t<a href='https:\/\/muzeumpapiernictwa.pl\/wp-content\/uploads\/2022\/07\/MUP_5831.jpg' title=\"\" data-rl_title=\"\" class=\"rl-gallery-link\" data-rl_caption=\"\" data-rel=\"lightbox-gallery-2\"><img loading=\"lazy\" decoding=\"async\" width=\"150\" height=\"150\" src=\"https:\/\/muzeumpapiernictwa.pl\/wp-content\/uploads\/2022\/07\/MUP_5831-150x150.jpg\" class=\"attachment-thumbnail size-thumbnail\" srcset=\"https:\/\/muzeumpapiernictwa.pl\/wp-content\/uploads\/2022\/07\/MUP_5831-150x150.jpg 150w, https:\/\/muzeumpapiernictwa.pl\/wp-content\/uploads\/2022\/07\/MUP_5831-300x300.jpg 300w, https:\/\/muzeumpapiernictwa.pl\/wp-content\/uploads\/2022\/07\/MUP_5831-1024x1024.jpg 1024w, https:\/\/muzeumpapiernictwa.pl\/wp-content\/uploads\/2022\/07\/MUP_5831-768x768.jpg 768w, https:\/\/muzeumpapiernictwa.pl\/wp-content\/uploads\/2022\/07\/MUP_5831-600x600.jpg 600w, https:\/\/muzeumpapiernictwa.pl\/wp-content\/uploads\/2022\/07\/MUP_5831-1536x1536.jpg 1536w, https:\/\/muzeumpapiernictwa.pl\/wp-content\/uploads\/2022\/07\/MUP_5831.jpg 1920w\" sizes=\"auto, (max-width: 150px) 100vw, 150px\" \/><\/a>\n\t\t\t<\/dt><\/dl><dl class='gallery-item'>\n\t\t\t<dt class='gallery-icon landscape'>\n\t\t\t\t<a href='https:\/\/muzeumpapiernictwa.pl\/wp-content\/uploads\/2022\/07\/MUP_5829.jpg' title=\"\" data-rl_title=\"\" class=\"rl-gallery-link\" data-rl_caption=\"\" data-rel=\"lightbox-gallery-2\"><img loading=\"lazy\" decoding=\"async\" width=\"150\" height=\"150\" src=\"https:\/\/muzeumpapiernictwa.pl\/wp-content\/uploads\/2022\/07\/MUP_5829-150x150.jpg\" class=\"attachment-thumbnail size-thumbnail\" srcset=\"https:\/\/muzeumpapiernictwa.pl\/wp-content\/uploads\/2022\/07\/MUP_5829-150x150.jpg 150w, https:\/\/muzeumpapiernictwa.pl\/wp-content\/uploads\/2022\/07\/MUP_5829-300x300.jpg 300w, https:\/\/muzeumpapiernictwa.pl\/wp-content\/uploads\/2022\/07\/MUP_5829-1024x1024.jpg 1024w, https:\/\/muzeumpapiernictwa.pl\/wp-content\/uploads\/2022\/07\/MUP_5829-768x768.jpg 768w, https:\/\/muzeumpapiernictwa.pl\/wp-content\/uploads\/2022\/07\/MUP_5829-600x600.jpg 600w, https:\/\/muzeumpapiernictwa.pl\/wp-content\/uploads\/2022\/07\/MUP_5829-1536x1536.jpg 1536w, https:\/\/muzeumpapiernictwa.pl\/wp-content\/uploads\/2022\/07\/MUP_5829.jpg 1920w\" sizes=\"auto, (max-width: 150px) 100vw, 150px\" \/><\/a>\n\t\t\t<\/dt><\/dl><br style=\"clear: both\" \/><dl class='gallery-item'>\n\t\t\t<dt class='gallery-icon landscape'>\n\t\t\t\t<a href='https:\/\/muzeumpapiernictwa.pl\/wp-content\/uploads\/2022\/07\/MUP_5809.jpg' title=\"\" data-rl_title=\"\" class=\"rl-gallery-link\" data-rl_caption=\"\" data-rel=\"lightbox-gallery-2\"><img loading=\"lazy\" decoding=\"async\" width=\"150\" height=\"150\" src=\"https:\/\/muzeumpapiernictwa.pl\/wp-content\/uploads\/2022\/07\/MUP_5809-150x150.jpg\" class=\"attachment-thumbnail size-thumbnail\" \/><\/a>\n\t\t\t<\/dt><\/dl><dl class='gallery-item'>\n\t\t\t<dt class='gallery-icon landscape'>\n\t\t\t\t<a href='https:\/\/muzeumpapiernictwa.pl\/wp-content\/uploads\/2022\/07\/MUP_5779.jpg' title=\"\" data-rl_title=\"\" class=\"rl-gallery-link\" data-rl_caption=\"\" data-rel=\"lightbox-gallery-2\"><img loading=\"lazy\" decoding=\"async\" width=\"150\" height=\"150\" src=\"https:\/\/muzeumpapiernictwa.pl\/wp-content\/uploads\/2022\/07\/MUP_5779-150x150.jpg\" class=\"attachment-thumbnail size-thumbnail\" srcset=\"https:\/\/muzeumpapiernictwa.pl\/wp-content\/uploads\/2022\/07\/MUP_5779-150x150.jpg 150w, https:\/\/muzeumpapiernictwa.pl\/wp-content\/uploads\/2022\/07\/MUP_5779-300x300.jpg 300w, https:\/\/muzeumpapiernictwa.pl\/wp-content\/uploads\/2022\/07\/MUP_5779-1024x1024.jpg 1024w, https:\/\/muzeumpapiernictwa.pl\/wp-content\/uploads\/2022\/07\/MUP_5779-768x768.jpg 768w, https:\/\/muzeumpapiernictwa.pl\/wp-content\/uploads\/2022\/07\/MUP_5779-600x600.jpg 600w, https:\/\/muzeumpapiernictwa.pl\/wp-content\/uploads\/2022\/07\/MUP_5779-1536x1536.jpg 1536w, https:\/\/muzeumpapiernictwa.pl\/wp-content\/uploads\/2022\/07\/MUP_5779.jpg 1920w\" sizes=\"auto, (max-width: 150px) 100vw, 150px\" \/><\/a>\n\t\t\t<\/dt><\/dl><dl class='gallery-item'>\n\t\t\t<dt class='gallery-icon landscape'>\n\t\t\t\t<a href='https:\/\/muzeumpapiernictwa.pl\/wp-content\/uploads\/2022\/07\/MUP_5771.jpg' title=\"\" data-rl_title=\"\" class=\"rl-gallery-link\" data-rl_caption=\"\" data-rel=\"lightbox-gallery-2\"><img loading=\"lazy\" decoding=\"async\" width=\"150\" height=\"150\" src=\"https:\/\/muzeumpapiernictwa.pl\/wp-content\/uploads\/2022\/07\/MUP_5771-150x150.jpg\" class=\"attachment-thumbnail size-thumbnail\" srcset=\"https:\/\/muzeumpapiernictwa.pl\/wp-content\/uploads\/2022\/07\/MUP_5771-150x150.jpg 150w, https:\/\/muzeumpapiernictwa.pl\/wp-content\/uploads\/2022\/07\/MUP_5771-300x300.jpg 300w, https:\/\/muzeumpapiernictwa.pl\/wp-content\/uploads\/2022\/07\/MUP_5771-1024x1024.jpg 1024w, https:\/\/muzeumpapiernictwa.pl\/wp-content\/uploads\/2022\/07\/MUP_5771-768x768.jpg 768w, https:\/\/muzeumpapiernictwa.pl\/wp-content\/uploads\/2022\/07\/MUP_5771-600x600.jpg 600w, https:\/\/muzeumpapiernictwa.pl\/wp-content\/uploads\/2022\/07\/MUP_5771-1536x1536.jpg 1536w, https:\/\/muzeumpapiernictwa.pl\/wp-content\/uploads\/2022\/07\/MUP_5771.jpg 1920w\" sizes=\"auto, (max-width: 150px) 100vw, 150px\" \/><\/a>\n\t\t\t<\/dt><\/dl><br style=\"clear: both\" \/>\n\t\t<\/div>\n\n<p>&nbsp;<\/p>\n<p>&nbsp;<\/p>\n<p><\/p>","protected":false},"excerpt":{"rendered":"<p>Die Sammlungen des Papiermuseums wurde unl\u00e4ngst um eine originale Papiermacherwerkstatt aus dem japanischen Dorf Echizen erweitert, wo die Tradition der Papierherstellung bereits 1.300 Jahre gepflegt wird. Die Ausstellung besteht aus Ger\u00e4ten zur Papierherstellung, einem Altar mit einer Statue der Papierg\u00f6ttin Kawakami Gozen und einer gro\u00dfen Sammlung von Washi-B\u00f6gen &#8211; Geschenke der Familie Yamaguchi und vieler [&hellip;]<\/p>\n","protected":false},"author":15,"featured_media":18971,"parent":137,"menu_order":218,"comment_status":"closed","ping_status":"closed","template":"","meta":{"_acf_changed":false,"ngg_post_thumbnail":0,"footnotes":""},"class_list":["post-18970","page","type-page","status-publish","has-post-thumbnail","hentry"],"acf":[],"_links":{"self":[{"href":"https:\/\/muzeumpapiernictwa.pl\/de\/wp-json\/wp\/v2\/pages\/18970","targetHints":{"allow":["GET"]}}],"collection":[{"href":"https:\/\/muzeumpapiernictwa.pl\/de\/wp-json\/wp\/v2\/pages"}],"about":[{"href":"https:\/\/muzeumpapiernictwa.pl\/de\/wp-json\/wp\/v2\/types\/page"}],"author":[{"embeddable":true,"href":"https:\/\/muzeumpapiernictwa.pl\/de\/wp-json\/wp\/v2\/users\/15"}],"replies":[{"embeddable":true,"href":"https:\/\/muzeumpapiernictwa.pl\/de\/wp-json\/wp\/v2\/comments?post=18970"}],"version-history":[{"count":9,"href":"https:\/\/muzeumpapiernictwa.pl\/de\/wp-json\/wp\/v2\/pages\/18970\/revisions"}],"predecessor-version":[{"id":19002,"href":"https:\/\/muzeumpapiernictwa.pl\/de\/wp-json\/wp\/v2\/pages\/18970\/revisions\/19002"}],"up":[{"embeddable":true,"href":"https:\/\/muzeumpapiernictwa.pl\/de\/wp-json\/wp\/v2\/pages\/137"}],"wp:featuredmedia":[{"embeddable":true,"href":"https:\/\/muzeumpapiernictwa.pl\/de\/wp-json\/wp\/v2\/media\/18971"}],"wp:attachment":[{"href":"https:\/\/muzeumpapiernictwa.pl\/de\/wp-json\/wp\/v2\/media?parent=18970"}],"curies":[{"name":"wp","href":"https:\/\/api.w.org\/{rel}","templated":true}]}}