{"id":18079,"date":"2022-04-08T13:39:10","date_gmt":"2022-04-08T11:39:10","guid":{"rendered":"https:\/\/muzeumpapiernictwa.pl\/?page_id=18079"},"modified":"2022-04-13T08:14:41","modified_gmt":"2022-04-13T06:14:41","slug":"informacja-na-temat-miedzynarodowych-uzgodnien-w-kwestii-przygotowan-do-wpisu-na-liste-unesco-najcenniejszych-mlynow-papierniczych","status":"publish","type":"page","link":"https:\/\/muzeumpapiernictwa.pl\/de\/aktuelles\/informacja-na-temat-miedzynarodowych-uzgodnien-w-kwestii-przygotowan-do-wpisu-na-liste-unesco-najcenniejszych-mlynow-papierniczych\/","title":{"rendered":"Informationen \u00fcber internationale Vereinbarungen zur Vorbereitung f\u00fcr die Eintragung der wertvollsten Papierm\u00fchlen in die UNESCO-Liste"},"content":{"rendered":"<p><\/p>\n<p>Im Zeitraum von November 2021 bis Anfang April 2022 fanden vier internationale Treffen zwischen Vertretern des polnischen Ministeriums f\u00fcr Kultur und Nationales Erbe (unter Beteiligung von Prof. Bogus\u0142aw Szmygin, Pr\u00e4sident von ICOMOS und Leiter des Papiermuseums) sowie Vertretern der f\u00fcr das Welterbe zust\u00e4ndigen Ministerien der Tschechischen Republik, Deutschlands, Italiens und Spaniens statt. Alle Treffen verliefen in einer sehr freundlichen Atmosph\u00e4re statt. Die Teilnehmer waren sich einig, dass die Papierm\u00fchlen in Duszniki-Zdr\u00f3j, Velk\u00e9 Losiny, Homburg, Pescia und Capellades von gro\u00dfer kultureller Bedeutung sind.<\/p>\n<p>Die Partner aus der Tschechischen Republik, Deutschland, Italien und Spanien waren sich weiter einig, dass das Projekt unter der Leitung der polnischen Seite durchgef\u00fchrt werden sollte. Das Ministerium f\u00fcr Kultur und Nationales Erbe hat seine Bereitschaft erkl\u00e4rt, die Nominierung im Januar 2024 beim World Heritage Committee in Paris einzureichen (vorausgesetzt, die Nominierung ist abgeschlossen und wird von jedem Land akzeptiert). Das Papiermuseum in Duszniki Zdr\u00f3j hat sich bereit erkl\u00e4rt, die Erstellung der Nominierung zu koordinieren.<\/p>\n<p>Derzeit wird mit Unterst\u00fctzung der Partner aus Deutschland und Italien ein Entwurf f\u00fcr ein internationales Abkommen \u00fcber die Grunds\u00e4tze der Zusammenarbeit ausgearbeitet. Gleichzeitig hat das Papiermuseum Experten unter der Leitung von Professor Bogus\u0142aw Szmygin mit der Ausarbeitung einer vorl\u00e4ufigen Nominierung beauftragt. Die vollst\u00e4ndige Nominierung soll bis Ende 2023 fertiggestellt sein und im Januar 2024 beim World Heritage Committee in Paris eingereicht werden.<\/p>\n<p>&nbsp;<\/p>\n<hr \/>\n\n\t\t<style type=\"text\/css\">\n\t\t\t#gallery-2 {\n\t\t\t\tmargin: auto;\n\t\t\t}\n\t\t\t#gallery-2 .gallery-item {\n\t\t\t\tfloat: left;\n\t\t\t\tmargin-top: 10px;\n\t\t\t\ttext-align: center;\n\t\t\t\twidth: 33%;\n\t\t\t}\n\t\t\t#gallery-2 img {\n\t\t\t\tborder: 2px solid #cfcfcf;\n\t\t\t}\n\t\t\t#gallery-2 .gallery-caption {\n\t\t\t\tmargin-left: 0;\n\t\t\t}\n\t\t\t\/* see gallery_shortcode() in wp-includes\/media.php *\/\n\t\t<\/style>\n\t\t<div id='gallery-2' class='gallery galleryid-18079 gallery-columns-3 gallery-size-thumbnail'><dl class='gallery-item'>\n\t\t\t<dt class='gallery-icon landscape'>\n\t\t\t\t<a href='https:\/\/muzeumpapiernictwa.pl\/wp-content\/uploads\/2022\/04\/6.-Capellades-Hiszpania.jpg' title=\"\" data-rl_title=\"\" class=\"rl-gallery-link\" data-rl_caption=\"\" data-rel=\"lightbox-gallery-2\"><img loading=\"lazy\" decoding=\"async\" width=\"150\" height=\"150\" src=\"https:\/\/muzeumpapiernictwa.pl\/wp-content\/uploads\/2022\/04\/6.-Capellades-Hiszpania-150x150.jpg\" class=\"attachment-thumbnail size-thumbnail\" aria-describedby=\"gallery-2-18081\" \/><\/a>\n\t\t\t<\/dt>\n\t\t\t\t<dd class='wp-caption-text gallery-caption' id='gallery-2-18081'>\n\t\t\t\tCapellades \n\t\t\t\t<\/dd><\/dl><dl class='gallery-item'>\n\t\t\t<dt class='gallery-icon landscape'>\n\t\t\t\t<a href='https:\/\/muzeumpapiernictwa.pl\/wp-content\/uploads\/2022\/04\/5.-Pescia-Wlochy-\u2014-kopia.jpg' title=\"\" data-rl_title=\"\" class=\"rl-gallery-link\" data-rl_caption=\"\" data-rel=\"lightbox-gallery-2\"><img loading=\"lazy\" decoding=\"async\" width=\"150\" height=\"150\" src=\"https:\/\/muzeumpapiernictwa.pl\/wp-content\/uploads\/2022\/04\/5.-Pescia-Wlochy-\u2014-kopia-150x150.jpg\" class=\"attachment-thumbnail size-thumbnail\" aria-describedby=\"gallery-2-18080\" \/><\/a>\n\t\t\t<\/dt>\n\t\t\t\t<dd class='wp-caption-text gallery-caption' id='gallery-2-18080'>\n\t\t\t\tPescia \n\t\t\t\t<\/dd><\/dl><dl class='gallery-item'>\n\t\t\t<dt class='gallery-icon landscape'>\n\t\t\t\t<a href='https:\/\/muzeumpapiernictwa.pl\/wp-content\/uploads\/2021\/12\/Papirna-V.jpg' title=\"\" data-rl_title=\"\" class=\"rl-gallery-link\" data-rl_caption=\"\" data-rel=\"lightbox-gallery-2\"><img loading=\"lazy\" decoding=\"async\" width=\"150\" height=\"150\" src=\"https:\/\/muzeumpapiernictwa.pl\/wp-content\/uploads\/2021\/12\/Papirna-V-150x150.jpg\" class=\"attachment-thumbnail size-thumbnail\" aria-describedby=\"gallery-2-17610\" \/><\/a>\n\t\t\t<\/dt>\n\t\t\t\t<dd class='wp-caption-text gallery-caption' id='gallery-2-17610'>\n\t\t\t\tVelk\u00e9 Losiny \n\t\t\t\t<\/dd><\/dl><br style=\"clear: both\" \/><dl class='gallery-item'>\n\t\t\t<dt class='gallery-icon landscape'>\n\t\t\t\t<a href='https:\/\/muzeumpapiernictwa.pl\/wp-content\/uploads\/2019\/10\/Papiernia-w-Homburgu-1-e1572516657174.jpg' title=\"\" data-rl_title=\"\" class=\"rl-gallery-link\" data-rl_caption=\"\" data-rel=\"lightbox-gallery-2\"><img loading=\"lazy\" decoding=\"async\" width=\"150\" height=\"150\" src=\"https:\/\/muzeumpapiernictwa.pl\/wp-content\/uploads\/2019\/10\/Papiernia-w-Homburgu-1-150x150.jpg\" class=\"attachment-thumbnail size-thumbnail\" aria-describedby=\"gallery-2-14214\" \/><\/a>\n\t\t\t<\/dt>\n\t\t\t\t<dd class='wp-caption-text gallery-caption' id='gallery-2-14214'>\n\t\t\t\tHomburg \n\t\t\t\t<\/dd><\/dl><dl class='gallery-item'>\n\t\t\t<dt class='gallery-icon landscape'>\n\t\t\t\t<a href='https:\/\/muzeumpapiernictwa.pl\/wp-content\/uploads\/2021\/12\/X4A9511-Edit-scaled.jpg' title=\"\" data-rl_title=\"\" class=\"rl-gallery-link\" data-rl_caption=\"\" data-rel=\"lightbox-gallery-2\"><img loading=\"lazy\" decoding=\"async\" width=\"150\" height=\"150\" src=\"https:\/\/muzeumpapiernictwa.pl\/wp-content\/uploads\/2021\/12\/X4A9511-Edit-150x150.jpg\" class=\"attachment-thumbnail size-thumbnail\" aria-describedby=\"gallery-2-17611\" \/><\/a>\n\t\t\t<\/dt>\n\t\t\t\t<dd class='wp-caption-text gallery-caption' id='gallery-2-17611'>\n\t\t\t\tDuszniki-Zdr\u00f3j \n\t\t\t\t<\/dd><\/dl>\n\t\t\t<br style='clear: both' \/>\n\t\t<\/div>\n\n<p><\/p>","protected":false},"excerpt":{"rendered":"<p>Im Zeitraum von November 2021 bis Anfang April 2022 fanden vier internationale Treffen zwischen Vertretern des polnischen Ministeriums f\u00fcr Kultur und Nationales Erbe (unter Beteiligung von Prof. Bogus\u0142aw Szmygin, Pr\u00e4sident von ICOMOS und Leiter des Papiermuseums) sowie Vertretern der f\u00fcr das Welterbe zust\u00e4ndigen Ministerien der Tschechischen Republik, Deutschlands, Italiens und Spaniens statt. Alle Treffen verliefen [&hellip;]<\/p>\n","protected":false},"author":15,"featured_media":10672,"parent":137,"menu_order":135,"comment_status":"closed","ping_status":"closed","template":"","meta":{"_acf_changed":false,"ngg_post_thumbnail":0,"footnotes":""},"class_list":["post-18079","page","type-page","status-publish","has-post-thumbnail","hentry"],"acf":[],"_links":{"self":[{"href":"https:\/\/muzeumpapiernictwa.pl\/de\/wp-json\/wp\/v2\/pages\/18079","targetHints":{"allow":["GET"]}}],"collection":[{"href":"https:\/\/muzeumpapiernictwa.pl\/de\/wp-json\/wp\/v2\/pages"}],"about":[{"href":"https:\/\/muzeumpapiernictwa.pl\/de\/wp-json\/wp\/v2\/types\/page"}],"author":[{"embeddable":true,"href":"https:\/\/muzeumpapiernictwa.pl\/de\/wp-json\/wp\/v2\/users\/15"}],"replies":[{"embeddable":true,"href":"https:\/\/muzeumpapiernictwa.pl\/de\/wp-json\/wp\/v2\/comments?post=18079"}],"version-history":[{"count":3,"href":"https:\/\/muzeumpapiernictwa.pl\/de\/wp-json\/wp\/v2\/pages\/18079\/revisions"}],"predecessor-version":[{"id":18085,"href":"https:\/\/muzeumpapiernictwa.pl\/de\/wp-json\/wp\/v2\/pages\/18079\/revisions\/18085"}],"up":[{"embeddable":true,"href":"https:\/\/muzeumpapiernictwa.pl\/de\/wp-json\/wp\/v2\/pages\/137"}],"wp:featuredmedia":[{"embeddable":true,"href":"https:\/\/muzeumpapiernictwa.pl\/de\/wp-json\/wp\/v2\/media\/10672"}],"wp:attachment":[{"href":"https:\/\/muzeumpapiernictwa.pl\/de\/wp-json\/wp\/v2\/media?parent=18079"}],"curies":[{"name":"wp","href":"https:\/\/api.w.org\/{rel}","templated":true}]}}