{"id":17107,"date":"2021-07-14T10:36:35","date_gmt":"2021-07-14T08:36:35","guid":{"rendered":"https:\/\/muzeumpapiernictwa.pl\/?page_id=17107"},"modified":"2021-07-23T08:23:28","modified_gmt":"2021-07-23T06:23:28","slug":"na-liste-unesco-w-piatke","status":"publish","type":"page","link":"https:\/\/muzeumpapiernictwa.pl\/de\/aktuelles\/na-liste-unesco-w-piatke\/","title":{"rendered":"Zu f\u00fcnft auf der UNESCO-Liste"},"content":{"rendered":"<p><\/p>\n<p><strong>Wir freuen uns, bekannt geben zu k\u00f6nnen, dass die Gruppe der historischen Papierm\u00fchlen, die eine gemeinsame Aufnahme in die UNESCO anstreben, um die historische Papierm\u00fchle in Pietrabuona bei Pescia, Italien, erweitert wurde.<\/strong><\/p>\n<p>Die Absichtserkl\u00e4rung \u00fcber das Zweck der Zusammenarbeit wurde unterzeichnet von: im Namen der Papiermuseen in Duszniki-Zdr\u00f3j (Polen), Velkie Losiny (Tschechien), Homburg (Deutschland) und Ambert (Frankreich) &#8211; dem Direktor des Museums f\u00fcr Papierherstellung Herrn Maciej Szymczyk und im Namen des italienischen Museums &#8211; dem Pr\u00e4sidenten des Museo della Carta di Pescia Herrn Paolo Carrara.<\/p>\n<p>Die Papierm\u00fchlen, die sich um die gemeinsame Aufnahme in die Welterbeliste bewerben, haben einen einzigartigen historischen und wissenschaftlichen Wert. Dar\u00fcber hinaus m\u00fcssen sie die Zustimmung der Regierung ihres Landes zur Teilnahme an dem Projekt einholen.<\/p>\n<p>Museo della Carta di Pescia (fot. A. Siwek):<\/p>\n<p>&nbsp;<\/p>\n\n\t\t<style type=\"text\/css\">\n\t\t\t#gallery-2 {\n\t\t\t\tmargin: auto;\n\t\t\t}\n\t\t\t#gallery-2 .gallery-item {\n\t\t\t\tfloat: left;\n\t\t\t\tmargin-top: 10px;\n\t\t\t\ttext-align: center;\n\t\t\t\twidth: 33%;\n\t\t\t}\n\t\t\t#gallery-2 img {\n\t\t\t\tborder: 2px solid #cfcfcf;\n\t\t\t}\n\t\t\t#gallery-2 .gallery-caption {\n\t\t\t\tmargin-left: 0;\n\t\t\t}\n\t\t\t\/* see gallery_shortcode() in wp-includes\/media.php *\/\n\t\t<\/style>\n\t\t<div id='gallery-2' class='gallery galleryid-17107 gallery-columns-3 gallery-size-thumbnail'><dl class='gallery-item'>\n\t\t\t<dt class='gallery-icon landscape'>\n\t\t\t\t<a href='https:\/\/muzeumpapiernictwa.pl\/wp-content\/uploads\/2021\/07\/Pescia-Muzeum-papiernictwa-fot.-A.-Siwek-2019-1-kopia-scaled.jpg' title=\"\" data-rl_title=\"\" class=\"rl-gallery-link\" data-rl_caption=\"\" data-rel=\"lightbox-gallery-2\"><img loading=\"lazy\" decoding=\"async\" width=\"150\" height=\"150\" src=\"https:\/\/muzeumpapiernictwa.pl\/wp-content\/uploads\/2021\/07\/Pescia-Muzeum-papiernictwa-fot.-A.-Siwek-2019-1-kopia-150x150.jpg\" class=\"attachment-thumbnail size-thumbnail\" \/><\/a>\n\t\t\t<\/dt><\/dl><dl class='gallery-item'>\n\t\t\t<dt class='gallery-icon landscape'>\n\t\t\t\t<a href='https:\/\/muzeumpapiernictwa.pl\/wp-content\/uploads\/2021\/07\/Pescia-Muzeum-papiernictwa-fot.-A.-Siwek-2019-10-kopia-scaled.jpg' title=\"\" data-rl_title=\"\" class=\"rl-gallery-link\" data-rl_caption=\"\" data-rel=\"lightbox-gallery-2\"><img loading=\"lazy\" decoding=\"async\" width=\"150\" height=\"150\" src=\"https:\/\/muzeumpapiernictwa.pl\/wp-content\/uploads\/2021\/07\/Pescia-Muzeum-papiernictwa-fot.-A.-Siwek-2019-10-kopia-150x150.jpg\" class=\"attachment-thumbnail size-thumbnail\" \/><\/a>\n\t\t\t<\/dt><\/dl><dl class='gallery-item'>\n\t\t\t<dt class='gallery-icon landscape'>\n\t\t\t\t<a href='https:\/\/muzeumpapiernictwa.pl\/wp-content\/uploads\/2021\/07\/Pescia-Muzeum-papiernictwa-fot.-A.-Siwek-2019-21-kopia-scaled.jpg' title=\"\" data-rl_title=\"\" class=\"rl-gallery-link\" data-rl_caption=\"\" data-rel=\"lightbox-gallery-2\"><img loading=\"lazy\" decoding=\"async\" width=\"150\" height=\"150\" src=\"https:\/\/muzeumpapiernictwa.pl\/wp-content\/uploads\/2021\/07\/Pescia-Muzeum-papiernictwa-fot.-A.-Siwek-2019-21-kopia-150x150.jpg\" class=\"attachment-thumbnail size-thumbnail\" \/><\/a>\n\t\t\t<\/dt><\/dl><br style=\"clear: both\" \/><dl class='gallery-item'>\n\t\t\t<dt class='gallery-icon portrait'>\n\t\t\t\t<a href='https:\/\/muzeumpapiernictwa.pl\/wp-content\/uploads\/2021\/07\/List-intenyjnyt-Pescia-300dpi-scaled.jpg' title=\"\" data-rl_title=\"\" class=\"rl-gallery-link\" data-rl_caption=\"\" data-rel=\"lightbox-gallery-2\"><img loading=\"lazy\" decoding=\"async\" width=\"150\" height=\"150\" src=\"https:\/\/muzeumpapiernictwa.pl\/wp-content\/uploads\/2021\/07\/List-intenyjnyt-Pescia-300dpi-150x150.jpg\" class=\"attachment-thumbnail size-thumbnail\" \/><\/a>\n\t\t\t<\/dt><\/dl>\n\t\t\t<br style='clear: both' \/>\n\t\t<\/div>\n\n<p><\/p>","protected":false},"excerpt":{"rendered":"<p>Wir freuen uns, bekannt geben zu k\u00f6nnen, dass die Gruppe der historischen Papierm\u00fchlen, die eine gemeinsame Aufnahme in die UNESCO anstreben, um die historische Papierm\u00fchle in Pietrabuona bei Pescia, Italien, erweitert wurde. Die Absichtserkl\u00e4rung \u00fcber das Zweck der Zusammenarbeit wurde unterzeichnet von: im Namen der Papiermuseen in Duszniki-Zdr\u00f3j (Polen), Velkie Losiny (Tschechien), Homburg (Deutschland) und [&hellip;]<\/p>\n","protected":false},"author":2,"featured_media":10672,"parent":137,"menu_order":150,"comment_status":"closed","ping_status":"closed","template":"","meta":{"_acf_changed":false,"ngg_post_thumbnail":0,"footnotes":""},"class_list":["post-17107","page","type-page","status-publish","has-post-thumbnail","hentry"],"acf":[],"_links":{"self":[{"href":"https:\/\/muzeumpapiernictwa.pl\/de\/wp-json\/wp\/v2\/pages\/17107","targetHints":{"allow":["GET"]}}],"collection":[{"href":"https:\/\/muzeumpapiernictwa.pl\/de\/wp-json\/wp\/v2\/pages"}],"about":[{"href":"https:\/\/muzeumpapiernictwa.pl\/de\/wp-json\/wp\/v2\/types\/page"}],"author":[{"embeddable":true,"href":"https:\/\/muzeumpapiernictwa.pl\/de\/wp-json\/wp\/v2\/users\/2"}],"replies":[{"embeddable":true,"href":"https:\/\/muzeumpapiernictwa.pl\/de\/wp-json\/wp\/v2\/comments?post=17107"}],"version-history":[{"count":1,"href":"https:\/\/muzeumpapiernictwa.pl\/de\/wp-json\/wp\/v2\/pages\/17107\/revisions"}],"predecessor-version":[{"id":17137,"href":"https:\/\/muzeumpapiernictwa.pl\/de\/wp-json\/wp\/v2\/pages\/17107\/revisions\/17137"}],"up":[{"embeddable":true,"href":"https:\/\/muzeumpapiernictwa.pl\/de\/wp-json\/wp\/v2\/pages\/137"}],"wp:featuredmedia":[{"embeddable":true,"href":"https:\/\/muzeumpapiernictwa.pl\/de\/wp-json\/wp\/v2\/media\/10672"}],"wp:attachment":[{"href":"https:\/\/muzeumpapiernictwa.pl\/de\/wp-json\/wp\/v2\/media?parent=17107"}],"curies":[{"name":"wp","href":"https:\/\/api.w.org\/{rel}","templated":true}]}}