{"id":1680,"date":"2012-02-02T14:48:33","date_gmt":"2012-02-02T13:48:33","guid":{"rendered":"http:\/\/muzeumpapiernictwa.pl\/?page_id=1680"},"modified":"2015-08-24T10:35:58","modified_gmt":"2015-08-24T08:35:58","slug":"o-mlynie-papierniczym-w-palacu-prezydenckim","status":"publish","type":"page","link":"https:\/\/muzeumpapiernictwa.pl\/de\/aktuelles\/papiermuhle-in-bad-reinerz-wurde-zum-geschichtsdenkmal\/","title":{"rendered":"Papierm\u00fchle In Bad Reinerz Wurde Zum Geschichtsdenkmal."},"content":{"rendered":"<p>Am 2.\u00a0Februar 2012 wurde der Reinerzer Papierm\u00fchle kraft der Verordnung des Pr\u00e4sidenten der Republik Polen im Pr\u00e4sidentenpalast in Warschau der Status des Geschichtsdenkmals zuerkannt. Das Dokument wurde vom Pr\u00e4sidenten Bronis\u0142aw Komorowski an Rafa\u0142 Jurkowlaniec, dem Marschall von Niederschlesien (das Museum ist eine kulturelle Einrichtung des Marschallamtes) und dem Direktor des Papiermuseums &#8211; Maciej Szymczyk \u00fcbergeben. An der Zeremonie nahm eine gro\u00dfe Anzahl an Menschen teil, die mit Museum verbunden sind, u.\u00a0a. Rados\u0142aw Mo\u0142o\u0144 &#8211; stellvertretender Marschall, Jacek Gawro\u0144ski &#8211; Direktor der Abteilung f\u00fcr Kultur am Marschallamt, Andrzej Rymarczyk -B\u00fcrgermeister von Bad-Reinerz, Micha\u0142 Jarczy\u0144ski &#8211; Vorsitzender des Verbandes Polnischer Papierhersteller und Chef des b\u00f6rsennotierten Unternehmens Arctic Paper S.A., Zbigniew Fornalski &#8211; Generaldirektor des Verbandes der Polnischer Papierhersteller, Marek Krzykowski &#8211; Vorsitzender der Firma International Paper Kwidzyn S.A., Piotr Pankanin &#8211; stellvertretender Vorsitzender des polnischen Wertpapierherstellers Polska Wytw\u00f3rnia Papier\u00f3w Warto\u015bciowych S.A., Andrzej Kubik &#8211; Denkmalpfleger, Barbara Obelinda-Nowak &#8211; Leiterin der Breslauer Niederlassung des Amtes f\u00fcr Denkmalschutz, Bo\u017cena Schweizer-Makowska &#8211; ehemalige Direktorin des Museums und Joanna Seredy\u0144ska &#8211; die Stellvertretende des Direktors.<\/p>\n<p>Nach polnischem Recht ist ein Geschichtsdenkmal die h\u00f6chste Form des Schutzes von Denkm\u00e4lern von einer besonderen Bedeutung f\u00fcr die nationale Kultur. Die Bedeutung dieser Auszeichnung wird zus\u00e4tzlich durch die Tatsache hervorgehoben, dass der Titel nach einem sorgf\u00e4ltigen Verfahren in einer Verordnung durch den Pr\u00e4sidenten der Republik Polen verliehen wird. Aus diesem Grund tr\u00e4gt die Liste der Geschichtsdenkm\u00e4ler den Namen \u201eListe der Pr\u00e4sidenten\u201c. Auf der Liste befinden sich derzeit 48 Einrichtungen, einschlie\u00dflich Jasna G\u00f3ra, zu Deutsch: Heller Berg in Tschenstochau (Cz\u0119stochowa), Ordensburg Marienburg (Malbork), historische Stadtteile in Kazimierz Dolny, Krakau (Krak\u00f3w), Lublin, Posen (Poznan), Thorn (Torun), Warschau (Warszawa), Breslau (Wroc\u0142aw) und Zamosch (Zamo\u015bc), Schlachtfelder bei Grunwald, Rasselwitz (Rac\u0142awice) und Westerplatte. In Niederschlesien wurden bisher 7 Einrichtungen mit dem Titel des Geschichtsdenkmals geehrt, u.\u00a0a. Jahrhunderthalle in Breslau (Wroc\u0142aw), Breslauer Altstadt, Basilika in Gr\u00fcssau (Krzesz\u00f3w), Festung in Silberberg (Srebrna G\u00f3ra).<\/p>\n<p>Das Verfahren f\u00fcr die Aufnahme der Reinerzer Papierm\u00fchle in die Liste der Geschichtsdenkm\u00e4ler hat der Direktor des Museums ins Rollen gebracht. Der Beschluss \u00fcber die Zuerkennung dieses Status der Papierm\u00fchle wurde unter anderem deshalb erlassen, weil es die einzige Papierm\u00fchle in Polen ist, und eine der wenigen in der Welt, die in einem solchen perfekten Zustand erhalten blieb. Hier wurden auch die in industriellen Anlagen extrem seltenen Polychromien und die sehr umfassende Bildungsma\u00dfnahmen des Museums als Fortsetzung der urspr\u00fcnglichen Funktionen der Papierm\u00fchle anerkannt.<\/p>\n<p><em>Dr. habil. Maciej Szymczyk<\/em><\/p>\n<p><em>Direktor des Papiermuseums<\/em><\/p>\n<p>\n\t\t<style type=\"text\/css\">\n\t\t\t#gallery-2 {\n\t\t\t\tmargin: auto;\n\t\t\t}\n\t\t\t#gallery-2 .gallery-item {\n\t\t\t\tfloat: left;\n\t\t\t\tmargin-top: 10px;\n\t\t\t\ttext-align: center;\n\t\t\t\twidth: 33%;\n\t\t\t}\n\t\t\t#gallery-2 img {\n\t\t\t\tborder: 2px solid #cfcfcf;\n\t\t\t}\n\t\t\t#gallery-2 .gallery-caption {\n\t\t\t\tmargin-left: 0;\n\t\t\t}\n\t\t\t\/* see gallery_shortcode() in wp-includes\/media.php *\/\n\t\t<\/style>\n\t\t<div id='gallery-2' class='gallery galleryid-1680 gallery-columns-3 gallery-size-thumbnail'><dl class='gallery-item'>\n\t\t\t<dt class='gallery-icon landscape'>\n\t\t\t\t<a href='https:\/\/muzeumpapiernictwa.pl\/wp-content\/uploads\/2012\/02\/01.jpg' title=\"\" data-rl_title=\"\" class=\"rl-gallery-link\" data-rl_caption=\"\" data-rel=\"lightbox-gallery-2\"><img loading=\"lazy\" decoding=\"async\" width=\"150\" height=\"150\" src=\"https:\/\/muzeumpapiernictwa.pl\/wp-content\/uploads\/2012\/02\/01-150x150.jpg\" class=\"attachment-thumbnail size-thumbnail\" \/><\/a>\n\t\t\t<\/dt><\/dl><dl class='gallery-item'>\n\t\t\t<dt class='gallery-icon landscape'>\n\t\t\t\t<a href='https:\/\/muzeumpapiernictwa.pl\/wp-content\/uploads\/2012\/02\/02.jpg' title=\"\" data-rl_title=\"\" class=\"rl-gallery-link\" data-rl_caption=\"\" data-rel=\"lightbox-gallery-2\"><img loading=\"lazy\" decoding=\"async\" width=\"150\" height=\"150\" src=\"https:\/\/muzeumpapiernictwa.pl\/wp-content\/uploads\/2012\/02\/02-150x150.jpg\" class=\"attachment-thumbnail size-thumbnail\" \/><\/a>\n\t\t\t<\/dt><\/dl><dl class='gallery-item'>\n\t\t\t<dt class='gallery-icon landscape'>\n\t\t\t\t<a href='https:\/\/muzeumpapiernictwa.pl\/wp-content\/uploads\/2012\/02\/03.jpg' title=\"\" data-rl_title=\"\" class=\"rl-gallery-link\" data-rl_caption=\"\" data-rel=\"lightbox-gallery-2\"><img loading=\"lazy\" decoding=\"async\" width=\"150\" height=\"150\" src=\"https:\/\/muzeumpapiernictwa.pl\/wp-content\/uploads\/2012\/02\/03-150x150.jpg\" class=\"attachment-thumbnail size-thumbnail\" \/><\/a>\n\t\t\t<\/dt><\/dl><br style=\"clear: both\" \/><dl class='gallery-item'>\n\t\t\t<dt class='gallery-icon landscape'>\n\t\t\t\t<a href='https:\/\/muzeumpapiernictwa.pl\/wp-content\/uploads\/2012\/02\/KPRP_20120202_LK_296.jpg' title=\"\" data-rl_title=\"\" class=\"rl-gallery-link\" data-rl_caption=\"\" data-rel=\"lightbox-gallery-2\"><img loading=\"lazy\" decoding=\"async\" width=\"150\" height=\"150\" src=\"https:\/\/muzeumpapiernictwa.pl\/wp-content\/uploads\/2012\/02\/KPRP_20120202_LK_296-150x150.jpg\" class=\"attachment-thumbnail size-thumbnail\" \/><\/a>\n\t\t\t<\/dt><\/dl><dl class='gallery-item'>\n\t\t\t<dt class='gallery-icon landscape'>\n\t\t\t\t<a href='https:\/\/muzeumpapiernictwa.pl\/wp-content\/uploads\/2012\/02\/KPRP_20120202_LK_318.jpg' title=\"\" data-rl_title=\"\" class=\"rl-gallery-link\" data-rl_caption=\"\" data-rel=\"lightbox-gallery-2\"><img loading=\"lazy\" decoding=\"async\" width=\"150\" height=\"150\" src=\"https:\/\/muzeumpapiernictwa.pl\/wp-content\/uploads\/2012\/02\/KPRP_20120202_LK_318-150x150.jpg\" class=\"attachment-thumbnail size-thumbnail\" \/><\/a>\n\t\t\t<\/dt><\/dl>\n\t\t\t<br style='clear: both' \/>\n\t\t<\/div>\n<\/p>","protected":false},"excerpt":{"rendered":"<p>Am 2.\u00a0Februar 2012 wurde der Reinerzer Papierm\u00fchle kraft der Verordnung des Pr\u00e4sidenten der Republik Polen im Pr\u00e4sidentenpalast in Warschau der Status des Geschichtsdenkmals zuerkannt. Das Dokument wurde vom Pr\u00e4sidenten Bronis\u0142aw Komorowski an Rafa\u0142 Jurkowlaniec, dem Marschall von Niederschlesien (das Museum ist eine kulturelle Einrichtung des Marschallamtes) und dem Direktor des Papiermuseums &#8211; Maciej Szymczyk \u00fcbergeben. [&hellip;]<\/p>\n","protected":false},"author":1,"featured_media":2494,"parent":137,"menu_order":675,"comment_status":"open","ping_status":"open","template":"","meta":{"_acf_changed":false,"ngg_post_thumbnail":0,"footnotes":""},"class_list":["post-1680","page","type-page","status-publish","has-post-thumbnail","hentry"],"acf":[],"_links":{"self":[{"href":"https:\/\/muzeumpapiernictwa.pl\/de\/wp-json\/wp\/v2\/pages\/1680","targetHints":{"allow":["GET"]}}],"collection":[{"href":"https:\/\/muzeumpapiernictwa.pl\/de\/wp-json\/wp\/v2\/pages"}],"about":[{"href":"https:\/\/muzeumpapiernictwa.pl\/de\/wp-json\/wp\/v2\/types\/page"}],"author":[{"embeddable":true,"href":"https:\/\/muzeumpapiernictwa.pl\/de\/wp-json\/wp\/v2\/users\/1"}],"replies":[{"embeddable":true,"href":"https:\/\/muzeumpapiernictwa.pl\/de\/wp-json\/wp\/v2\/comments?post=1680"}],"version-history":[{"count":2,"href":"https:\/\/muzeumpapiernictwa.pl\/de\/wp-json\/wp\/v2\/pages\/1680\/revisions"}],"predecessor-version":[{"id":2495,"href":"https:\/\/muzeumpapiernictwa.pl\/de\/wp-json\/wp\/v2\/pages\/1680\/revisions\/2495"}],"up":[{"embeddable":true,"href":"https:\/\/muzeumpapiernictwa.pl\/de\/wp-json\/wp\/v2\/pages\/137"}],"wp:featuredmedia":[{"embeddable":true,"href":"https:\/\/muzeumpapiernictwa.pl\/de\/wp-json\/wp\/v2\/media\/2494"}],"wp:attachment":[{"href":"https:\/\/muzeumpapiernictwa.pl\/de\/wp-json\/wp\/v2\/media?parent=1680"}],"curies":[{"name":"wp","href":"https:\/\/api.w.org\/{rel}","templated":true}]}}