{"id":16748,"date":"2021-03-30T13:49:12","date_gmt":"2021-03-30T11:49:12","guid":{"rendered":"https:\/\/muzeumpapiernictwa.pl\/?page_id=16748"},"modified":"2021-03-30T13:51:41","modified_gmt":"2021-03-30T11:51:41","slug":"ogloszenie-o-naborze-na-wolne-stanowisko-pracy-w-dziale-ksiegowosci-i-finansow","status":"publish","type":"page","link":"https:\/\/muzeumpapiernictwa.pl\/de\/polski-bip\/polski-ogloszenia\/ogloszenie-o-naborze-na-wolne-stanowisko-pracy-w-dziale-ksiegowosci-i-finansow\/","title":{"rendered":"Og\u0142oszenie o naborze na wolne stanowisko pracy w Dziale Ksi\u0119gowo\u015bci i Finans\u00f3w"},"content":{"rendered":"<p class=\"qtranxs-available-languages-message qtranxs-available-languages-message-de\"><span><\/span><\/p>","protected":false},"excerpt":{"rendered":"","protected":false},"author":2,"featured_media":0,"parent":3125,"menu_order":1465,"comment_status":"closed","ping_status":"closed","template":"bip.php","meta":{"_acf_changed":false,"ngg_post_thumbnail":0,"footnotes":""},"class_list":["post-16748","page","type-page","status-publish","hentry"],"acf":[],"_links":{"self":[{"href":"https:\/\/muzeumpapiernictwa.pl\/de\/wp-json\/wp\/v2\/pages\/16748","targetHints":{"allow":["GET"]}}],"collection":[{"href":"https:\/\/muzeumpapiernictwa.pl\/de\/wp-json\/wp\/v2\/pages"}],"about":[{"href":"https:\/\/muzeumpapiernictwa.pl\/de\/wp-json\/wp\/v2\/types\/page"}],"author":[{"embeddable":true,"href":"https:\/\/muzeumpapiernictwa.pl\/de\/wp-json\/wp\/v2\/users\/2"}],"replies":[{"embeddable":true,"href":"https:\/\/muzeumpapiernictwa.pl\/de\/wp-json\/wp\/v2\/comments?post=16748"}],"version-history":[{"count":0,"href":"https:\/\/muzeumpapiernictwa.pl\/de\/wp-json\/wp\/v2\/pages\/16748\/revisions"}],"up":[{"embeddable":true,"href":"https:\/\/muzeumpapiernictwa.pl\/de\/wp-json\/wp\/v2\/pages\/3125"}],"wp:attachment":[{"href":"https:\/\/muzeumpapiernictwa.pl\/de\/wp-json\/wp\/v2\/media?parent=16748"}],"curies":[{"name":"wp","href":"https:\/\/api.w.org\/{rel}","templated":true}]}}