{"id":1666,"date":"2012-03-08T14:43:05","date_gmt":"2012-03-08T13:43:05","guid":{"rendered":"http:\/\/muzeumpapiernictwa.pl\/?page_id=1666"},"modified":"2015-08-24T10:35:52","modified_gmt":"2015-08-24T08:35:52","slug":"konsul-generalny-rfn-z-wizyta-w-muzeum-papiernictwa","status":"publish","type":"page","link":"https:\/\/muzeumpapiernictwa.pl\/de\/aktuelles\/generalkonsul-der-bundesrepublik-deutschland-zu-besuch-im-papiermuseum\/","title":{"rendered":"Generalkonsul der Bundesrepublik Deutschland zu Besuch im Papiermuseum"},"content":{"rendered":"<p>Am 8.\u00a0M\u00e4rz kamen Dr. Gottfried Zeitz, der Generalkonsul der Bundesrepublik Deutschland in Breslau und Rainer Sachs, der Kulturreferent des deutschen Generalkonsulats zu Besuch ins Papiermuseum. Bei einem Treffen mit Maciej Szymczyk, dem Direktor des Museums, wurde die bisherige, sehr erfolgreiche Zusammenarbeit der Reinerzer Einrichtung mit dem Konsulat besprochen. Die Mitarbeiter der deutschen Institution nehmen seit vielen Jahren an den Forschungsprojekten des Reinerzer Museums teil. Der Generalkonsul \u00fcbernahm mehrmals die Schirmherrschaft \u00fcber die Ausstellungen des Papiermuseums. Man stellte ebenfalls fest, dass die historische Papierm\u00fchle eine bedeutende Rolle bei dem Ausbau der deutsch-polnischen Beziehungen spielen kann. Nach der Besichtigung der musealen Exponate nahmen sich die G\u00e4ste der Kunst des Papiersch\u00f6pfens an. Dies war auch f\u00fcr die Diplomaten ein interessantes Erlebnis und ein Beweis daf\u00fcr, dass Papier bei internationalen Kontakten bis heute eine wichtige Rolle spielt.<\/p>\n<p>\n\t\t<style type=\"text\/css\">\n\t\t\t#gallery-2 {\n\t\t\t\tmargin: auto;\n\t\t\t}\n\t\t\t#gallery-2 .gallery-item {\n\t\t\t\tfloat: left;\n\t\t\t\tmargin-top: 10px;\n\t\t\t\ttext-align: center;\n\t\t\t\twidth: 33%;\n\t\t\t}\n\t\t\t#gallery-2 img {\n\t\t\t\tborder: 2px solid #cfcfcf;\n\t\t\t}\n\t\t\t#gallery-2 .gallery-caption {\n\t\t\t\tmargin-left: 0;\n\t\t\t}\n\t\t\t\/* see gallery_shortcode() in wp-includes\/media.php *\/\n\t\t<\/style>\n\t\t<div id='gallery-2' class='gallery galleryid-1666 gallery-columns-3 gallery-size-thumbnail'><dl class='gallery-item'>\n\t\t\t<dt class='gallery-icon landscape'>\n\t\t\t\t<a href='https:\/\/muzeumpapiernictwa.pl\/wp-content\/uploads\/2012\/03\/konsul.jpg' title=\"\" data-rl_title=\"\" class=\"rl-gallery-link\" data-rl_caption=\"\" data-rel=\"lightbox-gallery-2\"><img loading=\"lazy\" decoding=\"async\" width=\"150\" height=\"150\" src=\"https:\/\/muzeumpapiernictwa.pl\/wp-content\/uploads\/2012\/03\/konsul-150x150.jpg\" class=\"attachment-thumbnail size-thumbnail\" \/><\/a>\n\t\t\t<\/dt><\/dl><dl class='gallery-item'>\n\t\t\t<dt class='gallery-icon landscape'>\n\t\t\t\t<a href='https:\/\/muzeumpapiernictwa.pl\/wp-content\/uploads\/2012\/03\/konsul2.jpg' title=\"\" data-rl_title=\"\" class=\"rl-gallery-link\" data-rl_caption=\"\" data-rel=\"lightbox-gallery-2\"><img loading=\"lazy\" decoding=\"async\" width=\"150\" height=\"150\" src=\"https:\/\/muzeumpapiernictwa.pl\/wp-content\/uploads\/2012\/03\/konsul2-150x150.jpg\" class=\"attachment-thumbnail size-thumbnail\" \/><\/a>\n\t\t\t<\/dt><\/dl><dl class='gallery-item'>\n\t\t\t<dt class='gallery-icon landscape'>\n\t\t\t\t<a href='https:\/\/muzeumpapiernictwa.pl\/wp-content\/uploads\/2012\/03\/konsul3.jpg' title=\"\" data-rl_title=\"\" class=\"rl-gallery-link\" data-rl_caption=\"\" data-rel=\"lightbox-gallery-2\"><img loading=\"lazy\" decoding=\"async\" width=\"150\" height=\"150\" src=\"https:\/\/muzeumpapiernictwa.pl\/wp-content\/uploads\/2012\/03\/konsul3-150x150.jpg\" class=\"attachment-thumbnail size-thumbnail\" \/><\/a>\n\t\t\t<\/dt><\/dl><br style=\"clear: both\" \/><dl class='gallery-item'>\n\t\t\t<dt class='gallery-icon landscape'>\n\t\t\t\t<a href='https:\/\/muzeumpapiernictwa.pl\/wp-content\/uploads\/2012\/03\/konsul4.jpg' title=\"\" data-rl_title=\"\" class=\"rl-gallery-link\" data-rl_caption=\"\" data-rel=\"lightbox-gallery-2\"><img loading=\"lazy\" decoding=\"async\" width=\"150\" height=\"150\" src=\"https:\/\/muzeumpapiernictwa.pl\/wp-content\/uploads\/2012\/03\/konsul4-150x150.jpg\" class=\"attachment-thumbnail size-thumbnail\" \/><\/a>\n\t\t\t<\/dt><\/dl>\n\t\t\t<br style='clear: both' \/>\n\t\t<\/div>\n<\/p>","protected":false},"excerpt":{"rendered":"<p>Am 8.\u00a0M\u00e4rz kamen Dr. Gottfried Zeitz, der Generalkonsul der Bundesrepublik Deutschland in Breslau und Rainer Sachs, der Kulturreferent des deutschen Generalkonsulats zu Besuch ins Papiermuseum. Bei einem Treffen mit Maciej Szymczyk, dem Direktor des Museums, wurde die bisherige, sehr erfolgreiche Zusammenarbeit der Reinerzer Einrichtung mit dem Konsulat besprochen. Die Mitarbeiter der deutschen Institution nehmen seit [&hellip;]<\/p>\n","protected":false},"author":1,"featured_media":1668,"parent":137,"menu_order":561,"comment_status":"open","ping_status":"open","template":"","meta":{"_acf_changed":false,"ngg_post_thumbnail":0,"footnotes":""},"class_list":["post-1666","page","type-page","status-publish","has-post-thumbnail","hentry"],"acf":[],"_links":{"self":[{"href":"https:\/\/muzeumpapiernictwa.pl\/de\/wp-json\/wp\/v2\/pages\/1666","targetHints":{"allow":["GET"]}}],"collection":[{"href":"https:\/\/muzeumpapiernictwa.pl\/de\/wp-json\/wp\/v2\/pages"}],"about":[{"href":"https:\/\/muzeumpapiernictwa.pl\/de\/wp-json\/wp\/v2\/types\/page"}],"author":[{"embeddable":true,"href":"https:\/\/muzeumpapiernictwa.pl\/de\/wp-json\/wp\/v2\/users\/1"}],"replies":[{"embeddable":true,"href":"https:\/\/muzeumpapiernictwa.pl\/de\/wp-json\/wp\/v2\/comments?post=1666"}],"version-history":[{"count":1,"href":"https:\/\/muzeumpapiernictwa.pl\/de\/wp-json\/wp\/v2\/pages\/1666\/revisions"}],"predecessor-version":[{"id":2497,"href":"https:\/\/muzeumpapiernictwa.pl\/de\/wp-json\/wp\/v2\/pages\/1666\/revisions\/2497"}],"up":[{"embeddable":true,"href":"https:\/\/muzeumpapiernictwa.pl\/de\/wp-json\/wp\/v2\/pages\/137"}],"wp:featuredmedia":[{"embeddable":true,"href":"https:\/\/muzeumpapiernictwa.pl\/de\/wp-json\/wp\/v2\/media\/1668"}],"wp:attachment":[{"href":"https:\/\/muzeumpapiernictwa.pl\/de\/wp-json\/wp\/v2\/media?parent=1666"}],"curies":[{"name":"wp","href":"https:\/\/api.w.org\/{rel}","templated":true}]}}