{"id":161,"date":"2014-11-18T09:41:01","date_gmt":"2014-11-18T08:41:01","guid":{"rendered":"http:\/\/muzeumpapiernictwa.pl\/?page_id=161"},"modified":"2017-10-26T10:57:04","modified_gmt":"2017-10-26T08:57:04","slug":"promocja-projektu","status":"publish","type":"page","link":"https:\/\/muzeumpapiernictwa.pl\/de\/projekt\/projektvermarktung\/","title":{"rendered":"Projektvermarktung"},"content":{"rendered":"<p><\/p>\n<p>Ein integraler Teil des von der EOG und den Norwegischen Fonds finanzierten Projektes sind ausf\u00fchrliche Informationsma\u00dfnahmen: <\/p>\n<ul>\n<li>\u00fcber das Ziel, die Realisierung und die Resultate der gef\u00fchrten Aktivit\u00e4ten im Rahmen des Projektes;<\/li>\n<li>\u00fcber die EOS- und die Norwegischen Fonds, insbesondere ihre Bedeutung f\u00fcr die Revitalisierung, Konservierung und Um- bzw. Ausbau f\u00fcr kulturelle Zwecke historischer Denkm\u00e4ler und Objekte.<\/li>\n<\/ul>\n<p>Der Kommunikationsplan sieht vor:<\/p>\n<ul>\n<li>Organisation von Informationsveranstaltungen, Pressekonferenzen, Er\u00f6ffnungs- und Abschlusskonferenzen eingeschlossen; <\/li>\n<li>Herausgabe und Vertrieb von Informations- und Reklamematerialien (Flyer, Plakate, Konferenzunterlagen, Werbeutensilien);<\/li>\n<li>Herstellung und Ausstrahlung von Radio- und Fernsehspots; <\/li>\n<li>Ver\u00f6ffentlichung von Informations- und Reklamematerialien in der Presse, Rundfunk, Fernseh und Internet;<\/li>\n<li>Einrichtung diese Internetseite<\/li>\n<\/ul>\n<p><a title=\"Aktualno\u015bci\" href=\"http:\/\/muzeumpapiernictwa.pl\/de\/aktuelles\/1?news-search%5Bphrase%5D=&#038;news-search%5Bsort%5D=created_desc&#038;news-search%5Bdate-range%5D=&#038;news-search%5Bcategory%5D=15\">Aktuelles &#8211; projekt<\/a><\/p>\n<\/p>\n<p><\/p>","protected":false},"excerpt":{"rendered":"<p>Ein integraler Teil des von der EOG und den Norwegischen Fonds finanzierten Projektes sind ausf\u00fchrliche Informationsma\u00dfnahmen: \u00fcber das Ziel, die Realisierung und die Resultate der gef\u00fchrten Aktivit\u00e4ten im Rahmen des Projektes; \u00fcber die EOS- und die Norwegischen Fonds, insbesondere ihre Bedeutung f\u00fcr die Revitalisierung, Konservierung und Um- bzw. Ausbau f\u00fcr kulturelle Zwecke historischer Denkm\u00e4ler und [&hellip;]<\/p>\n","protected":false},"author":1,"featured_media":0,"parent":71,"menu_order":847,"comment_status":"open","ping_status":"open","template":"","meta":{"_acf_changed":false,"ngg_post_thumbnail":0,"footnotes":""},"class_list":["post-161","page","type-page","status-publish","hentry"],"acf":[],"_links":{"self":[{"href":"https:\/\/muzeumpapiernictwa.pl\/de\/wp-json\/wp\/v2\/pages\/161","targetHints":{"allow":["GET"]}}],"collection":[{"href":"https:\/\/muzeumpapiernictwa.pl\/de\/wp-json\/wp\/v2\/pages"}],"about":[{"href":"https:\/\/muzeumpapiernictwa.pl\/de\/wp-json\/wp\/v2\/types\/page"}],"author":[{"embeddable":true,"href":"https:\/\/muzeumpapiernictwa.pl\/de\/wp-json\/wp\/v2\/users\/1"}],"replies":[{"embeddable":true,"href":"https:\/\/muzeumpapiernictwa.pl\/de\/wp-json\/wp\/v2\/comments?post=161"}],"version-history":[{"count":19,"href":"https:\/\/muzeumpapiernictwa.pl\/de\/wp-json\/wp\/v2\/pages\/161\/revisions"}],"predecessor-version":[{"id":278,"href":"https:\/\/muzeumpapiernictwa.pl\/de\/wp-json\/wp\/v2\/pages\/161\/revisions\/278"}],"up":[{"embeddable":true,"href":"https:\/\/muzeumpapiernictwa.pl\/de\/wp-json\/wp\/v2\/pages\/71"}],"wp:attachment":[{"href":"https:\/\/muzeumpapiernictwa.pl\/de\/wp-json\/wp\/v2\/media?parent=161"}],"curies":[{"name":"wp","href":"https:\/\/api.w.org\/{rel}","templated":true}]}}