{"id":15978,"date":"2020-09-02T14:02:00","date_gmt":"2020-09-02T12:02:00","guid":{"rendered":"https:\/\/muzeumpapiernictwa.pl\/?page_id=15978"},"modified":"2020-09-14T13:44:28","modified_gmt":"2020-09-14T11:44:28","slug":"odwiedzil-nas-wnuk-ostatniego-dusznickiego-papiernika","status":"publish","type":"page","link":"https:\/\/muzeumpapiernictwa.pl\/de\/aktuelles\/odwiedzil-nas-wnuk-ostatniego-dusznickiego-papiernika\/","title":{"rendered":"Der Enkel des letzten Papiermachers zu Besuch in Bad Reinerz"},"content":{"rendered":"<p>Der letzte Besitzer der Papierm\u00fchle in Bad Reinerz war Karl II. Wiehr. Im April 1939 verkaufte er die bereits geschlossene Papierm\u00fchle an die Stadt Bad Reinerz in der Hoffnung, dass die Stadtverwaltung hier ein Museum einrichten w\u00fcrde. Die Er\u00f6ffnung des Museums erlebte er jedoch nicht mehr. Er verstarb 1941. Erst im Jahr 1968 wurde das Museum von den polnischen Beh\u00f6rden er\u00f6ffnet.<\/p>\n<p>Karl Wiehr und seine Frau Hedwig hatten zwei Kinder, Sohn Alex und Tochter Maria, welche Rudolf Herrmann heiratete und nach Wroc\u0142aw zog. Zu Kriegsende 1944 kehrten sie jedoch wieder nach Bad Reinerz in die Papierm\u00fchle zur\u00fcck, wo es sicherer war als in Wroc\u0142aw. Nach Vertreibung und Umsiedlung 1945\u00a0 lie\u00dfen sie sich in Bayern nieder. Ihr j\u00fcngster Sohn ist Willibald, der Verfasser des Buches <em>Spurensuche. Mia erz\u00e4hlt<\/em>, das auf der Grundlage der Erinnerungen seiner Mutter entstand und die Papierm\u00fchle in Zeiten ihrer Kindheit und Jugend schildert.<\/p>\n<p>Am 1. September besuchte Willibald Herrmann zusammen mit seiner Frau Ursula und seinen Kindern sowie Enkelkindern das Papiermuseum in Bad Reinerz. Die Familie schaute sich die Ausstellungen an und nahm an den Papier-Workshops teil. Gekr\u00f6nt wurde dieses Ereignis, indem man von den Besagten deren \u201eHandabdr\u00fccke auf einem Blatt gesch\u00f6pften Papiers\u201c nahm. Der Enkel Karl Wiehrs \u00e4u\u00dferte seine Wertsch\u00e4tzung daf\u00fcr, dass das Museums und das historische Umfeld der Papierm\u00fchle mit so gro\u00dfer Sorgfalt bedacht werden.<\/p>\n<p>Die Papierm\u00fchle in Bad Reinerz ist heute eines von 105 Denkm\u00e4lern der Geschichte &#8211; Objekte von gr\u00f6\u00dfter Bedeutung f\u00fcr die polnische Kultur. Im Jahr 2019 wurde die M\u00fchle vom Kulturministerium der Republik Polen in die UNESCO-Liste des Weltkulturerbes aufgenommen. Darauf sind die Nachfahren der letzten Papierm\u00fchle in Bad Reinerz besonders stolz.<\/p>\n<hr>\n<p>\n\t\t<style type=\"text\/css\">\n\t\t\t#gallery-2 {\n\t\t\t\tmargin: auto;\n\t\t\t}\n\t\t\t#gallery-2 .gallery-item {\n\t\t\t\tfloat: left;\n\t\t\t\tmargin-top: 10px;\n\t\t\t\ttext-align: center;\n\t\t\t\twidth: 33%;\n\t\t\t}\n\t\t\t#gallery-2 img {\n\t\t\t\tborder: 2px solid #cfcfcf;\n\t\t\t}\n\t\t\t#gallery-2 .gallery-caption {\n\t\t\t\tmargin-left: 0;\n\t\t\t}\n\t\t\t\/* see gallery_shortcode() in wp-includes\/media.php *\/\n\t\t<\/style>\n\t\t<div id='gallery-2' class='gallery galleryid-15978 gallery-columns-3 gallery-size-thumbnail'><dl class='gallery-item'>\n\t\t\t<dt class='gallery-icon portrait'>\n\t\t\t\t<a href='https:\/\/muzeumpapiernictwa.pl\/wp-content\/uploads\/2020\/09\/Wnuk-C.-Wiehra1-e1599634092307.jpg' title=\"\" data-rl_title=\"\" class=\"rl-gallery-link\" data-rl_caption=\"\" data-rel=\"lightbox-gallery-2\"><img loading=\"lazy\" decoding=\"async\" width=\"150\" height=\"150\" src=\"https:\/\/muzeumpapiernictwa.pl\/wp-content\/uploads\/2020\/09\/Wnuk-C.-Wiehra1-150x150.jpg\" class=\"attachment-thumbnail size-thumbnail\" \/><\/a>\n\t\t\t<\/dt><\/dl><dl class='gallery-item'>\n\t\t\t<dt class='gallery-icon portrait'>\n\t\t\t\t<a href='https:\/\/muzeumpapiernictwa.pl\/wp-content\/uploads\/2020\/09\/D\u0142o\u0144-W.-Herrmanna1-e1599634079984.jpg' title=\"\" data-rl_title=\"\" class=\"rl-gallery-link\" data-rl_caption=\"\" data-rel=\"lightbox-gallery-2\"><img loading=\"lazy\" decoding=\"async\" width=\"150\" height=\"150\" src=\"https:\/\/muzeumpapiernictwa.pl\/wp-content\/uploads\/2020\/09\/D\u0142o\u0144-W.-Herrmanna1-150x150.jpg\" class=\"attachment-thumbnail size-thumbnail\" \/><\/a>\n\t\t\t<\/dt><\/dl><dl class='gallery-item'>\n\t\t\t<dt class='gallery-icon portrait'>\n\t\t\t\t<a href='https:\/\/muzeumpapiernictwa.pl\/wp-content\/uploads\/2020\/09\/W.-Herrmann-Spurensuche1-e1599634100571.jpg' title=\"\" data-rl_title=\"\" class=\"rl-gallery-link\" data-rl_caption=\"\" data-rel=\"lightbox-gallery-2\"><img loading=\"lazy\" decoding=\"async\" width=\"150\" height=\"150\" src=\"https:\/\/muzeumpapiernictwa.pl\/wp-content\/uploads\/2020\/09\/W.-Herrmann-Spurensuche1-150x150.jpg\" class=\"attachment-thumbnail size-thumbnail\" \/><\/a>\n\t\t\t<\/dt><\/dl><br style=\"clear: both\" \/>\n\t\t<\/div>\n<\/p>","protected":false},"excerpt":{"rendered":"<p>Der letzte Besitzer der Papierm\u00fchle in Bad Reinerz war Karl II. Wiehr. Im April 1939 verkaufte er die bereits geschlossene Papierm\u00fchle an die Stadt Bad Reinerz in der Hoffnung, dass die Stadtverwaltung hier ein Museum einrichten w\u00fcrde. Die Er\u00f6ffnung des Museums erlebte er jedoch nicht mehr. Er verstarb 1941. Erst im Jahr 1968 wurde das [&hellip;]<\/p>\n","protected":false},"author":4,"featured_media":15979,"parent":137,"menu_order":688,"comment_status":"open","ping_status":"open","template":"","meta":{"_acf_changed":false,"ngg_post_thumbnail":0,"footnotes":""},"class_list":["post-15978","page","type-page","status-publish","has-post-thumbnail","hentry"],"acf":[],"_links":{"self":[{"href":"https:\/\/muzeumpapiernictwa.pl\/de\/wp-json\/wp\/v2\/pages\/15978","targetHints":{"allow":["GET"]}}],"collection":[{"href":"https:\/\/muzeumpapiernictwa.pl\/de\/wp-json\/wp\/v2\/pages"}],"about":[{"href":"https:\/\/muzeumpapiernictwa.pl\/de\/wp-json\/wp\/v2\/types\/page"}],"author":[{"embeddable":true,"href":"https:\/\/muzeumpapiernictwa.pl\/de\/wp-json\/wp\/v2\/users\/4"}],"replies":[{"embeddable":true,"href":"https:\/\/muzeumpapiernictwa.pl\/de\/wp-json\/wp\/v2\/comments?post=15978"}],"version-history":[{"count":7,"href":"https:\/\/muzeumpapiernictwa.pl\/de\/wp-json\/wp\/v2\/pages\/15978\/revisions"}],"predecessor-version":[{"id":16044,"href":"https:\/\/muzeumpapiernictwa.pl\/de\/wp-json\/wp\/v2\/pages\/15978\/revisions\/16044"}],"up":[{"embeddable":true,"href":"https:\/\/muzeumpapiernictwa.pl\/de\/wp-json\/wp\/v2\/pages\/137"}],"wp:featuredmedia":[{"embeddable":true,"href":"https:\/\/muzeumpapiernictwa.pl\/de\/wp-json\/wp\/v2\/media\/15979"}],"wp:attachment":[{"href":"https:\/\/muzeumpapiernictwa.pl\/de\/wp-json\/wp\/v2\/media?parent=15978"}],"curies":[{"name":"wp","href":"https:\/\/api.w.org\/{rel}","templated":true}]}}