{"id":1591,"date":"2012-05-10T13:20:26","date_gmt":"2012-05-10T11:20:26","guid":{"rendered":"http:\/\/muzeumpapiernictwa.pl\/?page_id=1591"},"modified":"2014-12-22T10:50:30","modified_gmt":"2014-12-22T09:50:30","slug":"dusznickie-paszporty-w-schengen","status":"publish","type":"page","link":"https:\/\/muzeumpapiernictwa.pl\/de\/aktuelles\/reinerzer-reisepasse-in-schengen\/","title":{"rendered":"Reinerzer reisep\u00e4sse in Schengen"},"content":{"rendered":"<p>Vom 10. Mai bis 10. Juni kann man im Europa Museum in Schengen die Ausstellung \u201eReisep\u00e4sse der Europ\u00e4ischen Union\u201c bewundern. Diese Luxemburger Stadt wird im Allgemeinen mit dem Ende der \u00c4ra von Reisep\u00e4ssen in Verbindung gebracht, dadurch gewinnt die Pr\u00e4sentation unserer Ausstellung genau an diesem Ort eine besondere Bedeutung.<\/p>\n<p>An der feierlichen Er\u00f6ffnungszeremonie, die am 10. Mai stattgefunden hat, nahmen teil u.\u00a0a.: Bartosz Jaz\u0142owiecki \u2013 Bottschafter der Republik Polen in Luxemburg, Robert Goebbels \u2013 Staatssekret\u00e4r f\u00fcr Au\u00dfenbeziehungen von Luxemburg in den 80er Jahren des 20. Jahrhunderts (er unterzeichnete seitens von Luxemburg das Schengener Abkommen), Roger Weber &#8211; B\u00fcrgermeister von Schengen, Prof. Marek Safjan &#8211; Richter am Europ\u00e4ischen Gerichtshof, Bart\u0142omiej Ostrowski &#8211; Direktor der Abteilung des Marschallamtes f\u00fcr Auslandsbeziehungen, Martina Kneip &#8211; Leiterin des Museums in Schengen und Jan Ba\u0142chan &#8211; Autor der Ausstellung, Vertreter des Papiermuseums.<\/p>\n<p>Die Ausstellung \u201eReisep\u00e4sse der Europ\u00e4ischen Union\u201c besteht aus mehreren Teilen. Den ersten Teil bilden historische Reisedokumente, die an das Papiermuseum vor zwei Jahren von Andrzej Mazur, Sammler aus Breslau, \u00fcbergeben wurden. Der zweite Teil versammelt die zeitgen\u00f6ssischen Muster der Reisep\u00e4sse aus allen L\u00e4ndern der Europ\u00e4ischen Union, zur Verf\u00fcgung gestellt von der Hauptkommandantur des Grenzschutzes in Warschau (Komenda G\u0142\u00f3wna Stra\u017cy Granicznej, Warszawa), und Uniformen von polnischen Grenzsch\u00fctzern &#8211; ausgeliehen von der Abteilung &#8218;Sudeten&#8216; des Grenzschutzes (Sudecki Oddzia\u0142 Stra\u017cy Granicznej im. Ziemi K\u0142odzkiej, K\u0142odzko). Eine wertvolle Erg\u00e4nzung der Ausstellung stellen die Informationen \u00fcber moderne Herstellungstechniken dar, die vom polnischen Wertpapierhersteller, Firma Polska Wytw\u00f3rnia Papier\u00f3w Warto\u015bciowych S.A., dem Hersteller von Reisedokumenten f\u00fcr mehrere L\u00e4nder, pr\u00e4sentiert werden.<\/p>\n<p><em>Maciej Szymczyk<\/em><\/p>\n<p><em>Direktor des Papiermuseums<\/em><\/p>\n<p>\n\t\t<style type=\"text\/css\">\n\t\t\t#gallery-2 {\n\t\t\t\tmargin: auto;\n\t\t\t}\n\t\t\t#gallery-2 .gallery-item {\n\t\t\t\tfloat: left;\n\t\t\t\tmargin-top: 10px;\n\t\t\t\ttext-align: center;\n\t\t\t\twidth: 33%;\n\t\t\t}\n\t\t\t#gallery-2 img {\n\t\t\t\tborder: 2px solid #cfcfcf;\n\t\t\t}\n\t\t\t#gallery-2 .gallery-caption {\n\t\t\t\tmargin-left: 0;\n\t\t\t}\n\t\t\t\/* see gallery_shortcode() in wp-includes\/media.php *\/\n\t\t<\/style>\n\t\t<div id='gallery-2' class='gallery galleryid-1591 gallery-columns-3 gallery-size-thumbnail'><dl class='gallery-item'>\n\t\t\t<dt class='gallery-icon portrait'>\n\t\t\t\t<a href='https:\/\/muzeumpapiernictwa.pl\/wp-content\/uploads\/2014\/11\/0117.jpg' title=\"\" data-rl_title=\"\" class=\"rl-gallery-link\" data-rl_caption=\"\" data-rel=\"lightbox-gallery-2\"><img loading=\"lazy\" decoding=\"async\" width=\"150\" height=\"150\" src=\"https:\/\/muzeumpapiernictwa.pl\/wp-content\/uploads\/2014\/11\/0117-150x150.jpg\" class=\"attachment-thumbnail size-thumbnail\" \/><\/a>\n\t\t\t<\/dt><\/dl><dl class='gallery-item'>\n\t\t\t<dt class='gallery-icon landscape'>\n\t\t\t\t<a href='https:\/\/muzeumpapiernictwa.pl\/wp-content\/uploads\/2014\/11\/0215.jpg' title=\"\" data-rl_title=\"\" class=\"rl-gallery-link\" data-rl_caption=\"\" data-rel=\"lightbox-gallery-2\"><img loading=\"lazy\" decoding=\"async\" width=\"150\" height=\"150\" src=\"https:\/\/muzeumpapiernictwa.pl\/wp-content\/uploads\/2014\/11\/0215-150x150.jpg\" class=\"attachment-thumbnail size-thumbnail\" \/><\/a>\n\t\t\t<\/dt><\/dl><dl class='gallery-item'>\n\t\t\t<dt class='gallery-icon landscape'>\n\t\t\t\t<a href='https:\/\/muzeumpapiernictwa.pl\/wp-content\/uploads\/2014\/11\/0315.jpg' title=\"\" data-rl_title=\"\" class=\"rl-gallery-link\" data-rl_caption=\"\" data-rel=\"lightbox-gallery-2\"><img loading=\"lazy\" decoding=\"async\" width=\"150\" height=\"150\" src=\"https:\/\/muzeumpapiernictwa.pl\/wp-content\/uploads\/2014\/11\/0315-150x150.jpg\" class=\"attachment-thumbnail size-thumbnail\" \/><\/a>\n\t\t\t<\/dt><\/dl><br style=\"clear: both\" \/><dl class='gallery-item'>\n\t\t\t<dt class='gallery-icon landscape'>\n\t\t\t\t<a href='https:\/\/muzeumpapiernictwa.pl\/wp-content\/uploads\/2014\/11\/0410.jpg' title=\"\" data-rl_title=\"\" class=\"rl-gallery-link\" data-rl_caption=\"\" data-rel=\"lightbox-gallery-2\"><img loading=\"lazy\" decoding=\"async\" width=\"150\" height=\"150\" src=\"https:\/\/muzeumpapiernictwa.pl\/wp-content\/uploads\/2014\/11\/0410-150x150.jpg\" class=\"attachment-thumbnail size-thumbnail\" \/><\/a>\n\t\t\t<\/dt><\/dl><dl class='gallery-item'>\n\t\t\t<dt class='gallery-icon landscape'>\n\t\t\t\t<a href='https:\/\/muzeumpapiernictwa.pl\/wp-content\/uploads\/2014\/11\/056.jpg' title=\"\" data-rl_title=\"\" class=\"rl-gallery-link\" data-rl_caption=\"\" data-rel=\"lightbox-gallery-2\"><img loading=\"lazy\" decoding=\"async\" width=\"150\" height=\"150\" src=\"https:\/\/muzeumpapiernictwa.pl\/wp-content\/uploads\/2014\/11\/056-150x150.jpg\" class=\"attachment-thumbnail size-thumbnail\" \/><\/a>\n\t\t\t<\/dt><\/dl><dl class='gallery-item'>\n\t\t\t<dt class='gallery-icon landscape'>\n\t\t\t\t<a href='https:\/\/muzeumpapiernictwa.pl\/wp-content\/uploads\/2014\/11\/064.jpg' title=\"\" data-rl_title=\"\" class=\"rl-gallery-link\" data-rl_caption=\"\" data-rel=\"lightbox-gallery-2\"><img loading=\"lazy\" decoding=\"async\" width=\"150\" height=\"150\" src=\"https:\/\/muzeumpapiernictwa.pl\/wp-content\/uploads\/2014\/11\/064-150x150.jpg\" class=\"attachment-thumbnail size-thumbnail\" \/><\/a>\n\t\t\t<\/dt><\/dl><br style=\"clear: both\" \/><dl class='gallery-item'>\n\t\t\t<dt class='gallery-icon landscape'>\n\t\t\t\t<a href='https:\/\/muzeumpapiernictwa.pl\/wp-content\/uploads\/2014\/11\/072.jpg' title=\"\" data-rl_title=\"\" class=\"rl-gallery-link\" data-rl_caption=\"\" data-rel=\"lightbox-gallery-2\"><img loading=\"lazy\" decoding=\"async\" width=\"150\" height=\"150\" src=\"https:\/\/muzeumpapiernictwa.pl\/wp-content\/uploads\/2014\/11\/072-150x150.jpg\" class=\"attachment-thumbnail size-thumbnail\" \/><\/a>\n\t\t\t<\/dt><\/dl>\n\t\t\t<br style='clear: both' \/>\n\t\t<\/div>\n<\/p>","protected":false},"excerpt":{"rendered":"<p>Vom 10. Mai bis 10. Juni kann man im Europa Museum in Schengen die Ausstellung \u201eReisep\u00e4sse der Europ\u00e4ischen Union\u201c bewundern. Diese Luxemburger Stadt wird im Allgemeinen mit dem Ende der \u00c4ra von Reisep\u00e4ssen in Verbindung gebracht, dadurch gewinnt die Pr\u00e4sentation unserer Ausstellung genau an diesem Ort eine besondere Bedeutung. An der feierlichen Er\u00f6ffnungszeremonie, die am [&hellip;]<\/p>\n","protected":false},"author":1,"featured_media":1594,"parent":137,"menu_order":343,"comment_status":"open","ping_status":"open","template":"","meta":{"_acf_changed":false,"ngg_post_thumbnail":0,"footnotes":""},"class_list":["post-1591","page","type-page","status-publish","has-post-thumbnail","hentry"],"acf":[],"_links":{"self":[{"href":"https:\/\/muzeumpapiernictwa.pl\/de\/wp-json\/wp\/v2\/pages\/1591","targetHints":{"allow":["GET"]}}],"collection":[{"href":"https:\/\/muzeumpapiernictwa.pl\/de\/wp-json\/wp\/v2\/pages"}],"about":[{"href":"https:\/\/muzeumpapiernictwa.pl\/de\/wp-json\/wp\/v2\/types\/page"}],"author":[{"embeddable":true,"href":"https:\/\/muzeumpapiernictwa.pl\/de\/wp-json\/wp\/v2\/users\/1"}],"replies":[{"embeddable":true,"href":"https:\/\/muzeumpapiernictwa.pl\/de\/wp-json\/wp\/v2\/comments?post=1591"}],"version-history":[{"count":1,"href":"https:\/\/muzeumpapiernictwa.pl\/de\/wp-json\/wp\/v2\/pages\/1591\/revisions"}],"predecessor-version":[{"id":2499,"href":"https:\/\/muzeumpapiernictwa.pl\/de\/wp-json\/wp\/v2\/pages\/1591\/revisions\/2499"}],"up":[{"embeddable":true,"href":"https:\/\/muzeumpapiernictwa.pl\/de\/wp-json\/wp\/v2\/pages\/137"}],"wp:featuredmedia":[{"embeddable":true,"href":"https:\/\/muzeumpapiernictwa.pl\/de\/wp-json\/wp\/v2\/media\/1594"}],"wp:attachment":[{"href":"https:\/\/muzeumpapiernictwa.pl\/de\/wp-json\/wp\/v2\/media?parent=1591"}],"curies":[{"name":"wp","href":"https:\/\/api.w.org\/{rel}","templated":true}]}}