{"id":157,"date":"2014-11-18T09:30:46","date_gmt":"2014-11-18T08:30:46","guid":{"rendered":"http:\/\/muzeumpapiernictwa.pl\/?page_id=157"},"modified":"2017-10-27T12:12:53","modified_gmt":"2017-10-27T10:12:53","slug":"muzeum","status":"publish","type":"page","link":"https:\/\/muzeumpapiernictwa.pl\/de\/muzeum\/","title":{"rendered":"Museum"},"content":{"rendered":"<p><\/p>\n<p><p>Unser Museum, das sind nicht nur Ausstellungsst\u00fccke und Beschriftungen. Erwarte keine wortw\u00f6rtliche Museumsruhe. Hier passiert viel! <\/p>\n<h3>In der Papierm\u00fchle in Duszniki Zdr\u00f3j wird immer noch Papier hergestellt<\/h3>\n<p>Unsere B\u00fcttner &#8211; genau wie ihre Vorg\u00e4nger seit \u00fcber vier Jahrhunderten &#8211; tauchen ihre Sch\u00f6pfsiebe in der B\u00fctte und stapeln die so gewonnene Papierschicht zwischen wasseraufsaugenden Filzstoffschichten. So entsteht jeder einzelne Papierbogen.<\/p>\n<p><a title=\"Czerpanie papieru\" href=\"http:\/\/muzeumpapiernictwa.pl\/de\/muhle\/papiergewinnung\/\" target=\"_blank\">Papiergewinnung <\/a><\/p>\n<h3>Papier selbstgemacht<\/h3>\n<p>Beim Besuch des Museums erlebst du live, wie das Papier mit Hilfe einer Methode hergestellt wird, die seit dem Mittelalter bekannt ist. Vielmehr durch die Teilnahme an Workshops, wirst du deinen eigenen Papierbogen sch\u00f6pfen. Du kannst auch an vielen praktischen Veranstaltungen teilnehmen, die deine Kreativit\u00e4t entfalten; selbstverst\u00e4ndlich mit der Nutzung des Papiers.     <\/p>\n<p><a href=\"http:\/\/muzeumpapiernictwa.pl\/de\/buseum\/\" target=\"_blank\">Workshops<\/a><\/p>\n<h3>Papierfest<\/h3>\n<p>Das Papierfest organisieren wir in der letzten Juliwoche. Die Teilnahme, wie auch die Besichtigungen des Museums w\u00e4hrend dieser Zeit sind kostenfrei und die aktive Teilnahme besonders attraktiv: Papiersch\u00f6pfen und dessen Verzieren, die Untersuchung seiner Eigenschaften und das Drucken. Hinzu kommen zahlreiche Kunstst\u00e4nde, auch Verkaufsst\u00e4nde des Handwerks und Handels, die lokale Produkte anbieten.<\/p>\n<p><a href=\"http:\/\/muzeumpapiernictwa.pl\/de\/muzeum\/papierfest\/\" target=\"_blank\">Papierfest<\/a><\/p>\n<h3>Nacht der Museen, Gro\u00dfes Orchester und andere Veranstaltungen<\/h3>\n<p>Nacht der Museen &#8211; polenweite bildungskulturelle Initiative ist zugleich die nacht des Papiermuseums. Die Besichtigung ist dann kostenfrei und zus\u00e4tzliche Attraktionen begleite sie; Papierkunst Workshops, neuartige Ausstellung, interessante Show und sogar ein Spektakel.<\/p>\n<p>Auch an Unternehmungen im Rahmen der Tage des Europ\u00e4ischen Kulturerbes nehmen wir teil, indem wir z.B. Vorlesungen zur Geschichte von Duszniki Zdr\u00f3j organisieren.   <\/p>\n<p>Anlassattraktionen, gew\u00f6hnlich in Verbindung mit Papierkreativit\u00e4tsworkshops, begleiten Anl\u00e4sse wie den Kindertag, den Gro\u00dfmuttertag und den Gro\u00dfvatertag, Valentinstag, Weihnachten usw. Seit einigen Jahren werden in der Papierm\u00fchle von Duszniki Zdr\u00f3j Papierherzen zum Anlass des &#8222;Gro\u00dfen Orchesters der Festtagshilfe&#8220; gesch\u00f6pft. <\/p>\n<h3>Freilichtkunst<\/h3>\n<p>Von uns in Duszniki Zdr\u00f3j organisiert, oft thematisch mit der historischen Papierm\u00fchle verbunden. Gew\u00f6hnlich nehmen daran Studenten der &#8222;Akademie der Sch\u00f6nen K\u00fcnste&#8220; unter Leitung der Hochschullehrer teil; nicht selten auch Sch\u00fcler der umliegenden Lyceen und Gymnasien, die von Studenten der &#8222;Akademie der Sch\u00f6nen K\u00fcnste&#8220; gef\u00fchrt werden.<\/p>\n<h3>Papierkunst<\/h3>\n<p>K\u00fcnstler, die den Zellstoff bzw. das Papier als Kunstmasse verwenden sind h\u00e4ufige Besucher der Papierm\u00fchle in Duszniki Zdr\u00f3j. Unsere Sch\u00f6pfwannen nutzend kreiren sie neue Werke, zeigen ihr K\u00f6nnen und stellen ihre Arbeiten aus. Unter ihnen befinden sich  auch K\u00fcnstler aus dem Ausland.Im Jahre 2001 fand im Papiermuseum ein Internationaler Kongress IAPMA ( Internationale Vereinigung der Hand-Papiermacher und Papierk\u00fcnstler)<\/p>\n<p><a href=\"http:\/\/muzeumpapiernictwa.pl\/de\/muzeum\/papierkunst\/\" target=\"_blank\">Papierkunst<\/a><\/p>\n<h3>Papiersch\u00f6pfen kann man \u00fcberall!<\/h3>\n<p>Die Kultur- und Lehraktivit\u00e4ten beschr\u00e4nken sich nicht nur auf den Museumssitz. Ausser den Wanderausstellungen, verwenden wir eine mobile Sch\u00f6pfstation, um Workshops und Vorf\u00fchrungen an den verschiedensten Pl\u00e4tzen und f\u00fcr verschiedene Empf\u00e4nger zu organisieren. Im Verbindung mit der Wissensvermittlung \u00fcber das Papier und unsere Papierm\u00fchle pr\u00e4sentieren wir diese bei verschiedenen Festen, Kulturereignissen und Werbekampagnen, wie auf Tourismusmessen. Unsere Workshops waren u.a. auf &#8222;Przystanek Woodstock&#8220;, und sogar im TV- Programm &#8222;Jaka to melodia?&#8220; anwesend.  <\/p>\n<\/p>\n<p><\/p>","protected":false},"excerpt":{"rendered":"<p>Unser Museum, das sind nicht nur Ausstellungsst\u00fccke und Beschriftungen. Erwarte keine wortw\u00f6rtliche Museumsruhe. Hier passiert viel! In der Papierm\u00fchle in Duszniki Zdr\u00f3j wird immer noch Papier hergestellt Unsere B\u00fcttner &#8211; genau wie ihre Vorg\u00e4nger seit \u00fcber vier Jahrhunderten &#8211; tauchen ihre Sch\u00f6pfsiebe in der B\u00fctte und stapeln die so gewonnene Papierschicht zwischen wasseraufsaugenden Filzstoffschichten. So [&hellip;]<\/p>\n","protected":false},"author":1,"featured_media":0,"parent":0,"menu_order":650,"comment_status":"open","ping_status":"open","template":"","meta":{"_acf_changed":false,"ngg_post_thumbnail":0,"footnotes":""},"class_list":["post-157","page","type-page","status-publish","hentry"],"acf":[],"_links":{"self":[{"href":"https:\/\/muzeumpapiernictwa.pl\/de\/wp-json\/wp\/v2\/pages\/157","targetHints":{"allow":["GET"]}}],"collection":[{"href":"https:\/\/muzeumpapiernictwa.pl\/de\/wp-json\/wp\/v2\/pages"}],"about":[{"href":"https:\/\/muzeumpapiernictwa.pl\/de\/wp-json\/wp\/v2\/types\/page"}],"author":[{"embeddable":true,"href":"https:\/\/muzeumpapiernictwa.pl\/de\/wp-json\/wp\/v2\/users\/1"}],"replies":[{"embeddable":true,"href":"https:\/\/muzeumpapiernictwa.pl\/de\/wp-json\/wp\/v2\/comments?post=157"}],"version-history":[{"count":29,"href":"https:\/\/muzeumpapiernictwa.pl\/de\/wp-json\/wp\/v2\/pages\/157\/revisions"}],"predecessor-version":[{"id":294,"href":"https:\/\/muzeumpapiernictwa.pl\/de\/wp-json\/wp\/v2\/pages\/157\/revisions\/294"}],"wp:attachment":[{"href":"https:\/\/muzeumpapiernictwa.pl\/de\/wp-json\/wp\/v2\/media?parent=157"}],"curies":[{"name":"wp","href":"https:\/\/api.w.org\/{rel}","templated":true}]}}