{"id":15087,"date":"2020-04-30T11:50:22","date_gmt":"2020-04-30T09:50:22","guid":{"rendered":"http:\/\/muzeumpapiernictwa.pl\/?page_id=15087"},"modified":"2020-08-13T10:22:17","modified_gmt":"2020-08-13T08:22:17","slug":"otwieramy","status":"publish","type":"page","link":"https:\/\/muzeumpapiernictwa.pl\/de\/aktuelles\/otwieramy\/","title":{"rendered":"Papiermuseum Duszniki-Zdr\u00f3j unter neuen Bedingungen f\u00fcr die \u00d6ffentlichkeit zug\u00e4nglich"},"content":{"rendered":"<p>Die Coronavirus-Pandemie hat unser Leben ganz sch\u00f6n auf den Kopf gestellt. Sie unterbrach eine f\u00fcr das Papiermuseum sehr gute Zeit, denn in den ersten Wochen des Jahres 2020 war es bei Touristen auf gro\u00dfes Interesse gesto\u00dfen. Im Januar und Februar verzeichneten wir einen Anstieg der Besucherzahlen um 75% im Vergleich zum gleichen Zeitraum im Jahr 2019!<\/p>\n<p>Auf Beschluss der staatlichen Beh\u00f6rden hat das Museum seit nunmehr dem 12. M\u00e4rz keine Besucher mehr empfangen. Wir hingegen haben unsere Aktivit\u00e4ten im &#8222;Netzwerk&#8220; aktiviert und und schufen auf unserer Website das Lesezeichen <em># Mit dem Papiermuseum zu Hause bleiben<\/em>, auf der wir Lehrfilme und popul\u00e4rwissenschaftliche Artikel platzierten. Auch haben wir weiter daran gearbeitet, uns auf die Aufnahme der wertvollsten Papierfabriken in die UNESCO-Liste vorzubereiten. Das Projekt, an dem sich historische Papierfabriken aus Polen (Duszniki-Zdr\u00f3j), der Tschechischen Republik (Velke Losiny), Deutschland (Homburg in Bayern) und Frankreich (Ambert) beteiligen, wird fortgesetzt, obwohl wir die f\u00fcr dieses Fr\u00fchjahr geplanten Aufgaben auf die Sommermonate verschieben m\u00fcssen.<\/p>\n<p>Im April begannen wir mit den Vorbereitungen f\u00fcr die Er\u00f6ffnung des Museums &#8211; dies bereits unter neuen Bedingungen. Wir haben neue Regeln f\u00fcr die Besichtigung unserer Sehensw\u00fcrdigkeiten festgelegt, die mit der Distriktstation der Staatlichen Sanit\u00e4rinspektion in K\u0142odzko abgestimmt wurden. Bereits Ende April war das Papiermuseum zur Er\u00f6ffnung bereit &#8211; es fehlten nur noch die Entscheidungen der Regierungsbeh\u00f6rden, die den Betrieb von Museen erm\u00f6glichten. Wie sich zeigte, durften Museen und Galerien ihre Aktivit\u00e4ten in der &#8222;zweiten Phase des wirtschaftlichen Auftauprozesses&#8220;, der am 4. Mai begann, wieder aufnehmen. Aus diesem Grund wurde das Papiermuseum am 4. Mai &#8211; als eines der ersten Museen in Polen &#8211; f\u00fcr die \u00d6ffentlichkeit freigegeben. Aufgrund des anhaltenden Infektionsrisikos arbeiten wir jedoch nach leicht modifizierten Prinzipien:<\/p>\n<p>&#8211; Wir m\u00fcssen gr\u00f6\u00dfere Menschenansammlungen vermeiden, deshalb beschr\u00e4nken wir die Zahl der Personen, die das Museum betreten d\u00fcrfen, auf 10 Besucher pro halbe Stunde.<\/p>\n<p>&#8211; Um Warteschlangen vor dem Museum zu vermeiden, haben wir eine telefonische Reservierung eingerichtet. Am besten rufen Sie daher die Nummer\u00a0<strong>748\u00a0627\u00a0413 (DE), 748 627 427 (EN) oder email biuro@muzpap.pl<\/strong> an und legen die Eintrittszeit vor dem geplanten Besuch fest.<\/p>\n<p>&#8211; Wie in ganz Polen vorgeschrieben, besuchen wir das Museum mit Gesichtsmaske und verwenden Handdesinfektionsmittel.<\/p>\n<p>&#8211; F\u00fcr die Besucher haben wir den Inhalt des Audioguides zum Herunterladen auf Smartphones vorbereitet (unsere Audioguides sind ebenfalls erh\u00e4ltlich und werden nach jeder Benutzung desinfiziert).<\/p>\n<p>&#8211; Es ist m\u00f6glich, ein eigenes Blatt Papier herzustellen, was gleichfalls unter Einhaltung besonderer Sicherheitsregeln geschieht.<\/p>\n<p><strong>Wir haben neue Sprachversionen f\u00fcr die Audioguides eingef\u00fchrt. Bisher war es m\u00f6glich, die Erl\u00e4uterungen zu den Ausstellungen auf Polnisch und Englisch zu h\u00f6ren. Jetzt gibt es zus\u00e4tzliche Versionen auf Tschechisch und Deutsch.<\/strong><\/p>\n<p>Das Museum hat von Montag bis Samstag von 9.00 bis 18.00 Uhr und sonntags von 9.00 bis 16.00 Uhr ge\u00f6ffnet. Besuchen Sie uns!<\/p>\n<p style=\"text-align: right;\"><em>Maciej Szymczyk<\/em><\/p>\n<p style=\"text-align: right;\"><em>Direktor des Papiermuseums<\/em><\/p>\n<hr>\n<p style=\"text-align: left;\"><a href=\"http:\/\/muzeumpapiernictwa.pl\/wp-content\/uploads\/2020\/04\/czekamy-na-was-drzwi-otwarte-od-poniedzialku-4-maj.jpg\" data-rel=\"lightbox-image-0\" data-rl_title=\"\" data-rl_caption=\"\" title=\"\"><img loading=\"lazy\" decoding=\"async\" class=\"alignnone size-medium wp-image-15101\" src=\"http:\/\/muzeumpapiernictwa.pl\/wp-content\/uploads\/2020\/04\/czekamy-na-was-drzwi-otwarte-od-poniedzialku-4-maj-300x300.jpg\" alt=\"Czekamy na Was! Drzwi otwarte od poniedzia\u0142ku 4 maja :) #muzeumpapiernictwa #koronawirus #dusznikizdroj #czekamynawas #dozobaczeniawkr\u00f3tce #odpoczywajwpolsce\" width=\"300\" height=\"300\" srcset=\"https:\/\/muzeumpapiernictwa.pl\/wp-content\/uploads\/2020\/04\/czekamy-na-was-drzwi-otwarte-od-poniedzialku-4-maj-300x300.jpg 300w, https:\/\/muzeumpapiernictwa.pl\/wp-content\/uploads\/2020\/04\/czekamy-na-was-drzwi-otwarte-od-poniedzialku-4-maj-150x150.jpg 150w, https:\/\/muzeumpapiernictwa.pl\/wp-content\/uploads\/2020\/04\/czekamy-na-was-drzwi-otwarte-od-poniedzialku-4-maj-600x600.jpg 600w, https:\/\/muzeumpapiernictwa.pl\/wp-content\/uploads\/2020\/04\/czekamy-na-was-drzwi-otwarte-od-poniedzialku-4-maj.jpg 640w\" sizes=\"auto, (max-width: 300px) 100vw, 300px\" \/><\/a><\/p>\n<p><\/p>","protected":false},"excerpt":{"rendered":"<p>Die Coronavirus-Pandemie hat unser Leben ganz sch\u00f6n auf den Kopf gestellt. Sie unterbrach eine f\u00fcr das Papiermuseum sehr gute Zeit, denn in den ersten Wochen des Jahres 2020 war es bei Touristen auf gro\u00dfes Interesse gesto\u00dfen. Im Januar und Februar verzeichneten wir einen Anstieg der Besucherzahlen um 75% im Vergleich zum gleichen Zeitraum im Jahr [&hellip;]<\/p>\n","protected":false},"author":2,"featured_media":15101,"parent":137,"menu_order":623,"comment_status":"open","ping_status":"open","template":"","meta":{"_acf_changed":false,"ngg_post_thumbnail":0,"footnotes":""},"class_list":["post-15087","page","type-page","status-publish","has-post-thumbnail","hentry"],"acf":[],"_links":{"self":[{"href":"https:\/\/muzeumpapiernictwa.pl\/de\/wp-json\/wp\/v2\/pages\/15087","targetHints":{"allow":["GET"]}}],"collection":[{"href":"https:\/\/muzeumpapiernictwa.pl\/de\/wp-json\/wp\/v2\/pages"}],"about":[{"href":"https:\/\/muzeumpapiernictwa.pl\/de\/wp-json\/wp\/v2\/types\/page"}],"author":[{"embeddable":true,"href":"https:\/\/muzeumpapiernictwa.pl\/de\/wp-json\/wp\/v2\/users\/2"}],"replies":[{"embeddable":true,"href":"https:\/\/muzeumpapiernictwa.pl\/de\/wp-json\/wp\/v2\/comments?post=15087"}],"version-history":[{"count":18,"href":"https:\/\/muzeumpapiernictwa.pl\/de\/wp-json\/wp\/v2\/pages\/15087\/revisions"}],"predecessor-version":[{"id":15202,"href":"https:\/\/muzeumpapiernictwa.pl\/de\/wp-json\/wp\/v2\/pages\/15087\/revisions\/15202"}],"up":[{"embeddable":true,"href":"https:\/\/muzeumpapiernictwa.pl\/de\/wp-json\/wp\/v2\/pages\/137"}],"wp:featuredmedia":[{"embeddable":true,"href":"https:\/\/muzeumpapiernictwa.pl\/de\/wp-json\/wp\/v2\/media\/15101"}],"wp:attachment":[{"href":"https:\/\/muzeumpapiernictwa.pl\/de\/wp-json\/wp\/v2\/media?parent=15087"}],"curies":[{"name":"wp","href":"https:\/\/api.w.org\/{rel}","templated":true}]}}