{"id":1492,"date":"2012-07-29T16:38:33","date_gmt":"2012-07-29T14:38:33","guid":{"rendered":"http:\/\/muzeumpapiernictwa.pl\/?page_id=1492"},"modified":"2015-08-24T10:36:30","modified_gmt":"2015-08-24T08:36:30","slug":"xii-swieto-papieru-juz-za-nami","status":"publish","type":"page","link":"https:\/\/muzeumpapiernictwa.pl\/de\/aktuelles\/12-papierfestival-vom-28-bis-29-juli-2012\/","title":{"rendered":"12. Papierfestival Vom 28. Bis 29. Juli 2012"},"content":{"rendered":"<p><strong>Das Papierfestival<\/strong> ist eine der gr\u00f6\u00dften Veranstaltungen, die von dem Papiermuseum in Bad Reinerz seit 2001 organisiert werden. Die Veranstaltung findet am letzten Wochenende im Juli im Hof des Museums zwischen 10.00 und 18.00 Uhr statt. Das Festival gewinnt von Jahr zu Jahr an Bedeutung. Wir beobachten auch ein immer gr\u00f6\u00dferes Interesse an der Veranstaltung.<\/p>\n<p>Das zweit\u00e4gige Fest dient der F\u00f6rderung des Wissens \u00fcber Papier, dessen Geschichte, der Bedeutung in der Entwicklung der Zivilisation und seiner Rolle in der modernen Welt. Dies ist auch Werbung f\u00fcr die Reinerzer Papierm\u00fchle, die zu den wertvollsten technischen Denkm\u00e4lern und den gr\u00f6\u00dften touristischen Attraktionen in Polen geh\u00f6rt (im Jahre 2011 wurde die Papierm\u00fchle kraft des Beschlusses des polnischen Pr\u00e4sidenten zum historischen Denkmal erkl\u00e4rt). Die erste Erw\u00e4hnung \u00fcber die Reinerzer Papierm\u00fchle stammt aus dem Jahre 1562 und im Zusammenhang mit dem 450-j\u00e4hrigen Jubil\u00e4um dieses Ereignisses werden wir die Geschichte der Papierm\u00fchle intensiv bewerben.<\/p>\n<p>Die Idee hinter dem Festival ist es, die Besucher aktiv an den vorbereiteten Werkst\u00e4tten teilzulassen und die Ergebnisse ihrer eigenen Arbeit als Andenken an den Besuch im Papiermuseum mitzunehmen. Die G\u00e4ste k\u00f6nnen ein Blatt B\u00fcttenpapier selbst herstellen, dessen Merkmale und Eigenschaften untersuchen (mithilfe einer historischen Laborausr\u00fcstung), die Drucktechniken (Typografie, konkaver und konvexer Druck) sowie historische Methoden zum Dekorieren der Papierb\u00f6gen (Marmorieren, Shibori, Batik) kennenlernen. Eine zus\u00e4tzliche Attraktion sind die Ausstellungen von Papierk\u00fcnstlern und Verkaufsst\u00e4nde regionaler Handwerker mit regionalen Souvenirs.<\/p>\n<p>\n\t\t<style type=\"text\/css\">\n\t\t\t#gallery-2 {\n\t\t\t\tmargin: auto;\n\t\t\t}\n\t\t\t#gallery-2 .gallery-item {\n\t\t\t\tfloat: left;\n\t\t\t\tmargin-top: 10px;\n\t\t\t\ttext-align: center;\n\t\t\t\twidth: 33%;\n\t\t\t}\n\t\t\t#gallery-2 img {\n\t\t\t\tborder: 2px solid #cfcfcf;\n\t\t\t}\n\t\t\t#gallery-2 .gallery-caption {\n\t\t\t\tmargin-left: 0;\n\t\t\t}\n\t\t\t\/* see gallery_shortcode() in wp-includes\/media.php *\/\n\t\t<\/style>\n\t\t<div id='gallery-2' class='gallery galleryid-1492 gallery-columns-3 gallery-size-thumbnail'><dl class='gallery-item'>\n\t\t\t<dt class='gallery-icon portrait'>\n\t\t\t\t<a href='https:\/\/muzeumpapiernictwa.pl\/wp-content\/uploads\/2014\/11\/01.plakat-na-wwwSP2012.jpg' title=\"\" data-rl_title=\"\" class=\"rl-gallery-link\" data-rl_caption=\"\" data-rel=\"lightbox-gallery-2\"><img loading=\"lazy\" decoding=\"async\" width=\"150\" height=\"150\" src=\"https:\/\/muzeumpapiernictwa.pl\/wp-content\/uploads\/2014\/11\/01.plakat-na-wwwSP2012-150x150.jpg\" class=\"attachment-thumbnail size-thumbnail\" \/><\/a>\n\t\t\t<\/dt><\/dl><dl class='gallery-item'>\n\t\t\t<dt class='gallery-icon landscape'>\n\t\t\t\t<a href='https:\/\/muzeumpapiernictwa.pl\/wp-content\/uploads\/2014\/11\/02.XII_.jpg' title=\"\" data-rl_title=\"\" class=\"rl-gallery-link\" data-rl_caption=\"\" data-rel=\"lightbox-gallery-2\"><img loading=\"lazy\" decoding=\"async\" width=\"150\" height=\"150\" src=\"https:\/\/muzeumpapiernictwa.pl\/wp-content\/uploads\/2014\/11\/02.XII_-150x150.jpg\" class=\"attachment-thumbnail size-thumbnail\" \/><\/a>\n\t\t\t<\/dt><\/dl><dl class='gallery-item'>\n\t\t\t<dt class='gallery-icon landscape'>\n\t\t\t\t<a href='https:\/\/muzeumpapiernictwa.pl\/wp-content\/uploads\/2014\/11\/Sp-2012-na-str.jpg' title=\"\" data-rl_title=\"\" class=\"rl-gallery-link\" data-rl_caption=\"\" data-rel=\"lightbox-gallery-2\"><img loading=\"lazy\" decoding=\"async\" width=\"150\" height=\"150\" src=\"https:\/\/muzeumpapiernictwa.pl\/wp-content\/uploads\/2014\/11\/Sp-2012-na-str-150x150.jpg\" class=\"attachment-thumbnail size-thumbnail\" \/><\/a>\n\t\t\t<\/dt><\/dl><br style=\"clear: both\" \/><dl class='gallery-item'>\n\t\t\t<dt class='gallery-icon landscape'>\n\t\t\t\t<a href='https:\/\/muzeumpapiernictwa.pl\/wp-content\/uploads\/2014\/11\/SP2012-na-str.jpg' title=\"\" data-rl_title=\"\" class=\"rl-gallery-link\" data-rl_caption=\"\" data-rel=\"lightbox-gallery-2\"><img loading=\"lazy\" decoding=\"async\" width=\"150\" height=\"150\" src=\"https:\/\/muzeumpapiernictwa.pl\/wp-content\/uploads\/2014\/11\/SP2012-na-str-150x150.jpg\" class=\"attachment-thumbnail size-thumbnail\" \/><\/a>\n\t\t\t<\/dt><\/dl><dl class='gallery-item'>\n\t\t\t<dt class='gallery-icon landscape'>\n\t\t\t\t<a href='https:\/\/muzeumpapiernictwa.pl\/wp-content\/uploads\/2014\/11\/Wystep-zespolu-Allegro.jpg' title=\"\" data-rl_title=\"\" class=\"rl-gallery-link\" data-rl_caption=\"\" data-rel=\"lightbox-gallery-2\"><img loading=\"lazy\" decoding=\"async\" width=\"150\" height=\"150\" src=\"https:\/\/muzeumpapiernictwa.pl\/wp-content\/uploads\/2014\/11\/Wystep-zespolu-Allegro-150x150.jpg\" class=\"attachment-thumbnail size-thumbnail\" \/><\/a>\n\t\t\t<\/dt><\/dl>\n\t\t\t<br style='clear: both' \/>\n\t\t<\/div>\n<\/p>","protected":false},"excerpt":{"rendered":"<p>Das Papierfestival ist eine der gr\u00f6\u00dften Veranstaltungen, die von dem Papiermuseum in Bad Reinerz seit 2001 organisiert werden. Die Veranstaltung findet am letzten Wochenende im Juli im Hof des Museums zwischen 10.00 und 18.00 Uhr statt. Das Festival gewinnt von Jahr zu Jahr an Bedeutung. Wir beobachten auch ein immer gr\u00f6\u00dferes Interesse an der Veranstaltung. [&hellip;]<\/p>\n","protected":false},"author":1,"featured_media":1496,"parent":137,"menu_order":1034,"comment_status":"open","ping_status":"open","template":"","meta":{"_acf_changed":false,"ngg_post_thumbnail":0,"footnotes":""},"class_list":["post-1492","page","type-page","status-publish","has-post-thumbnail","hentry"],"acf":[],"_links":{"self":[{"href":"https:\/\/muzeumpapiernictwa.pl\/de\/wp-json\/wp\/v2\/pages\/1492","targetHints":{"allow":["GET"]}}],"collection":[{"href":"https:\/\/muzeumpapiernictwa.pl\/de\/wp-json\/wp\/v2\/pages"}],"about":[{"href":"https:\/\/muzeumpapiernictwa.pl\/de\/wp-json\/wp\/v2\/types\/page"}],"author":[{"embeddable":true,"href":"https:\/\/muzeumpapiernictwa.pl\/de\/wp-json\/wp\/v2\/users\/1"}],"replies":[{"embeddable":true,"href":"https:\/\/muzeumpapiernictwa.pl\/de\/wp-json\/wp\/v2\/comments?post=1492"}],"version-history":[{"count":2,"href":"https:\/\/muzeumpapiernictwa.pl\/de\/wp-json\/wp\/v2\/pages\/1492\/revisions"}],"predecessor-version":[{"id":2465,"href":"https:\/\/muzeumpapiernictwa.pl\/de\/wp-json\/wp\/v2\/pages\/1492\/revisions\/2465"}],"up":[{"embeddable":true,"href":"https:\/\/muzeumpapiernictwa.pl\/de\/wp-json\/wp\/v2\/pages\/137"}],"wp:featuredmedia":[{"embeddable":true,"href":"https:\/\/muzeumpapiernictwa.pl\/de\/wp-json\/wp\/v2\/media\/1496"}],"wp:attachment":[{"href":"https:\/\/muzeumpapiernictwa.pl\/de\/wp-json\/wp\/v2\/media?parent=1492"}],"curies":[{"name":"wp","href":"https:\/\/api.w.org\/{rel}","templated":true}]}}