{"id":14132,"date":"2019-10-16T11:42:46","date_gmt":"2019-10-16T09:42:46","guid":{"rendered":"http:\/\/muzeumpapiernictwa.pl\/?page_id=14132"},"modified":"2020-05-07T10:40:04","modified_gmt":"2020-05-07T08:40:04","slug":"papiernia-na-liscie-informacyjnej-unesco","status":"publish","type":"page","link":"https:\/\/muzeumpapiernictwa.pl\/de\/aktuelles\/papiernia-na-liscie-informacyjnej-unesco\/","title":{"rendered":"Die Papierm\u00fchle in Duszniki-Zdr\u00f3j  Offizieller polnischer Vorschlag zur Aufnahme  in die UNESCO-Liste"},"content":{"rendered":"<p><strong>Am 16. Oktober 2019 gab das Ministerium f\u00fcr Kultur und nationales Erbe bekannt, dass die Papierm\u00fchle in Duszniki-Zdr\u00f3j als offizieller Kandidat der Republik Polen zur Aufnahme in die Liste des UNESCO-Welterbes gemeldet wurde. Unterzeichnet wurde die vom Nationalen Institut f\u00fcr Kulturerbe in Zusammenarbeit mit dem Kulturministerium und der Papierm\u00fchle Duszniki ausgearbeitete Dokumentation von Prof. Dr. Magdalena Gawin, der stellvertretenden Kultusministerin und<\/strong> <strong>Generalkonservatorin f\u00fcr Denkm\u00e4ler. <\/strong><\/p>\n<p>\u00a0Die noch vor 1562 errichtete Papierm\u00fchle in Duszniki-Zdr\u00f3j ist heute eines der sch\u00f6nsten postindustriellen Bauwerke der Welt. Das Geb\u00e4ude verf\u00fcgt \u00fcber zahlreiche Fassadendekorationen und Polychrome im Inneren (u.a. die geheimnisvolle biblische Szene, in welcher die Frau des Potiphar Joseph versucht). Diese ungew\u00f6hnliche, in anderen Bauwerken nicht vorzufindende k\u00fcnstlerische Hervorhebung dient dazu, den Wert der Papierm\u00fchle in Duszniki zu bestimmen und diese von anderen technischen Denkm\u00e4lern zu unterscheiden.<\/p>\n<p>Der Antrag des Ministeriums wird zur Aufnahme der M\u00fchle in die so genannte UNESCO-Tentativliste f\u00fchren, was einer \u00f6ffentlichen Ank\u00fcndigung der Kandidatur gleichkommt. Dieser Schritt er\u00f6ffnet ein neues Kapitel bei den Vorbereitungen zur Eintragung der wertvollsten Papierm\u00fchlen Europas in die UNESCO-Liste. Unter der Leitung des Papiermuseum in Duszniki-Zdr\u00f3j beantragen auch die historischen Papierm\u00fchlen aus der Tschechischen Republik (Velke Losiny), Deutschland (Homburg) und Frankreich (Ambert) einen gemeinsamen Eintrag. Die nachfolgenden Aktivit\u00e4ten zielen darauf ab, in einem Zeitraum von etwa 4 Jahren eine gemeinsame internationale Nominierung der wertvollsten historischen Papierm\u00fchlen aus Polen, der Tschechischen Republik, Deutschland, Frankreich und vielleicht anderen L\u00e4ndern f\u00fcr die UNESCO-Liste vorzubereiten.<\/p>\n<p>\u00a0Das Museum f\u00fcr Papierherstellung muss hierbei zahlreiche vorbereitende T\u00e4tigkeiten durchf\u00fchren. Die Erforschung der Geschichte der Papierherstellung sollte intensiviert werden, nicht nur in Polen, sondern \u00a0generell weltweit. Dies wird es der polnischen Einrichtung erm\u00f6glichen, sich zu einem internationalen Zentrum f\u00fcr die Sammlung und Verbreitung von Wissen \u00fcber die Geschichte der Papierherstellung zu entwickeln. Die Forschungsergebnisse werden auch zur Vorbereitung des Antrags auf Aufnahme der Papierm\u00fchle in die UNESCO-Liste verwendet, in welchem unsere M\u00fchle wie auch andere europ\u00e4ische Papierm\u00fchlen ausf\u00fchrlich beschrieben werden. Eine weitere \u00e4u\u00dferst wichtige Aufgabe wird es sein, die Ausstellungen des Museums zu modernisieren, um eine wesentlich h\u00f6here Besucherzahl als bisher zu erreichen. Dies ist daher notwendig, um eine angemessene touristische Infrastruktur innerhalb der Papierm\u00fchle zu schaffen, was auch ein Touristenzentrum, gastronomische Einrichtungen und Parkpl\u00e4tze umfasst. Die Aufnahme in die UNESCO-Liste ist mit einem mehrfachen Anstieg der Besucherzahlen verbunden. Wir m\u00fcssen uns genau darauf gut vorbereiten.<\/p>\n<p>\u00a0Die Vorschlagsliste (UNESCO) ist eine Liste von Orten, die als w\u00fcrdig erachtet werden, in die Liste des Kulturerbes der Welt aufgenommen zu werden, die sich auf dem Gebiet einzelner L\u00e4nder der Welt befinden. Die Liste besteht aus den St\u00e4tten, die der Staat zur kurzfristigen Aufnahme in die UNESCO-Liste des Weltkulturerbes vorschlagen m\u00f6chte.<\/p>\n<p><em>Dr. hab. Maciej Szymczyk<br \/>\n<\/em><em>Direktor des Museums f\u00fcr Papierherstellung<\/em><\/p>","protected":false},"excerpt":{"rendered":"<p>Am 16. Oktober 2019 gab das Ministerium f\u00fcr Kultur und nationales Erbe bekannt, dass die Papierm\u00fchle in Duszniki-Zdr\u00f3j als offizieller Kandidat der Republik Polen zur Aufnahme in die Liste des UNESCO-Welterbes gemeldet wurde. Unterzeichnet wurde die vom Nationalen Institut f\u00fcr Kulturerbe in Zusammenarbeit mit dem Kulturministerium und der Papierm\u00fchle Duszniki ausgearbeitete Dokumentation von Prof. Dr. [&hellip;]<\/p>\n","protected":false},"author":4,"featured_media":14141,"parent":137,"menu_order":796,"comment_status":"open","ping_status":"open","template":"","meta":{"_acf_changed":false,"ngg_post_thumbnail":0,"footnotes":""},"class_list":["post-14132","page","type-page","status-publish","has-post-thumbnail","hentry"],"acf":[],"_links":{"self":[{"href":"https:\/\/muzeumpapiernictwa.pl\/de\/wp-json\/wp\/v2\/pages\/14132","targetHints":{"allow":["GET"]}}],"collection":[{"href":"https:\/\/muzeumpapiernictwa.pl\/de\/wp-json\/wp\/v2\/pages"}],"about":[{"href":"https:\/\/muzeumpapiernictwa.pl\/de\/wp-json\/wp\/v2\/types\/page"}],"author":[{"embeddable":true,"href":"https:\/\/muzeumpapiernictwa.pl\/de\/wp-json\/wp\/v2\/users\/4"}],"replies":[{"embeddable":true,"href":"https:\/\/muzeumpapiernictwa.pl\/de\/wp-json\/wp\/v2\/comments?post=14132"}],"version-history":[{"count":21,"href":"https:\/\/muzeumpapiernictwa.pl\/de\/wp-json\/wp\/v2\/pages\/14132\/revisions"}],"predecessor-version":[{"id":15129,"href":"https:\/\/muzeumpapiernictwa.pl\/de\/wp-json\/wp\/v2\/pages\/14132\/revisions\/15129"}],"up":[{"embeddable":true,"href":"https:\/\/muzeumpapiernictwa.pl\/de\/wp-json\/wp\/v2\/pages\/137"}],"wp:featuredmedia":[{"embeddable":true,"href":"https:\/\/muzeumpapiernictwa.pl\/de\/wp-json\/wp\/v2\/media\/14141"}],"wp:attachment":[{"href":"https:\/\/muzeumpapiernictwa.pl\/de\/wp-json\/wp\/v2\/media?parent=14132"}],"curies":[{"name":"wp","href":"https:\/\/api.w.org\/{rel}","templated":true}]}}