{"id":108,"date":"2014-11-13T17:17:46","date_gmt":"2014-11-13T16:17:46","guid":{"rendered":"http:\/\/muzeumpapiernictwa.pl\/?page_id=108"},"modified":"2020-08-13T14:27:24","modified_gmt":"2020-08-13T12:27:24","slug":"warto-wiedziec","status":"publish","type":"page","link":"https:\/\/muzeumpapiernictwa.pl\/de\/buseum\/wissenswertes\/","title":{"rendered":"Wissenswertes"},"content":{"rendered":"<p>Wissenswertes:<\/p>\n<ul>\n<li>\u00a0\n<ul>\n<li>In Duszniki begann das Sch\u00f6pfen von Papier vor 1562.<\/li>\n<li>Die Papierm\u00fchle in Duszniki ist heute eines der wertvollsten Denkm\u00e4ler der weltweit &#8211; 2011 erhielt sie den Status eines Historischen Denkmals.<\/li>\n<li>Derzeit werden Anstrengungen unternommen, die M\u00fchle in die UNESCO-Liste des Weltkulturerbes aufnehmen zu lassen (seit Oktober 2019 steht die M\u00fchle auf der UNESCO-Informationsliste).<\/li>\n<li>Die erste polnische Papierm\u00fchle wurde 1491 in Pr\u0105dnik Czerwony (heute ein Stadtteil von Krakau) gegr\u00fcndet.<\/li>\n<li>Im Jahr 1798 erfand der Franzose Louis Nicolas Robert seine Papiermaschine; die Verbreitung der maschinellen Herstellung f\u00fchrte dazu, dass M\u00fchlen durch Papierfabriken ersetzt wurden (bis heute haben in Europa nur 30 Papierm\u00fchlen \u00fcberlebt).<\/li>\n<li>Weltweit werden j\u00e4hrlich ca. 413 Millionen Tonnen Papier produziert, davon 4,8 Millionen Tonnen in Polen (der Anteil unseres Landes an der Weltproduktion erreicht 1,2%).<\/li>\n<li>In Polen werden 2,9 Mio. Tonnen (ca. 60%) des hier produzierten Papiers werden f\u00fcr Verpackungen verwendet!, rund 0,7 Mio. Tonnen (ca. 15%) f\u00fcr Hygiene- und Sanit\u00e4rzwecke und 0,8 Mio. Tonnen (ca. 17%) f\u00fcr Schreib- und Druckpapier.<\/li>\n<li>Ein statistischer Weltb\u00fcrger verbraucht etwa 54 kg Papier pro Jahr, ein Einwohner Polens etwa 140 kg.<\/li>\n<\/ul>\n<\/li>\n<\/ul>\n<ul>\n<li>\u00a0\n<ul>\n<li>Um 105 n. Chr. begann man in China mit der Herstellung von Papier, und ein gewisser Caj Luna gilt als dessen Erfinder.<\/li>\n<li>Die ersten Papierbl\u00e4tter in der Geschichte der Menschheit wurden aus Fasern hergestellt, die aus Maulbeerbaum und Lumpen, alten Fischernetzen und Seilen gewonnen wurden.<\/li>\n<li>Bis ins 19. Jahrhundert bestand der grundlegende Papierrohstoff in den europ\u00e4ischen Papierm\u00fchlen aus Lumpen.<\/li>\n<li>Holz wurde zur Papierherstellung erstmals 1844 verwendet.<\/li>\n<li>Heute verwendet die Papierindustrie immer mehr Altpapier, haupts\u00e4chlich f\u00fcr die Herstellung von Verpackungs- und Zeitungspapier.<\/li>\n<li>In Europa wurden die ersten Papierm\u00fchlen im S\u00fcden Italiens und Spaniens von den Arabern gegr\u00fcndet &#8211;\u00a0 im 10. u. 11. Jahrhundert.<\/li>\n<li>Im 13. Jahrhundert wurde erstmals ein Wasserrad zum Antrieb der Papierger\u00e4te verwendet; fortan wurden die Papiermanufakturen als Papierm\u00fchlen bezeichnet.<\/li>\n<li>Im Laufe von f\u00fcnf Jahrhunderten wurden in Europa mehrere tausend Papierm\u00fchlen errichtet.<\/li>\n<\/ul>\n<\/li>\n<\/ul>\n<p>\u00a0<\/p>","protected":false},"excerpt":{"rendered":"<p>Wissenswertes: \u00a0 In Duszniki begann das Sch\u00f6pfen von Papier vor 1562. Die Papierm\u00fchle in Duszniki ist heute eines der wertvollsten Denkm\u00e4ler der weltweit &#8211; 2011 erhielt sie den Status eines Historischen Denkmals. Derzeit werden Anstrengungen unternommen, die M\u00fchle in die UNESCO-Liste des Weltkulturerbes aufnehmen zu lassen (seit Oktober 2019 steht die M\u00fchle auf der UNESCO-Informationsliste). [&hellip;]<\/p>\n","protected":false},"author":1,"featured_media":0,"parent":170,"menu_order":970,"comment_status":"open","ping_status":"open","template":"","meta":{"_acf_changed":false,"ngg_post_thumbnail":0,"footnotes":""},"class_list":["post-108","page","type-page","status-publish","hentry"],"acf":[],"_links":{"self":[{"href":"https:\/\/muzeumpapiernictwa.pl\/de\/wp-json\/wp\/v2\/pages\/108","targetHints":{"allow":["GET"]}}],"collection":[{"href":"https:\/\/muzeumpapiernictwa.pl\/de\/wp-json\/wp\/v2\/pages"}],"about":[{"href":"https:\/\/muzeumpapiernictwa.pl\/de\/wp-json\/wp\/v2\/types\/page"}],"author":[{"embeddable":true,"href":"https:\/\/muzeumpapiernictwa.pl\/de\/wp-json\/wp\/v2\/users\/1"}],"replies":[{"embeddable":true,"href":"https:\/\/muzeumpapiernictwa.pl\/de\/wp-json\/wp\/v2\/comments?post=108"}],"version-history":[{"count":16,"href":"https:\/\/muzeumpapiernictwa.pl\/de\/wp-json\/wp\/v2\/pages\/108\/revisions"}],"predecessor-version":[{"id":15013,"href":"https:\/\/muzeumpapiernictwa.pl\/de\/wp-json\/wp\/v2\/pages\/108\/revisions\/15013"}],"up":[{"embeddable":true,"href":"https:\/\/muzeumpapiernictwa.pl\/de\/wp-json\/wp\/v2\/pages\/170"}],"wp:attachment":[{"href":"https:\/\/muzeumpapiernictwa.pl\/de\/wp-json\/wp\/v2\/media?parent=108"}],"curies":[{"name":"wp","href":"https:\/\/api.w.org\/{rel}","templated":true}]}}