{"id":104,"date":"2014-11-13T17:17:05","date_gmt":"2014-11-13T16:17:05","guid":{"rendered":"http:\/\/muzeumpapiernictwa.pl\/?page_id=104"},"modified":"2024-01-03T11:38:08","modified_gmt":"2024-01-03T10:38:08","slug":"lekcje-muzealne-i-warsztaty","status":"publish","type":"page","link":"https:\/\/muzeumpapiernictwa.pl\/de\/buseum\/musealveranstaltungen-und-workshops\/","title":{"rendered":"Musealveranstaltungen und Workshops"},"content":{"rendered":"<p><\/p>\n<p>Unser Bildungsangebot ist an alle Altersgruppen gerichtet. Wir verbreiten wissenswertes \u00fcber die Papiergeschichte, die Herstellungsmethoden, aber auch die verschiedenen Anwendungsmethoden dieses Materials. Der Musealveranstaltungen sind eine ideale Erg\u00e4nzung des Geschichtsunterrichtes, der den Teilnehmern den Kontakt zu Museumsexponaten erm\u00f6glicht und die Vielfalt ihrer Inhalte entdecken l\u00e4sst. Die Workshops wiederum erleichtern die Aufnahme der Informationen und F\u00e4higkeiten, die Arbeiten hingegen, die von den Teilnehmern gemacht wurden dienen viel mehr als Andenken an die in der Papierm\u00fchle verbrachte Zeit.<\/p>\n<p><a href=\"http:\/\/muzeumpapiernictwa.pl\/de\/galerie\/galerie-workshops\/\" target=\"_blank\" rel=\"noopener noreferrer\">Galerie &#8211; Workshops<\/a><\/p>\n<h3>Musealunterricht<\/h3>\n<ul>\n<li>umfasst Museumsbesichtigung<\/li>\n<li>f\u00fcr Gruppen bestimmt;<\/li>\n<li>unterliegen vorheriger <a href=\"https:\/\/bilety.muzeumpapiernictwa.pl\/index.html?lang=en\">Reservierung<\/a>;<\/li>\n<\/ul>\n<h3>Workshops<\/h3>\n<ul>\n<li>praktische Veranstaltungen, von fachkompetenten Mitarbeitern des Museums geleitet;<\/li>\n<li>an Personen gerichtet, welche das Museum bereits besucht haben;<\/li>\n<li>f\u00fcr Gruppen bestimmt, Veranstaltungen \u201ePapierhandwerk\u201d (selbst\u00e4ndige Papiererherstellung) ausgenommen, welche auch f\u00fcr den Individualgast zug\u00e4nglich sind;<\/li>\n<li>Gruppenveranstaltungen unterliegen vorheriger <a href=\"https:\/\/bilety.muzeumpapiernictwa.pl\/index.html?lang=en\">Reservierung<\/a>.<\/li>\n<\/ul>\n<p>&nbsp;<\/p>\n<p><a href=\"https:\/\/bilety.muzeumpapiernictwa.pl\/index.html?lang=en\">Kauf ein Ticket<\/a><\/p>\n<p>&nbsp;<\/p>\n<h3><strong>Informationen unter:<\/strong><\/h3>\n<p>Dezernat Wissenschaft-Bildungswesen<\/p>\n<p><strong>+ 48 748-627-426<br \/>\n<\/strong>edukacja@muzpap.pl<\/p>\n<p><\/p>","protected":false},"excerpt":{"rendered":"<p>Unser Bildungsangebot ist an alle Altersgruppen gerichtet. Wir verbreiten wissenswertes \u00fcber die Papiergeschichte, die Herstellungsmethoden, aber auch die verschiedenen Anwendungsmethoden dieses Materials. Der Musealveranstaltungen sind eine ideale Erg\u00e4nzung des Geschichtsunterrichtes, der den Teilnehmern den Kontakt zu Museumsexponaten erm\u00f6glicht und die Vielfalt ihrer Inhalte entdecken l\u00e4sst. Die Workshops wiederum erleichtern die Aufnahme der Informationen und F\u00e4higkeiten, [&hellip;]<\/p>\n","protected":false},"author":1,"featured_media":0,"parent":170,"menu_order":146,"comment_status":"open","ping_status":"open","template":"","meta":{"_acf_changed":false,"ngg_post_thumbnail":0,"footnotes":""},"class_list":["post-104","page","type-page","status-publish","hentry"],"acf":[],"_links":{"self":[{"href":"https:\/\/muzeumpapiernictwa.pl\/de\/wp-json\/wp\/v2\/pages\/104","targetHints":{"allow":["GET"]}}],"collection":[{"href":"https:\/\/muzeumpapiernictwa.pl\/de\/wp-json\/wp\/v2\/pages"}],"about":[{"href":"https:\/\/muzeumpapiernictwa.pl\/de\/wp-json\/wp\/v2\/types\/page"}],"author":[{"embeddable":true,"href":"https:\/\/muzeumpapiernictwa.pl\/de\/wp-json\/wp\/v2\/users\/1"}],"replies":[{"embeddable":true,"href":"https:\/\/muzeumpapiernictwa.pl\/de\/wp-json\/wp\/v2\/comments?post=104"}],"version-history":[{"count":165,"href":"https:\/\/muzeumpapiernictwa.pl\/de\/wp-json\/wp\/v2\/pages\/104\/revisions"}],"predecessor-version":[{"id":21858,"href":"https:\/\/muzeumpapiernictwa.pl\/de\/wp-json\/wp\/v2\/pages\/104\/revisions\/21858"}],"up":[{"embeddable":true,"href":"https:\/\/muzeumpapiernictwa.pl\/de\/wp-json\/wp\/v2\/pages\/170"}],"wp:attachment":[{"href":"https:\/\/muzeumpapiernictwa.pl\/de\/wp-json\/wp\/v2\/media?parent=104"}],"curies":[{"name":"wp","href":"https:\/\/api.w.org\/{rel}","templated":true}]}}