{"id":102,"date":"2014-11-13T17:16:33","date_gmt":"2014-11-13T16:16:33","guid":{"rendered":"http:\/\/muzeumpapiernictwa.pl\/?page_id=102"},"modified":"2022-10-24T10:09:58","modified_gmt":"2022-10-24T08:09:58","slug":"czerpanie-papieru","status":"publish","type":"page","link":"https:\/\/muzeumpapiernictwa.pl\/de\/muhle\/papiergewinnung\/","title":{"rendered":"Papiergewinnung"},"content":{"rendered":"<p><\/p>\n<p><p><a href=\"http:\/\/muzeumpapiernictwa.pl\/de\/muhle\/papiergewinnung\/mehr-uber-die-papierherstellung\/\">Mehr \u00fcber die Papierherstellung<\/a><\/p>\n<p>Obwohl das professionelle Papiersch\u00f6pfen viel Wissen und gro\u00dfe Erfahrung ben\u00f6tigt, wie man auf den Zeichnungen sieht, geh\u00f6rt die Methode allein nicht zu den kompliziertesten. Es lohnt sich davon zu \u00fcberzeugen. Im Papiermuseum erhalten wir die historische Funktion des B\u00fcttenraums und erzeugen eigenh\u00e4ndig der bekannten mittelalterlichen Methode entsprechend Papierb\u00f6gen. Du kannst sehen, wie man das macht, viel mehr- du kannst den eigenen Papierbogen sch\u00f6pfen. Eine Teilnahme an unseren Workshops gen\u00fcgt. <\/p>\n<p><a href=\"http:\/\/muzeumpapiernictwa.pl\/de\/buseum\/\">Musealveranstaltungen und Workshops<\/a><\/p>\n<p>Papieb\u00f6gen, welche von unseren professionellen Sch\u00f6pfern hergestellt wurden , wie auch andere Produkte aus Sch\u00f6pfpapier kann man in unserer Museumsboutique oder in Internet erwerben.<\/p>\n<p><a href=\"#\">Sklep internetowy<\/a><\/p>\n<\/p>\n<p><\/p>","protected":false},"excerpt":{"rendered":"<p>Mehr \u00fcber die Papierherstellung Obwohl das professionelle Papiersch\u00f6pfen viel Wissen und gro\u00dfe Erfahrung ben\u00f6tigt, wie man auf den Zeichnungen sieht, geh\u00f6rt die Methode allein nicht zu den kompliziertesten. Es lohnt sich davon zu \u00fcberzeugen. Im Papiermuseum erhalten wir die historische Funktion des B\u00fcttenraums und erzeugen eigenh\u00e4ndig der bekannten mittelalterlichen Methode entsprechend Papierb\u00f6gen. Du kannst sehen, [&hellip;]<\/p>\n","protected":false},"author":1,"featured_media":0,"parent":116,"menu_order":319,"comment_status":"open","ping_status":"open","template":"","meta":{"_acf_changed":false,"ngg_post_thumbnail":0,"footnotes":""},"class_list":["post-102","page","type-page","status-publish","hentry"],"acf":[],"_links":{"self":[{"href":"https:\/\/muzeumpapiernictwa.pl\/de\/wp-json\/wp\/v2\/pages\/102","targetHints":{"allow":["GET"]}}],"collection":[{"href":"https:\/\/muzeumpapiernictwa.pl\/de\/wp-json\/wp\/v2\/pages"}],"about":[{"href":"https:\/\/muzeumpapiernictwa.pl\/de\/wp-json\/wp\/v2\/types\/page"}],"author":[{"embeddable":true,"href":"https:\/\/muzeumpapiernictwa.pl\/de\/wp-json\/wp\/v2\/users\/1"}],"replies":[{"embeddable":true,"href":"https:\/\/muzeumpapiernictwa.pl\/de\/wp-json\/wp\/v2\/comments?post=102"}],"version-history":[{"count":25,"href":"https:\/\/muzeumpapiernictwa.pl\/de\/wp-json\/wp\/v2\/pages\/102\/revisions"}],"predecessor-version":[{"id":19526,"href":"https:\/\/muzeumpapiernictwa.pl\/de\/wp-json\/wp\/v2\/pages\/102\/revisions\/19526"}],"up":[{"embeddable":true,"href":"https:\/\/muzeumpapiernictwa.pl\/de\/wp-json\/wp\/v2\/pages\/116"}],"wp:attachment":[{"href":"https:\/\/muzeumpapiernictwa.pl\/de\/wp-json\/wp\/v2\/media?parent=102"}],"curies":[{"name":"wp","href":"https:\/\/api.w.org\/{rel}","templated":true}]}}