{"id":1011,"date":"2013-07-28T15:21:30","date_gmt":"2013-07-28T13:21:30","guid":{"rendered":"http:\/\/muzeumpapiernictwa.pl\/?page_id=1011"},"modified":"2015-08-24T10:36:50","modified_gmt":"2015-08-24T08:36:50","slug":"to-juz-xiii-swieto-papieru","status":"publish","type":"page","link":"https:\/\/muzeumpapiernictwa.pl\/de\/aktuelles\/das-ist-bereits-das-13-papierfestival\/","title":{"rendered":"Das ist bereits das 13. Papierfestival!"},"content":{"rendered":"<p>Am 27. und 28.\u00a0Juli fand bereits das 13. Papierfestival infolge statt. Die Veranstaltung hat sich zu einem der wichtigsten Sommerereignisse im Glatzer Land entwickelt, die von vielen Touristen erwartet wird. Das Ziel des Festivals ist seit Jahren die F\u00f6rderung des Wissens \u00fcber Papier, dessen Geschichte und die Bedeutung in der modernen Welt (ein Tag ohne Papier ist schier unvorstellbar). W\u00e4hrend der Veranstaltung wurde auch die Reinerzer Papierm\u00fchle beworben, die zu den gr\u00f6\u00dften touristischen Attraktionen geh\u00f6rt.<\/p>\n<p>Das 13. Papierfestival stand unter japanischem Zeichen, deshalb wurde ihm der Titel \u201eJapanische 13&#8243; verliehen. Am Samstag hat der K\u00fcnstler Yasu Suzuka den Workshop \u201eReinkarnation des Hemdes &#8211; Nirvanas Hemd\u201c vorgestellt, wir haben seine Ausstellung \u201eMandala des Windes\u201c er\u00f6ffnet und das Konzert der Absolventin der Japanistik &#8211; Katarzyna Karpowicz &#8211; auf japanischem Instrument KOTO genie\u00dfen d\u00fcrfen. Man konnte eine KOKESHI Puppe basteln und einen Papierbogen im SHIBORI-Verfahren f\u00e4rben.<\/p>\n<p>Das Papierfestival wurde von einer enormen Hitze begleitet, die die Besucher, K\u00fcnstler, Aussteller und Mitarbeiter des Museums sehr belastete. Die gegenseitige Freundlichkeit und das gro\u00dfe Interesse an den angebotenen Attraktionen waren jedoch bei der \u00dcberwindung der Unannehmlichkeiten sehr hilfreich. Neben den Workshops, die von den K\u00fcnstlern und dem Museum organisiert wurden, warteten auf die Besucher 60 Handwerker, die Souvenirs aus der Region angeboten haben.<\/p>\n<p>Eine gro\u00dfe Nachmittagsattraktion, sowohl am Samstag als auch am Sonntag, waren die KOTO-Konzerte. Der Sound dieses originellen, japanischen Instrumentes mit drei Saiten konnten wir dank Katarzyna Karpowicz &#8211; Absolventin der Japanistik kennenlernen, die von der Kultur des Landes der aufgehenden Sonne fasziniert ist. In Polen gibt es mehrere KOTO-Instrumente, regelm\u00e4\u00dfige Konzerte werden jedoch nur von Katarzyna gegebene, die sich f\u00fcr die Popularisierung der japanischen Musik einsetzt. W\u00e4hren des Papierfestivals konnte man sieben Musikst\u00fccke bewundern, die an die japanische Kultur ankn\u00fcpfen.<\/p>\n<p>Die Veranstaltung konnte auf diesem Niveau abgehalten werden durch die finanzielle Unterst\u00fctzung von der Woiwodschaft Niederschlesien, dem Kreis Glatz und der Gemeinde Bad Reinerz. Der Sponsor dieser Veranstaltung war die Firma Mondi \u015awiecie S.A.<\/p>\n<p>Das Papierfestival wird allm\u00e4hlich zu einem gro\u00dfen Medienereignis. Zur Veranstaltung luden die landesweiten, regionalen und lokalen Medien ein, Radio Wroc\u0142aw und der beliebteste Nachrichtensender TVP INFO haben live berichtet. Das Wichtigste jedoch ist, dass die Veranstaltung von den Touristen begr\u00fc\u00dft wurde &#8211; am 13. Papierfestival nahmen fast 8.000 Menschen teil, die bei dieser Gelegenheit das Papiermuseum besucht hatten.<\/p>\n<p><em>Maciej Szymczyk<\/em><\/p>\n<p><em>Direktor des Papiermuseums<\/em><\/p>\n<p>\n\t\t<style type=\"text\/css\">\n\t\t\t#gallery-2 {\n\t\t\t\tmargin: auto;\n\t\t\t}\n\t\t\t#gallery-2 .gallery-item {\n\t\t\t\tfloat: left;\n\t\t\t\tmargin-top: 10px;\n\t\t\t\ttext-align: center;\n\t\t\t\twidth: 33%;\n\t\t\t}\n\t\t\t#gallery-2 img {\n\t\t\t\tborder: 2px solid #cfcfcf;\n\t\t\t}\n\t\t\t#gallery-2 .gallery-caption {\n\t\t\t\tmargin-left: 0;\n\t\t\t}\n\t\t\t\/* see gallery_shortcode() in wp-includes\/media.php *\/\n\t\t<\/style>\n\t\t<div id='gallery-2' class='gallery galleryid-1011 gallery-columns-3 gallery-size-thumbnail'><dl class='gallery-item'>\n\t\t\t<dt class='gallery-icon landscape'>\n\t\t\t\t<a href='https:\/\/muzeumpapiernictwa.pl\/wp-content\/uploads\/2013\/07\/IMG_2013_07_27_4083.jpg' title=\"\" data-rl_title=\"\" class=\"rl-gallery-link\" data-rl_caption=\"\" data-rel=\"lightbox-gallery-2\"><img loading=\"lazy\" decoding=\"async\" width=\"150\" height=\"150\" src=\"https:\/\/muzeumpapiernictwa.pl\/wp-content\/uploads\/2013\/07\/IMG_2013_07_27_4083-150x150.jpg\" class=\"attachment-thumbnail size-thumbnail\" \/><\/a>\n\t\t\t<\/dt><\/dl><dl class='gallery-item'>\n\t\t\t<dt class='gallery-icon portrait'>\n\t\t\t\t<a href='https:\/\/muzeumpapiernictwa.pl\/wp-content\/uploads\/2013\/07\/IMG_2013_07_28_4634.jpg' title=\"\" data-rl_title=\"\" class=\"rl-gallery-link\" data-rl_caption=\"\" data-rel=\"lightbox-gallery-2\"><img loading=\"lazy\" decoding=\"async\" width=\"150\" height=\"150\" src=\"https:\/\/muzeumpapiernictwa.pl\/wp-content\/uploads\/2013\/07\/IMG_2013_07_28_4634-150x150.jpg\" class=\"attachment-thumbnail size-thumbnail\" \/><\/a>\n\t\t\t<\/dt><\/dl><dl class='gallery-item'>\n\t\t\t<dt class='gallery-icon landscape'>\n\t\t\t\t<a href='https:\/\/muzeumpapiernictwa.pl\/wp-content\/uploads\/2013\/07\/IMG_2322.jpg' title=\"\" data-rl_title=\"\" class=\"rl-gallery-link\" data-rl_caption=\"\" data-rel=\"lightbox-gallery-2\"><img loading=\"lazy\" decoding=\"async\" width=\"150\" height=\"150\" src=\"https:\/\/muzeumpapiernictwa.pl\/wp-content\/uploads\/2013\/07\/IMG_2322-150x150.jpg\" class=\"attachment-thumbnail size-thumbnail\" \/><\/a>\n\t\t\t<\/dt><\/dl><br style=\"clear: both\" \/><dl class='gallery-item'>\n\t\t\t<dt class='gallery-icon landscape'>\n\t\t\t\t<a href='https:\/\/muzeumpapiernictwa.pl\/wp-content\/uploads\/2013\/07\/IMG_2329.jpg' title=\"\" data-rl_title=\"\" class=\"rl-gallery-link\" data-rl_caption=\"\" data-rel=\"lightbox-gallery-2\"><img loading=\"lazy\" decoding=\"async\" width=\"150\" height=\"150\" src=\"https:\/\/muzeumpapiernictwa.pl\/wp-content\/uploads\/2013\/07\/IMG_2329-150x150.jpg\" class=\"attachment-thumbnail size-thumbnail\" \/><\/a>\n\t\t\t<\/dt><\/dl><dl class='gallery-item'>\n\t\t\t<dt class='gallery-icon landscape'>\n\t\t\t\t<a href='https:\/\/muzeumpapiernictwa.pl\/wp-content\/uploads\/2013\/07\/IMG_2382.jpg' title=\"\" data-rl_title=\"\" class=\"rl-gallery-link\" data-rl_caption=\"\" data-rel=\"lightbox-gallery-2\"><img loading=\"lazy\" decoding=\"async\" width=\"150\" height=\"150\" src=\"https:\/\/muzeumpapiernictwa.pl\/wp-content\/uploads\/2013\/07\/IMG_2382-150x150.jpg\" class=\"attachment-thumbnail size-thumbnail\" \/><\/a>\n\t\t\t<\/dt><\/dl>\n\t\t\t<br style='clear: both' \/>\n\t\t<\/div>\n<\/p>","protected":false},"excerpt":{"rendered":"<p>Am 27. und 28.\u00a0Juli fand bereits das 13. Papierfestival infolge statt. Die Veranstaltung hat sich zu einem der wichtigsten Sommerereignisse im Glatzer Land entwickelt, die von vielen Touristen erwartet wird. Das Ziel des Festivals ist seit Jahren die F\u00f6rderung des Wissens \u00fcber Papier, dessen Geschichte und die Bedeutung in der modernen Welt (ein Tag ohne [&hellip;]<\/p>\n","protected":false},"author":1,"featured_media":1013,"parent":137,"menu_order":939,"comment_status":"open","ping_status":"open","template":"","meta":{"_acf_changed":false,"ngg_post_thumbnail":0,"footnotes":""},"class_list":["post-1011","page","type-page","status-publish","has-post-thumbnail","hentry"],"acf":[],"_links":{"self":[{"href":"https:\/\/muzeumpapiernictwa.pl\/de\/wp-json\/wp\/v2\/pages\/1011","targetHints":{"allow":["GET"]}}],"collection":[{"href":"https:\/\/muzeumpapiernictwa.pl\/de\/wp-json\/wp\/v2\/pages"}],"about":[{"href":"https:\/\/muzeumpapiernictwa.pl\/de\/wp-json\/wp\/v2\/types\/page"}],"author":[{"embeddable":true,"href":"https:\/\/muzeumpapiernictwa.pl\/de\/wp-json\/wp\/v2\/users\/1"}],"replies":[{"embeddable":true,"href":"https:\/\/muzeumpapiernictwa.pl\/de\/wp-json\/wp\/v2\/comments?post=1011"}],"version-history":[{"count":4,"href":"https:\/\/muzeumpapiernictwa.pl\/de\/wp-json\/wp\/v2\/pages\/1011\/revisions"}],"predecessor-version":[{"id":3389,"href":"https:\/\/muzeumpapiernictwa.pl\/de\/wp-json\/wp\/v2\/pages\/1011\/revisions\/3389"}],"up":[{"embeddable":true,"href":"https:\/\/muzeumpapiernictwa.pl\/de\/wp-json\/wp\/v2\/pages\/137"}],"wp:featuredmedia":[{"embeddable":true,"href":"https:\/\/muzeumpapiernictwa.pl\/de\/wp-json\/wp\/v2\/media\/1013"}],"wp:attachment":[{"href":"https:\/\/muzeumpapiernictwa.pl\/de\/wp-json\/wp\/v2\/media?parent=1011"}],"curies":[{"name":"wp","href":"https:\/\/api.w.org\/{rel}","templated":true}]}}