{"id":97,"date":"2014-11-13T17:15:32","date_gmt":"2014-11-13T16:15:32","guid":{"rendered":"http:\/\/muzeumpapiernictwa.pl\/?page_id=97"},"modified":"2017-05-23T11:23:49","modified_gmt":"2017-05-23T09:23:49","slug":"osiagniecia","status":"publish","type":"page","link":"https:\/\/muzeumpapiernictwa.pl\/cz\/zive-muzeum\/uspechy\/","title":{"rendered":"\u00dasp\u011bchy"},"content":{"rendered":"<p><\/p>\n<p><p>O \u0161irok\u00e9m poli p\u016fsobnost\u00ed Muzea, organiza\u010dn\u00ed \u00farovni, dynamice a profesionalit\u011b jeho t\u00fdmu a efektivit\u011b pr\u00e1ce sv\u011bd\u010d\u00ed dosavadn\u00ed \u00fasp\u011bchy \u2013 jak ty z oblasti pam\u00e1tkov\u00e9 p\u00e9\u010de o pap\u00edrnu, tak ty z oblasti kultury a vzd\u011bl\u00e1v\u00e1n\u00ed.<\/p>\n<p>Posledn\u00ed roky p\u0159inesly obzvl\u00e1\u0161t\u011b presti\u017en\u00ed \u00fasp\u011bchy. P\u0159edev\u0161\u00edm se rozhodnut\u00edm prezidenta Polsk\u00e9 republiky z 20. z\u00e1\u0159\u00ed 2011 stal pap\u00edrensk\u00fd ml\u00fdn v Dusznik\u00e1ch pam\u00e1tn\u00edkem d\u011bjin.<\/p>\n<p><a href=\"http:\/\/muzeumpapiernictwa.pl\/cz\/papirna\/\" target=\"_blank\">Pam\u00e1tn\u00edk d\u011bjin<\/a><\/p>\n<p>V roce 2013 bylo Muzeum pap\u00edrenstv\u00ed zaps\u00e1no do St\u00e1tn\u00ed seznam muze\u00ed veden\u00e9ho ministrem kultury, do kter\u00e9ho jsou zaps\u00e1ny instituce s nejv\u011bt\u0161\u00edm v\u00fdznamem pro n\u00e1rodn\u00ed kulturu. Podle vedouc\u00edho Kvalifika\u010dn\u00ed komise MkiDN prof. Andrzeje Rottermunda v\u00fdjime\u010dn\u00fd charakter profilu Muzea, jeho neobvykl\u00e9 s\u00eddlo, vysok\u00e1 \u00farove\u0148 \u0159\u00edzen\u00ed instituce, veden\u00ed v\u011bdeck\u00fdch v\u00fdzkum\u016f a vzd\u011bl\u00e1vac\u00edch program\u016f stav\u00ed na\u0161\u00ed instituci v \u0159ad\u011b s t\u011bmi nejv\u00fdznamn\u011bj\u0161\u00edmi v polsk\u00e9m kulturn\u00edm d\u011bdictv\u00ed.<\/p>\n<p>V roce, ve kter\u00e9m jsme byli zaps\u00e1ni na St\u00e1tn\u00ed seznam muze\u00ed, bylo na seznamu 118 instituc\u00ed, z toho pouh\u00fdch 7 z Doln\u00edho Slezska.<\/p>\n<p><a href=\"http:\/\/muzeumpapiernictwa.pl\/wp-content\/uploads\/2014\/11\/WPIS-DO-PA\u0143STWOWEGO-REJESTRU-MUZE\u00d3W.pdf\">Z\u00e1pis v obchodn\u00edm rejst\u0159\u00edku muze\u00ed<\/a><\/p>\n<p>B\u011bhem posledn\u00edch n\u011bkolika let nar\u016fstal seznam \u00fasp\u011bch\u016f Muzea. V presti\u017en\u00ed sout\u011b\u017ei organizovan\u00e9 Ministerstvem kultury Muzejn\u00ed ud\u00e1lost roku z\u00edskalo muzeum v Dusznik\u00e1ch 9 cen a vyznamen\u00e1n\u00ed, v\u010detn\u011b hlavn\u00ed ceny v roce 1998. V roce 2004 bylo muzeum za\u0159azeno do fin\u00e1le ceny Evropsk\u00e9 muzeum roku (European Museum of the Year). V roce 2009 Polsk\u00e1 turistick\u00e1 organizace za\u0159adila Muzeum do skupiny nejlep\u0161\u00ed turistick\u00e9 nab\u00eddky v zemi.<\/p>\n<p>em uzn\u00e1n\u00ed pro Muzeum pap\u00edrenstv\u00ed v oblasti zahrani\u010dn\u00ed spolupr\u00e1ce bylo pov\u011b\u0159en\u00ed organizace mezin\u00e1rodn\u00edch kongres\u016f \u2013 um\u011blc\u016f pap\u00edru (IAPMA) v roce 2001 a Mezin\u00e1rodn\u00edho sdru\u017een\u00ed historik\u016f pap\u00edru (IPH) v roce 2004 \u2013 ud\u00e1lost\u00ed, kter\u00e9 se v\u016fbec poprv\u00e9 uskute\u010dnily v zemi st\u0159edn\u00ed nebo v\u00fdchodn\u00ed Evropy. V roce 2011 bylo Muzeum hlavn\u00edm organiz\u00e1torem dolnoslezsk\u00e9 inaugurace Polsk\u00e9ho p\u0159edsednictv\u00ed v Rad\u011b Evropsk\u00e9 unie.<\/p>\n<p><a href=\"#\">\u00dasp\u011bchy<\/a><\/p>\n<\/p>\n<p><\/p>","protected":false},"excerpt":{"rendered":"<p>O \u0161irok\u00e9m poli p\u016fsobnost\u00ed Muzea, organiza\u010dn\u00ed \u00farovni, dynamice a profesionalit\u011b jeho t\u00fdmu a efektivit\u011b pr\u00e1ce sv\u011bd\u010d\u00ed dosavadn\u00ed \u00fasp\u011bchy \u2013 jak ty z oblasti pam\u00e1tkov\u00e9 p\u00e9\u010de o pap\u00edrnu, tak ty z oblasti kultury a vzd\u011bl\u00e1v\u00e1n\u00ed. Posledn\u00ed roky p\u0159inesly obzvl\u00e1\u0161t\u011b presti\u017en\u00ed \u00fasp\u011bchy. P\u0159edev\u0161\u00edm se rozhodnut\u00edm prezidenta Polsk\u00e9 republiky z 20. z\u00e1\u0159\u00ed 2011 stal pap\u00edrensk\u00fd ml\u00fdn v Dusznik\u00e1ch [&hellip;]<\/p>\n","protected":false},"author":1,"featured_media":0,"parent":157,"menu_order":706,"comment_status":"open","ping_status":"open","template":"","meta":{"_acf_changed":false,"ngg_post_thumbnail":0,"footnotes":""},"class_list":["post-97","page","type-page","status-publish","hentry"],"acf":[],"_links":{"self":[{"href":"https:\/\/muzeumpapiernictwa.pl\/cz\/wp-json\/wp\/v2\/pages\/97","targetHints":{"allow":["GET"]}}],"collection":[{"href":"https:\/\/muzeumpapiernictwa.pl\/cz\/wp-json\/wp\/v2\/pages"}],"about":[{"href":"https:\/\/muzeumpapiernictwa.pl\/cz\/wp-json\/wp\/v2\/types\/page"}],"author":[{"embeddable":true,"href":"https:\/\/muzeumpapiernictwa.pl\/cz\/wp-json\/wp\/v2\/users\/1"}],"replies":[{"embeddable":true,"href":"https:\/\/muzeumpapiernictwa.pl\/cz\/wp-json\/wp\/v2\/comments?post=97"}],"version-history":[{"count":15,"href":"https:\/\/muzeumpapiernictwa.pl\/cz\/wp-json\/wp\/v2\/pages\/97\/revisions"}],"predecessor-version":[{"id":9676,"href":"https:\/\/muzeumpapiernictwa.pl\/cz\/wp-json\/wp\/v2\/pages\/97\/revisions\/9676"}],"up":[{"embeddable":true,"href":"https:\/\/muzeumpapiernictwa.pl\/cz\/wp-json\/wp\/v2\/pages\/157"}],"wp:attachment":[{"href":"https:\/\/muzeumpapiernictwa.pl\/cz\/wp-json\/wp\/v2\/media?parent=97"}],"curies":[{"name":"wp","href":"https:\/\/api.w.org\/{rel}","templated":true}]}}