{"id":95,"date":"2014-11-13T17:15:10","date_gmt":"2014-11-13T16:15:10","guid":{"rendered":"http:\/\/muzeumpapiernictwa.pl\/?page_id=95"},"modified":"2022-01-31T09:22:17","modified_gmt":"2022-01-31T08:22:17","slug":"publikacje","status":"publish","type":"page","link":"https:\/\/muzeumpapiernictwa.pl\/cz\/zive-muzeum\/publikace\/","title":{"rendered":"Publikace"},"content":{"rendered":"<p><\/p>\n<p>K mnoh\u00fdm publikac\u00edm Muzea pap\u00edrenstv\u00ed pat\u0159\u00ed mj. katalogy sb\u00edrek, monografie pap\u00edren a tak\u00e9 ka\u017edoro\u010dn\u00ed publikace v\u011bdeck\u00e9ho charakteru.<\/p>\n<h3>Katalogy sb\u00edrek<\/h3>\n<p>Jeliko\u017e Muzeum pap\u00edrenstv\u00ed m\u00e1 ve sv\u00fdch sb\u00edrk\u00e1ch unik\u00e1tn\u00ed objekty, zpracov\u00e1v\u00e1 katalog expon\u00e1t\u016f. Doposud byl vyd\u00e1n katalog, jeho\u017e autorkou je Teresa Windyka, kter\u00fd je v\u011bnov\u00e1n zdobn\u00fdm pap\u00edr\u016fm. P\u0159ipravuj\u00ed se katalogy n\u00e1sleduj\u00edc\u00edch sb\u00edrek: pam\u00e1tkov\u00fdch za\u0159\u00edzen\u00ed pro v\u00fdzkum vlastnost\u00ed pap\u00edru a pap\u00edrensk\u00fdch v\u00fdrobk\u016f a arch\u016f s vodoznaky. Budou publikov\u00e1ny v n\u00e1sleduj\u00edc\u00edch letech.<\/p>\n<h3>Publikace doprov\u00e1zej\u00edc\u00ed kr\u00e1tkodob\u00e9 v\u00fdstavy<\/h3>\n<p>Muzeum pap\u00edrenstv\u00ed organizuje 10-12 kr\u00e1tkodob\u00fdch v\u00fdstav ro\u010dn\u011b a star\u00e1 se o jejich spr\u00e1vnou propagaci a dokumentaci. Ke ka\u017ed\u00e9 v\u00fdstav\u011b vyd\u00e1v\u00e1me plak\u00e1ty, informa\u010dn\u00ed let\u00e1ky a, v p\u0159\u00edpad\u011b v\u00fdstav v\u011bnovan\u00fdch prezentaci um\u011bn\u00ed pap\u00edru nebo sou\u010dasn\u00e9ho um\u011bn\u00ed, Muzeum publikuje rovn\u011b\u017e katalogy v\u00fdstav.<\/p>\n<h3>Monografie pap\u00edren<\/h3>\n<p>Muzeum jako jedna z nejd\u016fle\u017eit\u011bj\u0161\u00edch instituc\u00ed vedouc\u00edch v\u00fdzkum d\u011bjin pap\u00edrenstv\u00ed na polsk\u00e9m \u00fazem\u00ed publikovalo celou \u0159adu monografi\u00ed M. Szymczyka v\u011bnovan\u00fdch oboru nebo jednotliv\u00fdm tov\u00e1rn\u00e1m. Doposud bylo vyd\u00e1no 10 publikac\u00ed.<\/p>\n<h3>Pr\u00e1ce v\u011bnovan\u00e9 pap\u00edrensk\u00e9mu ml\u00fdnu<\/h3>\n<p>Muzeum publikuje materi\u00e1ly popularizuj\u00edc\u00ed d\u011bjiny pap\u00edrensk\u00e9ho ml\u00fdna v Dusznik\u00e1ch, kter\u00fd je od roku 2011 Historickou pam\u00e1tkou. Doposud bylo vyd\u00e1no album M\u0142yn papierniczy w Dusznikach-Zdroju pod redakc\u00ed M. Szymczyka a mnoh\u00e9 informa\u010dn\u00ed let\u00e1ky mj. v pol\u0161tin\u011b, angli\u010dtin\u011b, n\u011bm\u010din\u011b, \u010de\u0161tin\u011b a francouz\u0161tin\u011b.<\/p>\n<p>\u00dapln\u00fd v\u00fdkaz n\u00e1mi vydan\u00fdch knih a bro\u017eur::<\/p>\n<p><a href=\"http:\/\/muzeumpapiernictwa.pl\/cz\/zive-muzeum\/publikace\/seznam-publikaci\/\" target=\"_blank\" rel=\"noopener noreferrer\">Seznam publikac\u00ed<\/a><\/p>\n<p>Mnoh\u00e9 z na\u0161ich publikac\u00ed lze z\u00edskat v obch\u016fdku na muzejn\u00edm n\u00e1m\u011bst\u00ed nebo v e-shopu:\/p><\/p>\n<p><a href=\"#\">Sklep internetowy \u2013 wydawnictwa<\/a><\/p>\n<h3>Ro\u010dn\u00edk Muzea pap\u00edrenstv\u00ed<\/h3>\n<p>D\u016fle\u017eit\u00fdm projektem Muzea pap\u00edrenstv\u00ed je zpracov\u00e1n\u00ed a publikace vlastn\u00edho \u010dasopisu, kter\u00fd je vyd\u00e1v\u00e1n od roku 2007 pod n\u00e1zvem Rocznik Muzeum Papiernictwa. Periodikum m\u00e1 v\u011bdeck\u00fd charakter a Ministerstvo \u0161kolstv\u00ed ho zapsalo na seznam bodovan\u00fdch \u010dasopis\u016f podle parametr\u016f vysok\u00fdch \u0161kol. V Roczniku jsou publikov\u00e1ny \u010dl\u00e1nky v\u011bnovan\u00e9 d\u011bjin\u00e1m pap\u00edrenstv\u00ed, d\u011bjin\u00e1m obce Duszniki-Zdr\u00f3j, informace o pap\u00edrensk\u00e9m ml\u00fdn\u011b a sou\u010dasn\u00e9m p\u016fsoben\u00ed Muzea pap\u00edrenstv\u00ed. Rocznik je otev\u0159en tak\u00e9 pro publikaci zahrani\u010dn\u00edch autor\u016f a v redak\u010dn\u00ed rad\u011b pracuj\u00ed dva zahrani\u010dn\u00ed v\u011bdci: prof. Gottfried Schweizer (1927-2014) z Rakouska a Rainer Sachs z N\u011bmecka.<\/p>\n<p>Ro\u010dn\u00edky jsou v elektronick\u00e9 podob\u011b ke sta\u017een\u00ed zdarma.<\/p>\n<p><a href=\"http:\/\/rocznik.muzpap.pl\/\">Ro\u010dn\u00edk Muzea pap\u00edrenstv\u00ed<\/a><\/p>\n<p>\u00a0<\/p>\n<h3>Propaga\u010dn\u00ed a reklamn\u00ed materi\u00e1ly<\/h3>\n<p>Muzeum pap\u00edrenstv\u00ed vyd\u00e1v\u00e1 \u0159adu materi\u00e1l\u016f propaguj\u00edc\u00edch muzejn\u00ed sb\u00edrky, v\u00fdstavy a vzd\u011bl\u00e1vac\u00ed nab\u00eddku. Materi\u00e1ly jsou ve zna\u010dn\u00e9 m\u00ed\u0159e \u0161\u00ed\u0159eny zdarma v s\u00eddle Muzea a hotelech v okol\u00ed, partnersk\u00fdch turistick\u00fdch agentur\u00e1ch, na v\u00fdstav\u00e1ch o turistice doma i v zahrani\u010d\u00ed. Jsou to mj.: informa\u010dn\u00ed let\u00e1ky, pohlednice, pam\u00e1te\u010dn\u00ed l\u00edstky, pam\u00e1te\u010dn\u00ed puzzle s obr\u00e1zkem pap\u00edrensk\u00e9ho ml\u00fdna, pam\u00e1te\u010dn\u00ed mince.<\/p>\n<p>Nav\u00edc Muzeum spolupracuje p\u0159i tvorb\u011b a vyd\u00e1v\u00e1n\u00ed mnoh\u00fdch informa\u010dn\u00edch materi\u00e1l\u016f s Polskou turistickou organizac\u00ed, Dolnoslezskou turistickou organizac\u00ed a mnoh\u00fdmi subjekty p\u016fsob\u00edc\u00edmi v turistick\u00e9m odv\u011btv\u00ed.<\/p>\n<\/p>\n<p><\/p>","protected":false},"excerpt":{"rendered":"<p>K mnoh\u00fdm publikac\u00edm Muzea pap\u00edrenstv\u00ed pat\u0159\u00ed mj. katalogy sb\u00edrek, monografie pap\u00edren a tak\u00e9 ka\u017edoro\u010dn\u00ed publikace v\u011bdeck\u00e9ho charakteru. Katalogy sb\u00edrek Jeliko\u017e Muzeum pap\u00edrenstv\u00ed m\u00e1 ve sv\u00fdch sb\u00edrk\u00e1ch unik\u00e1tn\u00ed objekty, zpracov\u00e1v\u00e1 katalog expon\u00e1t\u016f. Doposud byl vyd\u00e1n katalog, jeho\u017e autorkou je Teresa Windyka, kter\u00fd je v\u011bnov\u00e1n zdobn\u00fdm pap\u00edr\u016fm. P\u0159ipravuj\u00ed se katalogy n\u00e1sleduj\u00edc\u00edch sb\u00edrek: pam\u00e1tkov\u00fdch za\u0159\u00edzen\u00ed pro v\u00fdzkum vlastnost\u00ed [&hellip;]<\/p>\n","protected":false},"author":1,"featured_media":0,"parent":157,"menu_order":178,"comment_status":"open","ping_status":"open","template":"","meta":{"_acf_changed":false,"ngg_post_thumbnail":0,"footnotes":""},"class_list":["post-95","page","type-page","status-publish","hentry"],"acf":[],"_links":{"self":[{"href":"https:\/\/muzeumpapiernictwa.pl\/cz\/wp-json\/wp\/v2\/pages\/95","targetHints":{"allow":["GET"]}}],"collection":[{"href":"https:\/\/muzeumpapiernictwa.pl\/cz\/wp-json\/wp\/v2\/pages"}],"about":[{"href":"https:\/\/muzeumpapiernictwa.pl\/cz\/wp-json\/wp\/v2\/types\/page"}],"author":[{"embeddable":true,"href":"https:\/\/muzeumpapiernictwa.pl\/cz\/wp-json\/wp\/v2\/users\/1"}],"replies":[{"embeddable":true,"href":"https:\/\/muzeumpapiernictwa.pl\/cz\/wp-json\/wp\/v2\/comments?post=95"}],"version-history":[{"count":20,"href":"https:\/\/muzeumpapiernictwa.pl\/cz\/wp-json\/wp\/v2\/pages\/95\/revisions"}],"predecessor-version":[{"id":17708,"href":"https:\/\/muzeumpapiernictwa.pl\/cz\/wp-json\/wp\/v2\/pages\/95\/revisions\/17708"}],"up":[{"embeddable":true,"href":"https:\/\/muzeumpapiernictwa.pl\/cz\/wp-json\/wp\/v2\/pages\/157"}],"wp:attachment":[{"href":"https:\/\/muzeumpapiernictwa.pl\/cz\/wp-json\/wp\/v2\/media?parent=95"}],"curies":[{"name":"wp","href":"https:\/\/api.w.org\/{rel}","templated":true}]}}