{"id":93,"date":"2014-11-13T17:14:54","date_gmt":"2014-11-13T16:14:54","guid":{"rendered":"http:\/\/muzeumpapiernictwa.pl\/?page_id=93"},"modified":"2014-12-22T13:13:27","modified_gmt":"2014-12-22T12:13:27","slug":"zbiory","status":"publish","type":"page","link":"https:\/\/muzeumpapiernictwa.pl\/cz\/zive-muzeum\/sbirky\/","title":{"rendered":"Sb\u00edrky"},"content":{"rendered":"<p><\/p>\n<p>Muzeum pap\u00edrenstv\u00ed m\u00e1 ve sv\u00fdch sb\u00edrk\u00e1ch na evropsk\u00e9 m\u011b\u0159\u00edtko v\u00fdznamn\u00fd po\u010det objekt\u016f spojen\u00fdch s d\u011bjinami pap\u00edrenstv\u00ed..<\/p>\n<p>Z\u00e1klad sb\u00edrky tvo\u0159\u00ed soubor arch\u016f s vodoznaky vytvo\u0159en\u00fdmi od 16. do 21. stolet\u00ed. V n\u011bkter\u00fdch p\u0159\u00edpadech jsou jedin\u00fdm materi\u00e1ln\u00edm d\u016fkazem o existenci mnoh\u00fdch pap\u00edrensk\u00fdch ml\u00fdn\u016f a pap\u00edrensk\u00fdch tov\u00e1ren. Jsou prvo\u0159ad\u00fdm materi\u00e1lem pro v\u00fdzkum d\u011bjin pap\u00edrenstv\u00ed a z\u00e1kladem pro filigranologii \u2013 pomocnou v\u011bdu historickou.<\/p>\n<p>Dal\u0161\u00ed nezvykle d\u016fle\u017eitou sb\u00edrkou jsou za\u0159\u00edzen\u00ed ur\u010den\u00e1 pro v\u00fdzkum vlastnost\u00ed pap\u00edr\u016f a pap\u00edrensk\u00fdch v\u00fdrobk\u016f z prvn\u00ed poloviny 20. stolet\u00ed \u2013 jedna z nejrozs\u00e1hlej\u0161\u00edch a nejstar\u0161\u00edch sb\u00edrek tohoto typu v Evrop\u011b.<\/p>\n<p>Nav\u00edc Muzeum shroma\u017e\u010fuje archy barevn\u00e9 historick\u00fdmi technikami, formy na \u010derp\u00e1n\u00ed, pap\u00edrensk\u00e1 za\u0159\u00edzen\u00ed, exlibris, historick\u00e9 doklady toto\u017enosti (doklady, legitimace, cestovn\u00ed pasy), d\u00e1vn\u00e9 bankovky a cenn\u00e9 pap\u00edry a expon\u00e1ty spojen\u00e9 s d\u011bjinami pap\u00edrensk\u00e9ho ml\u00fdna v obci Duszniki-Zdr\u00f3j i samotn\u00e9 obce.<\/p>\n<p><a href=\"http:\/\/muzeumpapiernictwa.pl\/cz\/zive-muzeum\/sbirky\/sbirky-muzea-papirenstvi\/\">V\u00edce o sb\u00edrk\u00e1ch<\/a><\/p>\n<p>V r\u00e1mci realizace projektu financovan\u00e9ho z fondu EHP a norsk\u00fdch fond\u016f jsme zah\u00e1jili proces digitalizace \u2013 digit\u00e1ln\u00edho z\u00e1pisu sb\u00edrek. Fotografie vysok\u00e9 kvality jednotliv\u00fdch objekt\u016f spolu se z\u00e1kladn\u00edmi informacemi budou postupn\u011b zve\u0159ej\u0148ov\u00e1ny na internetu a budou t\u00edmto zp\u016fsobem dostupn\u00e9 pro v\u0161echny u\u017eivatele internetu.d<\/p>\n<p><a href=\"http:\/\/muzeumpapiernictwa.pl\/cz\/prehled-kolekci\/\" target=\"_blank\">P\u0159ehled kolekc\u00ed<\/a><\/p>\n<\/p>\n<p><\/p>","protected":false},"excerpt":{"rendered":"<p>Muzeum pap\u00edrenstv\u00ed m\u00e1 ve sv\u00fdch sb\u00edrk\u00e1ch na evropsk\u00e9 m\u011b\u0159\u00edtko v\u00fdznamn\u00fd po\u010det objekt\u016f spojen\u00fdch s d\u011bjinami pap\u00edrenstv\u00ed.. Z\u00e1klad sb\u00edrky tvo\u0159\u00ed soubor arch\u016f s vodoznaky vytvo\u0159en\u00fdmi od 16. do 21. stolet\u00ed. V n\u011bkter\u00fdch p\u0159\u00edpadech jsou jedin\u00fdm materi\u00e1ln\u00edm d\u016fkazem o existenci mnoh\u00fdch pap\u00edrensk\u00fdch ml\u00fdn\u016f a pap\u00edrensk\u00fdch tov\u00e1ren. Jsou prvo\u0159ad\u00fdm materi\u00e1lem pro v\u00fdzkum d\u011bjin pap\u00edrenstv\u00ed a z\u00e1kladem pro filigranologii [&hellip;]<\/p>\n","protected":false},"author":1,"featured_media":0,"parent":157,"menu_order":1082,"comment_status":"open","ping_status":"open","template":"","meta":{"_acf_changed":false,"ngg_post_thumbnail":0,"footnotes":""},"class_list":["post-93","page","type-page","status-publish","hentry"],"acf":[],"_links":{"self":[{"href":"https:\/\/muzeumpapiernictwa.pl\/cz\/wp-json\/wp\/v2\/pages\/93","targetHints":{"allow":["GET"]}}],"collection":[{"href":"https:\/\/muzeumpapiernictwa.pl\/cz\/wp-json\/wp\/v2\/pages"}],"about":[{"href":"https:\/\/muzeumpapiernictwa.pl\/cz\/wp-json\/wp\/v2\/types\/page"}],"author":[{"embeddable":true,"href":"https:\/\/muzeumpapiernictwa.pl\/cz\/wp-json\/wp\/v2\/users\/1"}],"replies":[{"embeddable":true,"href":"https:\/\/muzeumpapiernictwa.pl\/cz\/wp-json\/wp\/v2\/comments?post=93"}],"version-history":[{"count":17,"href":"https:\/\/muzeumpapiernictwa.pl\/cz\/wp-json\/wp\/v2\/pages\/93\/revisions"}],"predecessor-version":[{"id":3403,"href":"https:\/\/muzeumpapiernictwa.pl\/cz\/wp-json\/wp\/v2\/pages\/93\/revisions\/3403"}],"up":[{"embeddable":true,"href":"https:\/\/muzeumpapiernictwa.pl\/cz\/wp-json\/wp\/v2\/pages\/157"}],"wp:attachment":[{"href":"https:\/\/muzeumpapiernictwa.pl\/cz\/wp-json\/wp\/v2\/media?parent=93"}],"curies":[{"name":"wp","href":"https:\/\/api.w.org\/{rel}","templated":true}]}}