{"id":89,"date":"2014-11-13T17:09:17","date_gmt":"2014-11-13T16:09:17","guid":{"rendered":"http:\/\/muzeumpapiernictwa.pl\/?page_id=89"},"modified":"2020-02-26T10:34:18","modified_gmt":"2020-02-26T09:34:18","slug":"wystawy","status":"publish","type":"page","link":"https:\/\/muzeumpapiernictwa.pl\/cz\/zive-muzeum\/vystavy\/","title":{"rendered":"V\u00fdstavy"},"content":{"rendered":"<p><\/p>\n<h3>St\u00e1l\u00e9 v\u00fdstavy<\/h3>\n<p>Rozhodn\u011b by pap\u00edrensk\u00e9 ml\u00fdn v Dusznik\u00e1ch neexistoval, kdyby \u010c\u00ed\u0148an\u00e9 nevynalezli pap\u00edr a Arabov\u00e9 nep\u0159inesli jejich vyn\u00e1lez do Evropy. Vedouc\u00edm t\u00e9matem na\u0161ich st\u00e1l\u00fdch v\u00fdstav jsou proto d\u011bjiny pap\u00edru a zp\u016fsob jeho v\u00fdroby v Polsku a ve Slezsku.<\/p>\n<p>M\u011bjme na pam\u011bti, \u017ee materi\u00e1l s vlastnostmi pap\u00edru lid\u00e9 hledali dlouho p\u0159ed jeho vynalezen\u00edm. Nejd\u016fle\u017eit\u011bj\u0161\u00ed byla p\u0159edev\u0161\u00edm mo\u017enost z\u00e1pisu informac\u00ed. Pozd\u011bji se objevila pot\u0159eba mno\u017een\u00ed t\u011bchto informac\u00ed \u2013 tak vznikl tisk, kter\u00fdm se tak\u00e9 v r\u00e1mci na\u0161\u00ed expozice zab\u00fdv\u00e1me.<\/p>\n<p>S rozvojem v\u00fdroby se za\u010daly objevovat pap\u00edry s r\u016fzn\u00fdmi vlastnostmi. Byly pro n\u011b vym\u00fd\u0161leny st\u00e1le nov\u00e9 zp\u016fsoby vyu\u017eit\u00ed. Ukazujeme, co se dnes z pap\u00edru vytv\u00e1\u0159\u00ed.<\/p>\n<p><a href=\"http:\/\/muzeumpapiernictwa.pl\/cz\/zive-muzeum\/vystavy\/stale-vystavy\/\">St\u00e1l\u00e9 v\u00fdstavy<\/a><\/p>\n<h3>Kr\u00e1tkodob\u00e9 v\u00fdstavy<\/h3>\n<p>Vytv\u00e1\u0159\u00ed, ale tak\u00e9 tvo\u0159\u00ed. Na\u0161e galerie se nach\u00e1z\u00ed v s\u00e1le s polychromi\u00ed a dal\u0161\u00edch s\u00e1lech. Prezentujeme v n\u00ed nejr\u016fzn\u011bj\u0161\u00ed kr\u00e1tkodob\u00e9 v\u00fdstavy. N\u00e1v\u0161t\u011bvn\u00edci se zde mohou sezn\u00e1mit s tvorbou uzn\u00e1van\u00fdch um\u011blc\u016f a tak\u00e9 vid\u011bt nap\u0159. v\u00fdtvarn\u00e9 pr\u00e1ce mlad\u00fdch \u00fa\u010dastn\u00edk\u016f muzejn\u00edch workshop\u016f. Nezapom\u00edn\u00e1me ani na vystaven\u00ed t\u011bch expon\u00e1t\u016f z na\u0161\u00ed sb\u00edrky, kter\u00e9 nejsou v\u017edy k vid\u011bn\u00ed, v\u010detn\u011b t\u011bch spojen\u00fdch s d\u011bjinami obce Duszniki.<\/p>\n<p><a href=\"http:\/\/muzeumpapiernictwa.pl\/cz\/zive-muzeum\/vystavy\/kratkodobe-vystavy\/\">Kratkodobe Vystavy<\/a><\/p>\n<p>B\u011bhem pl\u00e1nov\u00e1n\u00ed um\u011bleck\u00fdch v\u00fdstav hraje hlavn\u00ed roli \u0161iroce pojat\u00e9 um\u011bn\u00ed pap\u00edru. Autory jsou jak uzn\u00e1van\u00ed tv\u016frci, tak i studenti akademie um\u011bn\u00ed. \u010casto zde vystavuj\u00ed tak\u00e9 host\u00e9 ze zahrani\u010d\u00ed, nap\u0159. v roce 2013 Yasu Suzuka z Japonska p\u0159edstavil sv\u00e9 pr\u00e1ce proveden\u00e9 z pap\u00edrov\u00e9 hmoty ze s\u00e9rie Reinkarnace ko\u0161ile \u2013 ko\u0161ile nirv\u00e1ny.<\/p>\n<p><a href=\"http:\/\/muzeumpapiernictwa.pl\/cz\/zive-muzeum\/umeni-papiru\/\">Um\u011bn\u00ed pap\u00edru<\/a><\/p>\n<p>V Muzeu Pap\u00edrnictv\u00ed prezentujeme v\u00edce ne\u017e deset kr\u00e1tkodob\u00fdch v\u00fdstav ro\u010dn\u011b. Informace t\u00fdkaj\u00edc\u00ed se vernis\u00e1\u017e\u00ed a prob\u00edhaj\u00edc\u00edch v\u00fdstav m\u016f\u017eete nal\u00e9zt v z\u00e1lo\u017ece Aktuality.<\/p>\n<p><a href=\"http:\/\/muzeumpapiernictwa.pl\/ru\/novosti\/1?news-search%5Bphrase%5D=&#038;news-search%5Bsort%5D=created_desc&#038;news-search%5Bdate-range%5D=&#038;news-search%5Bcategory%5D=14\">Aktuality \u2013 V\u00fdstava<\/a><\/p>\n<h3>Putovn\u00ed v\u00fdstavy<\/h3>\n<p>Muzeum pap\u00edrenstv\u00ed nav\u00edc po\u0159\u00e1d\u00e1 putovn\u00ed v\u00fdstavy. Nejd\u016fle\u017eit\u011bj\u0161\u00ed z nich jsou: D\u011bjiny pap\u00edru a pap\u00edrenstv\u00ed, Tiska\u0159sk\u00e9 techniky zdoben\u00ed pap\u00edru a l\u00e1tek a Cestovn\u00ed pasy zem\u00ed Evropsk\u00e9 unie. V\u00fdstavy Prezentujeme v muze\u00edch, knihovn\u00e1ch a jin\u00fdch instituc\u00edch. Doposud byly vystaveny na v\u00edce ne\u017e 30 m\u00edstech, v\u010detn\u011b zahrani\u010dn\u00edch instituc\u00ed (mj. Cestovn\u00ed pasy zem\u00ed Evropsk\u00e9 unie \u2013 Muzeum Evropy v Schengenu v Lucemburku, 2012).<\/p>\n<\/p>\n<p><\/p>","protected":false},"excerpt":{"rendered":"<p>St\u00e1l\u00e9 v\u00fdstavy Rozhodn\u011b by pap\u00edrensk\u00e9 ml\u00fdn v Dusznik\u00e1ch neexistoval, kdyby \u010c\u00ed\u0148an\u00e9 nevynalezli pap\u00edr a Arabov\u00e9 nep\u0159inesli jejich vyn\u00e1lez do Evropy. Vedouc\u00edm t\u00e9matem na\u0161ich st\u00e1l\u00fdch v\u00fdstav jsou proto d\u011bjiny pap\u00edru a zp\u016fsob jeho v\u00fdroby v Polsku a ve Slezsku. M\u011bjme na pam\u011bti, \u017ee materi\u00e1l s vlastnostmi pap\u00edru lid\u00e9 hledali dlouho p\u0159ed jeho vynalezen\u00edm. Nejd\u016fle\u017eit\u011bj\u0161\u00ed byla p\u0159edev\u0161\u00edm [&hellip;]<\/p>\n","protected":false},"author":1,"featured_media":0,"parent":157,"menu_order":1025,"comment_status":"open","ping_status":"open","template":"","meta":{"_acf_changed":false,"ngg_post_thumbnail":0,"footnotes":""},"class_list":["post-89","page","type-page","status-publish","hentry"],"acf":[],"_links":{"self":[{"href":"https:\/\/muzeumpapiernictwa.pl\/cz\/wp-json\/wp\/v2\/pages\/89","targetHints":{"allow":["GET"]}}],"collection":[{"href":"https:\/\/muzeumpapiernictwa.pl\/cz\/wp-json\/wp\/v2\/pages"}],"about":[{"href":"https:\/\/muzeumpapiernictwa.pl\/cz\/wp-json\/wp\/v2\/types\/page"}],"author":[{"embeddable":true,"href":"https:\/\/muzeumpapiernictwa.pl\/cz\/wp-json\/wp\/v2\/users\/1"}],"replies":[{"embeddable":true,"href":"https:\/\/muzeumpapiernictwa.pl\/cz\/wp-json\/wp\/v2\/comments?post=89"}],"version-history":[{"count":32,"href":"https:\/\/muzeumpapiernictwa.pl\/cz\/wp-json\/wp\/v2\/pages\/89\/revisions"}],"predecessor-version":[{"id":14723,"href":"https:\/\/muzeumpapiernictwa.pl\/cz\/wp-json\/wp\/v2\/pages\/89\/revisions\/14723"}],"up":[{"embeddable":true,"href":"https:\/\/muzeumpapiernictwa.pl\/cz\/wp-json\/wp\/v2\/pages\/157"}],"wp:attachment":[{"href":"https:\/\/muzeumpapiernictwa.pl\/cz\/wp-json\/wp\/v2\/media?parent=89"}],"curies":[{"name":"wp","href":"https:\/\/api.w.org\/{rel}","templated":true}]}}