{"id":87,"date":"2014-11-13T17:09:06","date_gmt":"2014-11-13T16:09:06","guid":{"rendered":"http:\/\/muzeumpapiernictwa.pl\/?page_id=87"},"modified":"2022-12-05T10:19:09","modified_gmt":"2022-12-05T09:19:09","slug":"historia-muzeum-papiernictwa","status":"publish","type":"page","link":"https:\/\/muzeumpapiernictwa.pl\/cz\/zive-muzeum\/dejiny-muzeum-papirenstvi\/","title":{"rendered":"D\u011bjiny Muzeum pap\u00edrenstv\u00ed"},"content":{"rendered":"<p><\/p>\n<h3>Registrovan\u00e9 muzeum<\/h3>\n<p>Na z\u00e1klad\u011b z\u00e1kona o muze\u00edch z 21. listopadu 1996 Ministerstvo kultury vede St\u00e1tn\u00ed rejst\u0159\u00edk muze\u00ed. Jsou do n\u011bho za\u0159azeny pouze instituce spl\u0148uj\u00edc\u00ed podm\u00ednky definovan\u00e9 ve v\u00fd\u0161e uveden\u00e9m z\u00e1kon\u011b, tedy ty s vysokou \u00farovn\u00ed odborn\u00e9 \u010dinnosti a velk\u00fdm v\u00fdznamem sb\u00edrek. \u017d\u00e1dost muzea o z\u00e1pis do rejst\u0159\u00edku hodnot\u00ed kvalifika\u010dn\u00ed komise slo\u017eena z v\u00fdznamn\u00fdch odborn\u00edk\u016f z oblasti muzejnictv\u00ed a pomocn\u00fdch v\u011bd, rozhodnut\u00ed ud\u011bluje ministr. Muzeum pap\u00edrnictv\u00ed bylo veps\u00e1no do St\u00e1tn\u00edho rejst\u0159\u00edku muze\u00ed 28. \u010derva 2013.<\/p>\n<p><a href=\"http:\/\/muzeumpapiernictwa.pl\/wp-content\/uploads\/2014\/11\/WPIS-DO-PA\u0143STWOWEGO-REJESTRU-MUZE\u00d3W.pdf\" target=\"_blank\" rel=\"noopener noreferrer\">Decyzja o wpisie do Pa\u0144stwowego Rejestru Muze\u00f3w (PDF)<\/a><\/p>\n<\/p>\n<p><\/p>","protected":false},"excerpt":{"rendered":"<p>Registrovan\u00e9 muzeum Na z\u00e1klad\u011b z\u00e1kona o muze\u00edch z 21. listopadu 1996 Ministerstvo kultury vede St\u00e1tn\u00ed rejst\u0159\u00edk muze\u00ed. Jsou do n\u011bho za\u0159azeny pouze instituce spl\u0148uj\u00edc\u00ed podm\u00ednky definovan\u00e9 ve v\u00fd\u0161e uveden\u00e9m z\u00e1kon\u011b, tedy ty s vysokou \u00farovn\u00ed odborn\u00e9 \u010dinnosti a velk\u00fdm v\u00fdznamem sb\u00edrek. \u017d\u00e1dost muzea o z\u00e1pis do rejst\u0159\u00edku hodnot\u00ed kvalifika\u010dn\u00ed komise slo\u017eena z v\u00fdznamn\u00fdch odborn\u00edk\u016f z [&hellip;]<\/p>\n","protected":false},"author":1,"featured_media":0,"parent":157,"menu_order":409,"comment_status":"open","ping_status":"open","template":"","meta":{"_acf_changed":false,"ngg_post_thumbnail":0,"footnotes":""},"class_list":["post-87","page","type-page","status-publish","hentry"],"acf":[],"_links":{"self":[{"href":"https:\/\/muzeumpapiernictwa.pl\/cz\/wp-json\/wp\/v2\/pages\/87","targetHints":{"allow":["GET"]}}],"collection":[{"href":"https:\/\/muzeumpapiernictwa.pl\/cz\/wp-json\/wp\/v2\/pages"}],"about":[{"href":"https:\/\/muzeumpapiernictwa.pl\/cz\/wp-json\/wp\/v2\/types\/page"}],"author":[{"embeddable":true,"href":"https:\/\/muzeumpapiernictwa.pl\/cz\/wp-json\/wp\/v2\/users\/1"}],"replies":[{"embeddable":true,"href":"https:\/\/muzeumpapiernictwa.pl\/cz\/wp-json\/wp\/v2\/comments?post=87"}],"version-history":[{"count":18,"href":"https:\/\/muzeumpapiernictwa.pl\/cz\/wp-json\/wp\/v2\/pages\/87\/revisions"}],"predecessor-version":[{"id":19604,"href":"https:\/\/muzeumpapiernictwa.pl\/cz\/wp-json\/wp\/v2\/pages\/87\/revisions\/19604"}],"up":[{"embeddable":true,"href":"https:\/\/muzeumpapiernictwa.pl\/cz\/wp-json\/wp\/v2\/pages\/157"}],"wp:attachment":[{"href":"https:\/\/muzeumpapiernictwa.pl\/cz\/wp-json\/wp\/v2\/media?parent=87"}],"curies":[{"name":"wp","href":"https:\/\/api.w.org\/{rel}","templated":true}]}}