{"id":79,"date":"2014-11-13T17:07:03","date_gmt":"2014-11-13T16:07:03","guid":{"rendered":"http:\/\/muzeumpapiernictwa.pl\/?page_id=79"},"modified":"2017-02-14T12:32:12","modified_gmt":"2017-02-14T11:32:12","slug":"konserwacja-i-digitalizacja-zbiorow","status":"publish","type":"page","link":"https:\/\/muzeumpapiernictwa.pl\/cz\/projekt\/konzervace-a-digitalizace-sbirek\/","title":{"rendered":"Konzervace a digitalizace sb\u00edrek"},"content":{"rendered":"<p><\/p>\n<p>Uchov\u00e1n\u00ed a zve\u0159ejn\u011bn\u00ed sb\u00edrek kulturn\u00edho d\u011bdictv\u00ed je jedn\u00edm ze z\u00e1kladn\u00edch \u00fakol\u016f muzejn\u00edch instituc\u00ed. Proto jsme v r\u00e1mci projektu napl\u00e1novali tak\u00e9 konzervaci a digitalizaci vybran\u00fdch expon\u00e1t\u016f.<\/p>\n<p>P\u0159edev\u0161\u00edm je nutn\u00e9 co nejd\u00e9le uchovat origin\u00e1ln\u00ed muzejn\u00ed sb\u00edrku. Odborn\u00e9 konzerva\u010dn\u00ed pr\u00e1ce budou provedeny na 312 objektech v\u010detn\u011b identifika\u010dn\u00edch dokument\u016f (nap\u0159. cestovn\u00ed pas v rusk\u00e9m jazyce z 1986), tiska\u0159sk\u00fdch desek pro typografick\u00fd tisk, pohled\u016f z obce Duszniki-Zdr\u00f3j a jin\u00fdch dokument\u016f.<\/p>\n<p>Z\u00e1rukou uchov\u00e1n\u00ed sb\u00edrek pro p\u0159\u00ed\u0161t\u00ed generace je jejich co mo\u017en\u00e1 nejv\u011brn\u011bj\u0161\u00ed z\u00e1pis v digit\u00e1ln\u00ed podob\u011b, tedy digitalizace. Je to v tuto chv\u00edli jeden z prioritn\u00edch \u00fakol\u016f vyzna\u010den\u00fdch institucemi Evropsk\u00e9 unie a st\u00e1tu.<\/p>\n<p>D\u00edky prost\u0159edk\u016fm z norsk\u00fdch fond\u016f a fond\u016f EHP jsme ji\u017e zakoupili fotografick\u00e9 za\u0159\u00edzen\u00ed, kter\u00e9 umo\u017en\u00ed postupn\u00fd z\u00e1pis v digit\u00e1ln\u00ed podob\u011b cel\u00e9ho rozsahu muzejn\u00ed sb\u00edrky. V obdob\u00ed realizace projektu pl\u00e1nujeme digitalizovat 418 expon\u00e1t\u016f, v\u010detn\u011b historick\u00fdch arch\u016f s vodoznaky r\u016fzn\u00fdch pap\u00edren (dokonce i z konce 16. stolet\u00ed), ozdobn\u00fdch arch\u016f, vzorn\u00edk\u016f pap\u00edru, stroj\u016f a za\u0159\u00edzen\u00ed velk\u00fdch rozm\u011br\u016f.<\/p>\n<p>Obrazy muzejn\u00edch objekt\u016f budou um\u00edst\u011bny na na\u0161i internetov\u00e9 str\u00e1nce, n\u011bkter\u00e9 z nich ve form\u011b 360\u00b0 prezentace. To umo\u017en\u00ed v\u0161em z\u00e1jemc\u016fm p\u0159\u00edstup do sb\u00edrek Muzea pap\u00edrenstv\u00ed bez ohledu na dostupnost a bez nutnosti p\u0159ijet do obce Duszniki. <\/p>\n<p><a title=\"P\u0159ehled kolekc\u00ed\" href=\"http:\/\/muzeumpapiernictwa.pl\/cz\/prehled-kolekci\/\" target=\"_blank\">P\u0159ehled kolekc\u00ed<\/a><\/p>\n<\/p>\n<\/p>\n<p><\/p>","protected":false},"excerpt":{"rendered":"<p>Uchov\u00e1n\u00ed a zve\u0159ejn\u011bn\u00ed sb\u00edrek kulturn\u00edho d\u011bdictv\u00ed je jedn\u00edm ze z\u00e1kladn\u00edch \u00fakol\u016f muzejn\u00edch instituc\u00ed. Proto jsme v r\u00e1mci projektu napl\u00e1novali tak\u00e9 konzervaci a digitalizaci vybran\u00fdch expon\u00e1t\u016f. P\u0159edev\u0161\u00edm je nutn\u00e9 co nejd\u00e9le uchovat origin\u00e1ln\u00ed muzejn\u00ed sb\u00edrku. Odborn\u00e9 konzerva\u010dn\u00ed pr\u00e1ce budou provedeny na 312 objektech v\u010detn\u011b identifika\u010dn\u00edch dokument\u016f (nap\u0159. cestovn\u00ed pas v rusk\u00e9m jazyce z 1986), tiska\u0159sk\u00fdch desek [&hellip;]<\/p>\n","protected":false},"author":1,"featured_media":0,"parent":71,"menu_order":559,"comment_status":"open","ping_status":"open","template":"","meta":{"_acf_changed":false,"ngg_post_thumbnail":0,"footnotes":""},"class_list":["post-79","page","type-page","status-publish","hentry"],"acf":[],"_links":{"self":[{"href":"https:\/\/muzeumpapiernictwa.pl\/cz\/wp-json\/wp\/v2\/pages\/79","targetHints":{"allow":["GET"]}}],"collection":[{"href":"https:\/\/muzeumpapiernictwa.pl\/cz\/wp-json\/wp\/v2\/pages"}],"about":[{"href":"https:\/\/muzeumpapiernictwa.pl\/cz\/wp-json\/wp\/v2\/types\/page"}],"author":[{"embeddable":true,"href":"https:\/\/muzeumpapiernictwa.pl\/cz\/wp-json\/wp\/v2\/users\/1"}],"replies":[{"embeddable":true,"href":"https:\/\/muzeumpapiernictwa.pl\/cz\/wp-json\/wp\/v2\/comments?post=79"}],"version-history":[{"count":22,"href":"https:\/\/muzeumpapiernictwa.pl\/cz\/wp-json\/wp\/v2\/pages\/79\/revisions"}],"predecessor-version":[{"id":9402,"href":"https:\/\/muzeumpapiernictwa.pl\/cz\/wp-json\/wp\/v2\/pages\/79\/revisions\/9402"}],"up":[{"embeddable":true,"href":"https:\/\/muzeumpapiernictwa.pl\/cz\/wp-json\/wp\/v2\/pages\/71"}],"wp:attachment":[{"href":"https:\/\/muzeumpapiernictwa.pl\/cz\/wp-json\/wp\/v2\/media?parent=79"}],"curies":[{"name":"wp","href":"https:\/\/api.w.org\/{rel}","templated":true}]}}