{"id":77,"date":"2014-11-13T17:06:15","date_gmt":"2014-11-13T16:06:15","guid":{"rendered":"http:\/\/muzeumpapiernictwa.pl\/?page_id=77"},"modified":"2016-05-02T14:48:30","modified_gmt":"2016-05-02T12:48:30","slug":"zavezpieczenie-ppoz","status":"publish","type":"page","link":"https:\/\/muzeumpapiernictwa.pl\/cz\/projekt\/protipozarni-zabezpeceni\/","title":{"rendered":"Protipo\u017e\u00e1rn\u00ed zabezpe\u010den\u00ed"},"content":{"rendered":"<p><\/p>\n<p>Pap\u00edrensk\u00fd ml\u00fdn v obci Duszniki-Zdr\u00f3j je neocenitelnou pam\u00e1tkou d\u0159ev\u011bn\u00e9 pr\u016fmyslov\u00e9 architektury. Je postaven z lehce ho\u0159\u00edc\u00edho materi\u00e1lu, proto je do velk\u00e9ho stupn\u011b ohro\u017een zni\u010den\u00edm v p\u0159\u00edpad\u011b po\u017e\u00e1ru.<\/p>\n<p>Protipo\u017e\u00e1rn\u00ed zabezpe\u010den\u00ed objektu se proto stalo jednou z investi\u010dn\u00edch priorit Muzea pap\u00edrenstv\u00ed a jako takov\u00e9 bylo za\u0159azeno do projektu \u017e\u00e1dosti o dofinancov\u00e1n\u00ed z fond\u016f EHP a norsk\u00fdch fond\u016f.<\/p>\n<p>Ve v\u00fdsledku bude v objektu instalov\u00e1n automatick\u00fd syst\u00e9m detekce po\u017e\u00e1ru a hasic\u00ed syst\u00e9m vyu\u017e\u00edvaj\u00edc\u00ed vodn\u00ed mlhu, kter\u00fd bude zaveden jak na st\u0159e\u0161e, st\u011bn\u00e1ch budov pap\u00edrny, tak i ve vnit\u0159n\u00edch prostorech.<\/p>\n<p>Hasic\u00ed syst\u00e9my vyu\u017e\u00edvaj\u00edc\u00ed vodn\u00ed mlhu pat\u0159\u00ed mezi nejmodern\u011bj\u0161\u00ed \u0159e\u0161en\u00ed vyu\u017e\u00edvan\u00e1 ve vz\u00e1cn\u00fdch historick\u00fdch objektech. Z\u00e1kladn\u00edm principem jejich \u010dinnosti je sou\u010dasn\u00e9 spu\u0161t\u011bn\u00ed v\u0161ech ml\u017en\u00fdch hlavic v ohro\u017een\u00e9 oblasti, tak aby vznikly kapky vody odpov\u00eddaj\u00edc\u00ed velikosti maj\u00edc\u00ed vysokou schopnost pohlcovat tepelnou energii.<\/p>\n<p>Z\u00e1kladn\u00ed v\u00fdhodou t\u011bchto syst\u00e9m\u016f je pom\u011brn\u011b n\u00edzk\u00e1 spot\u0159eba vody. Nemus\u00ed b\u00fdt tedy po\u010d\u00edt\u00e1no s velkou n\u00e1dr\u017e\u00ed s jej\u00ed z\u00e1sobou. Velmi d\u016fle\u017eit\u00e9 je, \u017ee v p\u0159\u00edpad\u011b spu\u0161t\u011bn\u00ed syst\u00e9mu, voda ve form\u011b rozpt\u00fdlen\u00fdch kapek o mal\u00e9m pr\u016fm\u011bru zp\u016fsob\u00ed v m\u00edstnostech minim\u00e1ln\u00ed materi\u00e1ln\u00ed \u0161kody. <\/p>\n<\/p>\n<p><\/p>","protected":false},"excerpt":{"rendered":"<p>Pap\u00edrensk\u00fd ml\u00fdn v obci Duszniki-Zdr\u00f3j je neocenitelnou pam\u00e1tkou d\u0159ev\u011bn\u00e9 pr\u016fmyslov\u00e9 architektury. Je postaven z lehce ho\u0159\u00edc\u00edho materi\u00e1lu, proto je do velk\u00e9ho stupn\u011b ohro\u017een zni\u010den\u00edm v p\u0159\u00edpad\u011b po\u017e\u00e1ru. Protipo\u017e\u00e1rn\u00ed zabezpe\u010den\u00ed objektu se proto stalo jednou z investi\u010dn\u00edch priorit Muzea pap\u00edrenstv\u00ed a jako takov\u00e9 bylo za\u0159azeno do projektu \u017e\u00e1dosti o dofinancov\u00e1n\u00ed z fond\u016f EHP a norsk\u00fdch fond\u016f. [&hellip;]<\/p>\n","protected":false},"author":1,"featured_media":0,"parent":71,"menu_order":1045,"comment_status":"open","ping_status":"open","template":"","meta":{"_acf_changed":false,"ngg_post_thumbnail":0,"footnotes":""},"class_list":["post-77","page","type-page","status-publish","hentry"],"acf":[],"_links":{"self":[{"href":"https:\/\/muzeumpapiernictwa.pl\/cz\/wp-json\/wp\/v2\/pages\/77","targetHints":{"allow":["GET"]}}],"collection":[{"href":"https:\/\/muzeumpapiernictwa.pl\/cz\/wp-json\/wp\/v2\/pages"}],"about":[{"href":"https:\/\/muzeumpapiernictwa.pl\/cz\/wp-json\/wp\/v2\/types\/page"}],"author":[{"embeddable":true,"href":"https:\/\/muzeumpapiernictwa.pl\/cz\/wp-json\/wp\/v2\/users\/1"}],"replies":[{"embeddable":true,"href":"https:\/\/muzeumpapiernictwa.pl\/cz\/wp-json\/wp\/v2\/comments?post=77"}],"version-history":[{"count":18,"href":"https:\/\/muzeumpapiernictwa.pl\/cz\/wp-json\/wp\/v2\/pages\/77\/revisions"}],"predecessor-version":[{"id":8172,"href":"https:\/\/muzeumpapiernictwa.pl\/cz\/wp-json\/wp\/v2\/pages\/77\/revisions\/8172"}],"up":[{"embeddable":true,"href":"https:\/\/muzeumpapiernictwa.pl\/cz\/wp-json\/wp\/v2\/pages\/71"}],"wp:attachment":[{"href":"https:\/\/muzeumpapiernictwa.pl\/cz\/wp-json\/wp\/v2\/media?parent=77"}],"curies":[{"name":"wp","href":"https:\/\/api.w.org\/{rel}","templated":true}]}}