{"id":75,"date":"2014-11-13T17:05:58","date_gmt":"2014-11-13T16:05:58","guid":{"rendered":"http:\/\/muzeumpapiernictwa.pl\/?page_id=75"},"modified":"2017-10-26T10:47:04","modified_gmt":"2017-10-26T08:47:04","slug":"renowacja-i-adaptacja","status":"publish","type":"page","link":"https:\/\/muzeumpapiernictwa.pl\/cz\/projekt\/renovace-a-adaptace\/","title":{"rendered":"Renovace a adaptace"},"content":{"rendered":"<p><\/p>\n<p>Muzeum pap\u00edrenstv\u00ed je ji\u017e n\u011bkolik let p\u0159\u00edjemcem prost\u0159edk\u016f z\u00edsk\u00e1van\u00fdch v r\u00e1mci opera\u010dn\u00edch program\u016f Ministerstva kultury. D\u00edky prost\u0159edk\u016fm z ministerstva, jak rovn\u011b\u017e t\u011bch poch\u00e1zej\u00edc\u00edch z rozpo\u010dtu samospr\u00e1vy Dolnoslezsk\u00e9ho vojvodstv\u00ed, byla provedena cel\u00e1 \u0159ada restaura\u010dn\u00edch prac\u00ed a oprav.<\/p>\n<p>Komplex pam\u00e1tkov\u00e9 pap\u00edrny je slo\u017een ze dvou v\u00edcepatrov\u00fdch budov \u2013 hlavn\u00ed budovy a historick\u00e9 su\u0161\u00edrny pap\u00edru, ze kter\u00fdch zejm\u00e9na ta druh\u00e1 z nich byla zp\u0159\u00edstupn\u011bna jen \u010d\u00e1ste\u010dn\u011b.<\/p>\n<p>Vzhledem k rostouc\u00edmu z\u00e1jmu o muzeum a jeho vzd\u011bl\u00e1vac\u00ed nab\u00eddku bylo nutn\u00e9 vyu\u017e\u00edt neu\u017e\u00edvan\u00e9 \u010d\u00e1sti objektu. Proto je nyn\u00ed nejd\u016fle\u017eit\u011bj\u0161\u00edm investi\u010dn\u00edm z\u00e1m\u011brem p\u0159izp\u016fsoben\u00ed budovy su\u0161\u00edrny pro vzd\u011bl\u00e1vac\u00ed a kulturn\u00ed pot\u0159eby a komplexn\u00ed ochrana pap\u00edrensk\u00e9ho ml\u00fdna v obci Duszniki-Zdr\u00f3j.<\/p>\n<p>Pr\u00e1ce v oblasti adaptace neu\u017e\u00edvan\u00fdch m\u00edstnost\u00ed su\u0161\u00edrny byly zah\u00e1jeny v roce 2009 a bylo v nich \u2013 v r\u00e1mci mo\u017enost\u00ed \u2013 pokra\u010dov\u00e1no v n\u00e1sleduj\u00edc\u00edch letech. Prost\u0159edky z\u00edskan\u00e9 z norsk\u00fdch fond\u016f a fond\u016f EHP umo\u017en\u00ed zakon\u010den\u00ed investice a pln\u00e9 vyu\u017eit\u00ed projektu.<\/p>\n<p>V kone\u010dn\u00e9m v\u00fdsledku muzeu p\u0159ibudou dva v\u00fdstavn\u00ed s\u00e1ly, modern\u00ed m\u00edstnosti pro \u00fa\u010dely veden\u00ed muzejn\u00edch \u0161kolen\u00ed a workshop\u016f a zmodernizovan\u00e9 z\u00e1zem\u00ed s kancel\u00e1\u0159emi a sklady.<\/p>\n<p>Ve v\u00fdstavn\u00edch s\u00e1lech budou prezentov\u00e1ny dv\u011b nov\u00e9 st\u00e1l\u00e9 expozice \u2013 jedna se bude t\u00fdkat d\u011bjin polsk\u00fdch bankovek, druh\u00e1 \u2013 um\u011bn\u00ed vytv\u00e1\u0159en\u00ed pap\u00edru. V\u00fdstavy budou aran\u017eov\u00e1ny podle nejnov\u011bj\u0161\u00edch trend\u016f a budou vyu\u017e\u00edvat multimedi\u00e1ln\u00ed techniku. D\u00e1le byla navr\u017eena \u0159ada \u0159e\u0161en\u00ed uleh\u010duj\u00edc\u00edch prohl\u00eddky posti\u017een\u00fdm osob\u00e1m.<\/p>\n<\/p>\n<p><\/p>","protected":false},"excerpt":{"rendered":"<p>Muzeum pap\u00edrenstv\u00ed je ji\u017e n\u011bkolik let p\u0159\u00edjemcem prost\u0159edk\u016f z\u00edsk\u00e1van\u00fdch v r\u00e1mci opera\u010dn\u00edch program\u016f Ministerstva kultury. D\u00edky prost\u0159edk\u016fm z ministerstva, jak rovn\u011b\u017e t\u011bch poch\u00e1zej\u00edc\u00edch z rozpo\u010dtu samospr\u00e1vy Dolnoslezsk\u00e9ho vojvodstv\u00ed, byla provedena cel\u00e1 \u0159ada restaura\u010dn\u00edch prac\u00ed a oprav. Komplex pam\u00e1tkov\u00e9 pap\u00edrny je slo\u017een ze dvou v\u00edcepatrov\u00fdch budov \u2013 hlavn\u00ed budovy a historick\u00e9 su\u0161\u00edrny pap\u00edru, ze kter\u00fdch zejm\u00e9na [&hellip;]<\/p>\n","protected":false},"author":1,"featured_media":0,"parent":71,"menu_order":885,"comment_status":"open","ping_status":"open","template":"","meta":{"_acf_changed":false,"ngg_post_thumbnail":0,"footnotes":""},"class_list":["post-75","page","type-page","status-publish","hentry"],"acf":[],"_links":{"self":[{"href":"https:\/\/muzeumpapiernictwa.pl\/cz\/wp-json\/wp\/v2\/pages\/75","targetHints":{"allow":["GET"]}}],"collection":[{"href":"https:\/\/muzeumpapiernictwa.pl\/cz\/wp-json\/wp\/v2\/pages"}],"about":[{"href":"https:\/\/muzeumpapiernictwa.pl\/cz\/wp-json\/wp\/v2\/types\/page"}],"author":[{"embeddable":true,"href":"https:\/\/muzeumpapiernictwa.pl\/cz\/wp-json\/wp\/v2\/users\/1"}],"replies":[{"embeddable":true,"href":"https:\/\/muzeumpapiernictwa.pl\/cz\/wp-json\/wp\/v2\/comments?post=75"}],"version-history":[{"count":12,"href":"https:\/\/muzeumpapiernictwa.pl\/cz\/wp-json\/wp\/v2\/pages\/75\/revisions"}],"predecessor-version":[{"id":10377,"href":"https:\/\/muzeumpapiernictwa.pl\/cz\/wp-json\/wp\/v2\/pages\/75\/revisions\/10377"}],"up":[{"embeddable":true,"href":"https:\/\/muzeumpapiernictwa.pl\/cz\/wp-json\/wp\/v2\/pages\/71"}],"wp:attachment":[{"href":"https:\/\/muzeumpapiernictwa.pl\/cz\/wp-json\/wp\/v2\/media?parent=75"}],"curies":[{"name":"wp","href":"https:\/\/api.w.org\/{rel}","templated":true}]}}