{"id":73,"date":"2014-11-13T17:05:30","date_gmt":"2014-11-13T16:05:30","guid":{"rendered":"http:\/\/muzeumpapiernictwa.pl\/?page_id=73"},"modified":"2014-12-22T12:47:07","modified_gmt":"2014-12-22T11:47:07","slug":"fundusze","status":"publish","type":"page","link":"https:\/\/muzeumpapiernictwa.pl\/cz\/projekt\/fondy\/","title":{"rendered":"Fondy"},"content":{"rendered":"<p><\/p>\n<p>Norsk\u00fd finan\u010dn\u00ed mechanismus a Finan\u010dn\u00ed mechanizmus Evropsk\u00e9ho hospod\u00e1\u0159sk\u00e9ho prostoru (neboli tzv. norsk\u00e9 fondy a fondy EHP) maj\u00ed formu nevratn\u00e9 zahrani\u010dn\u00ed pomoci ud\u011blovan\u00e9 Norskem, Islandem a Lichten\u0161tejnskem nov\u00fdm \u010dlensk\u00fdm st\u00e1t\u016fm EU.<\/p>\n<p>Fondy jsou spojeny se vstupem Polska do Evropsk\u00e9 unie a z\u00e1rove\u0148 se vstupem Polska do Evropsk\u00e9ho hospod\u00e1\u0159sk\u00e9ho prostoru (EU + Island, Lichten\u0161tejnsko, Norsko).<\/p>\n<p>V\u00fdm\u011bnou za finan\u010dn\u00ed pomoc, st\u00e1ty-d\u00e1rcov\u00e9 vyu\u017e\u00edvaj\u00ed p\u0159\u00edstup na vnit\u0159n\u00ed trh Evropsk\u00e9 unie (ani\u017e by byli jej\u00edmi \u010dleny).<\/p>\n<p>Mezi hlavn\u00ed c\u00edle norsk\u00fdch fond\u016f a fond\u016f EHP pat\u0159\u00ed: p\u0159isp\u00edv\u00e1n\u00ed ke sni\u017eov\u00e1n\u00ed ekonomick\u00fdch a soci\u00e1ln\u00edch rozd\u00edl\u016f v oblasti Evropsk\u00e9ho hospod\u00e1\u0159sk\u00e9ho prostoru a upev\u0148ov\u00e1n\u00ed oboustrann\u00fdch vztah\u016f mezi st\u00e1ty-d\u00e1rci a st\u00e1ty-p\u0159\u00edjemci.<\/p>\n<p>V r\u00e1mci norsk\u00fdch fond\u016f a fond\u016f EHP bylo vyd\u011bleno n\u011bkolik program\u016f (oblast\u00ed podpory). V r\u00e1mci dan\u00e9ho programu je mo\u017en\u00e9 z\u00edskat dofinancov\u00e1n\u00ed na projekty s obdobnou t\u00e9matikou. P\u0159edev\u0161\u00edm zde pat\u0159\u00ed: ochrana \u017eivotn\u00edho prost\u0159ed\u00ed (v\u010detn\u011b obnoviteln\u00fdch zdroj\u016f), kulturn\u00ed d\u011bdictv\u00ed, zdrav\u00ed, v\u011bdeck\u00fd v\u00fdzkum a stipendia.<\/p>\n<p>Za realizaci ka\u017ed\u00e9ho programu odpov\u00eddaj\u00ed instituce nebo organizace, kter\u00e9 se specializuj\u00ed v dan\u00e9 oblasti, nap\u0159. v p\u0159\u00edpad\u011b kulturn\u00edho d\u011bdictv\u00ed \u2013 7 Ministerstvo kultury. Tyto instituce pln\u00ed funkci tzv. oper\u00e1tora programu. <\/p>\n<p><a href=\"http:\/\/www.eog.gov.pl\/\">Ofici\u00e1ln\u00ed internetov\u00e9 str\u00e1nky EHP a Norska<\/a><\/p>\n<\/p>\n<p><\/p>","protected":false},"excerpt":{"rendered":"<p>Norsk\u00fd finan\u010dn\u00ed mechanismus a Finan\u010dn\u00ed mechanizmus Evropsk\u00e9ho hospod\u00e1\u0159sk\u00e9ho prostoru (neboli tzv. norsk\u00e9 fondy a fondy EHP) maj\u00ed formu nevratn\u00e9 zahrani\u010dn\u00ed pomoci ud\u011blovan\u00e9 Norskem, Islandem a Lichten\u0161tejnskem nov\u00fdm \u010dlensk\u00fdm st\u00e1t\u016fm EU. Fondy jsou spojeny se vstupem Polska do Evropsk\u00e9 unie a z\u00e1rove\u0148 se vstupem Polska do Evropsk\u00e9ho hospod\u00e1\u0159sk\u00e9ho prostoru (EU + Island, Lichten\u0161tejnsko, Norsko). V\u00fdm\u011bnou za [&hellip;]<\/p>\n","protected":false},"author":1,"featured_media":0,"parent":71,"menu_order":380,"comment_status":"open","ping_status":"open","template":"","meta":{"_acf_changed":false,"ngg_post_thumbnail":0,"footnotes":""},"class_list":["post-73","page","type-page","status-publish","hentry"],"acf":[],"_links":{"self":[{"href":"https:\/\/muzeumpapiernictwa.pl\/cz\/wp-json\/wp\/v2\/pages\/73","targetHints":{"allow":["GET"]}}],"collection":[{"href":"https:\/\/muzeumpapiernictwa.pl\/cz\/wp-json\/wp\/v2\/pages"}],"about":[{"href":"https:\/\/muzeumpapiernictwa.pl\/cz\/wp-json\/wp\/v2\/types\/page"}],"author":[{"embeddable":true,"href":"https:\/\/muzeumpapiernictwa.pl\/cz\/wp-json\/wp\/v2\/users\/1"}],"replies":[{"embeddable":true,"href":"https:\/\/muzeumpapiernictwa.pl\/cz\/wp-json\/wp\/v2\/comments?post=73"}],"version-history":[{"count":15,"href":"https:\/\/muzeumpapiernictwa.pl\/cz\/wp-json\/wp\/v2\/pages\/73\/revisions"}],"predecessor-version":[{"id":3393,"href":"https:\/\/muzeumpapiernictwa.pl\/cz\/wp-json\/wp\/v2\/pages\/73\/revisions\/3393"}],"up":[{"embeddable":true,"href":"https:\/\/muzeumpapiernictwa.pl\/cz\/wp-json\/wp\/v2\/pages\/71"}],"wp:attachment":[{"href":"https:\/\/muzeumpapiernictwa.pl\/cz\/wp-json\/wp\/v2\/media?parent=73"}],"curies":[{"name":"wp","href":"https:\/\/api.w.org\/{rel}","templated":true}]}}