{"id":71,"date":"2014-11-13T17:05:11","date_gmt":"2014-11-13T16:05:11","guid":{"rendered":"http:\/\/muzeumpapiernictwa.pl\/?page_id=71"},"modified":"2017-10-27T12:20:53","modified_gmt":"2017-10-27T10:20:53","slug":"nasz-projekt","status":"publish","type":"page","link":"https:\/\/muzeumpapiernictwa.pl\/cz\/projekt\/","title":{"rendered":"Projekt"},"content":{"rendered":"<p><\/p>\n<p>V dusznick\u00e9m pap\u00edrensk\u00e9m ml\u00fdn\u011b postupn\u011b prov\u00e1d\u00edme rekonstruk\u010dn\u00ed, renova\u010dn\u00ed, zabezpe\u010dovac\u00ed a adapta\u010dn\u00ed pr\u00e1ce, sna\u017e\u00edme se o roz\u0161i\u0159ov\u00e1n\u00ed kulturn\u00ed a vzd\u011bl\u00e1vac\u00ed nab\u00eddky muzea. Tyto \u010dinnosti s sebou nesou vysok\u00e9 finan\u010dn\u00ed n\u00e1klady.<\/p>\n<p>T\u00fdm zam\u011bstnanc\u016f zpracoval projekt s n\u00e1zvem Renovace a adaptace pro kulturn\u00ed \u00fa\u010dely historick\u00e9 budovy su\u0161\u00edrny a protipo\u017e\u00e1rn\u00edho zabezpe\u010den\u00ed komplexu Muzea pap\u00edrnictv\u00ed v obci Duszniki-Zdr\u00f3j v\u010detn\u011b konzervace a digitalizace sb\u00edrek.<\/p>\n<p>V roce 2014 z\u00edskal tento projekt podporu v r\u00e1mci Finan\u010dn\u00edho mechanizmu Evropsk\u00e9 hospod\u00e1\u0159sk\u00e9ho prostoru a Norsk\u00e9ho finan\u010dn\u00edho mechanizmu pro obdob\u00ed 2009-2014 \u2013 Program Konzervace a revitalizace kulturn\u00edho d\u011bdictv\u00ed. Byl mezi 21 vybran\u00fdmi \u017e\u00e1dostmi o dofinancov\u00e1n\u00ed z 277 projekt\u016f.<\/p>\n<p><a href=\"http:\/\/muzeumpapiernictwa.pl\/cz\/projekt\/fondy\/\">Fondy<\/a><\/p>\n<p>\u010c\u00e1stka dotace je 6.682.490 PLN, celkov\u00e1 hodnota \u00fakolu je rovna 9.562.660 PLN. Vlastn\u00ed vklad byl zaji\u0161t\u011bn samospr\u00e1vou Dolnoslezsk\u00e9ho vojvodstv\u00ed, kter\u00e9 je organiz\u00e1torem Muzea Pap\u00edrenstv\u00ed.<\/p>\n<p>Realizace projektu bude trvat do konce prvn\u00edho \u010dtvrtlet\u00ed roku 2016. V tomto obdob\u00ed bude ukon\u010dena renovace a adaptace budovy su\u0161\u00edrny, vznikne modern\u00ed protipo\u017e\u00e1rn\u00ed zabezpe\u010den\u00ed cel\u00e9ho objektu pap\u00edrensk\u00e9ho ml\u00fdna, bude provedena konzervace a digitalizace \u010d\u00e1sti muzejn\u00edch sb\u00edrek.<\/p>\n<p>B\u011bhem cel\u00e9ho obdob\u00ed realizace projektu informujeme o jeho p\u0159edpokladech, pr\u016fb\u011bhu a v\u00fdsledc\u00edch. Prov\u00e1d\u00edme celou \u0159adu \u010dinnost\u00ed maj\u00edc\u00edch za c\u00edl propagovat fondy, n\u00e1\u0161 projekt a jeho o\u010dek\u00e1van\u00e9 a z\u00edskan\u00e9 v\u00fdsledky.<\/p>\n<p><a href=\"http:\/\/muzeumpapiernictwa.pl\/cz\/aktuality\/1?news-search%5Bphrase%5D=&#038;news-search%5Bsort%5D=created_desc&#038;news-search%5Bdate-range%5D=&#038;news-search%5Bcategory%5D=15\" title=\"Aktualno\u015bci\">Aktuality &#8211; projekt<\/a><\/p>\n<\/p>\n<p><\/p>","protected":false},"excerpt":{"rendered":"<p>V dusznick\u00e9m pap\u00edrensk\u00e9m ml\u00fdn\u011b postupn\u011b prov\u00e1d\u00edme rekonstruk\u010dn\u00ed, renova\u010dn\u00ed, zabezpe\u010dovac\u00ed a adapta\u010dn\u00ed pr\u00e1ce, sna\u017e\u00edme se o roz\u0161i\u0159ov\u00e1n\u00ed kulturn\u00ed a vzd\u011bl\u00e1vac\u00ed nab\u00eddky muzea. Tyto \u010dinnosti s sebou nesou vysok\u00e9 finan\u010dn\u00ed n\u00e1klady. T\u00fdm zam\u011bstnanc\u016f zpracoval projekt s n\u00e1zvem Renovace a adaptace pro kulturn\u00ed \u00fa\u010dely historick\u00e9 budovy su\u0161\u00edrny a protipo\u017e\u00e1rn\u00edho zabezpe\u010den\u00ed komplexu Muzea pap\u00edrnictv\u00ed v obci Duszniki-Zdr\u00f3j v\u010detn\u011b konzervace [&hellip;]<\/p>\n","protected":false},"author":1,"featured_media":0,"parent":0,"menu_order":852,"comment_status":"open","ping_status":"open","template":"","meta":{"_acf_changed":false,"ngg_post_thumbnail":0,"footnotes":""},"class_list":["post-71","page","type-page","status-publish","hentry"],"acf":[],"_links":{"self":[{"href":"https:\/\/muzeumpapiernictwa.pl\/cz\/wp-json\/wp\/v2\/pages\/71","targetHints":{"allow":["GET"]}}],"collection":[{"href":"https:\/\/muzeumpapiernictwa.pl\/cz\/wp-json\/wp\/v2\/pages"}],"about":[{"href":"https:\/\/muzeumpapiernictwa.pl\/cz\/wp-json\/wp\/v2\/types\/page"}],"author":[{"embeddable":true,"href":"https:\/\/muzeumpapiernictwa.pl\/cz\/wp-json\/wp\/v2\/users\/1"}],"replies":[{"embeddable":true,"href":"https:\/\/muzeumpapiernictwa.pl\/cz\/wp-json\/wp\/v2\/comments?post=71"}],"version-history":[{"count":35,"href":"https:\/\/muzeumpapiernictwa.pl\/cz\/wp-json\/wp\/v2\/pages\/71\/revisions"}],"predecessor-version":[{"id":3439,"href":"https:\/\/muzeumpapiernictwa.pl\/cz\/wp-json\/wp\/v2\/pages\/71\/revisions\/3439"}],"wp:attachment":[{"href":"https:\/\/muzeumpapiernictwa.pl\/cz\/wp-json\/wp\/v2\/media?parent=71"}],"curies":[{"name":"wp","href":"https:\/\/api.w.org\/{rel}","templated":true}]}}