{"id":56,"date":"2014-11-13T16:01:08","date_gmt":"2014-11-13T15:01:08","guid":{"rendered":"http:\/\/muzeumpapiernictwa.pl\/?page_id=56"},"modified":"2020-04-30T12:17:01","modified_gmt":"2020-04-30T10:17:01","slug":"strona-glowna","status":"publish","type":"page","link":"https:\/\/muzeumpapiernictwa.pl\/cz\/polski-strona-glowna\/","title":{"rendered":"Dom\u00e1c\u00ed"},"content":{"rendered":"<p><\/p>\n<ul class=\"sections\">\n<li><a href=\"http:\/\/muzeumpapiernictwa.pl\/cz\/papirna\/dejiny-mlyna\/\"><img decoding=\"async\" src=\"http:\/\/muzeumpapiernictwa.pl\/wp-content\/uploads\/2014\/12\/foto1.jpg\" alt=\"\" \/><\/a>\n<div>\n<div>\n<p>D\u011bjiny pap\u00edrensk\u00e9ho ml\u00fdna v obci Duszniki-Zdr\u00f3j sahaj\u00ed do poloviny 16. stolet\u00ed. Jedn\u00e1 se o jednu z nejkr\u00e1sn\u011bj\u0161\u00edch pam\u00e1tek d\u0159ev\u011bn\u00e9 pr\u016fmyslov\u00e9 architektury na \u00fazem\u00ed Polska.<\/p>\n<p>\u00a0<\/p>\n<p><a href=\"http:\/\/muzeumpapiernictwa.pl\/cz\/papirna\/dejiny-mlyna\/\">D\u011bjiny ml\u00fdna<\/a><\/p>\n<\/div>\n<\/div>\n<\/li>\n<li><a href=\"http:\/\/muzeumpapiernictwa.pl\/cz\/zive-muzeum\/\"><img decoding=\"async\" src=\"http:\/\/muzeumpapiernictwa.pl\/wp-content\/uploads\/2014\/12\/fotomuzeum.jpg\" alt=\"\" \/><\/a>\n<div>\n<div>\n<p>Nach\u00e1z\u00ed se zde Muzeum pap\u00edrenstv\u00ed, kde se sna\u017e\u00edme o co nejlep\u0161\u00ed zachov\u00e1n\u00ed objektu pro p\u0159\u00ed\u0161t\u00ed generace a o co nej\u0161ir\u0161\u00ed vyu\u017eit\u00ed jeho potenci\u00e1lu.<\/p>\n<p>\u00a0<\/p>\n<p><a href=\"http:\/\/muzeumpapiernictwa.pl\/cz\/zive-muzeum\/\">Muzeum<\/a><\/p>\n<\/div>\n<\/div>\n<\/li>\n<li><a href=\"http:\/\/muzeumpapiernictwa.pl\/cz\/projekt\/\"><img decoding=\"async\" src=\"http:\/\/muzeumpapiernictwa.pl\/wp-content\/uploads\/2014\/12\/foto-grants.jpg\" alt=\"\" \/><\/a>\n<div>\n<div>\n<p>K tomuto c\u00edli slou\u017e\u00ed investi\u010dn\u00ed program s rozpo\u010dtem skoro 10 mili\u00f3n\u016f polsk\u00fdch zlot\u00fdch, kter\u00fd realizujeme od \u00fanora 2014 a kter\u00fd je financov\u00e1n z norsk\u00fdch fond\u016f, fond\u016f EHP a st\u00e1tn\u00edch prost\u0159edk\u016f.<\/p>\n<p>\u00a0<\/p>\n<p><a href=\"http:\/\/muzeumpapiernictwa.pl\/cz\/projekt\/\">Projekt<\/a><\/p>\n<\/div>\n<\/div>\n<\/li>\n<li><a href=\"http:\/\/muzeumpapiernictwa.pl\/cz\/projekt\/renovace-a-adaptace\/\"><img decoding=\"async\" src=\"http:\/\/muzeumpapiernictwa.pl\/wp-content\/uploads\/2014\/12\/foto-renowacja.jpg\" alt=\"\" \/><\/a>\n<div>\n<div>\n<p>D\u00edky dotac\u00edm dokon\u010d\u00edme renovaci a adaptaci historick\u00e9 budovy su\u0161\u00edrny pap\u00edru. Vzniknou v n\u00ed dv\u011b nov\u00e9 st\u00e1l\u00e9 expozice a modern\u00ed m\u00edstnosti pro muzejn\u00ed vyu\u010dov\u00e1n\u00ed a workshopy, kter\u00e9 se t\u011b\u0161\u00ed velk\u00e9mu z\u00e1jmu.<\/p>\n<p>\u00a0<\/p>\n<p><a href=\"http:\/\/muzeumpapiernictwa.pl\/cz\/projekt\/renovace-a-adaptace\/\">Renovace a adaptace<\/a><\/p>\n<\/div>\n<\/div>\n<\/li>\n<li><a href=\"http:\/\/muzeumpapiernictwa.pl\/cz\/projekt\/protipozarni-zabezpeceni\/\"><img decoding=\"async\" src=\"http:\/\/muzeumpapiernictwa.pl\/wp-content\/uploads\/2014\/12\/foto2.jpg\" alt=\"\" \/><\/a>\n<div>\n<div>\n<p>Komplex ml\u00fdna nav\u00edc z\u00edsk\u00e1 pokro\u010dilou protipo\u017e\u00e1rn\u00ed ochranu, kter\u00e1 bude chr\u00e1nit nejen tuto v\u00fdjime\u010dnou stavbu, ale i cenn\u00e9 sb\u00edrky.<\/p>\n<p>\u00a0<\/p>\n<p><a href=\"http:\/\/muzeumpapiernictwa.pl\/cz\/projekt\/protipozarni-zabezpeceni\/\">Protipo\u017e\u00e1rn\u00ed zabezpe\u010den\u00ed<\/a><\/p>\n<\/div>\n<\/div>\n<\/li>\n<li><a href=\"http:\/\/muzeumpapiernictwa.pl\/cz\/projekt\/konzervace-a-digitalizace-sbirek\/\"><img decoding=\"async\" src=\"http:\/\/muzeumpapiernictwa.pl\/wp-content\/uploads\/2014\/12\/foto3.jpg\" alt=\"\" \/><\/a>\n<div>\n<div>\n<p>\u010c\u00e1st t\u011bchto sb\u00edrek bude v r\u00e1mci projektu konservov\u00e1na a digitalizov\u00e1na. Dovol\u00ed n\u00e1m to jak d\u00e9le uchovat origin\u00e1ly, tak je zachovat v digit\u00e1ln\u00ed podob\u011b.<\/p>\n<p>\u00a0<\/p>\n<p><a href=\"http:\/\/muzeumpapiernictwa.pl\/cz\/projekt\/konzervace-a-digitalizace-sbirek\/\">Konzervace a digitalizace sb\u00edrek<\/a><\/p>\n<\/div>\n<\/div>\n<\/li>\n<li><a href=\"http:\/\/muzeumpapiernictwa.pl\/cz\/projekt\/propagace-projektu\/\"><img decoding=\"async\" src=\"http:\/\/muzeumpapiernictwa.pl\/wp-content\/uploads\/2014\/12\/foto-promocja.jpg\" alt=\"\" \/><\/a>\n<div>\n<div>\n<p>Uskute\u010dn\u011bn\u00ed projektu p\u0159isp\u011bje tak\u00e9 k \u0161\u00ed\u0159en\u00ed znalost\u00ed o pap\u00edrensk\u00e9m ml\u00fdn\u011b a Muzeu pap\u00edrnictv\u00ed v \u0161ir\u0161\u00edm kontextu a pap\u00edru a jeho p\u0159evratn\u00e9 roli v civiliza\u010dn\u00edm rozvoji a kultu\u0159e.<\/p>\n<p>\u00a0<\/p>\n<p><a href=\"http:\/\/muzeumpapiernictwa.pl\/cz\/projekt\/propagace-projektu\/\">Propagace projektu<\/a><\/p>\n<\/div>\n<\/div>\n<\/li>\n<li><a href=\"#\"><img decoding=\"async\" src=\"http:\/\/muzeumpapiernictwa.pl\/wp-content\/uploads\/2014\/12\/foto-news.jpg\" alt=\"\" \/><\/a>\n<div>\n<div>\n<p>K zakon\u010den\u00ed projektov\u00fdch \u00fakol\u016f dojde v roce 2016. M\u016f\u017eete se pr\u016fb\u011b\u017en\u011b seznamovat s dosa\u017een\u00fdmi v\u00fdsledky p\u0159i jeho realizaci.<\/p>\n<p>\u00a0<\/p>\n<p><a href=\"http:\/\/muzeumpapiernictwa.pl\/cz\/aktuality\/1?news-search%5Bphrase%5D=&#038;news-search%5Bsort%5D=created_desc&#038;news-search%5Bdate-range%5D=&#038;news-search%5Bcategory%5D=15\">Aktuality &#8211; projekt<\/a><\/p>\n<\/div>\n<\/div>\n<\/li>\n<\/ul>\n<p><\/p>","protected":false},"excerpt":{"rendered":"<p>D\u011bjiny pap\u00edrensk\u00e9ho ml\u00fdna v obci Duszniki-Zdr\u00f3j sahaj\u00ed do poloviny 16. stolet\u00ed. Jedn\u00e1 se o jednu z nejkr\u00e1sn\u011bj\u0161\u00edch pam\u00e1tek d\u0159ev\u011bn\u00e9 pr\u016fmyslov\u00e9 architektury na \u00fazem\u00ed Polska. \u00a0 D\u011bjiny ml\u00fdna Nach\u00e1z\u00ed se zde Muzeum pap\u00edrenstv\u00ed, kde se sna\u017e\u00edme o co nejlep\u0161\u00ed zachov\u00e1n\u00ed objektu pro p\u0159\u00ed\u0161t\u00ed generace a o co nej\u0161ir\u0161\u00ed vyu\u017eit\u00ed jeho potenci\u00e1lu. \u00a0 Muzeum K tomuto c\u00edli [&hellip;]<\/p>\n","protected":false},"author":1,"featured_media":0,"parent":0,"menu_order":919,"comment_status":"open","ping_status":"open","template":"","meta":{"_acf_changed":false,"ngg_post_thumbnail":0,"footnotes":""},"class_list":["post-56","page","type-page","status-publish","hentry"],"acf":[],"_links":{"self":[{"href":"https:\/\/muzeumpapiernictwa.pl\/cz\/wp-json\/wp\/v2\/pages\/56","targetHints":{"allow":["GET"]}}],"collection":[{"href":"https:\/\/muzeumpapiernictwa.pl\/cz\/wp-json\/wp\/v2\/pages"}],"about":[{"href":"https:\/\/muzeumpapiernictwa.pl\/cz\/wp-json\/wp\/v2\/types\/page"}],"author":[{"embeddable":true,"href":"https:\/\/muzeumpapiernictwa.pl\/cz\/wp-json\/wp\/v2\/users\/1"}],"replies":[{"embeddable":true,"href":"https:\/\/muzeumpapiernictwa.pl\/cz\/wp-json\/wp\/v2\/comments?post=56"}],"version-history":[{"count":63,"href":"https:\/\/muzeumpapiernictwa.pl\/cz\/wp-json\/wp\/v2\/pages\/56\/revisions"}],"predecessor-version":[{"id":269,"href":"https:\/\/muzeumpapiernictwa.pl\/cz\/wp-json\/wp\/v2\/pages\/56\/revisions\/269"}],"wp:attachment":[{"href":"https:\/\/muzeumpapiernictwa.pl\/cz\/wp-json\/wp\/v2\/media?parent=56"}],"curies":[{"name":"wp","href":"https:\/\/api.w.org\/{rel}","templated":true}]}}