{"id":4051,"date":"2015-04-24T14:57:10","date_gmt":"2015-04-24T12:57:10","guid":{"rendered":"http:\/\/muzeumpapiernictwa.pl\/?page_id=4051"},"modified":"2015-04-27T08:24:04","modified_gmt":"2015-04-27T06:24:04","slug":"pomnik-historii-2","status":"publish","type":"page","link":"https:\/\/muzeumpapiernictwa.pl\/cz\/papirna\/pamatnik-historie\/","title":{"rendered":"Pam\u00e1tn\u00edk historie"},"content":{"rendered":"<p><\/p>\n<p>&#8211; to \u010destn\u00e9 jm\u00e9no nesou nejcenn\u011bj\u0161\u00ed pam\u00e1tky n\u00e1rodn\u00ed kultury a je p\u0159id\u011blov\u00e1no po dlouhodob\u00fdch a hloubkov\u00fdch procedur\u00e1ch, jejich\u017e c\u00edlem je ur\u010dit vlastn\u00ed v\u00fdznam objektu. Z\u00e1pis na seznam pam\u00e1tn\u00edk\u016f d\u011bjin je jedna ze \u010dty\u0159ech druh\u016f ochrany pam\u00e1tek v Polsku.<\/p>\n<p><a href=\"http:\/\/www.prezydent.pl\/aktualnosci\/pomniki-historii\/\">Pam\u00e1tn\u00edk d\u011bjin<\/a><\/p>\n<p>Pap\u00edrensk\u00fd ml\u00fdn v Dusznik\u00e1ch byl uzn\u00e1n za pam\u00e1tn\u00edk d\u011bjin rozhodnut\u00edm prezidenta Polsk\u00e9 republiky z 20. \u0159\u00edjna 2011. O hodnot\u011b pap\u00edrny v Dusznik\u00e1ch rozhodla jej\u00ed unik\u00e1tnost sv\u011btov\u00e9ho m\u011b\u0159\u00edtka. Odborn\u00edci z N\u00e1rodn\u00edho institutu d\u011bdictv\u00ed s uzn\u00e1n\u00edm ocenili stav, v jak\u00e9m se pap\u00edrna zachovala. Jejich pozornost vzbudila aktivn\u00ed \u010dinnost instituce, kter\u00e1 je pln\u00e1 \u017eivota a kter\u00e1 organizuje mnoh\u00e9 kulturn\u00ed projekty a realizuje \u010dinnosti, b\u011bhem kter\u00fdch je popularizov\u00e1na historick\u00e1 technika \u010derp\u00e1n\u00ed pap\u00edru.\/p><\/p>\n<p><a href=\"http:\/\/muzeumpapiernictwa.pl\/wp-content\/uploads\/2014\/11\/Rozporz.-Prezydenta-RP.pdf\" target=\"_blank\">Rozporz\u0105dzenie Prezydenta RP<\/a><\/p>\n<p>Abychom je\u0161t\u011b l\u00e9pe pe\u010dovali o pam\u00e1tn\u00edk d\u011bjin \u2013 Muzeum pap\u00edrnictv\u00ed v Dusznik\u00e1ch, zapo\u010dali jsme sna\u017een\u00ed o z\u00e1pis na listinu sv\u011btov\u00e9ho d\u011bdictv\u00ed UNESCO. Jedn\u00e1 se slo\u017eitou a dlouhodobou proceduru, v\u011b\u0159\u00edme ale, \u017ee bude zavr\u0161ena \u00fasp\u011bchem.<\/p>\n<\/p>\n<p><\/p>","protected":false},"excerpt":{"rendered":"<p>&#8211; to \u010destn\u00e9 jm\u00e9no nesou nejcenn\u011bj\u0161\u00ed pam\u00e1tky n\u00e1rodn\u00ed kultury a je p\u0159id\u011blov\u00e1no po dlouhodob\u00fdch a hloubkov\u00fdch procedur\u00e1ch, jejich\u017e c\u00edlem je ur\u010dit vlastn\u00ed v\u00fdznam objektu. Z\u00e1pis na seznam pam\u00e1tn\u00edk\u016f d\u011bjin je jedna ze \u010dty\u0159ech druh\u016f ochrany pam\u00e1tek v Polsku. Pam\u00e1tn\u00edk d\u011bjin Pap\u00edrensk\u00fd ml\u00fdn v Dusznik\u00e1ch byl uzn\u00e1n za pam\u00e1tn\u00edk d\u011bjin rozhodnut\u00edm prezidenta Polsk\u00e9 republiky z 20. [&hellip;]<\/p>\n","protected":false},"author":1,"featured_media":0,"parent":116,"menu_order":818,"comment_status":"open","ping_status":"open","template":"","meta":{"_acf_changed":false,"ngg_post_thumbnail":0,"footnotes":""},"class_list":["post-4051","page","type-page","status-publish","hentry"],"acf":[],"_links":{"self":[{"href":"https:\/\/muzeumpapiernictwa.pl\/cz\/wp-json\/wp\/v2\/pages\/4051","targetHints":{"allow":["GET"]}}],"collection":[{"href":"https:\/\/muzeumpapiernictwa.pl\/cz\/wp-json\/wp\/v2\/pages"}],"about":[{"href":"https:\/\/muzeumpapiernictwa.pl\/cz\/wp-json\/wp\/v2\/types\/page"}],"author":[{"embeddable":true,"href":"https:\/\/muzeumpapiernictwa.pl\/cz\/wp-json\/wp\/v2\/users\/1"}],"replies":[{"embeddable":true,"href":"https:\/\/muzeumpapiernictwa.pl\/cz\/wp-json\/wp\/v2\/comments?post=4051"}],"version-history":[{"count":4,"href":"https:\/\/muzeumpapiernictwa.pl\/cz\/wp-json\/wp\/v2\/pages\/4051\/revisions"}],"predecessor-version":[{"id":4067,"href":"https:\/\/muzeumpapiernictwa.pl\/cz\/wp-json\/wp\/v2\/pages\/4051\/revisions\/4067"}],"up":[{"embeddable":true,"href":"https:\/\/muzeumpapiernictwa.pl\/cz\/wp-json\/wp\/v2\/pages\/116"}],"wp:attachment":[{"href":"https:\/\/muzeumpapiernictwa.pl\/cz\/wp-json\/wp\/v2\/media?parent=4051"}],"curies":[{"name":"wp","href":"https:\/\/api.w.org\/{rel}","templated":true}]}}