{"id":4048,"date":"2015-04-24T14:54:27","date_gmt":"2015-04-24T12:54:27","guid":{"rendered":"http:\/\/muzeumpapiernictwa.pl\/?page_id=4048"},"modified":"2019-10-22T12:34:43","modified_gmt":"2019-10-22T10:34:43","slug":"o-muzeum","status":"publish","type":"page","link":"https:\/\/muzeumpapiernictwa.pl\/cz\/zive-muzeum\/o-muzeu\/","title":{"rendered":"O muzeu"},"content":{"rendered":"<p><\/p>\n<p><p>Na\u0161e muzeum to nejsou jen expon\u00e1ty a popisky. Neo\u010dek\u00e1vejte p\u0159\u00edslove\u010dn\u00e9 muzejn\u00ed ticho. Tady se d\u011bje mnohem v\u00edce!<\/p>\n<h3>V pap\u00edrensk\u00e9m ml\u00fdn\u011b v Dusznik\u00e1ch se st\u00e1le vyr\u00e1b\u00ed pap\u00edr<\/h3>\n<p>Na\u0161i pap\u00edrn\u00edci, stejn\u011b jako jejich p\u0159edch\u016fdci ji\u017e v\u00edce ne\u017e \u010dty\u0159i stolet\u00ed, no\u0159\u00ed s\u00edta v k\u00e1di a otiskuj\u00ed sesb\u00edranou vrstvu pap\u00edrov\u00e9 hmoty na podlo\u017ece saj\u00edc\u00ed vodu. Tak vznik\u00e1 ka\u017ed\u00fd jednotliv\u00fd arch.<\/p>\n<p><a href=\"http:\/\/muzeumpapiernictwa.pl\/cz\/papirna\/cerpani-papiru\/\" target=\"_blank\">\u010cerp\u00e1n\u00ed pap\u00edru<\/a><\/p>\n<h3>Ud\u011blej to s\u00e1m<\/h3>\n<p>B\u011bhem prohl\u00eddky muzea uvid\u00edte na vlastn\u00ed o\u010di, jak se vytv\u00e1\u0159\u00ed pap\u00edr metodou zn\u00e1mou od st\u0159edov\u011bku. Nav\u00edc, pokud se z\u00fa\u010dastn\u00edte workshop\u016f, sami vytvo\u0159\u00edte vlastn\u00ed list pap\u00edru. M\u016f\u017eete se tak\u00e9 z\u00fa\u010dastnit jin\u00fdch praktick\u00fdch krou\u017ek\u016f rozv\u00edjej\u00edc\u00edch va\u0161i kreativitu \u2013 samoz\u0159ejm\u011b s vyu\u017eit\u00edm pap\u00edru.<\/p>\n<p><a href=\"http:\/\/muzeumpapiernictwa.pl\/cz\/vzdelavani\/\" target=\"_blank\">Workshopy<\/a><\/p>\n<h3>Sv\u00e1tek pap\u00edru<\/h3>\n<p>Sv\u00e1tek organizujeme posledn\u00ed \u010dervencov\u00fd v\u00edkend. \u00da\u010dast na slavnosti, stejn\u011b jako n\u00e1v\u0161t\u011bva Muzea, je v t\u00e9 dob\u011b zdarma a nab\u00eddka aktivn\u00ed \u00fa\u010dasti v\u00fdjime\u010dn\u011b atraktivn\u00ed: \u010derp\u00e1n\u00ed a zdoben\u00ed pap\u00edru, v\u00fdzkum jeho vlastnost\u00ed, tisk. Nav\u00edc je zde mnoho um\u011bleck\u00fdch, \u0159emeslnick\u00fdch a obchodn\u00edch st\u00e1nk\u016f s m\u00edstn\u00edmi v\u00fdrobky.<\/p>\n<p><a href=\"http:\/\/muzeumpapiernictwa.pl\/cz\/zive-muzeum\/svatek-papiru\/\" target=\"_blank\">Sv\u00e1tek Pap\u00edru<\/a><\/p>\n<h3>Muzejn\u00ed noc, Velk\u00fd orchestr a jin\u00e9 slavnosti<\/h3>\n<p>Muzejn\u00ed noc \u2013 celopolsk\u00e1 kulturn\u011b-vzd\u011bl\u00e1vac\u00ed akce je tak\u00e9 noc\u00ed Muzea Pap\u00edrenstv\u00ed. B\u011bhem n\u00ed je n\u00e1v\u0161t\u011bva zdarma a v\u017edy se v r\u00e1mci n\u00ed konaj\u00ed doprovodn\u00e9 akce \u2013 workshopy um\u011bn\u00ed pap\u00edru, nov\u00e1 kr\u00e1tkodob\u00e1 v\u00fdstava, zaj\u00edmav\u00e1 p\u0159ehl\u00eddka nebo dokonce i p\u0159edstaven\u00ed.<\/p>\n<p>Zapojujeme se tak\u00e9 do realizace projekt\u016f v r\u00e1mci Evropsk\u00fdch dn\u016f kulturn\u00edho d\u011bdictv\u00ed, organizujeme mj. p\u0159edn\u00e1\u0161ky v\u011bnovan\u00e9 d\u011bjin\u00e1m obce Duszniki-Zdr\u00f3j.<\/p>\n<p>B\u011bhem slavnost\u00ed jsou v\u011bt\u0161inou po\u0159\u00e1d\u00e1ny workshopy tvorby z pap\u00edru. Slavnosti doprov\u00e1zej\u00ed d\u011btsk\u00fd den, den babi\u010dky a d\u011bde\u010dka, Valent\u00fdna, V\u00e1noce atd. Ji\u017e n\u011bkolik let se v m\u00edstn\u00ed pap\u00edrn\u011b \u010derpaj\u00ed pap\u00edrov\u00e1 srd\u00ed\u010dka pro Velk\u00fd orchestr v\u00e1no\u010dn\u00ed pomoci.<\/p>\n<h3>Um\u011bleck\u00e9 plen\u00e9ry<\/h3>\n<p>jsou n\u00e1mi organizov\u00e1ny v obci Duszniki-Zdr\u00f3j, \u010dasto jsou spojeny s objektem pam\u00e1tkov\u00e9 pap\u00edrny. V\u011bt\u0161inou se jich \u00fa\u010dastn\u00ed studenti akademie um\u011bn\u00ed pod veden\u00edm p\u0159edn\u00e1\u0161ej\u00edc\u00edch, ale tak\u00e9 \u017e\u00e1ci m\u00edstn\u00edch st\u0159edn\u00edch \u0161kol vedeni pro zm\u011bnu studenty Um\u011bleck\u00e9 akademie.<\/p>\n<h3>Um\u011bn\u00ed pap\u00edru<\/h3>\n<p>Um\u011blci vyu\u017e\u00edvaj\u00edc\u00ed pap\u00edrovou hmotu nebo samotn\u00fd pap\u00edr jako um\u011bleck\u00fd materi\u00e1l jsou \u010dast\u00fdmi hosty ml\u00fdna v Dusznik\u00e1ch. Vyu\u017e\u00edvaj\u00ed na\u0161i \u010derp\u00e1rnu, vytv\u00e1\u0159ej\u00ed zde nov\u00e1 d\u00edla, p\u0159edstavuj\u00ed sv\u00e9 ateli\u00e9ry a vystavuj\u00ed u n\u00e1s sv\u00e9 pr\u00e1ce. Jsou mezi nimi i zahrani\u010dn\u00ed tv\u016frci. V roce 2001 se v Muzeum pap\u00edrenstv\u00ed konal Mezin\u00e1rodn\u00ed kongres IAPMA \u2013 Sdru\u017een\u00ed um\u011blc\u016f pap\u00edru.<\/p>\n<p><a href=\"http:\/\/muzeumpapiernictwa.pl\/cz\/zive-muzeum\/umeni-papiru\/\">Um\u011bn\u00ed pap\u00edru<\/a><\/p>\n<h3>\u010cerpat se d\u00e1 v\u0161ude!<\/h3>\n<p>Kulturn\u011b-vzd\u011bl\u00e1vac\u00ed aktivita Muzea pap\u00edrenstv\u00ed se neomezuje jen na sv\u00e9 s\u00eddlo. Krom\u011b putovn\u00edch v\u00fdstav, pou\u017e\u00edv\u00e1me p\u0159evozn\u00ed \u010derpac\u00ed stanovi\u0161t\u011b za \u00fa\u010delem organizov\u00e1n\u00ed workshop\u016f \u010derp\u00e1n\u00ed pap\u00edru v nejr\u016fzn\u011bj\u0161\u00edch m\u00edstech pro celou \u0159adu odb\u011bratel\u016f. V\u00fdjezdy jsou spojeny s \u0161\u00ed\u0159en\u00edm znalost\u00ed o pap\u00edru a na\u0161em pap\u00edrensk\u00e9m ml\u00fdn\u011b. Nej\u010dast\u011bji se \u00fa\u010dastn\u00edme slavnost\u00ed, kulturn\u00edch a propaga\u010dn\u00edch ud\u00e1lost\u00ed a trh\u016f turistiky. Na\u0161e workshopy se konaly mj. na festivalu Przystanek Woodstock a dokonce v televizn\u00edm programu \u201eJaka to melodia\u201d.<\/p>\n<\/p>\n<p><\/p>","protected":false},"excerpt":{"rendered":"<p>Na\u0161e muzeum to nejsou jen expon\u00e1ty a popisky. Neo\u010dek\u00e1vejte p\u0159\u00edslove\u010dn\u00e9 muzejn\u00ed ticho. Tady se d\u011bje mnohem v\u00edce! V pap\u00edrensk\u00e9m ml\u00fdn\u011b v Dusznik\u00e1ch se st\u00e1le vyr\u00e1b\u00ed pap\u00edr Na\u0161i pap\u00edrn\u00edci, stejn\u011b jako jejich p\u0159edch\u016fdci ji\u017e v\u00edce ne\u017e \u010dty\u0159i stolet\u00ed, no\u0159\u00ed s\u00edta v k\u00e1di a otiskuj\u00ed sesb\u00edranou vrstvu pap\u00edrov\u00e9 hmoty na podlo\u017ece saj\u00edc\u00ed vodu. Tak vznik\u00e1 ka\u017ed\u00fd jednotliv\u00fd [&hellip;]<\/p>\n","protected":false},"author":1,"featured_media":0,"parent":157,"menu_order":677,"comment_status":"open","ping_status":"open","template":"","meta":{"_acf_changed":false,"ngg_post_thumbnail":0,"footnotes":""},"class_list":["post-4048","page","type-page","status-publish","hentry"],"acf":[],"_links":{"self":[{"href":"https:\/\/muzeumpapiernictwa.pl\/cz\/wp-json\/wp\/v2\/pages\/4048","targetHints":{"allow":["GET"]}}],"collection":[{"href":"https:\/\/muzeumpapiernictwa.pl\/cz\/wp-json\/wp\/v2\/pages"}],"about":[{"href":"https:\/\/muzeumpapiernictwa.pl\/cz\/wp-json\/wp\/v2\/types\/page"}],"author":[{"embeddable":true,"href":"https:\/\/muzeumpapiernictwa.pl\/cz\/wp-json\/wp\/v2\/users\/1"}],"replies":[{"embeddable":true,"href":"https:\/\/muzeumpapiernictwa.pl\/cz\/wp-json\/wp\/v2\/comments?post=4048"}],"version-history":[{"count":9,"href":"https:\/\/muzeumpapiernictwa.pl\/cz\/wp-json\/wp\/v2\/pages\/4048\/revisions"}],"predecessor-version":[{"id":14167,"href":"https:\/\/muzeumpapiernictwa.pl\/cz\/wp-json\/wp\/v2\/pages\/4048\/revisions\/14167"}],"up":[{"embeddable":true,"href":"https:\/\/muzeumpapiernictwa.pl\/cz\/wp-json\/wp\/v2\/pages\/157"}],"wp:attachment":[{"href":"https:\/\/muzeumpapiernictwa.pl\/cz\/wp-json\/wp\/v2\/media?parent=4048"}],"curies":[{"name":"wp","href":"https:\/\/api.w.org\/{rel}","templated":true}]}}