{"id":334,"date":"2010-12-16T15:45:38","date_gmt":"2010-12-16T14:45:38","guid":{"rendered":"http:\/\/muzeumpapiernictwa.pl\/?page_id=334"},"modified":"2015-08-24T10:35:28","modified_gmt":"2015-08-24T08:35:28","slug":"remont-dachu-zakonczony","status":"publish","type":"page","link":"https:\/\/muzeumpapiernictwa.pl\/cz\/aktuality\/oprava-strechy-dokoncena\/","title":{"rendered":"Oprava st\u0159echy dokon\u010dena"},"content":{"rendered":"<p>16. prosince 2010 prob\u011bhla za \u00fa\u010dasti z\u00e1stupc\u016f pam\u00e1tkov\u00e9ho \u00fa\u0159adu kolaudace st\u0159echy su\u0161\u00e1rny pap\u00edru z\u00a018. stolet\u00ed, tvo\u0159\u00edc\u00ed sou\u010d\u00e1st komplexu budov Muzea pap\u00edrenstv\u00ed. Oprava st\u0159echy prob\u00edhala od z\u00e1\u0159\u00ed tohoto roku v r\u00e1mci projektu \u201eDuszniki Zdr\u00f3j, komplex Muzea pap\u00edrenstv\u00ed: oprava a restaurov\u00e1n\u00ed konstrukce st\u0159echy a v\u00fdm\u011bna d\u0159ev\u011bn\u00e9 \u0161indelov\u00e9 krytiny na budov\u011b su\u0161\u00e1rny \u2013 II. etapa\u201c. Pr\u00e1ce v\u00a0hodnot\u011b p\u0159ekra\u010duj\u00edc\u00ed p\u016fl milionu zlot\u00fdch byly financov\u00e1ny z dotac\u00ed polsk\u00e9ho Ministerstva kultury a n\u00e1rodn\u00edho d\u011bdictv\u00ed, samospr\u00e1vy Dolnoslezsk\u00e9ho vojvodstv\u00ed a z vlastn\u00edch zdroj\u016f Muzea pap\u00edrenstv\u00ed. Projekt opravy vyhotovila firma Biuro Projekt\u00f3w i Ekspertyz\u00a0 CCI Sp. z o.o. z D\u0142ugo\u0142\u0119ky u Wroc\u0142awi a autorem jeho zpracov\u00e1n\u00ed byl dr in\u017c. Lech J. Engel. Opravu provedla wroc\u0142awsk\u00e1 firma Castellum, kter\u00e1 se specializuje na rekonstrukce pam\u00e1tkov\u00fdch objekt\u016f. Stavebn\u00ed dozor vykon\u00e1val mgr\u00a0in\u017c.\u00a0Maksymilian Gutfreund a ze strany muzea na realizaci projektu dohl\u00ed\u017eela z\u00e1stupkyn\u011b \u0159editele mgr Joanna Seredy\u0144ska.<\/p>\n<p>P\u016fvodn\u00edm z\u00e1m\u011brem projektu bylo zpevn\u011bn\u00ed krovu v\u00fdm\u011bnou n\u011bkter\u00fdch tr\u00e1m\u016f a kompletn\u00ed v\u00fdm\u011bna \u0161indelov\u00e9 krytiny. V pr\u016fb\u011bhu opravy se v\u0161ak uk\u00e1zalo, \u017ee hlavn\u00ed nosn\u00fd tr\u00e1m na ji\u017en\u00ed stran\u011b st\u0159echy \u2013 jeden z nejd\u016fle\u017eit\u011bj\u0161\u00edch konstruk\u010dn\u00edch prvk\u016f tohoto objektu \u2013 je t\u00e9m\u011b\u0159 na cel\u00e9 d\u00e9lce prohnil\u00fd. \u00a0V\u00fdm\u011bna 18,8 m dlouh\u00e9ho tr\u00e1mu proch\u00e1zej\u00edc\u00edho celou budovou byla \u010dasov\u011b n\u00e1ro\u010dn\u00e1 a neoby\u010dejn\u011b komplikovan\u00e1. Jeho vymontov\u00e1n\u00ed v jednom kuse nebylo mo\u017en\u00e9, proto musel b\u00fdt rozd\u011blen na 4 \u010d\u00e1sti. Ka\u017ed\u00fd vyjmut\u00fd d\u00edl byl okam\u017eit\u011b nahrazen nov\u00fdm a teprve pak se p\u0159istupovalo k v\u00fdm\u011bn\u011b dal\u0161\u00ed \u010d\u00e1sti. Po vymontov\u00e1n\u00ed prvn\u00edho d\u00edlu se zjistilo, \u017ee v jeho ztrouchniv\u011bl\u00e9 \u010d\u00e1sti panovaly p\u0159\u00edzniv\u00e9 podm\u00ednky pro vosy, kter\u00e9 si tam vybudovaly ohromn\u00e9 hn\u00edzdo. Pr\u00e1ce nav\u00edc zt\u011b\u017eovalo po\u010das\u00ed, kter\u00e9 bylo letos na podzim velmi nep\u0159\u00edzniv\u00e9.<\/p>\n<p>Po ukon\u010den\u00ed opravy maj\u00ed v\u0161echny budovy Muzea pap\u00edrenstv\u00ed zpevn\u011bn\u00fd krov a vym\u011bn\u011bnou st\u0159e\u0161n\u00ed krytinu. Douf\u00e1me, \u017ee investice v hodnot\u011b kolem jednoho a p\u016fl milionu zlot\u00fdch (st\u0159echa pap\u00edrensk\u00e9ho ml\u00fdna byla opravena v roce 2009 za t\u00e9m\u011b\u0159 jeden milion zlot\u00fdch) zabezpe\u010d\u00ed tyto objekty na nejbli\u017e\u0161\u00ed desetilet\u00ed. \u017divotnost nov\u00fdch \u0161t\u00edpan\u00fdch \u0161indel\u016f z mod\u0159\u00ednov\u00e9ho d\u0159eva z\u00e1vis\u00ed na spr\u00e1vn\u00e9 \u00fadr\u017eb\u011b, proto v\u00a0p\u0159\u00ed\u0161t\u00edm roce chceme st\u0159echu o\u0161et\u0159it vhodn\u00fdmi impregna\u010dn\u00edmi a ohnivzdorn\u00fdmi p\u0159\u00edpravky.<\/p>\n<p>Je t\u0159eba zd\u016fraznit, \u017ee opravy prov\u00e1d\u011bn\u00e9 v roce 2010 neomezily p\u0159\u00edstup n\u00e1v\u0161t\u011bvn\u00edk\u016f do muzejn\u00edch expozic, kter\u00e9 byly v b\u011b\u017en\u00e9m provozu. V t\u00e9 dob\u011b tak\u00e9 prob\u011bhly v\u0161echny pl\u00e1novan\u00e9 akce, mimo jin\u00e9 t\u0159i do\u010dasn\u00e9 v\u00fdstavy a velk\u00e1 konference, co\u017e m\u016f\u017eeme pova\u017eovat za v\u00fdznamn\u00fd organiza\u010dn\u00ed \u00fasp\u011bch zam\u011bstnanc\u016f muzea a\u00a0skupiny pracovn\u00edk\u016f prov\u00e1d\u011bj\u00edc\u00edch opravy.<\/p>\n<p>\n\t\t<style type=\"text\/css\">\n\t\t\t#gallery-4 {\n\t\t\t\tmargin: auto;\n\t\t\t}\n\t\t\t#gallery-4 .gallery-item {\n\t\t\t\tfloat: left;\n\t\t\t\tmargin-top: 10px;\n\t\t\t\ttext-align: center;\n\t\t\t\twidth: 33%;\n\t\t\t}\n\t\t\t#gallery-4 img {\n\t\t\t\tborder: 2px solid #cfcfcf;\n\t\t\t}\n\t\t\t#gallery-4 .gallery-caption {\n\t\t\t\tmargin-left: 0;\n\t\t\t}\n\t\t\t\/* see gallery_shortcode() in wp-includes\/media.php *\/\n\t\t<\/style>\n\t\t<div id='gallery-4' class='gallery galleryid-334 gallery-columns-3 gallery-size-thumbnail'><dl class='gallery-item'>\n\t\t\t<dt class='gallery-icon landscape'>\n\t\t\t\t<a href='https:\/\/muzeumpapiernictwa.pl\/wp-content\/uploads\/2010\/12\/obrazek1-1.jpg' title=\"\" data-rl_title=\"\" class=\"rl-gallery-link\" data-rl_caption=\"\" data-rel=\"lightbox-gallery-4\"><img loading=\"lazy\" decoding=\"async\" width=\"150\" height=\"150\" src=\"https:\/\/muzeumpapiernictwa.pl\/wp-content\/uploads\/2010\/12\/obrazek1-1-150x150.jpg\" class=\"attachment-thumbnail size-thumbnail\" \/><\/a>\n\t\t\t<\/dt><\/dl><dl class='gallery-item'>\n\t\t\t<dt class='gallery-icon landscape'>\n\t\t\t\t<a href='https:\/\/muzeumpapiernictwa.pl\/wp-content\/uploads\/2010\/12\/obrazek2-1.jpg' title=\"\" data-rl_title=\"\" class=\"rl-gallery-link\" data-rl_caption=\"\" data-rel=\"lightbox-gallery-4\"><img loading=\"lazy\" decoding=\"async\" width=\"150\" height=\"150\" src=\"https:\/\/muzeumpapiernictwa.pl\/wp-content\/uploads\/2010\/12\/obrazek2-1-150x150.jpg\" class=\"attachment-thumbnail size-thumbnail\" \/><\/a>\n\t\t\t<\/dt><\/dl><dl class='gallery-item'>\n\t\t\t<dt class='gallery-icon landscape'>\n\t\t\t\t<a href='https:\/\/muzeumpapiernictwa.pl\/wp-content\/uploads\/2010\/12\/obrazek3.jpg' title=\"\" data-rl_title=\"\" class=\"rl-gallery-link\" data-rl_caption=\"\" data-rel=\"lightbox-gallery-4\"><img loading=\"lazy\" decoding=\"async\" width=\"150\" height=\"150\" src=\"https:\/\/muzeumpapiernictwa.pl\/wp-content\/uploads\/2010\/12\/obrazek3-150x150.jpg\" class=\"attachment-thumbnail size-thumbnail\" \/><\/a>\n\t\t\t<\/dt><\/dl><br style=\"clear: both\" \/>\n\t\t<\/div>\n<\/p>","protected":false},"excerpt":{"rendered":"<p>16. prosince 2010 prob\u011bhla za \u00fa\u010dasti z\u00e1stupc\u016f pam\u00e1tkov\u00e9ho \u00fa\u0159adu kolaudace st\u0159echy su\u0161\u00e1rny pap\u00edru z\u00a018. stolet\u00ed, tvo\u0159\u00edc\u00ed sou\u010d\u00e1st komplexu budov Muzea pap\u00edrenstv\u00ed. Oprava st\u0159echy prob\u00edhala od z\u00e1\u0159\u00ed tohoto roku v r\u00e1mci projektu \u201eDuszniki Zdr\u00f3j, komplex Muzea pap\u00edrenstv\u00ed: oprava a restaurov\u00e1n\u00ed konstrukce st\u0159echy a v\u00fdm\u011bna d\u0159ev\u011bn\u00e9 \u0161indelov\u00e9 krytiny na budov\u011b su\u0161\u00e1rny \u2013 II. etapa\u201c. Pr\u00e1ce v\u00a0hodnot\u011b p\u0159ekra\u010duj\u00edc\u00ed [&hellip;]<\/p>\n","protected":false},"author":1,"featured_media":337,"parent":137,"menu_order":883,"comment_status":"open","ping_status":"open","template":"","meta":{"_acf_changed":false,"ngg_post_thumbnail":0,"footnotes":""},"class_list":["post-334","page","type-page","status-publish","has-post-thumbnail","hentry"],"acf":[],"_links":{"self":[{"href":"https:\/\/muzeumpapiernictwa.pl\/cz\/wp-json\/wp\/v2\/pages\/334","targetHints":{"allow":["GET"]}}],"collection":[{"href":"https:\/\/muzeumpapiernictwa.pl\/cz\/wp-json\/wp\/v2\/pages"}],"about":[{"href":"https:\/\/muzeumpapiernictwa.pl\/cz\/wp-json\/wp\/v2\/types\/page"}],"author":[{"embeddable":true,"href":"https:\/\/muzeumpapiernictwa.pl\/cz\/wp-json\/wp\/v2\/users\/1"}],"replies":[{"embeddable":true,"href":"https:\/\/muzeumpapiernictwa.pl\/cz\/wp-json\/wp\/v2\/comments?post=334"}],"version-history":[{"count":3,"href":"https:\/\/muzeumpapiernictwa.pl\/cz\/wp-json\/wp\/v2\/pages\/334\/revisions"}],"predecessor-version":[{"id":2485,"href":"https:\/\/muzeumpapiernictwa.pl\/cz\/wp-json\/wp\/v2\/pages\/334\/revisions\/2485"}],"up":[{"embeddable":true,"href":"https:\/\/muzeumpapiernictwa.pl\/cz\/wp-json\/wp\/v2\/pages\/137"}],"wp:featuredmedia":[{"embeddable":true,"href":"https:\/\/muzeumpapiernictwa.pl\/cz\/wp-json\/wp\/v2\/media\/337"}],"wp:attachment":[{"href":"https:\/\/muzeumpapiernictwa.pl\/cz\/wp-json\/wp\/v2\/media?parent=334"}],"curies":[{"name":"wp","href":"https:\/\/api.w.org\/{rel}","templated":true}]}}